{"id":2976,"date":"2025-02-14T08:23:06","date_gmt":"2025-02-14T07:23:06","guid":{"rendered":"https:\/\/pisarna.novisplet.com\/dev4\/multilingual\/clanki-nasveti\/"},"modified":"2025-02-27T09:13:16","modified_gmt":"2025-02-27T08:13:16","slug":"consigli-utili-e-articoli","status":"publish","type":"page","link":"https:\/\/www.multilingual.si\/it\/consigli-utili-e-articoli\/","title":{"rendered":"Consigli utili e articoli"},"content":{"rendered":"<div class=\"wpb-content-wrapper\"><p>[vc_row][vc_column]        \r\n        <div class=\"title-banner no-intro-image  \">\r\n        <div class=\"container\">\r\n          <?php\/\/ if(isset($image)) :?>\r\n          <div class=\"title-banner-image-container\"\r\n                                >\r\n            <div class=\"breadcrumbs-container\">\r\n            <div class=\"container\">\r\n              <div class=\"breadcrumbs\">\r\n                <p id=\"breadcrumbs\"><span><span><a href=\"https:\/\/www.multilingual.si\/it\/\">Home<\/a><\/span><\/span><\/p>                <div class=\"clearfix\"><\/div>\r\n              <\/div>\r\n            <\/div>\r\n          <\/div>\r\n          <div class=\"container\">\r\n                                              <h1>Consigli utili e articoli<\/h1>\r\n                                          <div class=\"svg-icon\"><\/div>          <\/div>\r\n          <\/div>\r\n          <?php\/\/ endif; ?>\r\n\r\n        <\/div>\r\n        <\/div>\r\n        [\/vc_column][\/vc_row][vc_row el_class=&#8221;nasveti-page-loop-row&#8221;][vc_column]<div class=\"loop-container nasvet-loop-container\"><div class=\"row\" id=\"1739948312064-f0d34a6b-46fb\"><div class=\"loop-item col-lg-4 col-md-6 col-sm-12 col-xs-12 \"  data-title=\"Italian title\"><div class=\"wpb-content-wrapper\"><div class=\"vc_row wpb_row vc_row-fluid\"><div class=\"wpb_column vc_column_container vc_col-sm-12\"><div class=\"vc_column-inner\"><div class=\"wpb_wrapper\">      \r\n      <h4 class=\"ns_post_title \">\r\n        <a href=\"https:\/\/www.multilingual.si\/it\/italian-title\/\">Italian title<\/a>      <\/h4>\r\n      \r\n              \r\n        <div class=\"post-date\">11. Novembre 2024<\/div>\r\n        \r\n            \r\n        <p>Tehni\u010dni prevodi se nana\u0161ajo na besedila, ki ustrezno predstavijo delovanje izdelkov ali naprav ter storitev. Ponudniki tehni\u010dnih izdelkov in storitev delujejo na globalnem trgu, na katerega vsak  ...<\/p>\r\n \r\n                          <a href=\"https:\/\/www.multilingual.si\/it\/italian-title\/\" class=\"nasvet-readmore\">Continua a leggere<\/a>\r\n                \r\n        \r\n        <\/div><\/div><\/div><\/div>\n<\/div><\/div><div class=\"loop-item col-lg-4 col-md-6 col-sm-12 col-xs-12 \"  data-title=\"Traduzioni precise al centesimo\"><div class=\"wpb-content-wrapper\"><div class=\"vc_row wpb_row vc_row-fluid\"><div class=\"wpb_column vc_column_container vc_col-sm-12\"><div class=\"vc_column-inner\"><div class=\"wpb_wrapper\">      \r\n      <h4 class=\"ns_post_title \">\r\n        <a href=\"https:\/\/www.multilingual.si\/it\/traduzioni-precise-al-centesimo\/\">Traduzioni precise al centesimo<\/a>      <\/h4>\r\n      \r\n              \r\n        <div class=\"post-date\">22. Maggio 2015<\/div>\r\n        \r\n            \r\n        <p>Dato il rapido sviluppo e il costante aumento della globalizzazione, le traduzioni costituiscono uno degli elementi importanti sia nel mondo degli affari che in quello privato. Proprio per questo la  ...<\/p>\r\n \r\n                          <a href=\"https:\/\/www.multilingual.si\/it\/traduzioni-precise-al-centesimo\/\" class=\"nasvet-readmore\">Continua a leggere<\/a>\r\n                \r\n        \r\n        <\/div><\/div><\/div><\/div>\n<\/div><\/div><div class=\"loop-item col-lg-4 col-md-6 col-sm-12 col-xs-12 \"  data-title=\"Traduzione affidabile\"><div class=\"wpb-content-wrapper\"><div class=\"vc_row wpb_row vc_row-fluid\"><div class=\"wpb_column vc_column_container vc_col-sm-12\"><div class=\"vc_column-inner\"><div class=\"wpb_wrapper\">      \r\n      <h4 class=\"ns_post_title \">\r\n        <a href=\"https:\/\/www.multilingual.si\/it\/traduzione-affidabile\/\">Traduzione affidabile<\/a>      <\/h4>\r\n      \r\n              \r\n        <div class=\"post-date\">22. Maggio 2015<\/div>\r\n        \r\n            \r\n        <p>Per molti tradurre \u00e8 solo un mestiere, quindi siamo particolarmente orgogliosi del fatto che l\u2019impresa Multilingual \u00e8 diversa. Gi\u00e0 da diversi anni abbiamo in tutto il mondo una rete di  ...<\/p>\r\n \r\n                          <a href=\"https:\/\/www.multilingual.si\/it\/traduzione-affidabile\/\" class=\"nasvet-readmore\">Continua a leggere<\/a>\r\n                \r\n        \r\n        <\/div><\/div><\/div><\/div>\n<\/div><\/div><div class=\"loop-item col-lg-4 col-md-6 col-sm-12 col-xs-12 \"  data-title=\"Traduzioni asseverate al massimo livello\"><div class=\"wpb-content-wrapper\"><div class=\"vc_row wpb_row vc_row-fluid\"><div class=\"wpb_column vc_column_container vc_col-sm-12\"><div class=\"vc_column-inner\"><div class=\"wpb_wrapper\">      \r\n      <h4 class=\"ns_post_title \">\r\n        <a href=\"https:\/\/www.multilingual.si\/it\/traduzioni-asseverate-al-massimo-livello\/\">Traduzioni asseverate al massimo livello<\/a>      <\/h4>\r\n      \r\n              \r\n        <div class=\"post-date\">27. Marzo 2015<\/div>\r\n        \r\n            \r\n        <p>Rispetto ai testi classici le traduzioni asseverate sono ancora pi\u00f9 specifiche perch\u00e9 ogni parola conta. \u00c8 importante che il traduttore conosca bene l\u2019argomento e abbia una sufficiente  ...<\/p>\r\n \r\n                          <a href=\"https:\/\/www.multilingual.si\/it\/traduzioni-asseverate-al-massimo-livello\/\" class=\"nasvet-readmore\">Continua a leggere<\/a>\r\n                \r\n        \r\n        <\/div><\/div><\/div><\/div>\n<\/div><\/div><div class=\"loop-item col-lg-4 col-md-6 col-sm-12 col-xs-12 \"  data-title=\"Traduzioni a prezzi molto convenienti\"><div class=\"wpb-content-wrapper\"><div class=\"vc_row wpb_row vc_row-fluid\"><div class=\"wpb_column vc_column_container vc_col-sm-12\"><div class=\"vc_column-inner\"><div class=\"wpb_wrapper\">      \r\n      <h4 class=\"ns_post_title \">\r\n        <a href=\"https:\/\/www.multilingual.si\/it\/traduzioni-prezzi-molto-convenienti\/\">Traduzioni a prezzi molto convenienti<\/a>      <\/h4>\r\n      \r\n              \r\n        <div class=\"post-date\">27. Marzo 2015<\/div>\r\n        \r\n            \r\n        <p>Le traduzioni sono in realt\u00e0 un tipo particolare di testo in quanto rappresentano un compromesso tra il messaggio della lingua di partenza e le possibilit\u00e0 offerte dalla singola lingua di arrivo.  ...<\/p>\r\n \r\n                          <a href=\"https:\/\/www.multilingual.si\/it\/traduzioni-prezzi-molto-convenienti\/\" class=\"nasvet-readmore\">Continua a leggere<\/a>\r\n                \r\n        \r\n        <\/div><\/div><\/div><\/div>\n<\/div><\/div><div class=\"loop-item col-lg-4 col-md-6 col-sm-12 col-xs-12 \"  data-title=\"Traduzione \u2013 veloce, conveniente e di qualit\u00e0\"><div class=\"wpb-content-wrapper\"><div class=\"vc_row wpb_row vc_row-fluid\"><div class=\"wpb_column vc_column_container vc_col-sm-12\"><div class=\"vc_column-inner\"><div class=\"wpb_wrapper\">      \r\n      <h4 class=\"ns_post_title \">\r\n        <a href=\"https:\/\/www.multilingual.si\/it\/traduzione-veloce-conveniente-e-di-qualita\/\">Traduzione \u2013 veloce, conveniente e di qualit\u00e0<\/a>      <\/h4>\r\n      \r\n              \r\n        <div class=\"post-date\">27. Marzo 2015<\/div>\r\n        \r\n            \r\n        <p>La traduzione \u00e8 sicuramente uno dei servizi in cui \u00e8 molto importante affidare il lavoro ad esperti. I traduttori con adeguate competenze professionali ed esperienza garantiscono, infatti, che il  ...<\/p>\r\n \r\n                          <a href=\"https:\/\/www.multilingual.si\/it\/traduzione-veloce-conveniente-e-di-qualita\/\" class=\"nasvet-readmore\">Continua a leggere<\/a>\r\n                \r\n        \r\n        <\/div><\/div><\/div><\/div>\n<\/div><\/div><div class=\"loop-item col-lg-4 col-md-6 col-sm-12 col-xs-12 \"  data-title=\"Traduzione di testi tecnici nell\u2019agenzia di  traduzioni Multilingual\"><div class=\"wpb-content-wrapper\"><div class=\"vc_row wpb_row vc_row-fluid\"><div class=\"wpb_column vc_column_container vc_col-sm-12\"><div class=\"vc_column-inner\"><div class=\"wpb_wrapper\">      \r\n      <h4 class=\"ns_post_title \">\r\n        <a href=\"https:\/\/www.multilingual.si\/it\/traduzione-di-testi-tecnici-nellagenzia-di-traduzioni-multilingual\/\">Traduzione di testi tecnici nell\u2019agenzia di  traduzioni Multilingual<\/a>      <\/h4>\r\n      \r\n              \r\n        <div class=\"post-date\">29. Gennaio 2015<\/div>\r\n        \r\n            \r\n        <p>In ogni societ\u00e0, associazione, ente o qualsiasi altra istituzione c\u2019\u00e8 sempre, prima o poi, la\u00a0necessit\u00e0 di tradurre un determinato testo in una lingua straniera, e viceversa, di tradurlo in  ...<\/p>\r\n \r\n                          <a href=\"https:\/\/www.multilingual.si\/it\/traduzione-di-testi-tecnici-nellagenzia-di-traduzioni-multilingual\/\" class=\"nasvet-readmore\">Continua a leggere<\/a>\r\n                \r\n        \r\n        <\/div><\/div><\/div><\/div>\n<\/div><\/div><div class=\"loop-item col-lg-4 col-md-6 col-sm-12 col-xs-12 \"  data-title=\"ITA &#8211; Abigo Euismod\"><div class=\"wpb-content-wrapper\"><div class=\"vc_row wpb_row vc_row-fluid\"><div class=\"wpb_column vc_column_container vc_col-sm-12\"><div class=\"vc_column-inner\"><div class=\"wpb_wrapper\">      \r\n      <h4 class=\"ns_post_title \">\r\n        <a href=\"https:\/\/www.multilingual.si\/it\/ita-abigo-euismod\/\">ITA - Abigo Euismod<\/a>      <\/h4>\r\n      \r\n              \r\n        <div class=\"post-date\">3. Luglio 2012<\/div>\r\n        \r\n            \r\n        <p>Augue feugiat natu nimis roto scisco. Antehabeo elit humo ille jus pneum ratis vereor vindico. Appellatio decet immitto nimis velit ymo. Aliquip iaceo turpis virtus Appellatio haero immitto luptatum  ...<\/p>\r\n \r\n                          <a href=\"https:\/\/www.multilingual.si\/it\/ita-abigo-euismod\/\" class=\"nasvet-readmore\">Continua a leggere<\/a>\r\n                \r\n        \r\n        <\/div><\/div><\/div><\/div>\n<\/div><\/div><\/div><\/div>[\/vc_column][\/vc_row]<\/p>\n<\/div>","protected":false},"excerpt":{"rendered":"Augue feugiat natu nimis roto scisco. Antehabeo elit humo ille jus pneum ratis vereor vindico. Appellatio decet immitto nimis velit ymo. Aliquip iaceo turpis virtus Appellatio haero immitto luptatum ratis wisi. Illum luctus tamen velit verto. Accumsan dolore minim nisl odio premo quidne similis. Accumsan appellatio eu macto veniam. Accumsan blandit consectetuer ea hendrerit refoveo tum usitas. Abdo camur facilisis humo lobortis luptatum magna ullamcorper. Elit eros olim saluto sit turpis. Feugiat immitto macto modo nobis olim ullamcorper utrum. Elit et gravis jus pecus persto sudo venio vereor. Abico ludus torqueo turpis virtus. Melior obruo os si. Acsi causa fere quidne sudo turpis usitas veniam. Ad commodo esca et exerci lucidus si utrum velit. Abdo capto utrum ymo. Aptent esca [...]","protected":false},"author":1,"featured_media":0,"parent":0,"menu_order":6,"comment_status":"closed","ping_status":"closed","template":"","meta":{"_acf_changed":false,"footnotes":""},"class_list":["post-2976","page","type-page","status-publish","hentry"],"acf":[],"yoast_head":"<!-- This site is optimized with the Yoast SEO plugin v24.4 - https:\/\/yoast.com\/wordpress\/plugins\/seo\/ -->\n<title>Consigli utili e articoli - Multilingual<\/title>\n<meta name=\"robots\" content=\"index, follow, max-snippet:-1, max-image-preview:large, max-video-preview:-1\" \/>\n<link rel=\"canonical\" href=\"https:\/\/www.multilingual.si\/it\/consigli-utili-e-articoli\/\" \/>\n<meta property=\"og:locale\" content=\"it_IT\" \/>\n<meta property=\"og:type\" content=\"article\" \/>\n<meta property=\"og:title\" content=\"Consigli utili e articoli - Multilingual\" \/>\n<meta property=\"og:url\" content=\"https:\/\/www.multilingual.si\/it\/consigli-utili-e-articoli\/\" \/>\n<meta property=\"og:site_name\" content=\"Multilingual\" \/>\n<meta property=\"article:modified_time\" content=\"2025-02-27T08:13:16+00:00\" \/>\n<meta name=\"twitter:card\" content=\"summary_large_image\" \/>\n<meta name=\"twitter:label1\" content=\"Tempo di lettura stimato\" \/>\n\t<meta name=\"twitter:data1\" content=\"1 minuto\" \/>\n<script type=\"application\/ld+json\" class=\"yoast-schema-graph\">{\"@context\":\"https:\/\/schema.org\",\"@graph\":[{\"@type\":\"WebPage\",\"@id\":\"https:\/\/www.multilingual.si\/it\/consigli-utili-e-articoli\/\",\"url\":\"https:\/\/www.multilingual.si\/it\/consigli-utili-e-articoli\/\",\"name\":\"Consigli utili e articoli - Multilingual\",\"isPartOf\":{\"@id\":\"https:\/\/www.multilingual.si\/sl\/#website\"},\"datePublished\":\"2025-02-14T07:23:06+00:00\",\"dateModified\":\"2025-02-27T08:13:16+00:00\",\"breadcrumb\":{\"@id\":\"https:\/\/www.multilingual.si\/it\/consigli-utili-e-articoli\/#breadcrumb\"},\"inLanguage\":\"it-IT\",\"potentialAction\":[{\"@type\":\"ReadAction\",\"target\":[\"https:\/\/www.multilingual.si\/it\/consigli-utili-e-articoli\/\"]}]},{\"@type\":\"BreadcrumbList\",\"@id\":\"https:\/\/www.multilingual.si\/it\/consigli-utili-e-articoli\/#breadcrumb\",\"itemListElement\":[{\"@type\":\"ListItem\",\"position\":1,\"name\":\"Home\",\"item\":\"https:\/\/www.multilingual.si\/it\/\"},{\"@type\":\"ListItem\",\"position\":2,\"name\":\"Consigli utili e articoli\"}]},{\"@type\":\"WebSite\",\"@id\":\"https:\/\/www.multilingual.si\/sl\/#website\",\"url\":\"https:\/\/www.multilingual.si\/sl\/\",\"name\":\"Multilingual\",\"description\":\"\",\"potentialAction\":[{\"@type\":\"SearchAction\",\"target\":{\"@type\":\"EntryPoint\",\"urlTemplate\":\"https:\/\/www.multilingual.si\/sl\/?s={search_term_string}\"},\"query-input\":{\"@type\":\"PropertyValueSpecification\",\"valueRequired\":true,\"valueName\":\"search_term_string\"}}],\"inLanguage\":\"it-IT\"}]}<\/script>\n<!-- \/ Yoast SEO plugin. -->","yoast_head_json":{"title":"Consigli utili e articoli - Multilingual","robots":{"index":"index","follow":"follow","max-snippet":"max-snippet:-1","max-image-preview":"max-image-preview:large","max-video-preview":"max-video-preview:-1"},"canonical":"https:\/\/www.multilingual.si\/it\/consigli-utili-e-articoli\/","og_locale":"it_IT","og_type":"article","og_title":"Consigli utili e articoli - Multilingual","og_url":"https:\/\/www.multilingual.si\/it\/consigli-utili-e-articoli\/","og_site_name":"Multilingual","article_modified_time":"2025-02-27T08:13:16+00:00","twitter_card":"summary_large_image","twitter_misc":{"Tempo di lettura stimato":"1 minuto"},"schema":{"@context":"https:\/\/schema.org","@graph":[{"@type":"WebPage","@id":"https:\/\/www.multilingual.si\/it\/consigli-utili-e-articoli\/","url":"https:\/\/www.multilingual.si\/it\/consigli-utili-e-articoli\/","name":"Consigli utili e articoli - Multilingual","isPartOf":{"@id":"https:\/\/www.multilingual.si\/sl\/#website"},"datePublished":"2025-02-14T07:23:06+00:00","dateModified":"2025-02-27T08:13:16+00:00","breadcrumb":{"@id":"https:\/\/www.multilingual.si\/it\/consigli-utili-e-articoli\/#breadcrumb"},"inLanguage":"it-IT","potentialAction":[{"@type":"ReadAction","target":["https:\/\/www.multilingual.si\/it\/consigli-utili-e-articoli\/"]}]},{"@type":"BreadcrumbList","@id":"https:\/\/www.multilingual.si\/it\/consigli-utili-e-articoli\/#breadcrumb","itemListElement":[{"@type":"ListItem","position":1,"name":"Home","item":"https:\/\/www.multilingual.si\/it\/"},{"@type":"ListItem","position":2,"name":"Consigli utili e articoli"}]},{"@type":"WebSite","@id":"https:\/\/www.multilingual.si\/sl\/#website","url":"https:\/\/www.multilingual.si\/sl\/","name":"Multilingual","description":"","potentialAction":[{"@type":"SearchAction","target":{"@type":"EntryPoint","urlTemplate":"https:\/\/www.multilingual.si\/sl\/?s={search_term_string}"},"query-input":{"@type":"PropertyValueSpecification","valueRequired":true,"valueName":"search_term_string"}}],"inLanguage":"it-IT"}]}},"_links":{"self":[{"href":"https:\/\/www.multilingual.si\/it\/wp-json\/wp\/v2\/pages\/2976","targetHints":{"allow":["GET"]}}],"collection":[{"href":"https:\/\/www.multilingual.si\/it\/wp-json\/wp\/v2\/pages"}],"about":[{"href":"https:\/\/www.multilingual.si\/it\/wp-json\/wp\/v2\/types\/page"}],"author":[{"embeddable":true,"href":"https:\/\/www.multilingual.si\/it\/wp-json\/wp\/v2\/users\/1"}],"replies":[{"embeddable":true,"href":"https:\/\/www.multilingual.si\/it\/wp-json\/wp\/v2\/comments?post=2976"}],"version-history":[{"count":1,"href":"https:\/\/www.multilingual.si\/it\/wp-json\/wp\/v2\/pages\/2976\/revisions"}],"predecessor-version":[{"id":2978,"href":"https:\/\/www.multilingual.si\/it\/wp-json\/wp\/v2\/pages\/2976\/revisions\/2978"}],"wp:attachment":[{"href":"https:\/\/www.multilingual.si\/it\/wp-json\/wp\/v2\/media?parent=2976"}],"curies":[{"name":"wp","href":"https:\/\/api.w.org\/{rel}","templated":true}]}}