{"id":1837,"date":"2025-02-13T09:23:55","date_gmt":"2025-02-13T08:23:55","guid":{"rendered":"https:\/\/pisarna.novisplet.com\/dev4\/multilingual\/?page_id=1837"},"modified":"2025-02-20T09:54:53","modified_gmt":"2025-02-20T08:54:53","slug":"povprasevanje","status":"publish","type":"page","link":"https:\/\/www.multilingual.si\/sl\/povprasevanje\/","title":{"rendered":"Povpra\u0161evanje"},"content":{"rendered":"<div class=\"wpb-content-wrapper\"><p>[vc_row][vc_column]        \r\n        <div class=\"title-banner no-intro-image  \">\r\n        <div class=\"container\">\r\n          <?php\/\/ if(isset($image)) :?>\r\n          <div class=\"title-banner-image-container\"\r\n                                >\r\n            <div class=\"breadcrumbs-container\">\r\n            <div class=\"container\">\r\n              <div class=\"breadcrumbs\">\r\n                <p id=\"breadcrumbs\"><span><span><a href=\"https:\/\/www.multilingual.si\/sl\/\">Domov<\/a><\/span><\/span><\/p>                <div class=\"clearfix\"><\/div>\r\n              <\/div>\r\n            <\/div>\r\n          <\/div>\r\n          <div class=\"container\">\r\n                                              <h1>Povpra\u0161evanje<\/h1>\r\n                                          <div class=\"svg-icon\"><\/div>          <\/div>\r\n          <\/div>\r\n          <?php\/\/ endif; ?>\r\n\r\n        <\/div>\r\n        <\/div>\r\n        [\/vc_column][\/vc_row][vc_row][vc_column width=&#8221;1\/12&#8243;][\/vc_column][vc_column width=&#8221;10\/12&#8243;]\n<div class=\"wpcf7 no-js\" id=\"wpcf7-f2581-o1\" lang=\"sl-SI\" dir=\"ltr\" data-wpcf7-id=\"2581\">\n<div class=\"screen-reader-response\"><p role=\"status\" aria-live=\"polite\" aria-atomic=\"true\"><\/p> <ul><\/ul><\/div>\n<form action=\"\/sl\/wp-json\/wp\/v2\/pages\/1837#wpcf7-f2581-o1\" method=\"post\" class=\"wpcf7-form init\" aria-label=\"Contact form\" enctype=\"multipart\/form-data\" novalidate=\"novalidate\" data-status=\"init\">\n<div style=\"display: none;\">\n<input type=\"hidden\" name=\"_wpcf7\" value=\"2581\" \/>\n<input type=\"hidden\" name=\"_wpcf7_version\" value=\"6.0.3\" \/>\n<input type=\"hidden\" name=\"_wpcf7_locale\" value=\"sl_SI\" \/>\n<input type=\"hidden\" name=\"_wpcf7_unit_tag\" value=\"wpcf7-f2581-o1\" \/>\n<input type=\"hidden\" name=\"_wpcf7_container_post\" value=\"0\" \/>\n<input type=\"hidden\" name=\"_wpcf7_posted_data_hash\" value=\"\" \/>\n<input type=\"hidden\" name=\"_wpcf7_recaptcha_response\" value=\"\" \/>\n<\/div>\n<div class=\"kontobrazec\">\n\t<h3>Obrazec za povpra\u0161evanje\n\t<\/h3>\n\t<div class=\"row\">\n\t\t<div class=\"col-md-12\">\n\t\t\t<p><span class=\"wpcf7-form-control-wrap\" data-name=\"service\"><select class=\"wpcf7-form-control wpcf7-select\" aria-invalid=\"false\" name=\"service\"><option value=\"\">Izberite storitev<\/option><option value=\"Prevajanje\">Prevajanje<\/option><option value=\"Sodni prevod\">Sodni prevod<\/option><option value=\"Tolma\u010denje\">Tolma\u010denje<\/option><option value=\"Lektoriranje\">Lektoriranje<\/option><\/select><\/span>\n\t\t\t<\/p>\n\t\t\t<p><span class=\"wpcf7-form-control-wrap\" data-name=\"from_lang\"><select class=\"wpcf7-form-control wpcf7-select\" aria-invalid=\"false\" name=\"from_lang\"><option value=\"\">Iz jezika<\/option><option value=\"slovenski jezik\">slovenski jezik<\/option><option value=\"albanski jezik\">albanski jezik<\/option><option value=\"angle\u0161ki jezik\">angle\u0161ki jezik<\/option><option value=\"arabski jezik\">arabski jezik<\/option><option value=\"bolgarski jezik\">bolgarski jezik<\/option><option value=\"bosanski jezik\">bosanski jezik<\/option><option value=\"\u010de\u0161ki jezik\">\u010de\u0161ki jezik<\/option><option value=\"\u010drnogorski jezik\">\u010drnogorski jezik<\/option><option value=\"danski jezik\">danski jezik<\/option><option value=\"estonski jezik\">estonski jezik<\/option><option value=\"finski jezik\">finski jezik<\/option><option value=\"francoski jezik\">francoski jezik<\/option><option value=\"gr\u0161ki jezik\">gr\u0161ki jezik<\/option><option value=\"hebrejski jezik\">hebrejski jezik<\/option><option value=\"hrva\u0161ki jezik\">hrva\u0161ki jezik<\/option><option value=\"italijanski jezik\">italijanski jezik<\/option><option value=\"japonski jezik\">japonski jezik<\/option><option value=\"kitajski jezik\">kitajski jezik<\/option><option value=\"latvijski jezik\">latvijski jezik<\/option><option value=\"litvanski jezik\">litvanski jezik<\/option><option value=\"mad\u017earski jezik\">mad\u017earski jezik<\/option><option value=\"makedonski jezik\">makedonski jezik<\/option><option value=\"nem\u0161ki jezik\">nem\u0161ki jezik<\/option><option value=\"nizozemski jezik\">nizozemski jezik<\/option><option value=\"norve\u0161ki jezik\">norve\u0161ki jezik<\/option><option value=\"poljski jezik\">poljski jezik<\/option><option value=\"portugalski jezik\">portugalski jezik<\/option><option value=\"romunski jezik\">romunski jezik<\/option><option value=\"ruski jezik\">ruski jezik<\/option><option value=\"slova\u0161ki jezik\">slova\u0161ki jezik<\/option><option value=\"srbski jezik\">srbski jezik<\/option><option value=\"\u0161panski jezik\">\u0161panski jezik<\/option><option value=\"\u0161vedski jezik\">\u0161vedski jezik<\/option><option value=\"tur\u0161ki jezik\">tur\u0161ki jezik<\/option><\/select><\/span>\n\t\t\t<\/p>\n\t\t\t<p><span class=\"wpcf7-form-control-wrap\" data-name=\"to_lang\"><select class=\"wpcf7-form-control wpcf7-select\" aria-invalid=\"false\" name=\"to_lang\"><option value=\"\">V jezik<\/option><option value=\"slovenski jezik\">slovenski jezik<\/option><option value=\"albanski jezik\">albanski jezik<\/option><option value=\"angle\u0161ki jezik\">angle\u0161ki jezik<\/option><option value=\"arabski jezik\">arabski jezik<\/option><option value=\"bolgarski jezik\">bolgarski jezik<\/option><option value=\"bosanski jezik\">bosanski jezik<\/option><option value=\"\u010de\u0161ki jezik\">\u010de\u0161ki jezik<\/option><option value=\"\u010drnogorski jezik\">\u010drnogorski jezik<\/option><option value=\"danski jezik\">danski jezik<\/option><option value=\"estonski jezik\">estonski jezik<\/option><option value=\"finski jezik\">finski jezik<\/option><option value=\"francoski jezik\">francoski jezik<\/option><option value=\"gr\u0161ki jezik\">gr\u0161ki jezik<\/option><option value=\"hebrejski jezik\">hebrejski jezik<\/option><option value=\"hrva\u0161ki jezik\">hrva\u0161ki jezik<\/option><option value=\"italijanski jezik\">italijanski jezik<\/option><option value=\"japonski jezik\">japonski jezik<\/option><option value=\"kitajski jezik\">kitajski jezik<\/option><option value=\"latvijski jezik\">latvijski jezik<\/option><option value=\"litvanski jezik\">litvanski jezik<\/option><option value=\"mad\u017earski jezik\">mad\u017earski jezik<\/option><option value=\"makedonski jezik\">makedonski jezik<\/option><option value=\"nem\u0161ki jezik\">nem\u0161ki jezik<\/option><option value=\"nizozemski jezik\">nizozemski jezik<\/option><option value=\"norve\u0161ki jezik\">norve\u0161ki jezik<\/option><option value=\"poljski jezik\">poljski jezik<\/option><option value=\"portugalski jezik\">portugalski jezik<\/option><option value=\"romunski jezik\">romunski jezik<\/option><option value=\"ruski jezik\">ruski jezik<\/option><option value=\"slova\u0161ki jezik\">slova\u0161ki jezik<\/option><option value=\"srbski jezik\">srbski jezik<\/option><option value=\"\u0161panski jezik\">\u0161panski jezik<\/option><option value=\"\u0161vedski jezik\">\u0161vedski jezik<\/option><option value=\"tur\u0161ki jezik\">tur\u0161ki jezik<\/option><\/select><\/span>\n\t\t\t<\/p>\n\t\t\t<p><span class=\"wpcf7-form-control-wrap\" data-name=\"your-name\"><input size=\"40\" maxlength=\"400\" class=\"wpcf7-form-control wpcf7-text wpcf7-validates-as-required\" aria-required=\"true\" aria-invalid=\"false\" placeholder=\"Ime in priimek *\" value=\"\" type=\"text\" name=\"your-name\" \/><\/span>\n\t\t\t<\/p>\n\t\t\t<p><span class=\"wpcf7-form-control-wrap\" data-name=\"your-email\"><input size=\"40\" maxlength=\"400\" class=\"wpcf7-form-control wpcf7-email wpcf7-validates-as-required wpcf7-text wpcf7-validates-as-email\" aria-required=\"true\" aria-invalid=\"false\" placeholder=\"Va\u0161a e-po\u0161ta *\" value=\"\" type=\"email\" name=\"your-email\" \/><\/span>\n\t\t\t<\/p>\n\t\t\t<p><span class=\"wpcf7-form-control-wrap\" data-name=\"your-phone\"><input size=\"40\" maxlength=\"400\" class=\"wpcf7-form-control wpcf7-text wpcf7-validates-as-required\" aria-required=\"true\" aria-invalid=\"false\" placeholder=\"Va\u0161a telefonska \u0161tevilka *\" value=\"\" type=\"text\" name=\"your-phone\" \/><\/span>\n\t\t\t<\/p>\n\t\t\t<p><span class=\"wpcf7-form-control-wrap\" data-name=\"your-message\"><textarea cols=\"40\" rows=\"10\" maxlength=\"2000\" class=\"wpcf7-form-control wpcf7-textarea\" aria-invalid=\"false\" placeholder=\"Vsebina sporo\u010dila...\" name=\"your-message\"><\/textarea><\/span><br \/>\nMaksimalna velikost nalo\u017eene datoteke je 10Mb<br \/>\n<span class=\"wpcf7-form-control-wrap\" data-name=\"file-603\"><input size=\"40\" class=\"wpcf7-form-control wpcf7-file\" accept=\"image\/*,.txt,application\/pdf,application\/msword,application\/vnd.openxmlformats-officedocument.wordprocessingml.document\" aria-invalid=\"false\" type=\"file\" name=\"file-603\" \/><\/span>\n\t\t\t<\/p>\n\t\t\t<p>Polja ozna\u010dena z * so obvezna!\n\t\t\t<\/p>\n\t\t<\/div>\n\t<\/div>\n\t<p>Va\u0161e osebne podatke bomo obdelovali za namen odgovora v obliki informativnega izra\u010duna. Za va\u0161e osebne podatke skrbimo in jih obdelujemo v skladu s <a href=\"https:\/\/zasebnost.pogoji.si\/tos\/4gybc7a\" target=\"_blank\">Pogoji zasebnosti<\/a>. Podrobneje o naro\u010danju storitev v <a href=\"https:\/\/poslovanje.pogoji.si\/tos\/1nwnj90\">Pogoji poslovanja<\/a>.\n\t<\/p>\n\t<p><button id=\"submit\" class=\"wpcf7-form-control wpcf7-submit btn-primary btn btn-lg\">Po\u0161lji<\/button>\n\t<\/p>\n<\/div><div class=\"wpcf7-response-output\" aria-hidden=\"true\"><\/div>\n<\/form>\n<\/div>\n[\/vc_column][vc_column width=&#8221;1\/12&#8243;][\/vc_column][\/vc_row]<\/p>\n<\/div>","protected":false},"excerpt":{"rendered":"<p>[vc_row][vc_column][\/vc_column][\/vc_row][vc_row][vc_column width=&#8221;1\/12&#8243;][\/vc_column][vc_column width=&#8221;10\/12&#8243;][\/vc_column][vc_column width=&#8221;1\/12&#8243;][\/vc_column][\/vc_row]<\/p>\n","protected":false},"author":1,"featured_media":0,"parent":0,"menu_order":14,"comment_status":"closed","ping_status":"closed","template":"","meta":{"_acf_changed":false,"footnotes":""},"class_list":["post-1837","page","type-page","status-publish","hentry"],"acf":[],"yoast_head":"<!-- This site is optimized with the Yoast SEO plugin v24.4 - https:\/\/yoast.com\/wordpress\/plugins\/seo\/ -->\n<title>Povpra\u0161evanje - Multilingual<\/title>\n<meta name=\"robots\" content=\"index, follow, max-snippet:-1, max-image-preview:large, max-video-preview:-1\" \/>\n<link rel=\"canonical\" href=\"https:\/\/www.multilingual.si\/sl\/povprasevanje\/\" \/>\n<meta property=\"og:locale\" content=\"sl_SI\" \/>\n<meta property=\"og:type\" content=\"article\" \/>\n<meta property=\"og:title\" content=\"Povpra\u0161evanje - Multilingual\" \/>\n<meta property=\"og:description\" content=\"[vc_row][vc_column][\/vc_column][\/vc_row][vc_row][vc_column width=&#8221;1\/12&#8243;][\/vc_column][vc_column width=&#8221;10\/12&#8243;][\/vc_column][vc_column width=&#8221;1\/12&#8243;][\/vc_column][\/vc_row]\" \/>\n<meta property=\"og:url\" content=\"https:\/\/www.multilingual.si\/sl\/povprasevanje\/\" \/>\n<meta property=\"og:site_name\" content=\"Multilingual\" \/>\n<meta property=\"article:modified_time\" content=\"2025-02-20T08:54:53+00:00\" \/>\n<meta name=\"twitter:card\" content=\"summary_large_image\" \/>\n<script type=\"application\/ld+json\" class=\"yoast-schema-graph\">{\"@context\":\"https:\/\/schema.org\",\"@graph\":[{\"@type\":\"WebPage\",\"@id\":\"https:\/\/www.multilingual.si\/sl\/povprasevanje\/\",\"url\":\"https:\/\/www.multilingual.si\/sl\/povprasevanje\/\",\"name\":\"Povpra\u0161evanje - Multilingual\",\"isPartOf\":{\"@id\":\"https:\/\/www.multilingual.si\/sl\/#website\"},\"datePublished\":\"2025-02-13T08:23:55+00:00\",\"dateModified\":\"2025-02-20T08:54:53+00:00\",\"breadcrumb\":{\"@id\":\"https:\/\/www.multilingual.si\/sl\/povprasevanje\/#breadcrumb\"},\"inLanguage\":\"sl-SI\",\"potentialAction\":[{\"@type\":\"ReadAction\",\"target\":[\"https:\/\/www.multilingual.si\/sl\/povprasevanje\/\"]}]},{\"@type\":\"BreadcrumbList\",\"@id\":\"https:\/\/www.multilingual.si\/sl\/povprasevanje\/#breadcrumb\",\"itemListElement\":[{\"@type\":\"ListItem\",\"position\":1,\"name\":\"Domov\",\"item\":\"https:\/\/www.multilingual.si\/sl\/\"},{\"@type\":\"ListItem\",\"position\":2,\"name\":\"Povpra\u0161evanje\"}]},{\"@type\":\"WebSite\",\"@id\":\"https:\/\/www.multilingual.si\/sl\/#website\",\"url\":\"https:\/\/www.multilingual.si\/sl\/\",\"name\":\"Multilingual\",\"description\":\"\",\"potentialAction\":[{\"@type\":\"SearchAction\",\"target\":{\"@type\":\"EntryPoint\",\"urlTemplate\":\"https:\/\/www.multilingual.si\/sl\/?s={search_term_string}\"},\"query-input\":{\"@type\":\"PropertyValueSpecification\",\"valueRequired\":true,\"valueName\":\"search_term_string\"}}],\"inLanguage\":\"sl-SI\"}]}<\/script>\n<!-- \/ Yoast SEO plugin. -->","yoast_head_json":{"title":"Povpra\u0161evanje - Multilingual","robots":{"index":"index","follow":"follow","max-snippet":"max-snippet:-1","max-image-preview":"max-image-preview:large","max-video-preview":"max-video-preview:-1"},"canonical":"https:\/\/www.multilingual.si\/sl\/povprasevanje\/","og_locale":"sl_SI","og_type":"article","og_title":"Povpra\u0161evanje - Multilingual","og_description":"[vc_row][vc_column][\/vc_column][\/vc_row][vc_row][vc_column width=&#8221;1\/12&#8243;][\/vc_column][vc_column width=&#8221;10\/12&#8243;][\/vc_column][vc_column width=&#8221;1\/12&#8243;][\/vc_column][\/vc_row]","og_url":"https:\/\/www.multilingual.si\/sl\/povprasevanje\/","og_site_name":"Multilingual","article_modified_time":"2025-02-20T08:54:53+00:00","twitter_card":"summary_large_image","schema":{"@context":"https:\/\/schema.org","@graph":[{"@type":"WebPage","@id":"https:\/\/www.multilingual.si\/sl\/povprasevanje\/","url":"https:\/\/www.multilingual.si\/sl\/povprasevanje\/","name":"Povpra\u0161evanje - Multilingual","isPartOf":{"@id":"https:\/\/www.multilingual.si\/sl\/#website"},"datePublished":"2025-02-13T08:23:55+00:00","dateModified":"2025-02-20T08:54:53+00:00","breadcrumb":{"@id":"https:\/\/www.multilingual.si\/sl\/povprasevanje\/#breadcrumb"},"inLanguage":"sl-SI","potentialAction":[{"@type":"ReadAction","target":["https:\/\/www.multilingual.si\/sl\/povprasevanje\/"]}]},{"@type":"BreadcrumbList","@id":"https:\/\/www.multilingual.si\/sl\/povprasevanje\/#breadcrumb","itemListElement":[{"@type":"ListItem","position":1,"name":"Domov","item":"https:\/\/www.multilingual.si\/sl\/"},{"@type":"ListItem","position":2,"name":"Povpra\u0161evanje"}]},{"@type":"WebSite","@id":"https:\/\/www.multilingual.si\/sl\/#website","url":"https:\/\/www.multilingual.si\/sl\/","name":"Multilingual","description":"","potentialAction":[{"@type":"SearchAction","target":{"@type":"EntryPoint","urlTemplate":"https:\/\/www.multilingual.si\/sl\/?s={search_term_string}"},"query-input":{"@type":"PropertyValueSpecification","valueRequired":true,"valueName":"search_term_string"}}],"inLanguage":"sl-SI"}]}},"_links":{"self":[{"href":"https:\/\/www.multilingual.si\/sl\/wp-json\/wp\/v2\/pages\/1837","targetHints":{"allow":["GET"]}}],"collection":[{"href":"https:\/\/www.multilingual.si\/sl\/wp-json\/wp\/v2\/pages"}],"about":[{"href":"https:\/\/www.multilingual.si\/sl\/wp-json\/wp\/v2\/types\/page"}],"author":[{"embeddable":true,"href":"https:\/\/www.multilingual.si\/sl\/wp-json\/wp\/v2\/users\/1"}],"replies":[{"embeddable":true,"href":"https:\/\/www.multilingual.si\/sl\/wp-json\/wp\/v2\/comments?post=1837"}],"version-history":[{"count":4,"href":"https:\/\/www.multilingual.si\/sl\/wp-json\/wp\/v2\/pages\/1837\/revisions"}],"predecessor-version":[{"id":2583,"href":"https:\/\/www.multilingual.si\/sl\/wp-json\/wp\/v2\/pages\/1837\/revisions\/2583"}],"wp:attachment":[{"href":"https:\/\/www.multilingual.si\/sl\/wp-json\/wp\/v2\/media?parent=1837"}],"curies":[{"name":"wp","href":"https:\/\/api.w.org\/{rel}","templated":true}]}}