{"id":1847,"date":"2025-02-13T09:57:33","date_gmt":"2025-02-13T08:57:33","guid":{"rendered":"https:\/\/pisarna.novisplet.com\/dev4\/multilingual\/?page_id=1847"},"modified":"2025-02-26T11:20:37","modified_gmt":"2025-02-26T10:20:37","slug":"prevajanje","status":"publish","type":"page","link":"https:\/\/www.multilingual.si\/sl\/prevajanje\/","title":{"rendered":"Prevajanje"},"content":{"rendered":"<div class=\"wpb-content-wrapper\"><p>[vc_row][vc_column]        \r\n        <div class=\"title-banner   page-title-prevajanje\">\r\n        <div class=\"container\">\r\n          <?php\/\/ if(isset($image)) :?>\r\n          <div class=\"title-banner-image-container\"\r\n                         style=\"background:url('https:\/\/www.multilingual.si\/wp-content\/uploads\/2025\/02\/breadcrumbs_h1_green.png');\r\n                      background-repeat:no-repeat;\"\r\n                                            >\r\n            <div class=\"breadcrumbs-container\">\r\n            <div class=\"container\">\r\n              <div class=\"breadcrumbs\">\r\n                <p id=\"breadcrumbs\"><span><span><a href=\"https:\/\/www.multilingual.si\/sl\/\">Domov<\/a><\/span><\/span><\/p>                <div class=\"clearfix\"><\/div>\r\n              <\/div>\r\n            <\/div>\r\n          <\/div>\r\n          <div class=\"container\">\r\n                                              <h1>Prevajanje<\/h1>\r\n                                          <div class=\"svg-icon\"><svg width=\"175\" height=\"145\" viewBox=\"0 0 175 145\" fill=\"none\" xmlns=\"http:\/\/www.w3.org\/2000\/svg\">\n<g clip-path=\"url(#clip0_2001_521)\">\n<path d=\"M86.4609 0C100.594 0 112.233 11.6 112.233 25.6857C112.233 39.7714 100.594 51.3714 86.4609 51.3714C72.3279 51.3714 60.689 39.7714 60.689 25.6857C60.689 11.6 72.3279 0 86.4609 0Z\" fill=\"black\"\/>\n<path d=\"M61.2502 97.338L77.4041 59.7454H81.4426L116.443 73.8426L118.462 78.5417L96.2502 128.889L91.5387 130.231L61.2502 119.491V97.338Z\" fill=\"white\"\/>\n<path d=\"M60.2734 118.9V132.157C60.2734 134.643 60.6891 137.543 61.5204 139.614C61.5204 140.029 61.5204 140.857 61.5204 141.271V145H110.155V141.686C111.817 138.786 112.649 135.471 112.649 132.157V97.7715C115.974 105.643 118.468 116.829 120.962 132.571C121.794 137.543 125.95 141.271 130.938 141.271C131.354 141.271 131.77 141.271 132.601 141.271C138.005 140.443 141.746 135.471 140.915 130.086C135.095 89.4857 125.95 71.6714 103.919 58.4143C103.504 58 103.088 58 102.672 57.5857C99.7627 55.5143 96.4373 54.2714 93.5275 53.4429L87.2924 60.0714L81.0572 53.4429C77.7318 54.2714 74.8221 55.5143 71.9123 57.1714C67.7556 59.2429 30.7603 82.8572 35.7484 103.571C37.8268 114.757 49.8814 118.071 60.2734 118.9ZM77.7318 65.4572C78.5632 63.3857 80.6415 62.1429 82.7199 62.1429C83.5513 62.1429 84.3826 62.1429 85.214 62.5572L86.0453 62.9714L86.1541 63.1019L86.8767 63.3857L112.233 74.9857C115.143 76.2286 116.39 79.5429 115.143 82.4429L96.0216 123.871C95.1902 125.943 93.1119 127.186 91.0335 127.186C90.2021 127.186 89.3708 127.186 88.5394 126.771L71.4967 118.9C71.9123 118.9 72.328 118.9 72.7437 118.9C74.4064 118.9 75.6534 118.486 76.9005 117.657C76.9005 118.486 77.3161 118.9 78.1475 119.314L88.9551 124.286C89.7864 124.7 90.2021 124.7 91.0335 124.7C91.4491 124.7 91.8648 124.7 92.6962 124.286C93.9432 123.871 94.7746 123.043 95.1902 121.8L112.649 83.6857C113.064 82.4429 113.064 81.2 112.649 79.9572C112.233 78.7143 111.402 77.8857 110.155 77.4714L85.214 65.8714C82.7199 64.6286 80.2259 65.8714 78.9788 67.9429L66.0928 95.7C65.6772 96.5286 66.0929 97.7714 66.9242 98.1857C67.7556 98.6 69.0026 98.1857 69.4183 97.3572L82.3042 69.6C82.3042 69.1857 83.1356 69.1857 83.5513 69.1857L108.492 80.7857C108.908 80.7857 108.908 81.2 108.908 81.2V81.6143L91.4491 119.729L91.0335 120.143C90.6178 120.143 90.6178 120.143 90.2021 120.143L79.3945 116C81.0572 113.929 82.3042 111.443 82.3042 108.543C81.8886 103.157 77.3161 98.6 71.9123 99.0143C68.1712 99.0143 64.8458 99.0143 62.3518 99.0143L77.7318 65.4572ZM60.2734 90.3143V99.0143C57.3636 98.6 55.7009 98.1857 54.8696 97.7715C55.7009 95.7 57.7793 93.2143 60.2734 90.3143Z\" fill=\"black\"\/>\n<path d=\"M175 134.229H0.000244141V145H175V134.229Z\" fill=\"#39B54A\"\/>\n<\/g>\n<defs>\n<clipPath id=\"clip0_2001_521\">\n<rect width=\"175\" height=\"145\" fill=\"white\" transform=\"translate(0.000244141)\"\/>\n<\/clipPath>\n<\/defs>\n<\/svg><\/div>          <\/div>\r\n          <\/div>\r\n          <?php\/\/ endif; ?>\r\n\r\n        <\/div>\r\n        <\/div>\r\n        [\/vc_column][\/vc_row][vc_row][vc_column width=&#8221;1\/12&#8243;][\/vc_column][vc_column width=&#8221;10\/12&#8243;][vc_column_text]<\/p>\n<h2>Prevajanje z Multilingual: odlo\u010ditev za strokovni prevod<\/h2>\n<p>Multilingual ni samo prevajalska agencija \u2013 je ve\u010d od tega. <strong>Je va\u0161 prevajalski partner<\/strong>, na katerega <strong>se lahko zanesete<\/strong>.<\/p>\n<p>Prevajanje pri nas ni le pasivna pretvorba besed iz enega jezika v drugega. Ponujamo vam namre\u010d:<\/p>\n<ul>\n<li><strong>Prevajanje po najvi\u0161jih kakovostnih standardnih.<\/strong><\/li>\n<li>Prevode po <strong>razumnih cenah.<\/strong><\/li>\n<li><strong>Strokovnost prevodov<\/strong> zagotavlja mre\u017ea <strong>ve\u010d kot 500 prevajalcev doma in v tujini.<\/strong><\/li>\n<li>Na\u0161i prevajalci so <strong>preizku\u0161eni strokovnjaki.<\/strong><\/li>\n<li>Prevodi va\u0161ih besedil so plod natan\u010dnega preu\u010devanja izvirnika, prevod pa je narejen v skladu s stroko in poznavanjem podro\u010dja, ki ga prevajalci prevajajo. Na\u0161i prevajalci vam zagotavljajo <strong>kreativnost in slovni\u010dno ustreznost.<\/strong><\/li>\n<li>Prevajalci med delom po potrebi <strong>sodelujejo z naro\u010dnikom<\/strong>, saj tako la\u017ee <strong>zagotovijo kakovosten prevod<\/strong>.<\/li>\n<li>Vsebina prevedenih besedil ostane <strong>strogo zaupna in varna<\/strong>.<\/li>\n<\/ul>\n<h2>Prevajanje z Multilingual: dolgoro\u010dno sodelovanje za najbolj\u0161e rezultate<\/h2>\n<p><strong>Prevajanje va\u0161ih dokumentov<\/strong> prina\u0161a najbolj\u0161e rezultate takrat, \u010de <strong>skupaj gradimo dolgoro\u010dno sodelovanje<\/strong>. Prevajalci na tak na\u010din do potankosti <strong>spoznajo va\u0161e podro\u010dje, kar pomeni hitrej\u0161e in u\u010dinkovitej\u0161e prevajanje<\/strong> ter uporabo iste terminologije.<\/p>\n<h2>Prevajanje z Multilingual: hitra odzivnost in posluh za \u010dasovno stisko<\/h2>\n<p>Prevajanje pri nas pomeni, da lahko pri\u010dakujete <strong>zelo kratek odzivni \u010das na va\u0161e zahteve<\/strong>.<\/p>\n<p>Prevajanje pri nas zagotavlja <strong>hitro odzivnost na va\u0161e zahteve in \u017eelje<\/strong>. Vedno se potrudimo ustre\u010di naro\u010dniku in v primeru posebne \u010dasovne stiske <strong>prevode opravimo tudi v rekordno kratkih \u010dasih<\/strong>. Vsak projekt, pa naj bo \u0161e tako zapleten, je mogo\u010de razstaviti na ve\u010d drobnih, enostavnih nalog. Ute\u010deni procesi in <strong>\u0161iroka mre\u017ea prevajalcev<\/strong> nam omogo\u010dajo hitro prepoznavanje re\u0161itev tudi za obse\u017enej\u0161e projekte s kraj\u0161imi roki izvedbe.<\/p>\n<p>Priporo\u010damo vam, da <strong>obse\u017enej\u0161e prevode najavite vnaprej<\/strong>, zlasti \u010de jih potrebujete zelo hitro ali \u010de gre za zahtevna strokovna besedila. Tako bomo lahko zagotovili \u010dim kraj\u0161i rok izvedbe.<\/p>\n<h2>Prevod do 5 strani \u0161e isti dan<\/h2>\n<p>Do 5 avtorskih strani lahko prevedemo v enem dnevu. Rok za oddajo prevodov je sicer odvisen od koli\u010dine strani, zahtevnosti in jezika (za jezike, ki so v na\u0161em prostoru manj pogosti in za katere ni veliko prevajalcev, je navadno potrebnega ve\u010d \u010dasa). Na va\u0161e povpra\u0161evanje se takoj odzovemo, tako da vam po\u0161ljemo potrditev prejema in ponudbo z rokom oddaje prevoda.<\/p>\n<h2>Brezpla\u010dno prevajanje!<\/h2>\n<p>Res je, ponujamo vam brezpla\u010dno prevajanje besedila v slovenskem jeziku, ki ga \u017eelite prevesti v angle\u0161ki, nem\u0161ki, italijanski, \u0161panski ali francoski jezik &#8211; dol\u017ene v izvirniku do 200 znakov brez presledkov.<\/p>\n<p>Po\u0161ljite nam besedilo na\u00a0<a href=\"&#x6d;a&#x69;&#x6c;t&#x6f;&#x3a;i&#x6e;&#x66;o&#x40;&#x6d;u&#x6c;&#x74;i&#x6c;&#105;n&#x67;&#117;a&#x6c;&#46;s&#x69;\">i&#x6e;&#x66;o&#64;&#x6d;u&#108;&#x74;&#x69;l&#x69;&#x6e;g&#117;&#x61;l&#46;&#x73;&#x69;<\/a>\u00a0in z veseljem bomo uredili kraj\u0161i prevod tudi za vas.<\/p>\n<h2>POKLI\u010cITE \u0161e danes na 040 817 820!<\/h2>\n<h3>Prevode nam lahko po\u0161ljete:<\/h3>\n<ul>\n<li>po e-po\u0161ti na <a href=\"&#x6d;a&#x69;&#108;&#x74;&#x6f;:&#x69;&#110;&#x66;&#x6f;&#64;&#x6d;&#117;&#x6c;&#x74;i&#x6c;&#105;&#x6e;&#x67;u&#x61;&#108;&#x2e;&#x73;i\">info&#64;&#109;&#117;&#x6c;&#x74;&#x69;&#x6c;&#x69;&#x6e;&#x67;ual.s&#105;<\/a><\/li>\n<li>po navadni po\u0161ti<\/li>\n<li>po faksu<\/li>\n<li>preko obrazca na na\u0161i spletni strani<\/li>\n<li>z osebnim prevzemom na \u017eeleni lokaciji<\/li>\n<li>na razli\u010dnih digitalnih medijih (CD, DVD \u2026)<\/li>\n<li>prek na\u0161ega FTP-ja<\/li>\n<li>v obliki najrazli\u010dnej\u0161ih ra\u010dunalni\u0161kih datotek<\/li>\n<\/ul>\n<h2>Prevajanje strokovnih podro\u010dij<\/h2>\n<p>Prevajamo besedila z vseh podro\u010dij, zlasti naslednje stroke:<\/p>\n<table style=\"height: 183px;\" width=\"458\">\n<tbody>\n<tr>\n<td>ekonomija<\/td>\n<td>humanistika<\/td>\n<td>izobra\u017eevanje<\/td>\n<\/tr>\n<tr>\n<td>ban\u010dni\u0161tvo<\/td>\n<td>tehnika<\/td>\n<td>turizem<\/td>\n<\/tr>\n<tr>\n<td>zavarovalni\u0161tvo<\/td>\n<td>gradbeni\u0161tvo<\/td>\n<td>kulinarika<\/td>\n<\/tr>\n<tr>\n<td>finance<\/td>\n<td>strojni\u0161tvo<\/td>\n<td>novinarstvo<\/td>\n<\/tr>\n<tr>\n<td>marketing in tr\u017eenje<\/td>\n<td>informacijska tehnologija<\/td>\n<td>leposlovje<\/td>\n<\/tr>\n<tr>\n<td>pravo<\/td>\n<td>avtomobilska industrija<\/td>\n<td>programska oprema<\/td>\n<\/tr>\n<\/tbody>\n<\/table>\n<p>[\/vc_column_text][\/vc_column][vc_column width=&#8221;1\/12&#8243;][\/vc_column][\/vc_row]<\/p>\n<\/div>","protected":false},"excerpt":{"rendered":"<p>[vc_row][vc_column][\/vc_column][\/vc_row][vc_row][vc_column width=&#8221;1\/12&#8243;][\/vc_column][vc_column width=&#8221;10\/12&#8243;][vc_column_text] Prevajanje z Multilingual: odlo\u010ditev za strokovni prevod Multilingual ni samo prevajalska agencija \u2013 je ve\u010d od tega. Je va\u0161 prevajalski partner, na katerega se lahko zanesete. Prevajanje pri nas ni le pasivna pretvorba besed iz enega jezika v drugega. Ponujamo vam namre\u010d: Prevajanje po najvi\u0161jih kakovostnih standardnih. Prevode po razumnih cenah. Strokovnost prevodov zagotavlja mre\u017ea ve\u010d kot 500 prevajalcev doma in v tujini. Na\u0161i prevajalci so preizku\u0161eni strokovnjaki. Prevodi va\u0161ih besedil so plod natan\u010dnega preu\u010devanja izvirnika, prevod pa je narejen v skladu s stroko in poznavanjem podro\u010dja, ki ga prevajalci prevajajo. Na\u0161i prevajalci vam zagotavljajo kreativnost in slovni\u010dno ustreznost. Prevajalci med delom po potrebi sodelujejo z naro\u010dnikom, saj tako la\u017ee zagotovijo kakovosten prevod. Vsebina prevedenih besedil ostane [&hellip;]<\/p>\n","protected":false},"author":1,"featured_media":0,"parent":0,"menu_order":9,"comment_status":"closed","ping_status":"closed","template":"","meta":{"_acf_changed":false,"footnotes":""},"class_list":["post-1847","page","type-page","status-publish","hentry"],"acf":[],"yoast_head":"<!-- This site is optimized with the Yoast SEO plugin v24.4 - https:\/\/yoast.com\/wordpress\/plugins\/seo\/ -->\n<title>Prevajanje - Multilingual<\/title>\n<meta name=\"robots\" content=\"index, follow, max-snippet:-1, max-image-preview:large, max-video-preview:-1\" \/>\n<link rel=\"canonical\" href=\"https:\/\/www.multilingual.si\/sl\/prevajanje\/\" \/>\n<meta property=\"og:locale\" content=\"sl_SI\" \/>\n<meta property=\"og:type\" content=\"article\" \/>\n<meta property=\"og:title\" content=\"Prevajanje - Multilingual\" \/>\n<meta property=\"og:description\" content=\"[vc_row][vc_column][\/vc_column][\/vc_row][vc_row][vc_column width=&#8221;1\/12&#8243;][\/vc_column][vc_column width=&#8221;10\/12&#8243;][vc_column_text] Prevajanje z Multilingual: odlo\u010ditev za strokovni prevod Multilingual ni samo prevajalska agencija \u2013 je ve\u010d od tega. Je va\u0161 prevajalski partner, na katerega se lahko zanesete. Prevajanje pri nas ni le pasivna pretvorba besed iz enega jezika v drugega. Ponujamo vam namre\u010d: Prevajanje po najvi\u0161jih kakovostnih standardnih. Prevode po razumnih cenah. Strokovnost prevodov zagotavlja mre\u017ea ve\u010d kot 500 prevajalcev doma in v tujini. Na\u0161i prevajalci so preizku\u0161eni strokovnjaki. Prevodi va\u0161ih besedil so plod natan\u010dnega preu\u010devanja izvirnika, prevod pa je narejen v skladu s stroko in poznavanjem podro\u010dja, ki ga prevajalci prevajajo. Na\u0161i prevajalci vam zagotavljajo kreativnost in slovni\u010dno ustreznost. Prevajalci med delom po potrebi sodelujejo z naro\u010dnikom, saj tako la\u017ee zagotovijo kakovosten prevod. Vsebina prevedenih besedil ostane [&hellip;]\" \/>\n<meta property=\"og:url\" content=\"https:\/\/www.multilingual.si\/sl\/prevajanje\/\" \/>\n<meta property=\"og:site_name\" content=\"Multilingual\" \/>\n<meta property=\"article:modified_time\" content=\"2025-02-26T10:20:37+00:00\" \/>\n<meta name=\"twitter:card\" content=\"summary_large_image\" \/>\n<meta name=\"twitter:label1\" content=\"Est. reading time\" \/>\n\t<meta name=\"twitter:data1\" content=\"5 minut\" \/>\n<script type=\"application\/ld+json\" class=\"yoast-schema-graph\">{\"@context\":\"https:\/\/schema.org\",\"@graph\":[{\"@type\":\"WebPage\",\"@id\":\"https:\/\/www.multilingual.si\/sl\/prevajanje\/\",\"url\":\"https:\/\/www.multilingual.si\/sl\/prevajanje\/\",\"name\":\"Prevajanje - Multilingual\",\"isPartOf\":{\"@id\":\"https:\/\/www.multilingual.si\/sl\/#website\"},\"datePublished\":\"2025-02-13T08:57:33+00:00\",\"dateModified\":\"2025-02-26T10:20:37+00:00\",\"breadcrumb\":{\"@id\":\"https:\/\/www.multilingual.si\/sl\/prevajanje\/#breadcrumb\"},\"inLanguage\":\"sl-SI\",\"potentialAction\":[{\"@type\":\"ReadAction\",\"target\":[\"https:\/\/www.multilingual.si\/sl\/prevajanje\/\"]}]},{\"@type\":\"BreadcrumbList\",\"@id\":\"https:\/\/www.multilingual.si\/sl\/prevajanje\/#breadcrumb\",\"itemListElement\":[{\"@type\":\"ListItem\",\"position\":1,\"name\":\"Domov\",\"item\":\"https:\/\/www.multilingual.si\/sl\/\"},{\"@type\":\"ListItem\",\"position\":2,\"name\":\"Prevajanje\"}]},{\"@type\":\"WebSite\",\"@id\":\"https:\/\/www.multilingual.si\/sl\/#website\",\"url\":\"https:\/\/www.multilingual.si\/sl\/\",\"name\":\"Multilingual\",\"description\":\"\",\"potentialAction\":[{\"@type\":\"SearchAction\",\"target\":{\"@type\":\"EntryPoint\",\"urlTemplate\":\"https:\/\/www.multilingual.si\/sl\/?s={search_term_string}\"},\"query-input\":{\"@type\":\"PropertyValueSpecification\",\"valueRequired\":true,\"valueName\":\"search_term_string\"}}],\"inLanguage\":\"sl-SI\"}]}<\/script>\n<!-- \/ Yoast SEO plugin. -->","yoast_head_json":{"title":"Prevajanje - Multilingual","robots":{"index":"index","follow":"follow","max-snippet":"max-snippet:-1","max-image-preview":"max-image-preview:large","max-video-preview":"max-video-preview:-1"},"canonical":"https:\/\/www.multilingual.si\/sl\/prevajanje\/","og_locale":"sl_SI","og_type":"article","og_title":"Prevajanje - Multilingual","og_description":"[vc_row][vc_column][\/vc_column][\/vc_row][vc_row][vc_column width=&#8221;1\/12&#8243;][\/vc_column][vc_column width=&#8221;10\/12&#8243;][vc_column_text] Prevajanje z Multilingual: odlo\u010ditev za strokovni prevod Multilingual ni samo prevajalska agencija \u2013 je ve\u010d od tega. Je va\u0161 prevajalski partner, na katerega se lahko zanesete. Prevajanje pri nas ni le pasivna pretvorba besed iz enega jezika v drugega. Ponujamo vam namre\u010d: Prevajanje po najvi\u0161jih kakovostnih standardnih. Prevode po razumnih cenah. Strokovnost prevodov zagotavlja mre\u017ea ve\u010d kot 500 prevajalcev doma in v tujini. Na\u0161i prevajalci so preizku\u0161eni strokovnjaki. Prevodi va\u0161ih besedil so plod natan\u010dnega preu\u010devanja izvirnika, prevod pa je narejen v skladu s stroko in poznavanjem podro\u010dja, ki ga prevajalci prevajajo. Na\u0161i prevajalci vam zagotavljajo kreativnost in slovni\u010dno ustreznost. Prevajalci med delom po potrebi sodelujejo z naro\u010dnikom, saj tako la\u017ee zagotovijo kakovosten prevod. Vsebina prevedenih besedil ostane [&hellip;]","og_url":"https:\/\/www.multilingual.si\/sl\/prevajanje\/","og_site_name":"Multilingual","article_modified_time":"2025-02-26T10:20:37+00:00","twitter_card":"summary_large_image","twitter_misc":{"Est. reading time":"5 minut"},"schema":{"@context":"https:\/\/schema.org","@graph":[{"@type":"WebPage","@id":"https:\/\/www.multilingual.si\/sl\/prevajanje\/","url":"https:\/\/www.multilingual.si\/sl\/prevajanje\/","name":"Prevajanje - Multilingual","isPartOf":{"@id":"https:\/\/www.multilingual.si\/sl\/#website"},"datePublished":"2025-02-13T08:57:33+00:00","dateModified":"2025-02-26T10:20:37+00:00","breadcrumb":{"@id":"https:\/\/www.multilingual.si\/sl\/prevajanje\/#breadcrumb"},"inLanguage":"sl-SI","potentialAction":[{"@type":"ReadAction","target":["https:\/\/www.multilingual.si\/sl\/prevajanje\/"]}]},{"@type":"BreadcrumbList","@id":"https:\/\/www.multilingual.si\/sl\/prevajanje\/#breadcrumb","itemListElement":[{"@type":"ListItem","position":1,"name":"Domov","item":"https:\/\/www.multilingual.si\/sl\/"},{"@type":"ListItem","position":2,"name":"Prevajanje"}]},{"@type":"WebSite","@id":"https:\/\/www.multilingual.si\/sl\/#website","url":"https:\/\/www.multilingual.si\/sl\/","name":"Multilingual","description":"","potentialAction":[{"@type":"SearchAction","target":{"@type":"EntryPoint","urlTemplate":"https:\/\/www.multilingual.si\/sl\/?s={search_term_string}"},"query-input":{"@type":"PropertyValueSpecification","valueRequired":true,"valueName":"search_term_string"}}],"inLanguage":"sl-SI"}]}},"_links":{"self":[{"href":"https:\/\/www.multilingual.si\/sl\/wp-json\/wp\/v2\/pages\/1847","targetHints":{"allow":["GET"]}}],"collection":[{"href":"https:\/\/www.multilingual.si\/sl\/wp-json\/wp\/v2\/pages"}],"about":[{"href":"https:\/\/www.multilingual.si\/sl\/wp-json\/wp\/v2\/types\/page"}],"author":[{"embeddable":true,"href":"https:\/\/www.multilingual.si\/sl\/wp-json\/wp\/v2\/users\/1"}],"replies":[{"embeddable":true,"href":"https:\/\/www.multilingual.si\/sl\/wp-json\/wp\/v2\/comments?post=1847"}],"version-history":[{"count":10,"href":"https:\/\/www.multilingual.si\/sl\/wp-json\/wp\/v2\/pages\/1847\/revisions"}],"predecessor-version":[{"id":2901,"href":"https:\/\/www.multilingual.si\/sl\/wp-json\/wp\/v2\/pages\/1847\/revisions\/2901"}],"wp:attachment":[{"href":"https:\/\/www.multilingual.si\/sl\/wp-json\/wp\/v2\/media?parent=1847"}],"curies":[{"name":"wp","href":"https:\/\/api.w.org\/{rel}","templated":true}]}}