{"id":1877,"date":"2025-02-14T08:22:43","date_gmt":"2025-02-14T07:22:43","guid":{"rendered":"https:\/\/pisarna.novisplet.com\/dev4\/multilingual\/?page_id=1877"},"modified":"2025-02-21T13:28:37","modified_gmt":"2025-02-21T12:28:37","slug":"jezikovni-tecaji-z-maternimi-govorci","status":"publish","type":"page","link":"https:\/\/www.multilingual.si\/sl\/jezikovni-tecaji-z-maternimi-govorci\/","title":{"rendered":"Jezikovni te\u010daji"},"content":{"rendered":"<div class=\"wpb-content-wrapper\"><p>[vc_row][vc_column]        \r\n        <div class=\"title-banner no-intro-image  \">\r\n        <div class=\"container\">\r\n          <?php\/\/ if(isset($image)) :?>\r\n          <div class=\"title-banner-image-container\"\r\n                                >\r\n            <div class=\"breadcrumbs-container\">\r\n            <div class=\"container\">\r\n              <div class=\"breadcrumbs\">\r\n                <p id=\"breadcrumbs\"><span><span><a href=\"https:\/\/www.multilingual.si\/sl\/\">Domov<\/a><\/span><\/span><\/p>                <div class=\"clearfix\"><\/div>\r\n              <\/div>\r\n            <\/div>\r\n          <\/div>\r\n          <div class=\"container\">\r\n                                              <h1>Jezikovni te\u010daji<\/h1>\r\n                                          <div class=\"svg-icon\"><\/div>          <\/div>\r\n          <\/div>\r\n          <?php\/\/ endif; ?>\r\n\r\n        <\/div>\r\n        <\/div>\r\n        [\/vc_column][\/vc_row][vc_row][vc_column width=&#8221;1\/12&#8243;][\/vc_column][vc_column width=&#8221;10\/12&#8243;][vc_column_text]Znanje tujih jezikov je v sodobnem \u010dasu ena najbolj\u0161ih nalo\u017eb tako v zasebnem \u017eivljenju kot v poslovnem svetu. Poti do pridobivanja znanja so razli\u010dne, vendar so ena izmed preverjeno najbolj u\u010dinkovitih in najhitrej\u0161ih mo\u017enosti kakovostni jezikovni te\u010daji, za katere je najbolj\u0161e, da jih vodijo <strong>materni govorci jezika<\/strong>.\u00a0Ti vas namre\u010d nau\u010dijo govoriti \u010dim bolj naravno ter poskrbijo, da res za\u010dutite jezik in se nau\u010dite ustrezne izgovorjave.<\/p>\n<h2><strong>Jezikovni te\u010daji po meri<\/strong><\/h2>\n<p>Zavedamo se, da ima vsak posameznik razli\u010dne potrebe, stopnjo znanja in pri\u010dakovanja, zato so na\u0161i jezikovni te\u010daji zasnovani tako, da so primerni za skupine ali individualno u\u010denje, za odrasle ali otroke ter za razli\u010dne stopnje predhodnega znanja.\u00a0Gradiva vedno pripravimo tako, da lahko sledite, vendar hkrati tudi<strong> izredno hitro izpopolnjujete in nadgrajujete svoje znanje<\/strong>.<\/p>\n<p>Izbirate lahko med razli\u010dnimi vrstami in tipi te\u010dajev po meri:<\/p>\n<ul>\n<li>individualni jezikovni te\u010daji,<\/li>\n<li>jezikovni te\u010daji za pare,<\/li>\n<li>hitri intenzivni jezikovni te\u010daji,<\/li>\n<li>te\u010daji s poudarkom na konverzaciji,<\/li>\n<li>jezikovni te\u010daji za podjetja,<\/li>\n<li>in\u0161trukcije jezika za u\u010dence, dijake ali \u0161tudente.<\/li>\n<\/ul>\n<p>Jezikovni te\u010daji Multilingual vam na enem mestu zagotovijo tako u\u010denje jezika kot prilo\u017enost za urjenje konverzacije z maternimi govorci jezika, kar se je izkazalo za <strong>eno najbolj\u0161ih formul uspeha<\/strong>. Vsi na\u0161i predavatelji in in\u0161truktorji imajo vrsto let izku\u0161enj, poleg tega pa glede na tematiko in zahtevnostno stopnjo uporabljajo <strong>inovativne tehnike pou\u010devanja<\/strong> ter metode, ki pripomorejo k hitrej\u0161emu pomnjenju.<\/p>\n<h2><strong>Jezikovni te\u010daji v terminu in na lokaciji po meri<\/strong><\/h2>\n<p>Za podjetja pripravimo te\u010daje, osredoto\u010dene na to\u010dno dolo\u010deno tematiko, poleg tega pa jih lahko po dogovoru <strong>izvedemo tudi v va\u0161ih prostorih<\/strong> ter vam na ta na\u010din prihranimo dragoceni \u010das in olaj\u0161amo organizacijo. Tudi za individualne te\u010daje in u\u010denje tujega jezika v paru so vam <strong>na voljo termini po dogovoru<\/strong>, tako da vam je celotna izvedba te\u010daja zares pisana na ko\u017eo.<\/p>\n<p>Izbirate lahko med vsemi ve\u010djimi svetovnimi jeziki:<\/p>\n<ul>\n<li>jezikovni te\u010daji angle\u0161\u010dine<\/li>\n<li>jezikovni te\u010daji nem\u0161\u010dine<\/li>\n<li>jezikovni te\u010daji ru\u0161\u010dine<\/li>\n<li>jezikovni te\u010daji franco\u0161\u010dine<\/li>\n<li>jezikovni te\u010daji italijan\u0161\u010dine<\/li>\n<li>jezikovni te\u010daji \u0161pan\u0161\u010dine<\/li>\n<\/ul>\n<p>Po dogovoru lahko za vas pripravimo tudi individualni te\u010daj u\u010denja katerega manj raz\u0161irjenega jezika.<\/p>\n<h2><strong>Hitro, enostavno in ugodno do znanja tujega jezika<\/strong><\/h2>\n<p>Te\u010daji Multilingual imajo poleg kakovosti in vrhunskih predavateljev \u0161e enega aduta \u2013 na voljo so vam po izjemno dostopnih in konkuren\u010dnih cenah. Po\u0161ljite povpra\u0161evanje na <strong><a href=\"&#x6d;&#x61;&#x69;&#x6c;&#116;&#111;:mu&#x6c;&#x74;&#x69;&#x6c;&#x69;&#110;&#103;ual&#x40;&#x6d;&#x75;&#x6c;&#x74;&#105;&#108;ing&#x75;&#x61;&#x6c;&#x2e;&#x73;&#105;\">&#x6d;ul&#x74;&#105;l&#x69;&#110;g&#x75;&#97;l&#x40;&#109;u&#x6c;&#x74;i&#x6c;&#x69;n&#x67;&#x75;a&#x6c;&#x2e;si<\/a> ali nas pokli\u010dite na 040 817 820<\/strong> ter opi\u0161ite va\u0161e \u017eelje in najkraj\u0161em mo\u017enem \u010dasu vam bomo pripravili ponudbo po meri. Va\u0161 klic se spla\u010da, saj vam <strong>ob prvi udele\u017ebi zagotovimo \u0161e dodatne popuste!<\/strong>[\/vc_column_text][\/vc_column][vc_column width=&#8221;1\/12&#8243;][\/vc_column][\/vc_row]<\/p>\n<\/div>","protected":false},"excerpt":{"rendered":"<p>[vc_row][vc_column][\/vc_column][\/vc_row][vc_row][vc_column width=&#8221;1\/12&#8243;][\/vc_column][vc_column width=&#8221;10\/12&#8243;][vc_column_text]Znanje tujih jezikov je v sodobnem \u010dasu ena najbolj\u0161ih nalo\u017eb tako v zasebnem \u017eivljenju kot v poslovnem svetu. Poti do pridobivanja znanja so razli\u010dne, vendar so ena izmed preverjeno najbolj u\u010dinkovitih in najhitrej\u0161ih mo\u017enosti kakovostni jezikovni te\u010daji, za katere je najbolj\u0161e, da jih vodijo materni govorci jezika.\u00a0Ti vas namre\u010d nau\u010dijo govoriti \u010dim bolj naravno ter poskrbijo, da res za\u010dutite jezik in se nau\u010dite ustrezne izgovorjave. Jezikovni te\u010daji po meri Zavedamo se, da ima vsak posameznik razli\u010dne potrebe, stopnjo znanja in pri\u010dakovanja, zato so na\u0161i jezikovni te\u010daji zasnovani tako, da so primerni za skupine ali individualno u\u010denje, za odrasle ali otroke ter za razli\u010dne stopnje predhodnega znanja.\u00a0Gradiva vedno pripravimo tako, da lahko sledite, vendar hkrati tudi izredno hitro izpopolnjujete [&hellip;]<\/p>\n","protected":false},"author":1,"featured_media":0,"parent":0,"menu_order":7,"comment_status":"closed","ping_status":"closed","template":"","meta":{"_acf_changed":false,"footnotes":""},"class_list":["post-1877","page","type-page","status-publish","hentry"],"acf":[],"yoast_head":"<!-- This site is optimized with the Yoast SEO plugin v24.4 - https:\/\/yoast.com\/wordpress\/plugins\/seo\/ -->\n<title>Jezikovni te\u010daji - Multilingual<\/title>\n<meta name=\"robots\" content=\"index, follow, max-snippet:-1, max-image-preview:large, max-video-preview:-1\" \/>\n<link rel=\"canonical\" href=\"https:\/\/www.multilingual.si\/sl\/jezikovni-tecaji-z-maternimi-govorci\/\" \/>\n<meta property=\"og:locale\" content=\"sl_SI\" \/>\n<meta property=\"og:type\" content=\"article\" \/>\n<meta property=\"og:title\" content=\"Jezikovni te\u010daji - Multilingual\" \/>\n<meta property=\"og:description\" content=\"[vc_row][vc_column][\/vc_column][\/vc_row][vc_row][vc_column width=&#8221;1\/12&#8243;][\/vc_column][vc_column width=&#8221;10\/12&#8243;][vc_column_text]Znanje tujih jezikov je v sodobnem \u010dasu ena najbolj\u0161ih nalo\u017eb tako v zasebnem \u017eivljenju kot v poslovnem svetu. Poti do pridobivanja znanja so razli\u010dne, vendar so ena izmed preverjeno najbolj u\u010dinkovitih in najhitrej\u0161ih mo\u017enosti kakovostni jezikovni te\u010daji, za katere je najbolj\u0161e, da jih vodijo materni govorci jezika.\u00a0Ti vas namre\u010d nau\u010dijo govoriti \u010dim bolj naravno ter poskrbijo, da res za\u010dutite jezik in se nau\u010dite ustrezne izgovorjave. Jezikovni te\u010daji po meri Zavedamo se, da ima vsak posameznik razli\u010dne potrebe, stopnjo znanja in pri\u010dakovanja, zato so na\u0161i jezikovni te\u010daji zasnovani tako, da so primerni za skupine ali individualno u\u010denje, za odrasle ali otroke ter za razli\u010dne stopnje predhodnega znanja.\u00a0Gradiva vedno pripravimo tako, da lahko sledite, vendar hkrati tudi izredno hitro izpopolnjujete [&hellip;]\" \/>\n<meta property=\"og:url\" content=\"https:\/\/www.multilingual.si\/sl\/jezikovni-tecaji-z-maternimi-govorci\/\" \/>\n<meta property=\"og:site_name\" content=\"Multilingual\" \/>\n<meta property=\"article:modified_time\" content=\"2025-02-21T12:28:37+00:00\" \/>\n<meta name=\"twitter:card\" content=\"summary_large_image\" \/>\n<meta name=\"twitter:label1\" content=\"Est. reading time\" \/>\n\t<meta name=\"twitter:data1\" content=\"3 minute\" \/>\n<script type=\"application\/ld+json\" class=\"yoast-schema-graph\">{\"@context\":\"https:\/\/schema.org\",\"@graph\":[{\"@type\":\"WebPage\",\"@id\":\"https:\/\/www.multilingual.si\/sl\/jezikovni-tecaji-z-maternimi-govorci\/\",\"url\":\"https:\/\/www.multilingual.si\/sl\/jezikovni-tecaji-z-maternimi-govorci\/\",\"name\":\"Jezikovni te\u010daji - Multilingual\",\"isPartOf\":{\"@id\":\"https:\/\/www.multilingual.si\/sl\/#website\"},\"datePublished\":\"2025-02-14T07:22:43+00:00\",\"dateModified\":\"2025-02-21T12:28:37+00:00\",\"breadcrumb\":{\"@id\":\"https:\/\/www.multilingual.si\/sl\/jezikovni-tecaji-z-maternimi-govorci\/#breadcrumb\"},\"inLanguage\":\"sl-SI\",\"potentialAction\":[{\"@type\":\"ReadAction\",\"target\":[\"https:\/\/www.multilingual.si\/sl\/jezikovni-tecaji-z-maternimi-govorci\/\"]}]},{\"@type\":\"BreadcrumbList\",\"@id\":\"https:\/\/www.multilingual.si\/sl\/jezikovni-tecaji-z-maternimi-govorci\/#breadcrumb\",\"itemListElement\":[{\"@type\":\"ListItem\",\"position\":1,\"name\":\"Domov\",\"item\":\"https:\/\/www.multilingual.si\/sl\/\"},{\"@type\":\"ListItem\",\"position\":2,\"name\":\"Jezikovni te\u010daji\"}]},{\"@type\":\"WebSite\",\"@id\":\"https:\/\/www.multilingual.si\/sl\/#website\",\"url\":\"https:\/\/www.multilingual.si\/sl\/\",\"name\":\"Multilingual\",\"description\":\"\",\"potentialAction\":[{\"@type\":\"SearchAction\",\"target\":{\"@type\":\"EntryPoint\",\"urlTemplate\":\"https:\/\/www.multilingual.si\/sl\/?s={search_term_string}\"},\"query-input\":{\"@type\":\"PropertyValueSpecification\",\"valueRequired\":true,\"valueName\":\"search_term_string\"}}],\"inLanguage\":\"sl-SI\"}]}<\/script>\n<!-- \/ Yoast SEO plugin. -->","yoast_head_json":{"title":"Jezikovni te\u010daji - Multilingual","robots":{"index":"index","follow":"follow","max-snippet":"max-snippet:-1","max-image-preview":"max-image-preview:large","max-video-preview":"max-video-preview:-1"},"canonical":"https:\/\/www.multilingual.si\/sl\/jezikovni-tecaji-z-maternimi-govorci\/","og_locale":"sl_SI","og_type":"article","og_title":"Jezikovni te\u010daji - Multilingual","og_description":"[vc_row][vc_column][\/vc_column][\/vc_row][vc_row][vc_column width=&#8221;1\/12&#8243;][\/vc_column][vc_column width=&#8221;10\/12&#8243;][vc_column_text]Znanje tujih jezikov je v sodobnem \u010dasu ena najbolj\u0161ih nalo\u017eb tako v zasebnem \u017eivljenju kot v poslovnem svetu. Poti do pridobivanja znanja so razli\u010dne, vendar so ena izmed preverjeno najbolj u\u010dinkovitih in najhitrej\u0161ih mo\u017enosti kakovostni jezikovni te\u010daji, za katere je najbolj\u0161e, da jih vodijo materni govorci jezika.\u00a0Ti vas namre\u010d nau\u010dijo govoriti \u010dim bolj naravno ter poskrbijo, da res za\u010dutite jezik in se nau\u010dite ustrezne izgovorjave. Jezikovni te\u010daji po meri Zavedamo se, da ima vsak posameznik razli\u010dne potrebe, stopnjo znanja in pri\u010dakovanja, zato so na\u0161i jezikovni te\u010daji zasnovani tako, da so primerni za skupine ali individualno u\u010denje, za odrasle ali otroke ter za razli\u010dne stopnje predhodnega znanja.\u00a0Gradiva vedno pripravimo tako, da lahko sledite, vendar hkrati tudi izredno hitro izpopolnjujete [&hellip;]","og_url":"https:\/\/www.multilingual.si\/sl\/jezikovni-tecaji-z-maternimi-govorci\/","og_site_name":"Multilingual","article_modified_time":"2025-02-21T12:28:37+00:00","twitter_card":"summary_large_image","twitter_misc":{"Est. reading time":"3 minute"},"schema":{"@context":"https:\/\/schema.org","@graph":[{"@type":"WebPage","@id":"https:\/\/www.multilingual.si\/sl\/jezikovni-tecaji-z-maternimi-govorci\/","url":"https:\/\/www.multilingual.si\/sl\/jezikovni-tecaji-z-maternimi-govorci\/","name":"Jezikovni te\u010daji - Multilingual","isPartOf":{"@id":"https:\/\/www.multilingual.si\/sl\/#website"},"datePublished":"2025-02-14T07:22:43+00:00","dateModified":"2025-02-21T12:28:37+00:00","breadcrumb":{"@id":"https:\/\/www.multilingual.si\/sl\/jezikovni-tecaji-z-maternimi-govorci\/#breadcrumb"},"inLanguage":"sl-SI","potentialAction":[{"@type":"ReadAction","target":["https:\/\/www.multilingual.si\/sl\/jezikovni-tecaji-z-maternimi-govorci\/"]}]},{"@type":"BreadcrumbList","@id":"https:\/\/www.multilingual.si\/sl\/jezikovni-tecaji-z-maternimi-govorci\/#breadcrumb","itemListElement":[{"@type":"ListItem","position":1,"name":"Domov","item":"https:\/\/www.multilingual.si\/sl\/"},{"@type":"ListItem","position":2,"name":"Jezikovni te\u010daji"}]},{"@type":"WebSite","@id":"https:\/\/www.multilingual.si\/sl\/#website","url":"https:\/\/www.multilingual.si\/sl\/","name":"Multilingual","description":"","potentialAction":[{"@type":"SearchAction","target":{"@type":"EntryPoint","urlTemplate":"https:\/\/www.multilingual.si\/sl\/?s={search_term_string}"},"query-input":{"@type":"PropertyValueSpecification","valueRequired":true,"valueName":"search_term_string"}}],"inLanguage":"sl-SI"}]}},"_links":{"self":[{"href":"https:\/\/www.multilingual.si\/sl\/wp-json\/wp\/v2\/pages\/1877","targetHints":{"allow":["GET"]}}],"collection":[{"href":"https:\/\/www.multilingual.si\/sl\/wp-json\/wp\/v2\/pages"}],"about":[{"href":"https:\/\/www.multilingual.si\/sl\/wp-json\/wp\/v2\/types\/page"}],"author":[{"embeddable":true,"href":"https:\/\/www.multilingual.si\/sl\/wp-json\/wp\/v2\/users\/1"}],"replies":[{"embeddable":true,"href":"https:\/\/www.multilingual.si\/sl\/wp-json\/wp\/v2\/comments?post=1877"}],"version-history":[{"count":4,"href":"https:\/\/www.multilingual.si\/sl\/wp-json\/wp\/v2\/pages\/1877\/revisions"}],"predecessor-version":[{"id":2608,"href":"https:\/\/www.multilingual.si\/sl\/wp-json\/wp\/v2\/pages\/1877\/revisions\/2608"}],"wp:attachment":[{"href":"https:\/\/www.multilingual.si\/sl\/wp-json\/wp\/v2\/media?parent=1877"}],"curies":[{"name":"wp","href":"https:\/\/api.w.org\/{rel}","templated":true}]}}