{"id":1879,"date":"2025-02-14T08:23:06","date_gmt":"2025-02-14T07:23:06","guid":{"rendered":"https:\/\/pisarna.novisplet.com\/dev4\/multilingual\/?page_id=1879"},"modified":"2025-11-11T08:11:28","modified_gmt":"2025-11-11T07:11:28","slug":"clanki-nasveti","status":"publish","type":"page","link":"https:\/\/www.multilingual.si\/sl\/clanki-nasveti\/","title":{"rendered":"\u010clanki in nasveti"},"content":{"rendered":"<div class=\"wpb-content-wrapper\"><p>[vc_row][vc_column]        \r\n        <div class=\"title-banner no-intro-image  \">\r\n        <div class=\"container\">\r\n          <?php\/\/ if(isset($image)) :?>\r\n          <div class=\"title-banner-image-container\"\r\n                                >\r\n            <div class=\"breadcrumbs-container\">\r\n            <div class=\"container\">\r\n              <div class=\"breadcrumbs\">\r\n                <p id=\"breadcrumbs\"><span><span><a href=\"https:\/\/www.multilingual.si\/sl\/\">Domov<\/a><\/span><\/span><\/p>                <div class=\"clearfix\"><\/div>\r\n              <\/div>\r\n            <\/div>\r\n          <\/div>\r\n          <div class=\"container\">\r\n                                              <h1>\u010clanki in nasveti<\/h1>\r\n                                          <div class=\"svg-icon\"><\/div>          <\/div>\r\n          <\/div>\r\n          <?php\/\/ endif; ?>\r\n\r\n        <\/div>\r\n        <\/div>\r\n        [\/vc_column][\/vc_row][vc_row el_class=&#8221;nasveti-page-loop-row&#8221;][vc_column offset=&#8221;vc_col-md-3&#8243;]<div class=\"novice-sidemenu-wrapper\"><button class=\"novice-sidemenu-toggle\">Kategorije<\/button><ul class=\"novice-sidemenu\"><li class=\"current\"><a href=\"https:\/\/www.multilingual.si\/sl\/clanki-nasveti\/\">Vsi \u010dlanki<\/a><\/li><li><a href=\"https:\/\/www.multilingual.si\/sl\/kategorije\/lektoriranje\/\">Lektoriranje<\/a><\/li><li><a href=\"https:\/\/www.multilingual.si\/sl\/kategorije\/prevajanje\/\">Prevajanje<\/a><\/li><li><a href=\"https:\/\/www.multilingual.si\/sl\/kategorije\/prevodi\/\">Prevodi<\/a><\/li><li><a href=\"https:\/\/www.multilingual.si\/sl\/kategorije\/sodno-prevajanje\/\">Sodno prevajanje<\/a><\/li><li><a href=\"https:\/\/www.multilingual.si\/sl\/kategorije\/tolmacenje\/\">Tolma\u010denje<\/a><\/li><\/ul><\/div>[\/vc_column][vc_column offset=&#8221;vc_col-md-9&#8243;]<div class=\"loop-container nasvet-loop-container\"><div class=\"row\" id=\"1739948312064-f0d34a6b-46fb\"><div class=\"loop-item col-lg-4 col-md-6 col-sm-12 col-xs-12 \"  data-title=\"Verodostojen prevod italijan\u0161\u010dina sloven\u0161\u010dina z upo\u0161tevanjem pravopisa\"><div class=\"wpb-content-wrapper\"><div class=\"vc_row wpb_row vc_row-fluid\"><div class=\"wpb_column vc_column_container vc_col-sm-12\"><div class=\"vc_column-inner\"><div class=\"wpb_wrapper\">      \r\n      <h4 class=\"ns_post_title \">\r\n        <a href=\"https:\/\/www.multilingual.si\/sl\/verodostojen-prevod-italijanscina-slovenscina-z-upostevanjem-pravopisa\/\">Verodostojen prevod italijan\u0161\u010dina sloven\u0161\u010dina z upo\u0161tevanjem pravopisa<\/a>      <\/h4>\r\n      \r\n              \r\n        <div class=\"post-date\">10. marca 2026<\/div>\r\n        \r\n            \r\n        <p>Prevajanje iz italijan\u0161\u010dine v sloven\u0161\u010dino zahteva ve\u010d kot dobro poznavanje obeh jezikov.  ...<\/p>\r\n \r\n                          <a href=\"https:\/\/www.multilingual.si\/sl\/verodostojen-prevod-italijanscina-slovenscina-z-upostevanjem-pravopisa\/\" class=\"nasvet-readmore\">Preberite ve\u010d<\/a>\r\n                \r\n        \r\n        <\/div><\/div><\/div><\/div>\n<\/div><\/div><div class=\"loop-item col-lg-4 col-md-6 col-sm-12 col-xs-12 \"  data-title=\"Ko prevod iz nem\u0161\u010dine v sloven\u0161\u010dino ni le naloga, ampak odgovornost\"><div class=\"wpb-content-wrapper\"><div class=\"vc_row wpb_row vc_row-fluid\"><div class=\"wpb_column vc_column_container vc_col-sm-12\"><div class=\"vc_column-inner\"><div class=\"wpb_wrapper\">      \r\n      <h4 class=\"ns_post_title \">\r\n        <a href=\"https:\/\/www.multilingual.si\/sl\/ko-prevod-iz-nemscine-v-slovenscino-ni-le-naloga-ampak-odgovornost\/\">Ko prevod iz nem\u0161\u010dine v sloven\u0161\u010dino ni le naloga, ampak odgovornost<\/a>      <\/h4>\r\n      \r\n              \r\n        <div class=\"post-date\">3. marca 2026<\/div>\r\n        \r\n            \r\n        <p>Ko pripravljamo besedila za spletne strani, predstavitve, ponudbe ali pravne dokumente, pogosto  ...<\/p>\r\n \r\n                          <a href=\"https:\/\/www.multilingual.si\/sl\/ko-prevod-iz-nemscine-v-slovenscino-ni-le-naloga-ampak-odgovornost\/\" class=\"nasvet-readmore\">Preberite ve\u010d<\/a>\r\n                \r\n        \r\n        <\/div><\/div><\/div><\/div>\n<\/div><\/div><div class=\"loop-item col-lg-4 col-md-6 col-sm-12 col-xs-12 \"  data-title=\"Prevesti pomeni razumeti, ne le zamenjati jezika \u2013 prevod sloven\u0161\u010dina hrva\u0161\u010dina\"><div class=\"wpb-content-wrapper\"><div class=\"vc_row wpb_row vc_row-fluid\"><div class=\"wpb_column vc_column_container vc_col-sm-12\"><div class=\"vc_column-inner\"><div class=\"wpb_wrapper\">      \r\n      <h4 class=\"ns_post_title \">\r\n        <a href=\"https:\/\/www.multilingual.si\/sl\/prevesti-pomeni-razumeti-ne-le-zamenjati-jezika-prevod-slovenscina-hrvascina\/\">Prevesti pomeni razumeti, ne le zamenjati jezika \u2013 prevod sloven\u0161\u010dina hrva\u0161\u010dina<\/a>      <\/h4>\r\n      \r\n              \r\n        <div class=\"post-date\">24. februarja 2026<\/div>\r\n        \r\n            \r\n        <p>Prevod pogosto dojemamo kot tehni\u010dno nalogo, pri kateri besede enega jezika preprosto zamenjamo z  ...<\/p>\r\n \r\n                          <a href=\"https:\/\/www.multilingual.si\/sl\/prevesti-pomeni-razumeti-ne-le-zamenjati-jezika-prevod-slovenscina-hrvascina\/\" class=\"nasvet-readmore\">Preberite ve\u010d<\/a>\r\n                \r\n        \r\n        <\/div><\/div><\/div><\/div>\n<\/div><\/div><div class=\"loop-item col-lg-4 col-md-6 col-sm-12 col-xs-12 \"  data-title=\"Prevod iz sloven\u0161\u010dine v angle\u0161\u010dino \u2013 brezhibna predstavitev na mednarodni konferenci\"><div class=\"wpb-content-wrapper\"><div class=\"vc_row wpb_row vc_row-fluid\"><div class=\"wpb_column vc_column_container vc_col-sm-12\"><div class=\"vc_column-inner\"><div class=\"wpb_wrapper\">      \r\n      <h4 class=\"ns_post_title \">\r\n        <a href=\"https:\/\/www.multilingual.si\/sl\/prevod-iz-slovenscine-v-anglescino-brezhibna-predstavitev-na-mednarodni-konferenci\/\">Prevod iz sloven\u0161\u010dine v angle\u0161\u010dino \u2013 brezhibna predstavitev na mednarodni konferenci<\/a>      <\/h4>\r\n      \r\n              \r\n        <div class=\"post-date\">17. februarja 2026<\/div>\r\n        \r\n            \r\n        <p>Predstavljajte si, da na mednarodni konferenci predstavljate svoj izdelek ali storitev. Dvorana je  ...<\/p>\r\n \r\n                          <a href=\"https:\/\/www.multilingual.si\/sl\/prevod-iz-slovenscine-v-anglescino-brezhibna-predstavitev-na-mednarodni-konferenci\/\" class=\"nasvet-readmore\">Preberite ve\u010d<\/a>\r\n                \r\n        \r\n        <\/div><\/div><\/div><\/div>\n<\/div><\/div><div class=\"loop-item col-lg-4 col-md-6 col-sm-12 col-xs-12 \"  data-title=\"Strojni prevodi \u2013 razlike med lektoriranjem, revizijo, redigiranjem in urejanjem\"><div class=\"wpb-content-wrapper\"><div class=\"vc_row wpb_row vc_row-fluid\"><div class=\"wpb_column vc_column_container vc_col-sm-12\"><div class=\"vc_column-inner\"><div class=\"wpb_wrapper\">      \r\n      <h4 class=\"ns_post_title \">\r\n        <a href=\"https:\/\/www.multilingual.si\/sl\/strojni-prevodi-razlike-med-lektoriranjem-revizijo-redigiranjem-in-urejanjem\/\">Strojni prevodi \u2013 razlike med lektoriranjem, revizijo, redigiranjem in urejanjem<\/a>      <\/h4>\r\n      \r\n              \r\n        <div class=\"post-date\">10. februarja 2026<\/div>\r\n        \r\n            \r\n        <p>Strojni prevodi so avtomatizirani prevodi besedil s pomo\u010djo ra\u010dunalnika. Ra\u010dunalnik ali  ...<\/p>\r\n \r\n                          <a href=\"https:\/\/www.multilingual.si\/sl\/strojni-prevodi-razlike-med-lektoriranjem-revizijo-redigiranjem-in-urejanjem\/\" class=\"nasvet-readmore\">Preberite ve\u010d<\/a>\r\n                \r\n        \r\n        <\/div><\/div><\/div><\/div>\n<\/div><\/div><div class=\"loop-item col-lg-4 col-md-6 col-sm-12 col-xs-12 \"  data-title=\"Hitro UI prevajanje dokumentov, brez prevzemanja odgovornosti\"><div class=\"wpb-content-wrapper\"><div class=\"vc_row wpb_row vc_row-fluid\"><div class=\"wpb_column vc_column_container vc_col-sm-12\"><div class=\"vc_column-inner\"><div class=\"wpb_wrapper\">      \r\n      <h4 class=\"ns_post_title \">\r\n        <a href=\"https:\/\/www.multilingual.si\/sl\/hitro-ui-prevajanje-dokumentov-brez-prevzemanja-odgovornosti\/\">Hitro UI prevajanje dokumentov, brez prevzemanja odgovornosti<\/a>      <\/h4>\r\n      \r\n              \r\n        <div class=\"post-date\">10. februarja 2026<\/div>\r\n        \r\n            \r\n        <p>V zadnjih letih je UI postala nepogre\u0161ljivo orodje na \u0161tevilnih podro\u010djih, med drugim tudi pri  ...<\/p>\r\n \r\n                          <a href=\"https:\/\/www.multilingual.si\/sl\/hitro-ui-prevajanje-dokumentov-brez-prevzemanja-odgovornosti\/\" class=\"nasvet-readmore\">Preberite ve\u010d<\/a>\r\n                \r\n        \r\n        <\/div><\/div><\/div><\/div>\n<\/div><\/div><div class=\"loop-item col-lg-4 col-md-6 col-sm-12 col-xs-12 \"  data-title=\"Prevajanje ni obrt, pa\u010d pa odgovornost &#8211; kakovosten prevod sloven\u0161\u010dina hrva\u0161\u010dina\"><div class=\"wpb-content-wrapper\"><div class=\"vc_row wpb_row vc_row-fluid\"><div class=\"wpb_column vc_column_container vc_col-sm-12\"><div class=\"vc_column-inner\"><div class=\"wpb_wrapper\">      \r\n      <h4 class=\"ns_post_title \">\r\n        <a href=\"https:\/\/www.multilingual.si\/sl\/prevajanje-ni-obrt-pac-pa-odgovornost-kakovosten-prevod-slovenscina-hrvascina\/\">Prevajanje ni obrt, pa\u010d pa odgovornost - kakovosten prevod sloven\u0161\u010dina hrva\u0161\u010dina<\/a>      <\/h4>\r\n      \r\n              \r\n        <div class=\"post-date\">2. februarja 2026<\/div>\r\n        \r\n            \r\n        <p>Prevajanje pogosto zmotno razumemo kot obrt, ki zahteva predvsem tehni\u010dno znanje in dobro  ...<\/p>\r\n \r\n                          <a href=\"https:\/\/www.multilingual.si\/sl\/prevajanje-ni-obrt-pac-pa-odgovornost-kakovosten-prevod-slovenscina-hrvascina\/\" class=\"nasvet-readmore\">Preberite ve\u010d<\/a>\r\n                \r\n        \r\n        <\/div><\/div><\/div><\/div>\n<\/div><\/div><div class=\"loop-item col-lg-4 col-md-6 col-sm-12 col-xs-12 \"  data-title=\"Poletje, odsotnosti in mo\u010d dobre komunikacije \u2013 prevod iz sloven\u0161\u010dine v angle\u0161\u010dino\"><div class=\"wpb-content-wrapper\"><div class=\"vc_row wpb_row vc_row-fluid\"><div class=\"wpb_column vc_column_container vc_col-sm-12\"><div class=\"vc_column-inner\"><div class=\"wpb_wrapper\">      \r\n      <h4 class=\"ns_post_title \">\r\n        <a href=\"https:\/\/www.multilingual.si\/sl\/poletje-odsotnosti-in-moc-dobre-komunikacije-prevod-iz-slovenscine-v-anglescino\/\">Poletje, odsotnosti in mo\u010d dobre komunikacije \u2013 prevod iz sloven\u0161\u010dine v angle\u0161\u010dino<\/a>      <\/h4>\r\n      \r\n              \r\n        <div class=\"post-date\">2. februarja 2026<\/div>\r\n        \r\n            \r\n        <p>Poletje je \u010das dopustov, odklopa, po\u010dasnej\u0161ega ritma in \u0161tevilnih odsotnosti iz pisarn.  ...<\/p>\r\n \r\n                          <a href=\"https:\/\/www.multilingual.si\/sl\/poletje-odsotnosti-in-moc-dobre-komunikacije-prevod-iz-slovenscine-v-anglescino\/\" class=\"nasvet-readmore\">Preberite ve\u010d<\/a>\r\n                \r\n        \r\n        <\/div><\/div><\/div><\/div>\n<\/div><\/div><div class=\"loop-item col-lg-4 col-md-6 col-sm-12 col-xs-12 \"  data-title=\"Prevajanje dokumentov s podro\u010dja tr\u017eenja \u2013 prevajanje \u010dustev, ne samo besed\"><div class=\"wpb-content-wrapper\"><div class=\"vc_row wpb_row vc_row-fluid\"><div class=\"wpb_column vc_column_container vc_col-sm-12\"><div class=\"vc_column-inner\"><div class=\"wpb_wrapper\">      \r\n      <h4 class=\"ns_post_title \">\r\n        <a href=\"https:\/\/www.multilingual.si\/sl\/prevajanje-dokumentov-s-podrocja-trzenja-prevajanje-custev-ne-samo-besed\/\">Prevajanje dokumentov s podro\u010dja tr\u017eenja \u2013 prevajanje \u010dustev, ne samo besed<\/a>      <\/h4>\r\n      \r\n              \r\n        <div class=\"post-date\">2. februarja 2026<\/div>\r\n        \r\n            \r\n        <p>Prevajanje dokumentov s podro\u010dja tr\u017eenja je ena najzahtevnej\u0161ih oblik prevajanja, saj ne gre  ...<\/p>\r\n \r\n                          <a href=\"https:\/\/www.multilingual.si\/sl\/prevajanje-dokumentov-s-podrocja-trzenja-prevajanje-custev-ne-samo-besed\/\" class=\"nasvet-readmore\">Preberite ve\u010d<\/a>\r\n                \r\n        \r\n        <\/div><\/div><\/div><\/div>\n<\/div><\/div><div class=\"loop-item col-lg-4 col-md-6 col-sm-12 col-xs-12 \"  data-title=\"Strojni prevodi in njihove pasti\"><div class=\"wpb-content-wrapper\"><div class=\"vc_row wpb_row vc_row-fluid\"><div class=\"wpb_column vc_column_container vc_col-sm-12\"><div class=\"vc_column-inner\"><div class=\"wpb_wrapper\">      \r\n      <h4 class=\"ns_post_title \">\r\n        <a href=\"https:\/\/www.multilingual.si\/sl\/strojni-prevodi-in-njihove-pasti\/\">Strojni prevodi in njihove pasti<\/a>      <\/h4>\r\n      \r\n              \r\n        <div class=\"post-date\">2. februarja 2026<\/div>\r\n        \r\n            \r\n        <p>Strojni prevodi so v zadnjih letih postali mo\u010dno priljubljeni, saj se ljudem zdijo vse bolj  ...<\/p>\r\n \r\n                          <a href=\"https:\/\/www.multilingual.si\/sl\/strojni-prevodi-in-njihove-pasti\/\" class=\"nasvet-readmore\">Preberite ve\u010d<\/a>\r\n                \r\n        \r\n        <\/div><\/div><\/div><\/div>\n<\/div><\/div><div class=\"loop-item col-lg-4 col-md-6 col-sm-12 col-xs-12 \"  data-title=\"Sodni tolma\u010d \u2013 nepogre\u0161ljiva oseba pri uradnih dejanjih in postopkih\"><div class=\"wpb-content-wrapper\"><div class=\"vc_row wpb_row vc_row-fluid\"><div class=\"wpb_column vc_column_container vc_col-sm-12\"><div class=\"vc_column-inner\"><div class=\"wpb_wrapper\">      \r\n      <h4 class=\"ns_post_title \">\r\n        <a href=\"https:\/\/www.multilingual.si\/sl\/sodni-tolmac-nepogresljiva-oseba-pri-uradnih-dejanjih-in-postopkih\/\">Sodni tolma\u010d \u2013 nepogre\u0161ljiva oseba pri uradnih dejanjih in postopkih<\/a>      <\/h4>\r\n      \r\n              \r\n        <div class=\"post-date\">2. februarja 2026<\/div>\r\n        \r\n            \r\n        <p>Sodni tolma\u010d je obi\u010dajno jezikovni posrednik, predvsem na sodi\u0161\u010du, in prevaja informacije ter  ...<\/p>\r\n \r\n                          <a href=\"https:\/\/www.multilingual.si\/sl\/sodni-tolmac-nepogresljiva-oseba-pri-uradnih-dejanjih-in-postopkih\/\" class=\"nasvet-readmore\">Preberite ve\u010d<\/a>\r\n                \r\n        \r\n        <\/div><\/div><\/div><\/div>\n<\/div><\/div><div class=\"loop-item col-lg-4 col-md-6 col-sm-12 col-xs-12 \"  data-title=\"Zakaj so sodni prevodi pomembni?\"><div class=\"wpb-content-wrapper\"><div class=\"vc_row wpb_row vc_row-fluid\"><div class=\"wpb_column vc_column_container vc_col-sm-12\"><div class=\"vc_column-inner\"><div class=\"wpb_wrapper\">      \r\n      <h4 class=\"ns_post_title \">\r\n        <a href=\"https:\/\/www.multilingual.si\/sl\/zakaj-so-sodni-prevodi-pomembni\/\">Zakaj so sodni prevodi pomembni?<\/a>      <\/h4>\r\n      \r\n              \r\n        <div class=\"post-date\">21. novembra 2025<\/div>\r\n        \r\n            \r\n        <p>Sodni prevodi so posebna vrsta prevodov, ki se uporabljajo za pravne, upravne in druge listine. So  ...<\/p>\r\n \r\n                          <a href=\"https:\/\/www.multilingual.si\/sl\/zakaj-so-sodni-prevodi-pomembni\/\" class=\"nasvet-readmore\">Preberite ve\u010d<\/a>\r\n                \r\n        \r\n        <\/div><\/div><\/div><\/div>\n<\/div><\/div><\/div><ul class='page-numbers'>\n\t<li><span aria-current=\"page\" class=\"page-numbers current\">1<\/span><\/li>\n\t<li><a class=\"page-numbers\" href=\"https:\/\/www.multilingual.si\/sl\/wp-json\/wp\/v2\/pages\/1879\/page\/2\/\">2<\/a><\/li>\n\t<li><span class=\"page-numbers dots\">&hellip;<\/span><\/li>\n\t<li><a class=\"page-numbers\" href=\"https:\/\/www.multilingual.si\/sl\/wp-json\/wp\/v2\/pages\/1879\/page\/23\/\">23<\/a><\/li>\n\t<li><a class=\"next page-numbers\" href=\"https:\/\/www.multilingual.si\/sl\/wp-json\/wp\/v2\/pages\/1879\/page\/2\/\"><i class=\"fa fa-angle-right\"><\/i><\/a><\/li>\n<\/ul>\n<\/div>[\/vc_column][\/vc_row]<\/p>\n<\/div>","protected":false},"excerpt":{"rendered":"Sodni prevodi so posebna vrsta prevodov, ki se uporabljajo za pravne, upravne in druge listine. So uradni dokumenti, ki morajo biti natan\u010dni in verodostojni, saj se uporabljajo kot dokazi v upravnih in pravnih postopkih. Sodni prevodi so izjemno pomembni iz ve\u010d razlogov. Spodaj so na\u0161teti trije najpomembnej\u0161i: Pravna veljavnost Sodni prevodi imajo pravno veljavnost in se lahko uporabljajo kot dokazi na sodi\u0161\u010dih ali v drugih uradnih postopkih. Mednarodno priznavanje Sodni prevodi so v dana\u0161njem svetu pogosto potrebni za mednarodno priznanje uradnih dokumentov in listin, kot so diplome, spri\u010devala, poro\u010dni listi, rojstni listi, itd. Brez uradnega prevoda tovrstnih listin jih druge dr\u017eave morda ne bodo priznale. Pravna varnost Sodni prevodi zagotavljajo pravno varnost za posameznike in podjetja, ki so vklju\u010deni v [...]","protected":false},"author":1,"featured_media":0,"parent":0,"menu_order":6,"comment_status":"closed","ping_status":"closed","template":"","meta":{"_acf_changed":false,"footnotes":""},"class_list":["post-1879","page","type-page","status-publish","hentry"],"acf":[],"yoast_head":"<!-- This site is optimized with the Yoast SEO plugin v24.4 - https:\/\/yoast.com\/wordpress\/plugins\/seo\/ -->\n<title>\u010clanki in nasveti - Multilingual<\/title>\n<meta name=\"robots\" content=\"index, follow, max-snippet:-1, max-image-preview:large, max-video-preview:-1\" \/>\n<link rel=\"canonical\" href=\"https:\/\/www.multilingual.si\/sl\/clanki-nasveti\/\" \/>\n<meta property=\"og:locale\" content=\"sl_SI\" \/>\n<meta property=\"og:type\" content=\"article\" \/>\n<meta property=\"og:title\" content=\"\u010clanki in nasveti - Multilingual\" \/>\n<meta property=\"og:url\" content=\"https:\/\/www.multilingual.si\/sl\/clanki-nasveti\/\" \/>\n<meta property=\"og:site_name\" content=\"Multilingual\" \/>\n<meta property=\"article:modified_time\" content=\"2025-11-11T07:11:28+00:00\" \/>\n<meta name=\"twitter:card\" content=\"summary_large_image\" \/>\n<meta name=\"twitter:label1\" content=\"Est. reading time\" \/>\n\t<meta name=\"twitter:data1\" content=\"1 minuta\" \/>\n<script type=\"application\/ld+json\" class=\"yoast-schema-graph\">{\"@context\":\"https:\/\/schema.org\",\"@graph\":[{\"@type\":\"WebPage\",\"@id\":\"https:\/\/www.multilingual.si\/sl\/clanki-nasveti\/\",\"url\":\"https:\/\/www.multilingual.si\/sl\/clanki-nasveti\/\",\"name\":\"\u010clanki in nasveti - Multilingual\",\"isPartOf\":{\"@id\":\"https:\/\/www.multilingual.si\/sl\/#website\"},\"datePublished\":\"2025-02-14T07:23:06+00:00\",\"dateModified\":\"2025-11-11T07:11:28+00:00\",\"breadcrumb\":{\"@id\":\"https:\/\/www.multilingual.si\/sl\/clanki-nasveti\/#breadcrumb\"},\"inLanguage\":\"sl-SI\",\"potentialAction\":[{\"@type\":\"ReadAction\",\"target\":[\"https:\/\/www.multilingual.si\/sl\/clanki-nasveti\/\"]}]},{\"@type\":\"BreadcrumbList\",\"@id\":\"https:\/\/www.multilingual.si\/sl\/clanki-nasveti\/#breadcrumb\",\"itemListElement\":[{\"@type\":\"ListItem\",\"position\":1,\"name\":\"Domov\",\"item\":\"https:\/\/www.multilingual.si\/sl\/\"},{\"@type\":\"ListItem\",\"position\":2,\"name\":\"\u010clanki in nasveti\"}]},{\"@type\":\"WebSite\",\"@id\":\"https:\/\/www.multilingual.si\/sl\/#website\",\"url\":\"https:\/\/www.multilingual.si\/sl\/\",\"name\":\"Multilingual\",\"description\":\"\",\"potentialAction\":[{\"@type\":\"SearchAction\",\"target\":{\"@type\":\"EntryPoint\",\"urlTemplate\":\"https:\/\/www.multilingual.si\/sl\/?s={search_term_string}\"},\"query-input\":{\"@type\":\"PropertyValueSpecification\",\"valueRequired\":true,\"valueName\":\"search_term_string\"}}],\"inLanguage\":\"sl-SI\"}]}<\/script>\n<!-- \/ Yoast SEO plugin. -->","yoast_head_json":{"title":"\u010clanki in nasveti - Multilingual","robots":{"index":"index","follow":"follow","max-snippet":"max-snippet:-1","max-image-preview":"max-image-preview:large","max-video-preview":"max-video-preview:-1"},"canonical":"https:\/\/www.multilingual.si\/sl\/clanki-nasveti\/","og_locale":"sl_SI","og_type":"article","og_title":"\u010clanki in nasveti - Multilingual","og_url":"https:\/\/www.multilingual.si\/sl\/clanki-nasveti\/","og_site_name":"Multilingual","article_modified_time":"2025-11-11T07:11:28+00:00","twitter_card":"summary_large_image","twitter_misc":{"Est. reading time":"1 minuta"},"schema":{"@context":"https:\/\/schema.org","@graph":[{"@type":"WebPage","@id":"https:\/\/www.multilingual.si\/sl\/clanki-nasveti\/","url":"https:\/\/www.multilingual.si\/sl\/clanki-nasveti\/","name":"\u010clanki in nasveti - Multilingual","isPartOf":{"@id":"https:\/\/www.multilingual.si\/sl\/#website"},"datePublished":"2025-02-14T07:23:06+00:00","dateModified":"2025-11-11T07:11:28+00:00","breadcrumb":{"@id":"https:\/\/www.multilingual.si\/sl\/clanki-nasveti\/#breadcrumb"},"inLanguage":"sl-SI","potentialAction":[{"@type":"ReadAction","target":["https:\/\/www.multilingual.si\/sl\/clanki-nasveti\/"]}]},{"@type":"BreadcrumbList","@id":"https:\/\/www.multilingual.si\/sl\/clanki-nasveti\/#breadcrumb","itemListElement":[{"@type":"ListItem","position":1,"name":"Domov","item":"https:\/\/www.multilingual.si\/sl\/"},{"@type":"ListItem","position":2,"name":"\u010clanki in nasveti"}]},{"@type":"WebSite","@id":"https:\/\/www.multilingual.si\/sl\/#website","url":"https:\/\/www.multilingual.si\/sl\/","name":"Multilingual","description":"","potentialAction":[{"@type":"SearchAction","target":{"@type":"EntryPoint","urlTemplate":"https:\/\/www.multilingual.si\/sl\/?s={search_term_string}"},"query-input":{"@type":"PropertyValueSpecification","valueRequired":true,"valueName":"search_term_string"}}],"inLanguage":"sl-SI"}]}},"_links":{"self":[{"href":"https:\/\/www.multilingual.si\/sl\/wp-json\/wp\/v2\/pages\/1879","targetHints":{"allow":["GET"]}}],"collection":[{"href":"https:\/\/www.multilingual.si\/sl\/wp-json\/wp\/v2\/pages"}],"about":[{"href":"https:\/\/www.multilingual.si\/sl\/wp-json\/wp\/v2\/types\/page"}],"author":[{"embeddable":true,"href":"https:\/\/www.multilingual.si\/sl\/wp-json\/wp\/v2\/users\/1"}],"replies":[{"embeddable":true,"href":"https:\/\/www.multilingual.si\/sl\/wp-json\/wp\/v2\/comments?post=1879"}],"version-history":[{"count":6,"href":"https:\/\/www.multilingual.si\/sl\/wp-json\/wp\/v2\/pages\/1879\/revisions"}],"predecessor-version":[{"id":3422,"href":"https:\/\/www.multilingual.si\/sl\/wp-json\/wp\/v2\/pages\/1879\/revisions\/3422"}],"wp:attachment":[{"href":"https:\/\/www.multilingual.si\/sl\/wp-json\/wp\/v2\/media?parent=1879"}],"curies":[{"name":"wp","href":"https:\/\/api.w.org\/{rel}","templated":true}]}}