{"id":2614,"date":"2025-02-24T07:47:42","date_gmt":"2025-02-24T06:47:42","guid":{"rendered":"https:\/\/pisarna.novisplet.com\/dev4\/multilingual\/?page_id=2614"},"modified":"2025-02-24T07:47:55","modified_gmt":"2025-02-24T06:47:55","slug":"avtorji","status":"publish","type":"page","link":"https:\/\/www.multilingual.si\/sl\/avtorji\/","title":{"rendered":"Avtorji"},"content":{"rendered":"<div class=\"wpb-content-wrapper\"><p>[vc_row][vc_column]        \r\n        <div class=\"title-banner no-intro-image  \">\r\n        <div class=\"container\">\r\n          <?php\/\/ if(isset($image)) :?>\r\n          <div class=\"title-banner-image-container\"\r\n                                >\r\n            <div class=\"breadcrumbs-container\">\r\n            <div class=\"container\">\r\n              <div class=\"breadcrumbs\">\r\n                <p id=\"breadcrumbs\"><span><span><a href=\"https:\/\/www.multilingual.si\/sl\/\">Domov<\/a><\/span><\/span><\/p>                <div class=\"clearfix\"><\/div>\r\n              <\/div>\r\n            <\/div>\r\n          <\/div>\r\n          <div class=\"container\">\r\n                                              <h1>Avtorji<\/h1>\r\n                                          <div class=\"svg-icon\"><\/div>          <\/div>\r\n          <\/div>\r\n          <?php\/\/ endif; ?>\r\n\r\n        <\/div>\r\n        <\/div>\r\n        [\/vc_column][\/vc_row][vc_row][vc_column width=&#8221;1\/12&#8243;][\/vc_column][vc_column width=&#8221;10\/12&#8243;][vc_column_text]<\/p>\n<h2>Vsebina spletne strani<\/h2>\n<p>Besedila in\u00a0slikovno gradivo\u00a0na spletni strani so pripravili v <strong>Multilingual d.o.o<\/strong>.<\/p>\n<h2>Izdelava in oblikovanje spletne strani<\/h2>\n<p>Pri postavitvi spletne strani je <strong>digitalna agencija\u00a0noviSplet\u00a0<\/strong>poskrbela za:<\/p>\n<ul>\n<li>na\u010drtovanje uporabni\u0161ke izku\u0161nje,<\/li>\n<li>spletno oblikovanje,<\/li>\n<li>tehni\u010dno izvedbo,<\/li>\n<li>izvedbo celotnega projekta.<\/li>\n<\/ul>\n<p>Izdelava spletnih strani\u00a0je\u00a0glavna\u00a0dejavnost digitalne agencije noviSplet, ki s celovitimi spletnimi re\u0161itvami podjetjem na spletu pove\u010duje prodajo in ugled.<\/p>\n<p>Ve\u010d na\u00a0<strong><a href=\"https:\/\/www.novisplet.com\/\" target=\"_blank\" rel=\"noopener\">www.novisplet.com<\/a><\/strong>[\/vc_column_text][\/vc_column][vc_column width=&#8221;1\/12&#8243;][\/vc_column][\/vc_row]<\/p>\n<\/div>","protected":false},"excerpt":{"rendered":"<p>[vc_row][vc_column][\/vc_column][\/vc_row][vc_row][vc_column width=&#8221;1\/12&#8243;][\/vc_column][vc_column width=&#8221;10\/12&#8243;][vc_column_text] Vsebina spletne strani Besedila in\u00a0slikovno gradivo\u00a0na spletni strani so pripravili v Multilingual d.o.o. Izdelava in oblikovanje spletne strani Pri postavitvi spletne strani je digitalna agencija\u00a0noviSplet\u00a0poskrbela za: na\u010drtovanje uporabni\u0161ke izku\u0161nje, spletno oblikovanje, tehni\u010dno izvedbo, izvedbo celotnega projekta. Izdelava spletnih strani\u00a0je\u00a0glavna\u00a0dejavnost digitalne agencije noviSplet, ki s celovitimi spletnimi re\u0161itvami podjetjem na spletu pove\u010duje prodajo in ugled. Ve\u010d na\u00a0www.novisplet.com[\/vc_column_text][\/vc_column][vc_column width=&#8221;1\/12&#8243;][\/vc_column][\/vc_row]<\/p>\n","protected":false},"author":1,"featured_media":0,"parent":0,"menu_order":68,"comment_status":"closed","ping_status":"closed","template":"","meta":{"_acf_changed":false,"footnotes":""},"class_list":["post-2614","page","type-page","status-publish","hentry"],"acf":[],"yoast_head":"<!-- This site is optimized with the Yoast SEO plugin v24.4 - https:\/\/yoast.com\/wordpress\/plugins\/seo\/ -->\n<title>Avtorji - Multilingual<\/title>\n<meta name=\"robots\" content=\"index, follow, max-snippet:-1, max-image-preview:large, max-video-preview:-1\" \/>\n<link rel=\"canonical\" href=\"https:\/\/www.multilingual.si\/sl\/avtorji\/\" \/>\n<meta property=\"og:locale\" content=\"sl_SI\" \/>\n<meta property=\"og:type\" content=\"article\" \/>\n<meta property=\"og:title\" content=\"Avtorji - Multilingual\" \/>\n<meta property=\"og:description\" content=\"[vc_row][vc_column][\/vc_column][\/vc_row][vc_row][vc_column width=&#8221;1\/12&#8243;][\/vc_column][vc_column width=&#8221;10\/12&#8243;][vc_column_text] Vsebina spletne strani Besedila in\u00a0slikovno gradivo\u00a0na spletni strani so pripravili v Multilingual d.o.o. Izdelava in oblikovanje spletne strani Pri postavitvi spletne strani je digitalna agencija\u00a0noviSplet\u00a0poskrbela za: na\u010drtovanje uporabni\u0161ke izku\u0161nje, spletno oblikovanje, tehni\u010dno izvedbo, izvedbo celotnega projekta. Izdelava spletnih strani\u00a0je\u00a0glavna\u00a0dejavnost digitalne agencije noviSplet, ki s celovitimi spletnimi re\u0161itvami podjetjem na spletu pove\u010duje prodajo in ugled. Ve\u010d na\u00a0www.novisplet.com[\/vc_column_text][\/vc_column][vc_column width=&#8221;1\/12&#8243;][\/vc_column][\/vc_row]\" \/>\n<meta property=\"og:url\" content=\"https:\/\/www.multilingual.si\/sl\/avtorji\/\" \/>\n<meta property=\"og:site_name\" content=\"Multilingual\" \/>\n<meta property=\"article:modified_time\" content=\"2025-02-24T06:47:55+00:00\" \/>\n<meta name=\"twitter:card\" content=\"summary_large_image\" \/>\n<meta name=\"twitter:label1\" content=\"Est. reading time\" \/>\n\t<meta name=\"twitter:data1\" content=\"1 minuta\" \/>\n<script type=\"application\/ld+json\" class=\"yoast-schema-graph\">{\"@context\":\"https:\/\/schema.org\",\"@graph\":[{\"@type\":\"WebPage\",\"@id\":\"https:\/\/www.multilingual.si\/sl\/avtorji\/\",\"url\":\"https:\/\/www.multilingual.si\/sl\/avtorji\/\",\"name\":\"Avtorji - Multilingual\",\"isPartOf\":{\"@id\":\"https:\/\/www.multilingual.si\/sl\/#website\"},\"datePublished\":\"2025-02-24T06:47:42+00:00\",\"dateModified\":\"2025-02-24T06:47:55+00:00\",\"breadcrumb\":{\"@id\":\"https:\/\/www.multilingual.si\/sl\/avtorji\/#breadcrumb\"},\"inLanguage\":\"sl-SI\",\"potentialAction\":[{\"@type\":\"ReadAction\",\"target\":[\"https:\/\/www.multilingual.si\/sl\/avtorji\/\"]}]},{\"@type\":\"BreadcrumbList\",\"@id\":\"https:\/\/www.multilingual.si\/sl\/avtorji\/#breadcrumb\",\"itemListElement\":[{\"@type\":\"ListItem\",\"position\":1,\"name\":\"Domov\",\"item\":\"https:\/\/www.multilingual.si\/sl\/\"},{\"@type\":\"ListItem\",\"position\":2,\"name\":\"Avtorji\"}]},{\"@type\":\"WebSite\",\"@id\":\"https:\/\/www.multilingual.si\/sl\/#website\",\"url\":\"https:\/\/www.multilingual.si\/sl\/\",\"name\":\"Multilingual\",\"description\":\"\",\"potentialAction\":[{\"@type\":\"SearchAction\",\"target\":{\"@type\":\"EntryPoint\",\"urlTemplate\":\"https:\/\/www.multilingual.si\/sl\/?s={search_term_string}\"},\"query-input\":{\"@type\":\"PropertyValueSpecification\",\"valueRequired\":true,\"valueName\":\"search_term_string\"}}],\"inLanguage\":\"sl-SI\"}]}<\/script>\n<!-- \/ Yoast SEO plugin. -->","yoast_head_json":{"title":"Avtorji - Multilingual","robots":{"index":"index","follow":"follow","max-snippet":"max-snippet:-1","max-image-preview":"max-image-preview:large","max-video-preview":"max-video-preview:-1"},"canonical":"https:\/\/www.multilingual.si\/sl\/avtorji\/","og_locale":"sl_SI","og_type":"article","og_title":"Avtorji - Multilingual","og_description":"[vc_row][vc_column][\/vc_column][\/vc_row][vc_row][vc_column width=&#8221;1\/12&#8243;][\/vc_column][vc_column width=&#8221;10\/12&#8243;][vc_column_text] Vsebina spletne strani Besedila in\u00a0slikovno gradivo\u00a0na spletni strani so pripravili v Multilingual d.o.o. Izdelava in oblikovanje spletne strani Pri postavitvi spletne strani je digitalna agencija\u00a0noviSplet\u00a0poskrbela za: na\u010drtovanje uporabni\u0161ke izku\u0161nje, spletno oblikovanje, tehni\u010dno izvedbo, izvedbo celotnega projekta. Izdelava spletnih strani\u00a0je\u00a0glavna\u00a0dejavnost digitalne agencije noviSplet, ki s celovitimi spletnimi re\u0161itvami podjetjem na spletu pove\u010duje prodajo in ugled. Ve\u010d na\u00a0www.novisplet.com[\/vc_column_text][\/vc_column][vc_column width=&#8221;1\/12&#8243;][\/vc_column][\/vc_row]","og_url":"https:\/\/www.multilingual.si\/sl\/avtorji\/","og_site_name":"Multilingual","article_modified_time":"2025-02-24T06:47:55+00:00","twitter_card":"summary_large_image","twitter_misc":{"Est. reading time":"1 minuta"},"schema":{"@context":"https:\/\/schema.org","@graph":[{"@type":"WebPage","@id":"https:\/\/www.multilingual.si\/sl\/avtorji\/","url":"https:\/\/www.multilingual.si\/sl\/avtorji\/","name":"Avtorji - Multilingual","isPartOf":{"@id":"https:\/\/www.multilingual.si\/sl\/#website"},"datePublished":"2025-02-24T06:47:42+00:00","dateModified":"2025-02-24T06:47:55+00:00","breadcrumb":{"@id":"https:\/\/www.multilingual.si\/sl\/avtorji\/#breadcrumb"},"inLanguage":"sl-SI","potentialAction":[{"@type":"ReadAction","target":["https:\/\/www.multilingual.si\/sl\/avtorji\/"]}]},{"@type":"BreadcrumbList","@id":"https:\/\/www.multilingual.si\/sl\/avtorji\/#breadcrumb","itemListElement":[{"@type":"ListItem","position":1,"name":"Domov","item":"https:\/\/www.multilingual.si\/sl\/"},{"@type":"ListItem","position":2,"name":"Avtorji"}]},{"@type":"WebSite","@id":"https:\/\/www.multilingual.si\/sl\/#website","url":"https:\/\/www.multilingual.si\/sl\/","name":"Multilingual","description":"","potentialAction":[{"@type":"SearchAction","target":{"@type":"EntryPoint","urlTemplate":"https:\/\/www.multilingual.si\/sl\/?s={search_term_string}"},"query-input":{"@type":"PropertyValueSpecification","valueRequired":true,"valueName":"search_term_string"}}],"inLanguage":"sl-SI"}]}},"_links":{"self":[{"href":"https:\/\/www.multilingual.si\/sl\/wp-json\/wp\/v2\/pages\/2614","targetHints":{"allow":["GET"]}}],"collection":[{"href":"https:\/\/www.multilingual.si\/sl\/wp-json\/wp\/v2\/pages"}],"about":[{"href":"https:\/\/www.multilingual.si\/sl\/wp-json\/wp\/v2\/types\/page"}],"author":[{"embeddable":true,"href":"https:\/\/www.multilingual.si\/sl\/wp-json\/wp\/v2\/users\/1"}],"replies":[{"embeddable":true,"href":"https:\/\/www.multilingual.si\/sl\/wp-json\/wp\/v2\/comments?post=2614"}],"version-history":[{"count":2,"href":"https:\/\/www.multilingual.si\/sl\/wp-json\/wp\/v2\/pages\/2614\/revisions"}],"predecessor-version":[{"id":2616,"href":"https:\/\/www.multilingual.si\/sl\/wp-json\/wp\/v2\/pages\/2614\/revisions\/2616"}],"wp:attachment":[{"href":"https:\/\/www.multilingual.si\/sl\/wp-json\/wp\/v2\/media?parent=2614"}],"curies":[{"name":"wp","href":"https:\/\/api.w.org\/{rel}","templated":true}]}}