{"id":3127,"date":"2025-03-05T08:22:17","date_gmt":"2025-03-05T07:22:17","guid":{"rendered":"https:\/\/pisarna.novisplet.com\/dev4\/multilingual\/?page_id=3127"},"modified":"2025-03-05T08:22:17","modified_gmt":"2025-03-05T07:22:17","slug":"prevod-v-norvescino","status":"publish","type":"page","link":"https:\/\/www.multilingual.si\/sl\/prevod-v-norvescino\/","title":{"rendered":"Prevod v norve\u0161\u010dino"},"content":{"rendered":"<div class=\"wpb-content-wrapper\"><p>[vc_row][vc_column]        \r\n        <div class=\"title-banner no-intro-image  \">\r\n        <div class=\"container\">\r\n          <?php\/\/ if(isset($image)) :?>\r\n          <div class=\"title-banner-image-container\"\r\n                                >\r\n            <div class=\"breadcrumbs-container\">\r\n            <div class=\"container\">\r\n              <div class=\"breadcrumbs\">\r\n                <p id=\"breadcrumbs\"><span><span><a href=\"https:\/\/www.multilingual.si\/sl\/\">Domov<\/a><\/span><\/span><\/p>                <div class=\"clearfix\"><\/div>\r\n              <\/div>\r\n            <\/div>\r\n          <\/div>\r\n          <div class=\"container\">\r\n                                              <h1>Prevod v norve\u0161\u010dino<\/h1>\r\n                                          <div class=\"svg-icon\"><\/div>          <\/div>\r\n          <\/div>\r\n          <?php\/\/ endif; ?>\r\n\r\n        <\/div>\r\n        <\/div>\r\n        [\/vc_column][\/vc_row][vc_row][vc_column width=&#8221;1\/12&#8243;][\/vc_column][vc_column width=&#8221;10\/12&#8243;][vc_column_text]Potrebujete strokoven prevod v norve\u0161\u010dino? Potem ste lahko brez skrbi, saj ste pri\u0161li na pravo mesto. Izku\u0161eni prevajalci agencije Multilingual vam bodo zagotovili slovni\u010dno usklajen in primeren prevod v norve\u0161\u010dino, ki bo prilagojen ciljni publiki. Poleg tega ga bodo oblikovali tako, da se bo popolnoma zlil s pravili ciljnega jezika.<\/p>\n<p>Norve\u0161\u010dina je germanski jezik iz indoevropske skupine jezikov, ki ga govori okoli 5 milijonov ljudi. Poleg \u0161tevilnih nare\u010dij uradno obstajata dve razli\u010dici norve\u0161kega jezika: bokm\u00e5l, tradicionalna razli\u010dica norve\u0161kega jezika, ter nynorsk ali novonorve\u0161\u010dina. Obe razli\u010dici sta izklju\u010dno obliki pisanega jezika ter se ne uporabljata v govorjeni obliki, izjema so le mediji (uradna norve\u0161ki radio in televizija).<\/p>\n<p>Pri prevajalski agenciji Multilingual vam nudimo prevajanje v norve\u0161\u010dino v teh dveh razli\u010dicah s \u0161tevilnih podro\u010dij, kot so ekonomija, finance, medicina, ogla\u0161evanje, odnosi z javnostmi, logistika, gradbeni\u0161tvo itd. Vsak prevod je po fazi prevajanja tudi urejen in lektoriran s strani usposobljenih jezikovnih strokovnjakov. Poleg tega pa vam ponujamo tudi prevajanje iz norve\u0161\u010dine v sloven\u0161\u010dino in druge jezike.<\/p>\n<p>Na\u0161a pisarna je odprta od ponedeljka do petka od 8. do 16. ure, zato se lahko oglasite ali pa nam po\u0161ljete povpra\u0161evanje po elektronski po\u0161ti in odgovorili vam bomo najkraj\u0161em mo\u017enem \u010dasu.[\/vc_column_text][\/vc_column][vc_column width=&#8221;1\/12&#8243;][\/vc_column][\/vc_row]<\/p>\n<\/div>","protected":false},"excerpt":{"rendered":"<p>[vc_row][vc_column][\/vc_column][\/vc_row][vc_row][vc_column width=&#8221;1\/12&#8243;][\/vc_column][vc_column width=&#8221;10\/12&#8243;][vc_column_text]Potrebujete strokoven prevod v norve\u0161\u010dino? Potem ste lahko brez skrbi, saj ste pri\u0161li na pravo mesto. Izku\u0161eni prevajalci agencije Multilingual vam bodo zagotovili slovni\u010dno usklajen in primeren prevod v norve\u0161\u010dino, ki bo prilagojen ciljni publiki. Poleg tega ga bodo oblikovali tako, da se bo popolnoma zlil s pravili ciljnega jezika. Norve\u0161\u010dina je germanski jezik iz indoevropske skupine jezikov, ki ga govori okoli 5 milijonov ljudi. Poleg \u0161tevilnih nare\u010dij uradno obstajata dve razli\u010dici norve\u0161kega jezika: bokm\u00e5l, tradicionalna razli\u010dica norve\u0161kega jezika, ter nynorsk ali novonorve\u0161\u010dina. Obe razli\u010dici sta izklju\u010dno obliki pisanega jezika ter se ne uporabljata v govorjeni obliki, izjema so le mediji (uradna norve\u0161ki radio in televizija). Pri prevajalski agenciji Multilingual vam nudimo prevajanje v norve\u0161\u010dino v teh dveh [&hellip;]<\/p>\n","protected":false},"author":1,"featured_media":0,"parent":0,"menu_order":3,"comment_status":"closed","ping_status":"closed","template":"","meta":{"_acf_changed":false,"footnotes":""},"class_list":["post-3127","page","type-page","status-publish","hentry"],"acf":[],"yoast_head":"<!-- This site is optimized with the Yoast SEO plugin v24.4 - https:\/\/yoast.com\/wordpress\/plugins\/seo\/ -->\n<title>Prevod v norve\u0161\u010dino - Multilingual<\/title>\n<meta name=\"robots\" content=\"index, follow, max-snippet:-1, max-image-preview:large, max-video-preview:-1\" \/>\n<link rel=\"canonical\" href=\"https:\/\/www.multilingual.si\/sl\/prevod-v-norvescino\/\" \/>\n<meta property=\"og:locale\" content=\"sl_SI\" \/>\n<meta property=\"og:type\" content=\"article\" \/>\n<meta property=\"og:title\" content=\"Prevod v norve\u0161\u010dino - Multilingual\" \/>\n<meta property=\"og:description\" content=\"[vc_row][vc_column][\/vc_column][\/vc_row][vc_row][vc_column width=&#8221;1\/12&#8243;][\/vc_column][vc_column width=&#8221;10\/12&#8243;][vc_column_text]Potrebujete strokoven prevod v norve\u0161\u010dino? Potem ste lahko brez skrbi, saj ste pri\u0161li na pravo mesto. Izku\u0161eni prevajalci agencije Multilingual vam bodo zagotovili slovni\u010dno usklajen in primeren prevod v norve\u0161\u010dino, ki bo prilagojen ciljni publiki. Poleg tega ga bodo oblikovali tako, da se bo popolnoma zlil s pravili ciljnega jezika. Norve\u0161\u010dina je germanski jezik iz indoevropske skupine jezikov, ki ga govori okoli 5 milijonov ljudi. Poleg \u0161tevilnih nare\u010dij uradno obstajata dve razli\u010dici norve\u0161kega jezika: bokm\u00e5l, tradicionalna razli\u010dica norve\u0161kega jezika, ter nynorsk ali novonorve\u0161\u010dina. Obe razli\u010dici sta izklju\u010dno obliki pisanega jezika ter se ne uporabljata v govorjeni obliki, izjema so le mediji (uradna norve\u0161ki radio in televizija). Pri prevajalski agenciji Multilingual vam nudimo prevajanje v norve\u0161\u010dino v teh dveh [&hellip;]\" \/>\n<meta property=\"og:url\" content=\"https:\/\/www.multilingual.si\/sl\/prevod-v-norvescino\/\" \/>\n<meta property=\"og:site_name\" content=\"Multilingual\" \/>\n<meta name=\"twitter:card\" content=\"summary_large_image\" \/>\n<meta name=\"twitter:label1\" content=\"Est. reading time\" \/>\n\t<meta name=\"twitter:data1\" content=\"2 minuti\" \/>\n<script type=\"application\/ld+json\" class=\"yoast-schema-graph\">{\"@context\":\"https:\/\/schema.org\",\"@graph\":[{\"@type\":\"WebPage\",\"@id\":\"https:\/\/www.multilingual.si\/sl\/prevod-v-norvescino\/\",\"url\":\"https:\/\/www.multilingual.si\/sl\/prevod-v-norvescino\/\",\"name\":\"Prevod v norve\u0161\u010dino - Multilingual\",\"isPartOf\":{\"@id\":\"https:\/\/www.multilingual.si\/sl\/#website\"},\"datePublished\":\"2025-03-05T07:22:17+00:00\",\"breadcrumb\":{\"@id\":\"https:\/\/www.multilingual.si\/sl\/prevod-v-norvescino\/#breadcrumb\"},\"inLanguage\":\"sl-SI\",\"potentialAction\":[{\"@type\":\"ReadAction\",\"target\":[\"https:\/\/www.multilingual.si\/sl\/prevod-v-norvescino\/\"]}]},{\"@type\":\"BreadcrumbList\",\"@id\":\"https:\/\/www.multilingual.si\/sl\/prevod-v-norvescino\/#breadcrumb\",\"itemListElement\":[{\"@type\":\"ListItem\",\"position\":1,\"name\":\"Domov\",\"item\":\"https:\/\/www.multilingual.si\/sl\/\"},{\"@type\":\"ListItem\",\"position\":2,\"name\":\"Prevod v norve\u0161\u010dino\"}]},{\"@type\":\"WebSite\",\"@id\":\"https:\/\/www.multilingual.si\/sl\/#website\",\"url\":\"https:\/\/www.multilingual.si\/sl\/\",\"name\":\"Multilingual\",\"description\":\"\",\"potentialAction\":[{\"@type\":\"SearchAction\",\"target\":{\"@type\":\"EntryPoint\",\"urlTemplate\":\"https:\/\/www.multilingual.si\/sl\/?s={search_term_string}\"},\"query-input\":{\"@type\":\"PropertyValueSpecification\",\"valueRequired\":true,\"valueName\":\"search_term_string\"}}],\"inLanguage\":\"sl-SI\"}]}<\/script>\n<!-- \/ Yoast SEO plugin. -->","yoast_head_json":{"title":"Prevod v norve\u0161\u010dino - Multilingual","robots":{"index":"index","follow":"follow","max-snippet":"max-snippet:-1","max-image-preview":"max-image-preview:large","max-video-preview":"max-video-preview:-1"},"canonical":"https:\/\/www.multilingual.si\/sl\/prevod-v-norvescino\/","og_locale":"sl_SI","og_type":"article","og_title":"Prevod v norve\u0161\u010dino - Multilingual","og_description":"[vc_row][vc_column][\/vc_column][\/vc_row][vc_row][vc_column width=&#8221;1\/12&#8243;][\/vc_column][vc_column width=&#8221;10\/12&#8243;][vc_column_text]Potrebujete strokoven prevod v norve\u0161\u010dino? Potem ste lahko brez skrbi, saj ste pri\u0161li na pravo mesto. Izku\u0161eni prevajalci agencije Multilingual vam bodo zagotovili slovni\u010dno usklajen in primeren prevod v norve\u0161\u010dino, ki bo prilagojen ciljni publiki. Poleg tega ga bodo oblikovali tako, da se bo popolnoma zlil s pravili ciljnega jezika. Norve\u0161\u010dina je germanski jezik iz indoevropske skupine jezikov, ki ga govori okoli 5 milijonov ljudi. Poleg \u0161tevilnih nare\u010dij uradno obstajata dve razli\u010dici norve\u0161kega jezika: bokm\u00e5l, tradicionalna razli\u010dica norve\u0161kega jezika, ter nynorsk ali novonorve\u0161\u010dina. Obe razli\u010dici sta izklju\u010dno obliki pisanega jezika ter se ne uporabljata v govorjeni obliki, izjema so le mediji (uradna norve\u0161ki radio in televizija). Pri prevajalski agenciji Multilingual vam nudimo prevajanje v norve\u0161\u010dino v teh dveh [&hellip;]","og_url":"https:\/\/www.multilingual.si\/sl\/prevod-v-norvescino\/","og_site_name":"Multilingual","twitter_card":"summary_large_image","twitter_misc":{"Est. reading time":"2 minuti"},"schema":{"@context":"https:\/\/schema.org","@graph":[{"@type":"WebPage","@id":"https:\/\/www.multilingual.si\/sl\/prevod-v-norvescino\/","url":"https:\/\/www.multilingual.si\/sl\/prevod-v-norvescino\/","name":"Prevod v norve\u0161\u010dino - Multilingual","isPartOf":{"@id":"https:\/\/www.multilingual.si\/sl\/#website"},"datePublished":"2025-03-05T07:22:17+00:00","breadcrumb":{"@id":"https:\/\/www.multilingual.si\/sl\/prevod-v-norvescino\/#breadcrumb"},"inLanguage":"sl-SI","potentialAction":[{"@type":"ReadAction","target":["https:\/\/www.multilingual.si\/sl\/prevod-v-norvescino\/"]}]},{"@type":"BreadcrumbList","@id":"https:\/\/www.multilingual.si\/sl\/prevod-v-norvescino\/#breadcrumb","itemListElement":[{"@type":"ListItem","position":1,"name":"Domov","item":"https:\/\/www.multilingual.si\/sl\/"},{"@type":"ListItem","position":2,"name":"Prevod v norve\u0161\u010dino"}]},{"@type":"WebSite","@id":"https:\/\/www.multilingual.si\/sl\/#website","url":"https:\/\/www.multilingual.si\/sl\/","name":"Multilingual","description":"","potentialAction":[{"@type":"SearchAction","target":{"@type":"EntryPoint","urlTemplate":"https:\/\/www.multilingual.si\/sl\/?s={search_term_string}"},"query-input":{"@type":"PropertyValueSpecification","valueRequired":true,"valueName":"search_term_string"}}],"inLanguage":"sl-SI"}]}},"_links":{"self":[{"href":"https:\/\/www.multilingual.si\/sl\/wp-json\/wp\/v2\/pages\/3127","targetHints":{"allow":["GET"]}}],"collection":[{"href":"https:\/\/www.multilingual.si\/sl\/wp-json\/wp\/v2\/pages"}],"about":[{"href":"https:\/\/www.multilingual.si\/sl\/wp-json\/wp\/v2\/types\/page"}],"author":[{"embeddable":true,"href":"https:\/\/www.multilingual.si\/sl\/wp-json\/wp\/v2\/users\/1"}],"replies":[{"embeddable":true,"href":"https:\/\/www.multilingual.si\/sl\/wp-json\/wp\/v2\/comments?post=3127"}],"version-history":[{"count":1,"href":"https:\/\/www.multilingual.si\/sl\/wp-json\/wp\/v2\/pages\/3127\/revisions"}],"predecessor-version":[{"id":3128,"href":"https:\/\/www.multilingual.si\/sl\/wp-json\/wp\/v2\/pages\/3127\/revisions\/3128"}],"wp:attachment":[{"href":"https:\/\/www.multilingual.si\/sl\/wp-json\/wp\/v2\/media?parent=3127"}],"curies":[{"name":"wp","href":"https:\/\/api.w.org\/{rel}","templated":true}]}}