{"id":3129,"date":"2025-03-05T08:48:31","date_gmt":"2025-03-05T07:48:31","guid":{"rendered":"https:\/\/pisarna.novisplet.com\/dev4\/multilingual\/?page_id=3129"},"modified":"2025-03-05T08:48:31","modified_gmt":"2025-03-05T07:48:31","slug":"prevod-v-danscino","status":"publish","type":"page","link":"https:\/\/www.multilingual.si\/sl\/prevod-v-danscino\/","title":{"rendered":"Prevod v dan\u0161\u010dino"},"content":{"rendered":"<div class=\"wpb-content-wrapper\"><p>[vc_row][vc_column]        \r\n        <div class=\"title-banner no-intro-image  \">\r\n        <div class=\"container\">\r\n          <?php\/\/ if(isset($image)) :?>\r\n          <div class=\"title-banner-image-container\"\r\n                                >\r\n            <div class=\"breadcrumbs-container\">\r\n            <div class=\"container\">\r\n              <div class=\"breadcrumbs\">\r\n                <p id=\"breadcrumbs\"><span><span><a href=\"https:\/\/www.multilingual.si\/sl\/\">Domov<\/a><\/span><\/span><\/p>                <div class=\"clearfix\"><\/div>\r\n              <\/div>\r\n            <\/div>\r\n          <\/div>\r\n          <div class=\"container\">\r\n                                              <h1>Prevod v dan\u0161\u010dino<\/h1>\r\n                                          <div class=\"svg-icon\"><\/div>          <\/div>\r\n          <\/div>\r\n          <?php\/\/ endif; ?>\r\n\r\n        <\/div>\r\n        <\/div>\r\n        [\/vc_column][\/vc_row][vc_row][vc_column width=&#8221;1\/12&#8243;][\/vc_column][vc_column width=&#8221;10\/12&#8243;][vc_column_text]Dan\u0161\u010dina je indoevropski jezik iz skupine germanskih jezikov, ki ga govori 5,5 milijona ljudi na Danskem in 50.000 ljudi v Nem\u010diji. Poleg tega pa je tudi uradni jezik na Grenlandiji in na Ferskih otokih. Ta jezik je tesno povezan s \u0161vedskim in norve\u0161kim jezikom, kjer sta si s slednjim \u0161e posebej podobna v pisni obliki, vendar pa se v izgovorjavi omenjeni trije jeziki med seboj mo\u010dno razlikujejo.<\/p>\n<p>Prevajanje v dan\u0161\u010dino je zahtevna naloga, zato jo je treba zaupati prevajalcu z ustreznim znanjem in izku\u0161njami, ki je strokovno podkovan in lahko zagotovi kakovosten prevod v dan\u0161\u010dino. V prevajalski agenciji Multilingual prevajanje opravljajo prevajalci, ki so ve\u010dinoma tudi naravni govorci jezika in tako poskrbijo, da prevedeno besedilo sledi vsem potrebnim jezikovnim zapovedim ter zna\u010dilnostim kulture.<\/p>\n<p>Poleg tega so prevajalci v na\u0161i agenciji specializirani za razli\u010dna podro\u010dja prevajanja, od splo\u0161nih do strokovnih besedil, zato vam lahko zagotovijo kakovosten prevod v dan\u0161\u010dino, obenem pa so vam na voljo tudi storitve prevajanja iz dan\u0161\u010dine v sloven\u0161\u010dino, angle\u0161\u010dino in druge tuje jezike. Vse navedeno pa dobite po izredno konkuren\u010dni ceni z 10-odstotnim popustom ob prvem naro\u010dilu. Zato ne odla\u0161ajte, pa\u010d pa izberite prevajalsko agencijo Multilingual, ki je najbolj\u0161a re\u0161itev za vas.[\/vc_column_text][\/vc_column][vc_column width=&#8221;1\/12&#8243;][\/vc_column][\/vc_row]<\/p>\n<\/div>","protected":false},"excerpt":{"rendered":"<p>[vc_row][vc_column][\/vc_column][\/vc_row][vc_row][vc_column width=&#8221;1\/12&#8243;][\/vc_column][vc_column width=&#8221;10\/12&#8243;][vc_column_text]Dan\u0161\u010dina je indoevropski jezik iz skupine germanskih jezikov, ki ga govori 5,5 milijona ljudi na Danskem in 50.000 ljudi v Nem\u010diji. Poleg tega pa je tudi uradni jezik na Grenlandiji in na Ferskih otokih. Ta jezik je tesno povezan s \u0161vedskim in norve\u0161kim jezikom, kjer sta si s slednjim \u0161e posebej podobna v pisni obliki, vendar pa se v izgovorjavi omenjeni trije jeziki med seboj mo\u010dno razlikujejo. Prevajanje v dan\u0161\u010dino je zahtevna naloga, zato jo je treba zaupati prevajalcu z ustreznim znanjem in izku\u0161njami, ki je strokovno podkovan in lahko zagotovi kakovosten prevod v dan\u0161\u010dino. V prevajalski agenciji Multilingual prevajanje opravljajo prevajalci, ki so ve\u010dinoma tudi naravni govorci jezika in tako poskrbijo, da prevedeno besedilo sledi vsem potrebnim [&hellip;]<\/p>\n","protected":false},"author":1,"featured_media":0,"parent":0,"menu_order":2,"comment_status":"closed","ping_status":"closed","template":"","meta":{"_acf_changed":false,"footnotes":""},"class_list":["post-3129","page","type-page","status-publish","hentry"],"acf":[],"yoast_head":"<!-- This site is optimized with the Yoast SEO plugin v24.4 - https:\/\/yoast.com\/wordpress\/plugins\/seo\/ -->\n<title>Prevod v dan\u0161\u010dino - Multilingual<\/title>\n<meta name=\"robots\" content=\"index, follow, max-snippet:-1, max-image-preview:large, max-video-preview:-1\" \/>\n<link rel=\"canonical\" href=\"https:\/\/www.multilingual.si\/sl\/prevod-v-danscino\/\" \/>\n<meta property=\"og:locale\" content=\"sl_SI\" \/>\n<meta property=\"og:type\" content=\"article\" \/>\n<meta property=\"og:title\" content=\"Prevod v dan\u0161\u010dino - Multilingual\" \/>\n<meta property=\"og:description\" content=\"[vc_row][vc_column][\/vc_column][\/vc_row][vc_row][vc_column width=&#8221;1\/12&#8243;][\/vc_column][vc_column width=&#8221;10\/12&#8243;][vc_column_text]Dan\u0161\u010dina je indoevropski jezik iz skupine germanskih jezikov, ki ga govori 5,5 milijona ljudi na Danskem in 50.000 ljudi v Nem\u010diji. Poleg tega pa je tudi uradni jezik na Grenlandiji in na Ferskih otokih. Ta jezik je tesno povezan s \u0161vedskim in norve\u0161kim jezikom, kjer sta si s slednjim \u0161e posebej podobna v pisni obliki, vendar pa se v izgovorjavi omenjeni trije jeziki med seboj mo\u010dno razlikujejo. Prevajanje v dan\u0161\u010dino je zahtevna naloga, zato jo je treba zaupati prevajalcu z ustreznim znanjem in izku\u0161njami, ki je strokovno podkovan in lahko zagotovi kakovosten prevod v dan\u0161\u010dino. V prevajalski agenciji Multilingual prevajanje opravljajo prevajalci, ki so ve\u010dinoma tudi naravni govorci jezika in tako poskrbijo, da prevedeno besedilo sledi vsem potrebnim [&hellip;]\" \/>\n<meta property=\"og:url\" content=\"https:\/\/www.multilingual.si\/sl\/prevod-v-danscino\/\" \/>\n<meta property=\"og:site_name\" content=\"Multilingual\" \/>\n<meta name=\"twitter:card\" content=\"summary_large_image\" \/>\n<meta name=\"twitter:label1\" content=\"Est. reading time\" \/>\n\t<meta name=\"twitter:data1\" content=\"2 minuti\" \/>\n<script type=\"application\/ld+json\" class=\"yoast-schema-graph\">{\"@context\":\"https:\/\/schema.org\",\"@graph\":[{\"@type\":\"WebPage\",\"@id\":\"https:\/\/www.multilingual.si\/sl\/prevod-v-danscino\/\",\"url\":\"https:\/\/www.multilingual.si\/sl\/prevod-v-danscino\/\",\"name\":\"Prevod v dan\u0161\u010dino - Multilingual\",\"isPartOf\":{\"@id\":\"https:\/\/www.multilingual.si\/sl\/#website\"},\"datePublished\":\"2025-03-05T07:48:31+00:00\",\"breadcrumb\":{\"@id\":\"https:\/\/www.multilingual.si\/sl\/prevod-v-danscino\/#breadcrumb\"},\"inLanguage\":\"sl-SI\",\"potentialAction\":[{\"@type\":\"ReadAction\",\"target\":[\"https:\/\/www.multilingual.si\/sl\/prevod-v-danscino\/\"]}]},{\"@type\":\"BreadcrumbList\",\"@id\":\"https:\/\/www.multilingual.si\/sl\/prevod-v-danscino\/#breadcrumb\",\"itemListElement\":[{\"@type\":\"ListItem\",\"position\":1,\"name\":\"Domov\",\"item\":\"https:\/\/www.multilingual.si\/sl\/\"},{\"@type\":\"ListItem\",\"position\":2,\"name\":\"Prevod v dan\u0161\u010dino\"}]},{\"@type\":\"WebSite\",\"@id\":\"https:\/\/www.multilingual.si\/sl\/#website\",\"url\":\"https:\/\/www.multilingual.si\/sl\/\",\"name\":\"Multilingual\",\"description\":\"\",\"potentialAction\":[{\"@type\":\"SearchAction\",\"target\":{\"@type\":\"EntryPoint\",\"urlTemplate\":\"https:\/\/www.multilingual.si\/sl\/?s={search_term_string}\"},\"query-input\":{\"@type\":\"PropertyValueSpecification\",\"valueRequired\":true,\"valueName\":\"search_term_string\"}}],\"inLanguage\":\"sl-SI\"}]}<\/script>\n<!-- \/ Yoast SEO plugin. -->","yoast_head_json":{"title":"Prevod v dan\u0161\u010dino - Multilingual","robots":{"index":"index","follow":"follow","max-snippet":"max-snippet:-1","max-image-preview":"max-image-preview:large","max-video-preview":"max-video-preview:-1"},"canonical":"https:\/\/www.multilingual.si\/sl\/prevod-v-danscino\/","og_locale":"sl_SI","og_type":"article","og_title":"Prevod v dan\u0161\u010dino - Multilingual","og_description":"[vc_row][vc_column][\/vc_column][\/vc_row][vc_row][vc_column width=&#8221;1\/12&#8243;][\/vc_column][vc_column width=&#8221;10\/12&#8243;][vc_column_text]Dan\u0161\u010dina je indoevropski jezik iz skupine germanskih jezikov, ki ga govori 5,5 milijona ljudi na Danskem in 50.000 ljudi v Nem\u010diji. Poleg tega pa je tudi uradni jezik na Grenlandiji in na Ferskih otokih. Ta jezik je tesno povezan s \u0161vedskim in norve\u0161kim jezikom, kjer sta si s slednjim \u0161e posebej podobna v pisni obliki, vendar pa se v izgovorjavi omenjeni trije jeziki med seboj mo\u010dno razlikujejo. Prevajanje v dan\u0161\u010dino je zahtevna naloga, zato jo je treba zaupati prevajalcu z ustreznim znanjem in izku\u0161njami, ki je strokovno podkovan in lahko zagotovi kakovosten prevod v dan\u0161\u010dino. V prevajalski agenciji Multilingual prevajanje opravljajo prevajalci, ki so ve\u010dinoma tudi naravni govorci jezika in tako poskrbijo, da prevedeno besedilo sledi vsem potrebnim [&hellip;]","og_url":"https:\/\/www.multilingual.si\/sl\/prevod-v-danscino\/","og_site_name":"Multilingual","twitter_card":"summary_large_image","twitter_misc":{"Est. reading time":"2 minuti"},"schema":{"@context":"https:\/\/schema.org","@graph":[{"@type":"WebPage","@id":"https:\/\/www.multilingual.si\/sl\/prevod-v-danscino\/","url":"https:\/\/www.multilingual.si\/sl\/prevod-v-danscino\/","name":"Prevod v dan\u0161\u010dino - Multilingual","isPartOf":{"@id":"https:\/\/www.multilingual.si\/sl\/#website"},"datePublished":"2025-03-05T07:48:31+00:00","breadcrumb":{"@id":"https:\/\/www.multilingual.si\/sl\/prevod-v-danscino\/#breadcrumb"},"inLanguage":"sl-SI","potentialAction":[{"@type":"ReadAction","target":["https:\/\/www.multilingual.si\/sl\/prevod-v-danscino\/"]}]},{"@type":"BreadcrumbList","@id":"https:\/\/www.multilingual.si\/sl\/prevod-v-danscino\/#breadcrumb","itemListElement":[{"@type":"ListItem","position":1,"name":"Domov","item":"https:\/\/www.multilingual.si\/sl\/"},{"@type":"ListItem","position":2,"name":"Prevod v dan\u0161\u010dino"}]},{"@type":"WebSite","@id":"https:\/\/www.multilingual.si\/sl\/#website","url":"https:\/\/www.multilingual.si\/sl\/","name":"Multilingual","description":"","potentialAction":[{"@type":"SearchAction","target":{"@type":"EntryPoint","urlTemplate":"https:\/\/www.multilingual.si\/sl\/?s={search_term_string}"},"query-input":{"@type":"PropertyValueSpecification","valueRequired":true,"valueName":"search_term_string"}}],"inLanguage":"sl-SI"}]}},"_links":{"self":[{"href":"https:\/\/www.multilingual.si\/sl\/wp-json\/wp\/v2\/pages\/3129","targetHints":{"allow":["GET"]}}],"collection":[{"href":"https:\/\/www.multilingual.si\/sl\/wp-json\/wp\/v2\/pages"}],"about":[{"href":"https:\/\/www.multilingual.si\/sl\/wp-json\/wp\/v2\/types\/page"}],"author":[{"embeddable":true,"href":"https:\/\/www.multilingual.si\/sl\/wp-json\/wp\/v2\/users\/1"}],"replies":[{"embeddable":true,"href":"https:\/\/www.multilingual.si\/sl\/wp-json\/wp\/v2\/comments?post=3129"}],"version-history":[{"count":1,"href":"https:\/\/www.multilingual.si\/sl\/wp-json\/wp\/v2\/pages\/3129\/revisions"}],"predecessor-version":[{"id":3133,"href":"https:\/\/www.multilingual.si\/sl\/wp-json\/wp\/v2\/pages\/3129\/revisions\/3133"}],"wp:attachment":[{"href":"https:\/\/www.multilingual.si\/sl\/wp-json\/wp\/v2\/media?parent=3129"}],"curies":[{"name":"wp","href":"https:\/\/api.w.org\/{rel}","templated":true}]}}