{"id":3134,"date":"2025-03-05T08:49:52","date_gmt":"2025-03-05T07:49:52","guid":{"rendered":"https:\/\/pisarna.novisplet.com\/dev4\/multilingual\/?page_id=3134"},"modified":"2025-03-05T08:49:52","modified_gmt":"2025-03-05T07:49:52","slug":"prevod-v-estonscino","status":"publish","type":"page","link":"https:\/\/www.multilingual.si\/sl\/prevod-v-estonscino\/","title":{"rendered":"Prevod v eston\u0161\u010dino"},"content":{"rendered":"<div class=\"wpb-content-wrapper\"><p>[vc_row][vc_column]        \r\n        <div class=\"title-banner no-intro-image  \">\r\n        <div class=\"container\">\r\n          <?php\/\/ if(isset($image)) :?>\r\n          <div class=\"title-banner-image-container\"\r\n                                >\r\n            <div class=\"breadcrumbs-container\">\r\n            <div class=\"container\">\r\n              <div class=\"breadcrumbs\">\r\n                <p id=\"breadcrumbs\"><span><span><a href=\"https:\/\/www.multilingual.si\/sl\/\">Domov<\/a><\/span><\/span><\/p>                <div class=\"clearfix\"><\/div>\r\n              <\/div>\r\n            <\/div>\r\n          <\/div>\r\n          <div class=\"container\">\r\n                                              <h1>Prevod v eston\u0161\u010dino<\/h1>\r\n                                          <div class=\"svg-icon\"><\/div>          <\/div>\r\n          <\/div>\r\n          <?php\/\/ endif; ?>\r\n\r\n        <\/div>\r\n        <\/div>\r\n        [\/vc_column][\/vc_row][vc_row][vc_column width=&#8221;1\/12&#8243;][\/vc_column][vc_column width=&#8221;10\/12&#8243;][vc_column_text]Prevod v eston\u0161\u010dino ali iz eston\u0161\u010dine v sloven\u0161\u010dino, angle\u0161\u010dino ali drug tuj jezik je naloga, ki jo je treba zaupati strokovno podkovanemu prevajalcu, ki je izjemno natan\u010den in poskrbi, da so besedila slovni\u010dno korektno prevedena ter so primerna za ciljno ob\u010dinstvo, ki so mu besedila namenjena, upo\u0161tevajo\u010d vse kulturne nianse in zna\u010dilnosti jezika.<\/p>\n<p>Eston\u0161\u010dina je uralski jezik, ki spada v finsko vejo uralskih jezikov in je uradni jezik baltske dr\u017eave Estonija. Govori jo pribli\u017eno 1,1 milijona govorcev. Najtesneje je povezana s fin\u0161\u010dino, vendar je v nekaterih primerih podobna tudi mad\u017ear\u0161\u010dini. Eston\u0161\u010dina se je oblikovala pod vplivi ru\u0161\u010dine, nem\u0161\u010dine, \u0161ved\u0161\u010dine, latvij\u0161\u010dine in litov\u0161\u010dine, s katero pa sicer ni v neposredni povezavi.<\/p>\n<p>Pri agenciji Multilingual smo eni redkih, ki vam lahko z mre\u017eo ve\u010d kot 500 prevajalcev doma in v tujini, zagotovimo prevod v eston\u0161\u010dino ali prevod iz eston\u0161\u010dine v sloven\u0161\u010dino ali druge jezike. Pri tem jam\u010dimo kakovost in strokovno opravljeno prevajanje, poleg tega pa vam ponujamo tudi storitve urejanja in lektoriranja po zelo ugodnih cenah.<\/p>\n<p>V nujnih primerih vam lahko prevod do 5 strani zagotovimo \u017ee v 24 urah, ob prvem naro\u010dilu pa prejmete tudi 10-odstotni popust. Zato ne odla\u0161ajte, pa\u010d pa stopite v stik z nami \u017ee danes.[\/vc_column_text][\/vc_column][vc_column width=&#8221;1\/12&#8243;][\/vc_column][\/vc_row]<\/p>\n<\/div>","protected":false},"excerpt":{"rendered":"<p>[vc_row][vc_column][\/vc_column][\/vc_row][vc_row][vc_column width=&#8221;1\/12&#8243;][\/vc_column][vc_column width=&#8221;10\/12&#8243;][vc_column_text]Prevod v eston\u0161\u010dino ali iz eston\u0161\u010dine v sloven\u0161\u010dino, angle\u0161\u010dino ali drug tuj jezik je naloga, ki jo je treba zaupati strokovno podkovanemu prevajalcu, ki je izjemno natan\u010den in poskrbi, da so besedila slovni\u010dno korektno prevedena ter so primerna za ciljno ob\u010dinstvo, ki so mu besedila namenjena, upo\u0161tevajo\u010d vse kulturne nianse in zna\u010dilnosti jezika. Eston\u0161\u010dina je uralski jezik, ki spada v finsko vejo uralskih jezikov in je uradni jezik baltske dr\u017eave Estonija. Govori jo pribli\u017eno 1,1 milijona govorcev. Najtesneje je povezana s fin\u0161\u010dino, vendar je v nekaterih primerih podobna tudi mad\u017ear\u0161\u010dini. Eston\u0161\u010dina se je oblikovala pod vplivi ru\u0161\u010dine, nem\u0161\u010dine, \u0161ved\u0161\u010dine, latvij\u0161\u010dine in litov\u0161\u010dine, s katero pa sicer ni v neposredni povezavi. Pri agenciji Multilingual smo eni redkih, ki vam [&hellip;]<\/p>\n","protected":false},"author":1,"featured_media":0,"parent":0,"menu_order":1,"comment_status":"closed","ping_status":"closed","template":"","meta":{"_acf_changed":false,"footnotes":""},"class_list":["post-3134","page","type-page","status-publish","hentry"],"acf":[],"yoast_head":"<!-- This site is optimized with the Yoast SEO plugin v24.4 - https:\/\/yoast.com\/wordpress\/plugins\/seo\/ -->\n<title>Prevod v eston\u0161\u010dino - Multilingual<\/title>\n<meta name=\"robots\" content=\"index, follow, max-snippet:-1, max-image-preview:large, max-video-preview:-1\" \/>\n<link rel=\"canonical\" href=\"https:\/\/www.multilingual.si\/sl\/prevod-v-estonscino\/\" \/>\n<meta property=\"og:locale\" content=\"sl_SI\" \/>\n<meta property=\"og:type\" content=\"article\" \/>\n<meta property=\"og:title\" content=\"Prevod v eston\u0161\u010dino - Multilingual\" \/>\n<meta property=\"og:description\" content=\"[vc_row][vc_column][\/vc_column][\/vc_row][vc_row][vc_column width=&#8221;1\/12&#8243;][\/vc_column][vc_column width=&#8221;10\/12&#8243;][vc_column_text]Prevod v eston\u0161\u010dino ali iz eston\u0161\u010dine v sloven\u0161\u010dino, angle\u0161\u010dino ali drug tuj jezik je naloga, ki jo je treba zaupati strokovno podkovanemu prevajalcu, ki je izjemno natan\u010den in poskrbi, da so besedila slovni\u010dno korektno prevedena ter so primerna za ciljno ob\u010dinstvo, ki so mu besedila namenjena, upo\u0161tevajo\u010d vse kulturne nianse in zna\u010dilnosti jezika. Eston\u0161\u010dina je uralski jezik, ki spada v finsko vejo uralskih jezikov in je uradni jezik baltske dr\u017eave Estonija. Govori jo pribli\u017eno 1,1 milijona govorcev. Najtesneje je povezana s fin\u0161\u010dino, vendar je v nekaterih primerih podobna tudi mad\u017ear\u0161\u010dini. Eston\u0161\u010dina se je oblikovala pod vplivi ru\u0161\u010dine, nem\u0161\u010dine, \u0161ved\u0161\u010dine, latvij\u0161\u010dine in litov\u0161\u010dine, s katero pa sicer ni v neposredni povezavi. Pri agenciji Multilingual smo eni redkih, ki vam [&hellip;]\" \/>\n<meta property=\"og:url\" content=\"https:\/\/www.multilingual.si\/sl\/prevod-v-estonscino\/\" \/>\n<meta property=\"og:site_name\" content=\"Multilingual\" \/>\n<meta name=\"twitter:card\" content=\"summary_large_image\" \/>\n<meta name=\"twitter:label1\" content=\"Est. reading time\" \/>\n\t<meta name=\"twitter:data1\" content=\"2 minuti\" \/>\n<script type=\"application\/ld+json\" class=\"yoast-schema-graph\">{\"@context\":\"https:\/\/schema.org\",\"@graph\":[{\"@type\":\"WebPage\",\"@id\":\"https:\/\/www.multilingual.si\/sl\/prevod-v-estonscino\/\",\"url\":\"https:\/\/www.multilingual.si\/sl\/prevod-v-estonscino\/\",\"name\":\"Prevod v eston\u0161\u010dino - Multilingual\",\"isPartOf\":{\"@id\":\"https:\/\/www.multilingual.si\/sl\/#website\"},\"datePublished\":\"2025-03-05T07:49:52+00:00\",\"breadcrumb\":{\"@id\":\"https:\/\/www.multilingual.si\/sl\/prevod-v-estonscino\/#breadcrumb\"},\"inLanguage\":\"sl-SI\",\"potentialAction\":[{\"@type\":\"ReadAction\",\"target\":[\"https:\/\/www.multilingual.si\/sl\/prevod-v-estonscino\/\"]}]},{\"@type\":\"BreadcrumbList\",\"@id\":\"https:\/\/www.multilingual.si\/sl\/prevod-v-estonscino\/#breadcrumb\",\"itemListElement\":[{\"@type\":\"ListItem\",\"position\":1,\"name\":\"Domov\",\"item\":\"https:\/\/www.multilingual.si\/sl\/\"},{\"@type\":\"ListItem\",\"position\":2,\"name\":\"Prevod v eston\u0161\u010dino\"}]},{\"@type\":\"WebSite\",\"@id\":\"https:\/\/www.multilingual.si\/sl\/#website\",\"url\":\"https:\/\/www.multilingual.si\/sl\/\",\"name\":\"Multilingual\",\"description\":\"\",\"potentialAction\":[{\"@type\":\"SearchAction\",\"target\":{\"@type\":\"EntryPoint\",\"urlTemplate\":\"https:\/\/www.multilingual.si\/sl\/?s={search_term_string}\"},\"query-input\":{\"@type\":\"PropertyValueSpecification\",\"valueRequired\":true,\"valueName\":\"search_term_string\"}}],\"inLanguage\":\"sl-SI\"}]}<\/script>\n<!-- \/ Yoast SEO plugin. -->","yoast_head_json":{"title":"Prevod v eston\u0161\u010dino - Multilingual","robots":{"index":"index","follow":"follow","max-snippet":"max-snippet:-1","max-image-preview":"max-image-preview:large","max-video-preview":"max-video-preview:-1"},"canonical":"https:\/\/www.multilingual.si\/sl\/prevod-v-estonscino\/","og_locale":"sl_SI","og_type":"article","og_title":"Prevod v eston\u0161\u010dino - Multilingual","og_description":"[vc_row][vc_column][\/vc_column][\/vc_row][vc_row][vc_column width=&#8221;1\/12&#8243;][\/vc_column][vc_column width=&#8221;10\/12&#8243;][vc_column_text]Prevod v eston\u0161\u010dino ali iz eston\u0161\u010dine v sloven\u0161\u010dino, angle\u0161\u010dino ali drug tuj jezik je naloga, ki jo je treba zaupati strokovno podkovanemu prevajalcu, ki je izjemno natan\u010den in poskrbi, da so besedila slovni\u010dno korektno prevedena ter so primerna za ciljno ob\u010dinstvo, ki so mu besedila namenjena, upo\u0161tevajo\u010d vse kulturne nianse in zna\u010dilnosti jezika. Eston\u0161\u010dina je uralski jezik, ki spada v finsko vejo uralskih jezikov in je uradni jezik baltske dr\u017eave Estonija. Govori jo pribli\u017eno 1,1 milijona govorcev. Najtesneje je povezana s fin\u0161\u010dino, vendar je v nekaterih primerih podobna tudi mad\u017ear\u0161\u010dini. Eston\u0161\u010dina se je oblikovala pod vplivi ru\u0161\u010dine, nem\u0161\u010dine, \u0161ved\u0161\u010dine, latvij\u0161\u010dine in litov\u0161\u010dine, s katero pa sicer ni v neposredni povezavi. Pri agenciji Multilingual smo eni redkih, ki vam [&hellip;]","og_url":"https:\/\/www.multilingual.si\/sl\/prevod-v-estonscino\/","og_site_name":"Multilingual","twitter_card":"summary_large_image","twitter_misc":{"Est. reading time":"2 minuti"},"schema":{"@context":"https:\/\/schema.org","@graph":[{"@type":"WebPage","@id":"https:\/\/www.multilingual.si\/sl\/prevod-v-estonscino\/","url":"https:\/\/www.multilingual.si\/sl\/prevod-v-estonscino\/","name":"Prevod v eston\u0161\u010dino - Multilingual","isPartOf":{"@id":"https:\/\/www.multilingual.si\/sl\/#website"},"datePublished":"2025-03-05T07:49:52+00:00","breadcrumb":{"@id":"https:\/\/www.multilingual.si\/sl\/prevod-v-estonscino\/#breadcrumb"},"inLanguage":"sl-SI","potentialAction":[{"@type":"ReadAction","target":["https:\/\/www.multilingual.si\/sl\/prevod-v-estonscino\/"]}]},{"@type":"BreadcrumbList","@id":"https:\/\/www.multilingual.si\/sl\/prevod-v-estonscino\/#breadcrumb","itemListElement":[{"@type":"ListItem","position":1,"name":"Domov","item":"https:\/\/www.multilingual.si\/sl\/"},{"@type":"ListItem","position":2,"name":"Prevod v eston\u0161\u010dino"}]},{"@type":"WebSite","@id":"https:\/\/www.multilingual.si\/sl\/#website","url":"https:\/\/www.multilingual.si\/sl\/","name":"Multilingual","description":"","potentialAction":[{"@type":"SearchAction","target":{"@type":"EntryPoint","urlTemplate":"https:\/\/www.multilingual.si\/sl\/?s={search_term_string}"},"query-input":{"@type":"PropertyValueSpecification","valueRequired":true,"valueName":"search_term_string"}}],"inLanguage":"sl-SI"}]}},"_links":{"self":[{"href":"https:\/\/www.multilingual.si\/sl\/wp-json\/wp\/v2\/pages\/3134","targetHints":{"allow":["GET"]}}],"collection":[{"href":"https:\/\/www.multilingual.si\/sl\/wp-json\/wp\/v2\/pages"}],"about":[{"href":"https:\/\/www.multilingual.si\/sl\/wp-json\/wp\/v2\/types\/page"}],"author":[{"embeddable":true,"href":"https:\/\/www.multilingual.si\/sl\/wp-json\/wp\/v2\/users\/1"}],"replies":[{"embeddable":true,"href":"https:\/\/www.multilingual.si\/sl\/wp-json\/wp\/v2\/comments?post=3134"}],"version-history":[{"count":1,"href":"https:\/\/www.multilingual.si\/sl\/wp-json\/wp\/v2\/pages\/3134\/revisions"}],"predecessor-version":[{"id":3135,"href":"https:\/\/www.multilingual.si\/sl\/wp-json\/wp\/v2\/pages\/3134\/revisions\/3135"}],"wp:attachment":[{"href":"https:\/\/www.multilingual.si\/sl\/wp-json\/wp\/v2\/media?parent=3134"}],"curies":[{"name":"wp","href":"https:\/\/api.w.org\/{rel}","templated":true}]}}