{"id":3136,"date":"2025-03-05T08:50:43","date_gmt":"2025-03-05T07:50:43","guid":{"rendered":"https:\/\/pisarna.novisplet.com\/dev4\/multilingual\/?page_id=3136"},"modified":"2025-03-05T08:50:43","modified_gmt":"2025-03-05T07:50:43","slug":"prevod-v-latvijscino","status":"publish","type":"page","link":"https:\/\/www.multilingual.si\/sl\/prevod-v-latvijscino\/","title":{"rendered":"Prevod v latvij\u0161\u010dino"},"content":{"rendered":"<div class=\"wpb-content-wrapper\"><p>[vc_row][vc_column]        \r\n        <div class=\"title-banner no-intro-image  \">\r\n        <div class=\"container\">\r\n          <?php\/\/ if(isset($image)) :?>\r\n          <div class=\"title-banner-image-container\"\r\n                                >\r\n            <div class=\"breadcrumbs-container\">\r\n            <div class=\"container\">\r\n              <div class=\"breadcrumbs\">\r\n                <p id=\"breadcrumbs\"><span><span><a href=\"https:\/\/www.multilingual.si\/sl\/\">Domov<\/a><\/span><\/span><\/p>                <div class=\"clearfix\"><\/div>\r\n              <\/div>\r\n            <\/div>\r\n          <\/div>\r\n          <div class=\"container\">\r\n                                              <h1>Prevod v latvij\u0161\u010dino<\/h1>\r\n                                          <div class=\"svg-icon\"><\/div>          <\/div>\r\n          <\/div>\r\n          <?php\/\/ endif; ?>\r\n\r\n        <\/div>\r\n        <\/div>\r\n        [\/vc_column][\/vc_row][vc_row][vc_column width=&#8221;1\/12&#8243;][\/vc_column][vc_column width=&#8221;10\/12&#8243;][vc_column_text]Kakovosten in strokovno opravljen prevod v latvij\u0161\u010dino ter iz latvij\u0161\u010dine v sloven\u0161\u010dino, angle\u0161\u010dino ali druge tuje jezike je v slovenskem prostoru te\u017eje dobiti, zato vam priporo\u010damo, da se obrnete na na\u0161o agencijo Multilingual za tovrstne storitve prevajanja. Z mre\u017eo ve\u010d kot 500 prevajalcev doma in tujini, vam poleg najbolj govorjenih jezikov na svetu zagotavljamo tudi prevajanje v jezike, kot je latvij\u0161\u010dina, ki jo govori 1,8 milijona ljudi.<\/p>\n<p>Latvij\u0161\u010dina in litov\u0161\u010dina sta dva \u0161e \u017eive\u010da baltska jezika, ki skupaj tvorita posebno skupino znotraj indoevropskih jezikov. Zakaj posebno? Saj sta se v primerjavi z ostalimi jeziki iz indoevropske dru\u017eine ohranila v najbolj nespremenjeni obliki in sta po starosti enaka sanskrtu. Najbolj sta sorodna slovanskim in germanskim jezikom.<\/p>\n<p>Na\u0161i prevajalci so ve\u010dinoma naravni govorci, poleg tega pa dobro poznajo razli\u010dna tematska podro\u010dja in imajo mnogo izku\u0161enj s prevajanjem tudi najzahtevnej\u0161ih besedil. Tako vam lahko jam\u010dimo strokoven in kakovosten prevod v latvij\u0161\u010dino z vso ustrezno terminologijo. Na koncu pa va\u0161e besedilo tudi pregledamo, uredimo in lektoriramo po zelo ugodnih cenah.<\/p>\n<p>Torej \u010de potrebujete prevod v latvij\u0161\u010dino ali prevod iz latvij\u0161\u010dine v sloven\u0161\u010dino ali druge jezike se obrnite na na\u0161o prevajalsko agencijo Multilingual in z veseljem vam bomo pomagali.[\/vc_column_text][\/vc_column][vc_column width=&#8221;1\/12&#8243;][\/vc_column][\/vc_row]<\/p>\n<\/div>","protected":false},"excerpt":{"rendered":"<p>[vc_row][vc_column][\/vc_column][\/vc_row][vc_row][vc_column width=&#8221;1\/12&#8243;][\/vc_column][vc_column width=&#8221;10\/12&#8243;][vc_column_text]Kakovosten in strokovno opravljen prevod v latvij\u0161\u010dino ter iz latvij\u0161\u010dine v sloven\u0161\u010dino, angle\u0161\u010dino ali druge tuje jezike je v slovenskem prostoru te\u017eje dobiti, zato vam priporo\u010damo, da se obrnete na na\u0161o agencijo Multilingual za tovrstne storitve prevajanja. Z mre\u017eo ve\u010d kot 500 prevajalcev doma in tujini, vam poleg najbolj govorjenih jezikov na svetu zagotavljamo tudi prevajanje v jezike, kot je latvij\u0161\u010dina, ki jo govori 1,8 milijona ljudi. Latvij\u0161\u010dina in litov\u0161\u010dina sta dva \u0161e \u017eive\u010da baltska jezika, ki skupaj tvorita posebno skupino znotraj indoevropskih jezikov. Zakaj posebno? Saj sta se v primerjavi z ostalimi jeziki iz indoevropske dru\u017eine ohranila v najbolj nespremenjeni obliki in sta po starosti enaka sanskrtu. Najbolj sta sorodna slovanskim in germanskim jezikom. Na\u0161i prevajalci so [&hellip;]<\/p>\n","protected":false},"author":1,"featured_media":0,"parent":0,"menu_order":0,"comment_status":"closed","ping_status":"closed","template":"","meta":{"_acf_changed":false,"footnotes":""},"class_list":["post-3136","page","type-page","status-publish","hentry"],"acf":[],"yoast_head":"<!-- This site is optimized with the Yoast SEO plugin v24.4 - https:\/\/yoast.com\/wordpress\/plugins\/seo\/ -->\n<title>Prevod v latvij\u0161\u010dino - Multilingual<\/title>\n<meta name=\"robots\" content=\"index, follow, max-snippet:-1, max-image-preview:large, max-video-preview:-1\" \/>\n<link rel=\"canonical\" href=\"https:\/\/www.multilingual.si\/sl\/prevod-v-latvijscino\/\" \/>\n<meta property=\"og:locale\" content=\"sl_SI\" \/>\n<meta property=\"og:type\" content=\"article\" \/>\n<meta property=\"og:title\" content=\"Prevod v latvij\u0161\u010dino - Multilingual\" \/>\n<meta property=\"og:description\" content=\"[vc_row][vc_column][\/vc_column][\/vc_row][vc_row][vc_column width=&#8221;1\/12&#8243;][\/vc_column][vc_column width=&#8221;10\/12&#8243;][vc_column_text]Kakovosten in strokovno opravljen prevod v latvij\u0161\u010dino ter iz latvij\u0161\u010dine v sloven\u0161\u010dino, angle\u0161\u010dino ali druge tuje jezike je v slovenskem prostoru te\u017eje dobiti, zato vam priporo\u010damo, da se obrnete na na\u0161o agencijo Multilingual za tovrstne storitve prevajanja. Z mre\u017eo ve\u010d kot 500 prevajalcev doma in tujini, vam poleg najbolj govorjenih jezikov na svetu zagotavljamo tudi prevajanje v jezike, kot je latvij\u0161\u010dina, ki jo govori 1,8 milijona ljudi. Latvij\u0161\u010dina in litov\u0161\u010dina sta dva \u0161e \u017eive\u010da baltska jezika, ki skupaj tvorita posebno skupino znotraj indoevropskih jezikov. Zakaj posebno? Saj sta se v primerjavi z ostalimi jeziki iz indoevropske dru\u017eine ohranila v najbolj nespremenjeni obliki in sta po starosti enaka sanskrtu. Najbolj sta sorodna slovanskim in germanskim jezikom. Na\u0161i prevajalci so [&hellip;]\" \/>\n<meta property=\"og:url\" content=\"https:\/\/www.multilingual.si\/sl\/prevod-v-latvijscino\/\" \/>\n<meta property=\"og:site_name\" content=\"Multilingual\" \/>\n<meta name=\"twitter:card\" content=\"summary_large_image\" \/>\n<meta name=\"twitter:label1\" content=\"Est. reading time\" \/>\n\t<meta name=\"twitter:data1\" content=\"2 minuti\" \/>\n<script type=\"application\/ld+json\" class=\"yoast-schema-graph\">{\"@context\":\"https:\/\/schema.org\",\"@graph\":[{\"@type\":\"WebPage\",\"@id\":\"https:\/\/www.multilingual.si\/sl\/prevod-v-latvijscino\/\",\"url\":\"https:\/\/www.multilingual.si\/sl\/prevod-v-latvijscino\/\",\"name\":\"Prevod v latvij\u0161\u010dino - Multilingual\",\"isPartOf\":{\"@id\":\"https:\/\/www.multilingual.si\/sl\/#website\"},\"datePublished\":\"2025-03-05T07:50:43+00:00\",\"breadcrumb\":{\"@id\":\"https:\/\/www.multilingual.si\/sl\/prevod-v-latvijscino\/#breadcrumb\"},\"inLanguage\":\"sl-SI\",\"potentialAction\":[{\"@type\":\"ReadAction\",\"target\":[\"https:\/\/www.multilingual.si\/sl\/prevod-v-latvijscino\/\"]}]},{\"@type\":\"BreadcrumbList\",\"@id\":\"https:\/\/www.multilingual.si\/sl\/prevod-v-latvijscino\/#breadcrumb\",\"itemListElement\":[{\"@type\":\"ListItem\",\"position\":1,\"name\":\"Domov\",\"item\":\"https:\/\/www.multilingual.si\/sl\/\"},{\"@type\":\"ListItem\",\"position\":2,\"name\":\"Prevod v latvij\u0161\u010dino\"}]},{\"@type\":\"WebSite\",\"@id\":\"https:\/\/www.multilingual.si\/sl\/#website\",\"url\":\"https:\/\/www.multilingual.si\/sl\/\",\"name\":\"Multilingual\",\"description\":\"\",\"potentialAction\":[{\"@type\":\"SearchAction\",\"target\":{\"@type\":\"EntryPoint\",\"urlTemplate\":\"https:\/\/www.multilingual.si\/sl\/?s={search_term_string}\"},\"query-input\":{\"@type\":\"PropertyValueSpecification\",\"valueRequired\":true,\"valueName\":\"search_term_string\"}}],\"inLanguage\":\"sl-SI\"}]}<\/script>\n<!-- \/ Yoast SEO plugin. -->","yoast_head_json":{"title":"Prevod v latvij\u0161\u010dino - Multilingual","robots":{"index":"index","follow":"follow","max-snippet":"max-snippet:-1","max-image-preview":"max-image-preview:large","max-video-preview":"max-video-preview:-1"},"canonical":"https:\/\/www.multilingual.si\/sl\/prevod-v-latvijscino\/","og_locale":"sl_SI","og_type":"article","og_title":"Prevod v latvij\u0161\u010dino - Multilingual","og_description":"[vc_row][vc_column][\/vc_column][\/vc_row][vc_row][vc_column width=&#8221;1\/12&#8243;][\/vc_column][vc_column width=&#8221;10\/12&#8243;][vc_column_text]Kakovosten in strokovno opravljen prevod v latvij\u0161\u010dino ter iz latvij\u0161\u010dine v sloven\u0161\u010dino, angle\u0161\u010dino ali druge tuje jezike je v slovenskem prostoru te\u017eje dobiti, zato vam priporo\u010damo, da se obrnete na na\u0161o agencijo Multilingual za tovrstne storitve prevajanja. Z mre\u017eo ve\u010d kot 500 prevajalcev doma in tujini, vam poleg najbolj govorjenih jezikov na svetu zagotavljamo tudi prevajanje v jezike, kot je latvij\u0161\u010dina, ki jo govori 1,8 milijona ljudi. Latvij\u0161\u010dina in litov\u0161\u010dina sta dva \u0161e \u017eive\u010da baltska jezika, ki skupaj tvorita posebno skupino znotraj indoevropskih jezikov. Zakaj posebno? Saj sta se v primerjavi z ostalimi jeziki iz indoevropske dru\u017eine ohranila v najbolj nespremenjeni obliki in sta po starosti enaka sanskrtu. Najbolj sta sorodna slovanskim in germanskim jezikom. Na\u0161i prevajalci so [&hellip;]","og_url":"https:\/\/www.multilingual.si\/sl\/prevod-v-latvijscino\/","og_site_name":"Multilingual","twitter_card":"summary_large_image","twitter_misc":{"Est. reading time":"2 minuti"},"schema":{"@context":"https:\/\/schema.org","@graph":[{"@type":"WebPage","@id":"https:\/\/www.multilingual.si\/sl\/prevod-v-latvijscino\/","url":"https:\/\/www.multilingual.si\/sl\/prevod-v-latvijscino\/","name":"Prevod v latvij\u0161\u010dino - Multilingual","isPartOf":{"@id":"https:\/\/www.multilingual.si\/sl\/#website"},"datePublished":"2025-03-05T07:50:43+00:00","breadcrumb":{"@id":"https:\/\/www.multilingual.si\/sl\/prevod-v-latvijscino\/#breadcrumb"},"inLanguage":"sl-SI","potentialAction":[{"@type":"ReadAction","target":["https:\/\/www.multilingual.si\/sl\/prevod-v-latvijscino\/"]}]},{"@type":"BreadcrumbList","@id":"https:\/\/www.multilingual.si\/sl\/prevod-v-latvijscino\/#breadcrumb","itemListElement":[{"@type":"ListItem","position":1,"name":"Domov","item":"https:\/\/www.multilingual.si\/sl\/"},{"@type":"ListItem","position":2,"name":"Prevod v latvij\u0161\u010dino"}]},{"@type":"WebSite","@id":"https:\/\/www.multilingual.si\/sl\/#website","url":"https:\/\/www.multilingual.si\/sl\/","name":"Multilingual","description":"","potentialAction":[{"@type":"SearchAction","target":{"@type":"EntryPoint","urlTemplate":"https:\/\/www.multilingual.si\/sl\/?s={search_term_string}"},"query-input":{"@type":"PropertyValueSpecification","valueRequired":true,"valueName":"search_term_string"}}],"inLanguage":"sl-SI"}]}},"_links":{"self":[{"href":"https:\/\/www.multilingual.si\/sl\/wp-json\/wp\/v2\/pages\/3136","targetHints":{"allow":["GET"]}}],"collection":[{"href":"https:\/\/www.multilingual.si\/sl\/wp-json\/wp\/v2\/pages"}],"about":[{"href":"https:\/\/www.multilingual.si\/sl\/wp-json\/wp\/v2\/types\/page"}],"author":[{"embeddable":true,"href":"https:\/\/www.multilingual.si\/sl\/wp-json\/wp\/v2\/users\/1"}],"replies":[{"embeddable":true,"href":"https:\/\/www.multilingual.si\/sl\/wp-json\/wp\/v2\/comments?post=3136"}],"version-history":[{"count":1,"href":"https:\/\/www.multilingual.si\/sl\/wp-json\/wp\/v2\/pages\/3136\/revisions"}],"predecessor-version":[{"id":3137,"href":"https:\/\/www.multilingual.si\/sl\/wp-json\/wp\/v2\/pages\/3136\/revisions\/3137"}],"wp:attachment":[{"href":"https:\/\/www.multilingual.si\/sl\/wp-json\/wp\/v2\/media?parent=3136"}],"curies":[{"name":"wp","href":"https:\/\/api.w.org\/{rel}","templated":true}]}}