{"id":3138,"date":"2025-03-05T08:51:44","date_gmt":"2025-03-05T07:51:44","guid":{"rendered":"https:\/\/pisarna.novisplet.com\/dev4\/multilingual\/?page_id=3138"},"modified":"2025-03-05T08:51:44","modified_gmt":"2025-03-05T07:51:44","slug":"prevod-v-litvanscino","status":"publish","type":"page","link":"https:\/\/www.multilingual.si\/sl\/prevod-v-litvanscino\/","title":{"rendered":"Prevod v litvan\u0161\u010dino"},"content":{"rendered":"<div class=\"wpb-content-wrapper\"><p>[vc_row][vc_column]        \r\n        <div class=\"title-banner no-intro-image  \">\r\n        <div class=\"container\">\r\n          <?php\/\/ if(isset($image)) :?>\r\n          <div class=\"title-banner-image-container\"\r\n                                >\r\n            <div class=\"breadcrumbs-container\">\r\n            <div class=\"container\">\r\n              <div class=\"breadcrumbs\">\r\n                <p id=\"breadcrumbs\"><span><span><a href=\"https:\/\/www.multilingual.si\/sl\/\">Domov<\/a><\/span><\/span><\/p>                <div class=\"clearfix\"><\/div>\r\n              <\/div>\r\n            <\/div>\r\n          <\/div>\r\n          <div class=\"container\">\r\n                                              <h1>Prevod v litvan\u0161\u010dino<\/h1>\r\n                                          <div class=\"svg-icon\"><\/div>          <\/div>\r\n          <\/div>\r\n          <?php\/\/ endif; ?>\r\n\r\n        <\/div>\r\n        <\/div>\r\n        [\/vc_column][\/vc_row][vc_row][vc_column width=&#8221;1\/12&#8243;][\/vc_column][vc_column width=&#8221;10\/12&#8243;][vc_column_text]Litov\u0161\u010dina ali litvan\u0161\u010dina je eden od dveh pre\u017eivelih baltskih jezikov in je najbolj arhai\u010den jezik med vsemi indoevropskimi jeziki. Domnevno je litvan\u0161\u010dina najbolj podobna proto-indoevropskemu jeziku, zato je v veliko pomo\u010d jezikoslovcem, ki poleg latin\u0161\u010dine, stare gr\u0161\u010dine ali sanskrta, uporabljajo tudi litovski jezik za rekonstrukcijo proto-indoevropskega jezika in raziskovanje njegovega razvoja.<\/p>\n<p>Potrebujete kakovosten in strokoven prevod v litvan\u0161\u010dino? Potem ste na pravem naslovu, saj vam na\u0161a prevajalska agencija Multilingual z obse\u017eno mre\u017eo prevajalcev zagotavlja hitro in ugodno prevajanje v litvan\u0161\u010dino, kot tudi prevajanje iz litvan\u0161\u010dine v sloven\u0161\u010dino in druge jezike. Na\u0161i izku\u0161eni prevajalci bodo poskrbeli, da je kon\u010dno besedilo brez sledi prevoda, slovni\u010dno usklajeno, prepri\u010dljivo, prilagojeno ciljnemu ob\u010dinstvu in z jasno izra\u017eenim sporo\u010dilom.<\/p>\n<p>Poleg kakovosti in odli\u010dnega kon\u010dnega rezultata, poskrbimo tudi za hitro dostave prevodov, saj prevode do 5 strani besedila dostavimo \u017ee v istem dnevu. Storitve prevajanja zagotavljamo po zelo konkuren\u010dni ceni, obenem pa vam ob prvem naro\u010dilu jam\u010dimo tudi 10-odstotni popust.<\/p>\n<p>Kadar koli lahko stopite v stik z nami po elektronski po\u0161ti inf&#111;&#64;&#x6d;&#x75;&#x6c;&#x74;ili&#110;&#103;&#x75;&#x61;&#x6c;&#x2e;si ali pa nas od ponedeljka do petka od 8. do 16. ure obi\u0161\u010dete v na\u0161i pisarni ali pa pokli\u010dete na 040 817 820. Odzvali se bomo v najkraj\u0161em mo\u017enem \u010dasu ter po va\u0161em sprejemu konkuren\u010dne ponudbe uredili prevod.[\/vc_column_text][\/vc_column][vc_column width=&#8221;1\/12&#8243;][\/vc_column][\/vc_row]<\/p>\n<\/div>","protected":false},"excerpt":{"rendered":"<p>[vc_row][vc_column][\/vc_column][\/vc_row][vc_row][vc_column width=&#8221;1\/12&#8243;][\/vc_column][vc_column width=&#8221;10\/12&#8243;][vc_column_text]Litov\u0161\u010dina ali litvan\u0161\u010dina je eden od dveh pre\u017eivelih baltskih jezikov in je najbolj arhai\u010den jezik med vsemi indoevropskimi jeziki. Domnevno je litvan\u0161\u010dina najbolj podobna proto-indoevropskemu jeziku, zato je v veliko pomo\u010d jezikoslovcem, ki poleg latin\u0161\u010dine, stare gr\u0161\u010dine ali sanskrta, uporabljajo tudi litovski jezik za rekonstrukcijo proto-indoevropskega jezika in raziskovanje njegovega razvoja. Potrebujete kakovosten in strokoven prevod v litvan\u0161\u010dino? Potem ste na pravem naslovu, saj vam na\u0161a prevajalska agencija Multilingual z obse\u017eno mre\u017eo prevajalcev zagotavlja hitro in ugodno prevajanje v litvan\u0161\u010dino, kot tudi prevajanje iz litvan\u0161\u010dine v sloven\u0161\u010dino in druge jezike. Na\u0161i izku\u0161eni prevajalci bodo poskrbeli, da je kon\u010dno besedilo brez sledi prevoda, slovni\u010dno usklajeno, prepri\u010dljivo, prilagojeno ciljnemu ob\u010dinstvu in z jasno izra\u017eenim sporo\u010dilom. Poleg kakovosti in odli\u010dnega kon\u010dnega [&hellip;]<\/p>\n","protected":false},"author":1,"featured_media":0,"parent":0,"menu_order":0,"comment_status":"closed","ping_status":"closed","template":"","meta":{"_acf_changed":false,"footnotes":""},"class_list":["post-3138","page","type-page","status-publish","hentry"],"acf":[],"yoast_head":"<!-- This site is optimized with the Yoast SEO plugin v24.4 - https:\/\/yoast.com\/wordpress\/plugins\/seo\/ -->\n<title>Prevod v litvan\u0161\u010dino - Multilingual<\/title>\n<meta name=\"robots\" content=\"index, follow, max-snippet:-1, max-image-preview:large, max-video-preview:-1\" \/>\n<link rel=\"canonical\" href=\"https:\/\/www.multilingual.si\/sl\/prevod-v-litvanscino\/\" \/>\n<meta property=\"og:locale\" content=\"sl_SI\" \/>\n<meta property=\"og:type\" content=\"article\" \/>\n<meta property=\"og:title\" content=\"Prevod v litvan\u0161\u010dino - Multilingual\" \/>\n<meta property=\"og:description\" content=\"[vc_row][vc_column][\/vc_column][\/vc_row][vc_row][vc_column width=&#8221;1\/12&#8243;][\/vc_column][vc_column width=&#8221;10\/12&#8243;][vc_column_text]Litov\u0161\u010dina ali litvan\u0161\u010dina je eden od dveh pre\u017eivelih baltskih jezikov in je najbolj arhai\u010den jezik med vsemi indoevropskimi jeziki. Domnevno je litvan\u0161\u010dina najbolj podobna proto-indoevropskemu jeziku, zato je v veliko pomo\u010d jezikoslovcem, ki poleg latin\u0161\u010dine, stare gr\u0161\u010dine ali sanskrta, uporabljajo tudi litovski jezik za rekonstrukcijo proto-indoevropskega jezika in raziskovanje njegovega razvoja. Potrebujete kakovosten in strokoven prevod v litvan\u0161\u010dino? Potem ste na pravem naslovu, saj vam na\u0161a prevajalska agencija Multilingual z obse\u017eno mre\u017eo prevajalcev zagotavlja hitro in ugodno prevajanje v litvan\u0161\u010dino, kot tudi prevajanje iz litvan\u0161\u010dine v sloven\u0161\u010dino in druge jezike. Na\u0161i izku\u0161eni prevajalci bodo poskrbeli, da je kon\u010dno besedilo brez sledi prevoda, slovni\u010dno usklajeno, prepri\u010dljivo, prilagojeno ciljnemu ob\u010dinstvu in z jasno izra\u017eenim sporo\u010dilom. Poleg kakovosti in odli\u010dnega kon\u010dnega [&hellip;]\" \/>\n<meta property=\"og:url\" content=\"https:\/\/www.multilingual.si\/sl\/prevod-v-litvanscino\/\" \/>\n<meta property=\"og:site_name\" content=\"Multilingual\" \/>\n<meta name=\"twitter:card\" content=\"summary_large_image\" \/>\n<meta name=\"twitter:label1\" content=\"Est. reading time\" \/>\n\t<meta name=\"twitter:data1\" content=\"2 minuti\" \/>\n<script type=\"application\/ld+json\" class=\"yoast-schema-graph\">{\"@context\":\"https:\/\/schema.org\",\"@graph\":[{\"@type\":\"WebPage\",\"@id\":\"https:\/\/www.multilingual.si\/sl\/prevod-v-litvanscino\/\",\"url\":\"https:\/\/www.multilingual.si\/sl\/prevod-v-litvanscino\/\",\"name\":\"Prevod v litvan\u0161\u010dino - Multilingual\",\"isPartOf\":{\"@id\":\"https:\/\/www.multilingual.si\/sl\/#website\"},\"datePublished\":\"2025-03-05T07:51:44+00:00\",\"breadcrumb\":{\"@id\":\"https:\/\/www.multilingual.si\/sl\/prevod-v-litvanscino\/#breadcrumb\"},\"inLanguage\":\"sl-SI\",\"potentialAction\":[{\"@type\":\"ReadAction\",\"target\":[\"https:\/\/www.multilingual.si\/sl\/prevod-v-litvanscino\/\"]}]},{\"@type\":\"BreadcrumbList\",\"@id\":\"https:\/\/www.multilingual.si\/sl\/prevod-v-litvanscino\/#breadcrumb\",\"itemListElement\":[{\"@type\":\"ListItem\",\"position\":1,\"name\":\"Domov\",\"item\":\"https:\/\/www.multilingual.si\/sl\/\"},{\"@type\":\"ListItem\",\"position\":2,\"name\":\"Prevod v litvan\u0161\u010dino\"}]},{\"@type\":\"WebSite\",\"@id\":\"https:\/\/www.multilingual.si\/sl\/#website\",\"url\":\"https:\/\/www.multilingual.si\/sl\/\",\"name\":\"Multilingual\",\"description\":\"\",\"potentialAction\":[{\"@type\":\"SearchAction\",\"target\":{\"@type\":\"EntryPoint\",\"urlTemplate\":\"https:\/\/www.multilingual.si\/sl\/?s={search_term_string}\"},\"query-input\":{\"@type\":\"PropertyValueSpecification\",\"valueRequired\":true,\"valueName\":\"search_term_string\"}}],\"inLanguage\":\"sl-SI\"}]}<\/script>\n<!-- \/ Yoast SEO plugin. -->","yoast_head_json":{"title":"Prevod v litvan\u0161\u010dino - Multilingual","robots":{"index":"index","follow":"follow","max-snippet":"max-snippet:-1","max-image-preview":"max-image-preview:large","max-video-preview":"max-video-preview:-1"},"canonical":"https:\/\/www.multilingual.si\/sl\/prevod-v-litvanscino\/","og_locale":"sl_SI","og_type":"article","og_title":"Prevod v litvan\u0161\u010dino - Multilingual","og_description":"[vc_row][vc_column][\/vc_column][\/vc_row][vc_row][vc_column width=&#8221;1\/12&#8243;][\/vc_column][vc_column width=&#8221;10\/12&#8243;][vc_column_text]Litov\u0161\u010dina ali litvan\u0161\u010dina je eden od dveh pre\u017eivelih baltskih jezikov in je najbolj arhai\u010den jezik med vsemi indoevropskimi jeziki. Domnevno je litvan\u0161\u010dina najbolj podobna proto-indoevropskemu jeziku, zato je v veliko pomo\u010d jezikoslovcem, ki poleg latin\u0161\u010dine, stare gr\u0161\u010dine ali sanskrta, uporabljajo tudi litovski jezik za rekonstrukcijo proto-indoevropskega jezika in raziskovanje njegovega razvoja. Potrebujete kakovosten in strokoven prevod v litvan\u0161\u010dino? Potem ste na pravem naslovu, saj vam na\u0161a prevajalska agencija Multilingual z obse\u017eno mre\u017eo prevajalcev zagotavlja hitro in ugodno prevajanje v litvan\u0161\u010dino, kot tudi prevajanje iz litvan\u0161\u010dine v sloven\u0161\u010dino in druge jezike. Na\u0161i izku\u0161eni prevajalci bodo poskrbeli, da je kon\u010dno besedilo brez sledi prevoda, slovni\u010dno usklajeno, prepri\u010dljivo, prilagojeno ciljnemu ob\u010dinstvu in z jasno izra\u017eenim sporo\u010dilom. Poleg kakovosti in odli\u010dnega kon\u010dnega [&hellip;]","og_url":"https:\/\/www.multilingual.si\/sl\/prevod-v-litvanscino\/","og_site_name":"Multilingual","twitter_card":"summary_large_image","twitter_misc":{"Est. reading time":"2 minuti"},"schema":{"@context":"https:\/\/schema.org","@graph":[{"@type":"WebPage","@id":"https:\/\/www.multilingual.si\/sl\/prevod-v-litvanscino\/","url":"https:\/\/www.multilingual.si\/sl\/prevod-v-litvanscino\/","name":"Prevod v litvan\u0161\u010dino - Multilingual","isPartOf":{"@id":"https:\/\/www.multilingual.si\/sl\/#website"},"datePublished":"2025-03-05T07:51:44+00:00","breadcrumb":{"@id":"https:\/\/www.multilingual.si\/sl\/prevod-v-litvanscino\/#breadcrumb"},"inLanguage":"sl-SI","potentialAction":[{"@type":"ReadAction","target":["https:\/\/www.multilingual.si\/sl\/prevod-v-litvanscino\/"]}]},{"@type":"BreadcrumbList","@id":"https:\/\/www.multilingual.si\/sl\/prevod-v-litvanscino\/#breadcrumb","itemListElement":[{"@type":"ListItem","position":1,"name":"Domov","item":"https:\/\/www.multilingual.si\/sl\/"},{"@type":"ListItem","position":2,"name":"Prevod v litvan\u0161\u010dino"}]},{"@type":"WebSite","@id":"https:\/\/www.multilingual.si\/sl\/#website","url":"https:\/\/www.multilingual.si\/sl\/","name":"Multilingual","description":"","potentialAction":[{"@type":"SearchAction","target":{"@type":"EntryPoint","urlTemplate":"https:\/\/www.multilingual.si\/sl\/?s={search_term_string}"},"query-input":{"@type":"PropertyValueSpecification","valueRequired":true,"valueName":"search_term_string"}}],"inLanguage":"sl-SI"}]}},"_links":{"self":[{"href":"https:\/\/www.multilingual.si\/sl\/wp-json\/wp\/v2\/pages\/3138","targetHints":{"allow":["GET"]}}],"collection":[{"href":"https:\/\/www.multilingual.si\/sl\/wp-json\/wp\/v2\/pages"}],"about":[{"href":"https:\/\/www.multilingual.si\/sl\/wp-json\/wp\/v2\/types\/page"}],"author":[{"embeddable":true,"href":"https:\/\/www.multilingual.si\/sl\/wp-json\/wp\/v2\/users\/1"}],"replies":[{"embeddable":true,"href":"https:\/\/www.multilingual.si\/sl\/wp-json\/wp\/v2\/comments?post=3138"}],"version-history":[{"count":1,"href":"https:\/\/www.multilingual.si\/sl\/wp-json\/wp\/v2\/pages\/3138\/revisions"}],"predecessor-version":[{"id":3139,"href":"https:\/\/www.multilingual.si\/sl\/wp-json\/wp\/v2\/pages\/3138\/revisions\/3139"}],"wp:attachment":[{"href":"https:\/\/www.multilingual.si\/sl\/wp-json\/wp\/v2\/media?parent=3138"}],"curies":[{"name":"wp","href":"https:\/\/api.w.org\/{rel}","templated":true}]}}