{"id":438,"date":"2025-02-11T12:19:29","date_gmt":"2025-02-11T11:19:29","guid":{"rendered":"https:\/\/pisarna.novisplet.com\/dev4\/multilingual\/certifikat-bonitetne-odlicnosti-aaa\/"},"modified":"2025-02-28T13:51:27","modified_gmt":"2025-02-28T12:51:27","slug":"certifikat-bonitetne-odlicnosti-aaa","status":"publish","type":"page","link":"https:\/\/www.multilingual.si\/sl\/certifikat-bonitetne-odlicnosti-aaa\/","title":{"rendered":"Certifikat bonitetne odli\u010dnosti AAA"},"content":{"rendered":"<div class=\"wpb-content-wrapper\"><p>[vc_row][vc_column]        \r\n        <div class=\"title-banner no-intro-image  \">\r\n        <div class=\"container\">\r\n          <?php\/\/ if(isset($image)) :?>\r\n          <div class=\"title-banner-image-container\"\r\n                                >\r\n            <div class=\"breadcrumbs-container\">\r\n            <div class=\"container\">\r\n              <div class=\"breadcrumbs\">\r\n                <p id=\"breadcrumbs\"><span><span><a href=\"https:\/\/www.multilingual.si\/sl\/\">Domov<\/a><\/span><\/span><\/p>                <div class=\"clearfix\"><\/div>\r\n              <\/div>\r\n            <\/div>\r\n          <\/div>\r\n          <div class=\"container\">\r\n                                              <h1>Certifikat bonitetne odli\u010dnosti AAA<\/h1>\r\n                                          <div class=\"svg-icon\"><\/div>          <\/div>\r\n          <\/div>\r\n          <?php\/\/ endif; ?>\r\n\r\n        <\/div>\r\n        <\/div>\r\n        [\/vc_column][\/vc_row][vc_row][vc_column width=&#8221;1\/12&#8243;][\/vc_column][vc_column width=&#8221;10\/12&#8243;][vc_column_text]V Multilingual d.o.o. smo pridobili bonitetno oceno AAA, kar pomeni, da spadamo v najvi\u0161ji razred bonitetne odli\u010dnosti v Sloveniji (cca. 4,2 % podjetij)[\/vc_column_text][vc_single_image image=&#8221;3062&#8243;][vc_column_text]<\/p>\n<h3>Kaj je bonitetna odli\u010dnost?<\/h3>\n<p>Bonitetna ocena odli\u010dnosti predstavlja nadpovpre\u010dno bonitetno vrednost gospodarskih subjektov. Temelji na ra\u010dunovodskih izkazih subjektov za zadnje poslovno leto in napoveduje varnost poslovanja v naslednjih dvanajstih mesecih.<\/p>\n<p>Bonitetna hi\u0161a Bisnode je v mednarodnem projektu finan\u010dne analize podjetij prisotna v 19 dr\u017eavah Europe. Vsa podjetja razdelijo v razrede S, D, C, CC, CCC, B, BB, BBB, najbolj\u0161im 10 % poslovnih subjektov pa izdajo certifikat bonitetne odli\u010dnosti naslednjih razredov:<br \/>\nA \u00a0 \u00a0 \u00a0 poslovni subjekt spada v visok razred bonitetne odli\u010dnosti (cca. 6 % podjetij)<br \/>\nAA \u00a0 \u00a0 poslovni subjekt spada v vi\u0161ji razred bonitetne odli\u010dnosti (cca. 3 % podjetij)<br \/>\nAAA \u00a0 poslovni subjekt spada v najvi\u0161ji razred bonitetne odli\u010dnosti \u00a0(cca. 4,2 % podjetij)<\/p>\n<p><a href=\"http:\/\/www.bisnode.si\/aaa\" target=\"_blank\" rel=\"noopener\">Ve\u010d o podjetju Bisnode in bonitetah.<\/a><\/p>\n<p><a title=\"si1000003949095_digitalcertificate_sl-si.pdf\" href=\"https:\/\/www.multilingual.si\/sites\/default\/files\/si1000003949095_digitalcertificate_sl-si.pdf\" type=\"application\/pdf; length=251745\">Bonitetno poro\u010dilo odli\u010dnosti 2024<\/a>,<br \/>\n<a title=\"si1000003949095_report_sl-si.pdf\" href=\"https:\/\/www.multilingual.si\/sites\/default\/files\/si1000003949095_report_sl-si_1.pdf\" type=\"application\/pdf; length=754349\">Bonitetno poro\u010dilo odli\u010dnosti 2022<\/a>,<br \/>\n<a title=\"si1000003949095_report_sl-si.pdf\" href=\"https:\/\/www.multilingual.si\/sites\/default\/files\/si1000003949095_report_sl-si_0.pdf\" type=\"application\/pdf; length=751774\">Bonitetno poro\u010dilo odli\u010dnosti 2021<\/a>,<br \/>\n<a title=\"si1000003949095_report_sl-si.pdf\" href=\"https:\/\/www.multilingual.si\/sites\/default\/files\/si1000003949095_report_sl-si.pdf\" type=\"application\/pdf; length=1406269\">Bonitetno poro\u010dilo odli\u010dnosti 2018<\/a>,<br \/>\n<a title=\"si_3949095_report_sl-si.pdf\" href=\"https:\/\/www.multilingual.si\/sites\/default\/files\/si_3949095_report_sl-si_0.pdf\" type=\"application\/pdf; length=2553656\">Bonitetno poro\u010dilo odli\u010dnosti 2017<\/a>,<br \/>\n<a title=\"si_3949095_report_sl-si.pdf\" href=\"https:\/\/www.multilingual.si\/sites\/default\/files\/si_3949095_report_sl-si.pdf\" type=\"application\/pdf; length=2557171\">Bonitetno poro\u010dilo odli\u010dnosti 2016<\/a>[\/vc_column_text][\/vc_column][vc_column width=&#8221;1\/12&#8243;][\/vc_column][\/vc_row]<\/p>\n<\/div>","protected":false},"excerpt":{"rendered":"<p>[vc_row][vc_column][\/vc_column][\/vc_row][vc_row][vc_column width=&#8221;1\/12&#8243;][\/vc_column][vc_column width=&#8221;10\/12&#8243;][vc_column_text]V Multilingual d.o.o. smo pridobili bonitetno oceno AAA, kar pomeni, da spadamo v najvi\u0161ji razred bonitetne odli\u010dnosti v Sloveniji (cca. 4,2 % podjetij)[\/vc_column_text][vc_single_image image=&#8221;3062&#8243;][vc_column_text] Kaj je bonitetna odli\u010dnost? Bonitetna ocena odli\u010dnosti predstavlja nadpovpre\u010dno bonitetno vrednost gospodarskih subjektov. Temelji na ra\u010dunovodskih izkazih subjektov za zadnje poslovno leto in napoveduje varnost poslovanja v naslednjih dvanajstih mesecih. Bonitetna hi\u0161a Bisnode je v mednarodnem projektu finan\u010dne analize podjetij prisotna v 19 dr\u017eavah Europe. Vsa podjetja razdelijo v razrede S, D, C, CC, CCC, B, BB, BBB, najbolj\u0161im 10 % poslovnih subjektov pa izdajo certifikat bonitetne odli\u010dnosti naslednjih razredov: A \u00a0 \u00a0 \u00a0 poslovni subjekt spada v visok razred bonitetne odli\u010dnosti (cca. 6 % podjetij) AA \u00a0 \u00a0 poslovni subjekt spada v vi\u0161ji [&hellip;]<\/p>\n","protected":false},"author":1,"featured_media":0,"parent":0,"menu_order":43,"comment_status":"closed","ping_status":"closed","template":"","meta":{"_acf_changed":false,"footnotes":""},"class_list":["post-438","page","type-page","status-publish","hentry"],"acf":[],"yoast_head":"<!-- This site is optimized with the Yoast SEO plugin v24.4 - https:\/\/yoast.com\/wordpress\/plugins\/seo\/ -->\n<title>Certifikat bonitetne odli\u010dnosti AAA - Multilingual<\/title>\n<meta name=\"robots\" content=\"index, follow, max-snippet:-1, max-image-preview:large, max-video-preview:-1\" \/>\n<link rel=\"canonical\" href=\"https:\/\/www.multilingual.si\/sl\/certifikat-bonitetne-odlicnosti-aaa\/\" \/>\n<meta property=\"og:locale\" content=\"sl_SI\" \/>\n<meta property=\"og:type\" content=\"article\" \/>\n<meta property=\"og:title\" content=\"Certifikat bonitetne odli\u010dnosti AAA - Multilingual\" \/>\n<meta property=\"og:description\" content=\"[vc_row][vc_column][\/vc_column][\/vc_row][vc_row][vc_column width=&#8221;1\/12&#8243;][\/vc_column][vc_column width=&#8221;10\/12&#8243;][vc_column_text]V Multilingual d.o.o. smo pridobili bonitetno oceno AAA, kar pomeni, da spadamo v najvi\u0161ji razred bonitetne odli\u010dnosti v Sloveniji (cca. 4,2 % podjetij)[\/vc_column_text][vc_single_image image=&#8221;3062&#8243;][vc_column_text] Kaj je bonitetna odli\u010dnost? Bonitetna ocena odli\u010dnosti predstavlja nadpovpre\u010dno bonitetno vrednost gospodarskih subjektov. Temelji na ra\u010dunovodskih izkazih subjektov za zadnje poslovno leto in napoveduje varnost poslovanja v naslednjih dvanajstih mesecih. Bonitetna hi\u0161a Bisnode je v mednarodnem projektu finan\u010dne analize podjetij prisotna v 19 dr\u017eavah Europe. Vsa podjetja razdelijo v razrede S, D, C, CC, CCC, B, BB, BBB, najbolj\u0161im 10 % poslovnih subjektov pa izdajo certifikat bonitetne odli\u010dnosti naslednjih razredov: A \u00a0 \u00a0 \u00a0 poslovni subjekt spada v visok razred bonitetne odli\u010dnosti (cca. 6 % podjetij) AA \u00a0 \u00a0 poslovni subjekt spada v vi\u0161ji [&hellip;]\" \/>\n<meta property=\"og:url\" content=\"https:\/\/www.multilingual.si\/sl\/certifikat-bonitetne-odlicnosti-aaa\/\" \/>\n<meta property=\"og:site_name\" content=\"Multilingual\" \/>\n<meta property=\"article:modified_time\" content=\"2025-02-28T12:51:27+00:00\" \/>\n<meta name=\"twitter:card\" content=\"summary_large_image\" \/>\n<meta name=\"twitter:label1\" content=\"Est. reading time\" \/>\n\t<meta name=\"twitter:data1\" content=\"2 minuti\" \/>\n<script type=\"application\/ld+json\" class=\"yoast-schema-graph\">{\"@context\":\"https:\/\/schema.org\",\"@graph\":[{\"@type\":\"WebPage\",\"@id\":\"https:\/\/www.multilingual.si\/sl\/certifikat-bonitetne-odlicnosti-aaa\/\",\"url\":\"https:\/\/www.multilingual.si\/sl\/certifikat-bonitetne-odlicnosti-aaa\/\",\"name\":\"Certifikat bonitetne odli\u010dnosti AAA - Multilingual\",\"isPartOf\":{\"@id\":\"https:\/\/www.multilingual.si\/sl\/#website\"},\"datePublished\":\"2025-02-11T11:19:29+00:00\",\"dateModified\":\"2025-02-28T12:51:27+00:00\",\"breadcrumb\":{\"@id\":\"https:\/\/www.multilingual.si\/sl\/certifikat-bonitetne-odlicnosti-aaa\/#breadcrumb\"},\"inLanguage\":\"sl-SI\",\"potentialAction\":[{\"@type\":\"ReadAction\",\"target\":[\"https:\/\/www.multilingual.si\/sl\/certifikat-bonitetne-odlicnosti-aaa\/\"]}]},{\"@type\":\"BreadcrumbList\",\"@id\":\"https:\/\/www.multilingual.si\/sl\/certifikat-bonitetne-odlicnosti-aaa\/#breadcrumb\",\"itemListElement\":[{\"@type\":\"ListItem\",\"position\":1,\"name\":\"Domov\",\"item\":\"https:\/\/www.multilingual.si\/sl\/\"},{\"@type\":\"ListItem\",\"position\":2,\"name\":\"Certifikat bonitetne odli\u010dnosti AAA\"}]},{\"@type\":\"WebSite\",\"@id\":\"https:\/\/www.multilingual.si\/sl\/#website\",\"url\":\"https:\/\/www.multilingual.si\/sl\/\",\"name\":\"Multilingual\",\"description\":\"\",\"potentialAction\":[{\"@type\":\"SearchAction\",\"target\":{\"@type\":\"EntryPoint\",\"urlTemplate\":\"https:\/\/www.multilingual.si\/sl\/?s={search_term_string}\"},\"query-input\":{\"@type\":\"PropertyValueSpecification\",\"valueRequired\":true,\"valueName\":\"search_term_string\"}}],\"inLanguage\":\"sl-SI\"}]}<\/script>\n<!-- \/ Yoast SEO plugin. -->","yoast_head_json":{"title":"Certifikat bonitetne odli\u010dnosti AAA - Multilingual","robots":{"index":"index","follow":"follow","max-snippet":"max-snippet:-1","max-image-preview":"max-image-preview:large","max-video-preview":"max-video-preview:-1"},"canonical":"https:\/\/www.multilingual.si\/sl\/certifikat-bonitetne-odlicnosti-aaa\/","og_locale":"sl_SI","og_type":"article","og_title":"Certifikat bonitetne odli\u010dnosti AAA - Multilingual","og_description":"[vc_row][vc_column][\/vc_column][\/vc_row][vc_row][vc_column width=&#8221;1\/12&#8243;][\/vc_column][vc_column width=&#8221;10\/12&#8243;][vc_column_text]V Multilingual d.o.o. smo pridobili bonitetno oceno AAA, kar pomeni, da spadamo v najvi\u0161ji razred bonitetne odli\u010dnosti v Sloveniji (cca. 4,2 % podjetij)[\/vc_column_text][vc_single_image image=&#8221;3062&#8243;][vc_column_text] Kaj je bonitetna odli\u010dnost? Bonitetna ocena odli\u010dnosti predstavlja nadpovpre\u010dno bonitetno vrednost gospodarskih subjektov. Temelji na ra\u010dunovodskih izkazih subjektov za zadnje poslovno leto in napoveduje varnost poslovanja v naslednjih dvanajstih mesecih. Bonitetna hi\u0161a Bisnode je v mednarodnem projektu finan\u010dne analize podjetij prisotna v 19 dr\u017eavah Europe. Vsa podjetja razdelijo v razrede S, D, C, CC, CCC, B, BB, BBB, najbolj\u0161im 10 % poslovnih subjektov pa izdajo certifikat bonitetne odli\u010dnosti naslednjih razredov: A \u00a0 \u00a0 \u00a0 poslovni subjekt spada v visok razred bonitetne odli\u010dnosti (cca. 6 % podjetij) AA \u00a0 \u00a0 poslovni subjekt spada v vi\u0161ji [&hellip;]","og_url":"https:\/\/www.multilingual.si\/sl\/certifikat-bonitetne-odlicnosti-aaa\/","og_site_name":"Multilingual","article_modified_time":"2025-02-28T12:51:27+00:00","twitter_card":"summary_large_image","twitter_misc":{"Est. reading time":"2 minuti"},"schema":{"@context":"https:\/\/schema.org","@graph":[{"@type":"WebPage","@id":"https:\/\/www.multilingual.si\/sl\/certifikat-bonitetne-odlicnosti-aaa\/","url":"https:\/\/www.multilingual.si\/sl\/certifikat-bonitetne-odlicnosti-aaa\/","name":"Certifikat bonitetne odli\u010dnosti AAA - Multilingual","isPartOf":{"@id":"https:\/\/www.multilingual.si\/sl\/#website"},"datePublished":"2025-02-11T11:19:29+00:00","dateModified":"2025-02-28T12:51:27+00:00","breadcrumb":{"@id":"https:\/\/www.multilingual.si\/sl\/certifikat-bonitetne-odlicnosti-aaa\/#breadcrumb"},"inLanguage":"sl-SI","potentialAction":[{"@type":"ReadAction","target":["https:\/\/www.multilingual.si\/sl\/certifikat-bonitetne-odlicnosti-aaa\/"]}]},{"@type":"BreadcrumbList","@id":"https:\/\/www.multilingual.si\/sl\/certifikat-bonitetne-odlicnosti-aaa\/#breadcrumb","itemListElement":[{"@type":"ListItem","position":1,"name":"Domov","item":"https:\/\/www.multilingual.si\/sl\/"},{"@type":"ListItem","position":2,"name":"Certifikat bonitetne odli\u010dnosti AAA"}]},{"@type":"WebSite","@id":"https:\/\/www.multilingual.si\/sl\/#website","url":"https:\/\/www.multilingual.si\/sl\/","name":"Multilingual","description":"","potentialAction":[{"@type":"SearchAction","target":{"@type":"EntryPoint","urlTemplate":"https:\/\/www.multilingual.si\/sl\/?s={search_term_string}"},"query-input":{"@type":"PropertyValueSpecification","valueRequired":true,"valueName":"search_term_string"}}],"inLanguage":"sl-SI"}]}},"_links":{"self":[{"href":"https:\/\/www.multilingual.si\/sl\/wp-json\/wp\/v2\/pages\/438","targetHints":{"allow":["GET"]}}],"collection":[{"href":"https:\/\/www.multilingual.si\/sl\/wp-json\/wp\/v2\/pages"}],"about":[{"href":"https:\/\/www.multilingual.si\/sl\/wp-json\/wp\/v2\/types\/page"}],"author":[{"embeddable":true,"href":"https:\/\/www.multilingual.si\/sl\/wp-json\/wp\/v2\/users\/1"}],"replies":[{"embeddable":true,"href":"https:\/\/www.multilingual.si\/sl\/wp-json\/wp\/v2\/comments?post=438"}],"version-history":[{"count":6,"href":"https:\/\/www.multilingual.si\/sl\/wp-json\/wp\/v2\/pages\/438\/revisions"}],"predecessor-version":[{"id":3071,"href":"https:\/\/www.multilingual.si\/sl\/wp-json\/wp\/v2\/pages\/438\/revisions\/3071"}],"wp:attachment":[{"href":"https:\/\/www.multilingual.si\/sl\/wp-json\/wp\/v2\/media?parent=438"}],"curies":[{"name":"wp","href":"https:\/\/api.w.org\/{rel}","templated":true}]}}