{"id":442,"date":"2025-02-11T12:19:29","date_gmt":"2025-02-11T11:19:29","guid":{"rendered":"https:\/\/pisarna.novisplet.com\/dev4\/multilingual\/prevod-v-arabscino\/"},"modified":"2025-02-28T14:12:28","modified_gmt":"2025-02-28T13:12:28","slug":"prevod-v-arabscino","status":"publish","type":"page","link":"https:\/\/www.multilingual.si\/sl\/prevod-v-arabscino\/","title":{"rendered":"Prevod v arab\u0161\u010dino"},"content":{"rendered":"<div class=\"wpb-content-wrapper\"><p>[vc_row][vc_column]        \r\n        <div class=\"title-banner no-intro-image  \">\r\n        <div class=\"container\">\r\n          <?php\/\/ if(isset($image)) :?>\r\n          <div class=\"title-banner-image-container\"\r\n                                >\r\n            <div class=\"breadcrumbs-container\">\r\n            <div class=\"container\">\r\n              <div class=\"breadcrumbs\">\r\n                <p id=\"breadcrumbs\"><span><span><a href=\"https:\/\/www.multilingual.si\/sl\/\">Domov<\/a><\/span><\/span><\/p>                <div class=\"clearfix\"><\/div>\r\n              <\/div>\r\n            <\/div>\r\n          <\/div>\r\n          <div class=\"container\">\r\n                                              <h1>Prevod v arab\u0161\u010dino<\/h1>\r\n                                          <div class=\"svg-icon\"><\/div>          <\/div>\r\n          <\/div>\r\n          <?php\/\/ endif; ?>\r\n\r\n        <\/div>\r\n        <\/div>\r\n        [\/vc_column][\/vc_row][vc_row][vc_column width=&#8221;1\/12&#8243;][\/vc_column][vc_column width=&#8221;10\/12&#8243;][vc_column_text]Kakovosten <a href=\"http:\/\/www.multilingual.si\/sl\/prevodi\">prevod <\/a>v arab\u0161\u010dino je v slovenskem prostoru te\u017eje dobiti, zato vam priporo\u010damo, da se obrnete na preverjeno in kakovostno prevajalsko agencijo Multilingual. Z mre\u017eo ve\u010d kot 500 prevajalcev po vsej Evropi vam poleg najbolj raz\u0161irjenih jezikov zagotavljamo tudi kakovostno <a href=\"http:\/\/www.multilingual.si\/sl\/prevajanje\">prevajanje <\/a>v ve\u010d kot 25 jezikov, med njimi tudi v arab\u0161\u010dino.<\/p>\n<p>Arabski jezik je prisoten \u017ee ve\u010d kot 1500 let in je jezik z bogatim besednim zakladom in mo\u010dno tradicijo. Pri prevajanju morajo prevajalci poskrbeti, da je sporo\u010dilo izhodi\u0161\u010dnega besedila ustrezno preneseno v prevod na na\u010din, da nagovori ciljne bralce ter je jasno in razumljivo.<\/p>\n<h3>Prevod v arab\u0161\u010dino za vse potrebe<\/h3>\n<p>Na\u0161i <a href=\"http:\/\/www.multilingual.si\/sl\/prevajalci\">prevajalci <\/a>imajo mnogo izku\u0161enj s prevajanjem tudi najzahtevnej\u0161ih besedil, poleg tega pa so specializirani za razli\u010dna tematska podro\u010dja. Tako vam lahko zagotovimo profesionalen in kakovosten prevod z vso ustrezno terminologijo. Na koncu prevedeno besedilo pregleda tudi naravni govorec jezika, ki poskrbi, da je vse tako, kot mora biti.<\/p>\n<h2>Za prevod v arab\u0161\u010dino po najbolj konkuren\u010dni ceni pokli\u010dite na tel. +386 (0)40 817 820 ali nam pi\u0161ite po elektronski po\u0161ti <a href=\"m&#97;&#x69;&#x6c;to&#58;&#x69;&#x6e;f&#111;&#x40;&#x6d;ul&#116;&#x69;&#x6c;i&#110;&#x67;&#x75;al&#46;&#x73;&#x69;\">i&#110;&#x66;o&#64;&#x6d;&#x75;l&#116;&#x69;&#x6c;i&#110;&#x67;ua&#x6c;&#x2e;s&#105;<\/a>.<\/h2>\n<p>[\/vc_column_text][\/vc_column][vc_column width=&#8221;1\/12&#8243;][\/vc_column][\/vc_row]<\/p>\n<\/div>","protected":false},"excerpt":{"rendered":"<p>[vc_row][vc_column][\/vc_column][\/vc_row][vc_row][vc_column width=&#8221;1\/12&#8243;][\/vc_column][vc_column width=&#8221;10\/12&#8243;][vc_column_text]Kakovosten prevod v arab\u0161\u010dino je v slovenskem prostoru te\u017eje dobiti, zato vam priporo\u010damo, da se obrnete na preverjeno in kakovostno prevajalsko agencijo Multilingual. Z mre\u017eo ve\u010d kot 500 prevajalcev po vsej Evropi vam poleg najbolj raz\u0161irjenih jezikov zagotavljamo tudi kakovostno prevajanje v ve\u010d kot 25 jezikov, med njimi tudi v arab\u0161\u010dino. Arabski jezik je prisoten \u017ee ve\u010d kot 1500 let in je jezik z bogatim besednim zakladom in mo\u010dno tradicijo. Pri prevajanju morajo prevajalci poskrbeti, da je sporo\u010dilo izhodi\u0161\u010dnega besedila ustrezno preneseno v prevod na na\u010din, da nagovori ciljne bralce ter je jasno in razumljivo. Prevod v arab\u0161\u010dino za vse potrebe Na\u0161i prevajalci imajo mnogo izku\u0161enj s prevajanjem tudi najzahtevnej\u0161ih besedil, poleg tega pa so specializirani za razli\u010dna [&hellip;]<\/p>\n","protected":false},"author":1,"featured_media":0,"parent":0,"menu_order":46,"comment_status":"closed","ping_status":"closed","template":"","meta":{"_acf_changed":false,"footnotes":""},"class_list":["post-442","page","type-page","status-publish","hentry"],"acf":[],"yoast_head":"<!-- This site is optimized with the Yoast SEO plugin v24.4 - https:\/\/yoast.com\/wordpress\/plugins\/seo\/ -->\n<title>Prevod v arab\u0161\u010dino - Multilingual<\/title>\n<meta name=\"robots\" content=\"index, follow, max-snippet:-1, max-image-preview:large, max-video-preview:-1\" \/>\n<link rel=\"canonical\" href=\"https:\/\/www.multilingual.si\/sl\/prevod-v-arabscino\/\" \/>\n<meta property=\"og:locale\" content=\"sl_SI\" \/>\n<meta property=\"og:type\" content=\"article\" \/>\n<meta property=\"og:title\" content=\"Prevod v arab\u0161\u010dino - Multilingual\" \/>\n<meta property=\"og:description\" content=\"[vc_row][vc_column][\/vc_column][\/vc_row][vc_row][vc_column width=&#8221;1\/12&#8243;][\/vc_column][vc_column width=&#8221;10\/12&#8243;][vc_column_text]Kakovosten prevod v arab\u0161\u010dino je v slovenskem prostoru te\u017eje dobiti, zato vam priporo\u010damo, da se obrnete na preverjeno in kakovostno prevajalsko agencijo Multilingual. Z mre\u017eo ve\u010d kot 500 prevajalcev po vsej Evropi vam poleg najbolj raz\u0161irjenih jezikov zagotavljamo tudi kakovostno prevajanje v ve\u010d kot 25 jezikov, med njimi tudi v arab\u0161\u010dino. Arabski jezik je prisoten \u017ee ve\u010d kot 1500 let in je jezik z bogatim besednim zakladom in mo\u010dno tradicijo. Pri prevajanju morajo prevajalci poskrbeti, da je sporo\u010dilo izhodi\u0161\u010dnega besedila ustrezno preneseno v prevod na na\u010din, da nagovori ciljne bralce ter je jasno in razumljivo. Prevod v arab\u0161\u010dino za vse potrebe Na\u0161i prevajalci imajo mnogo izku\u0161enj s prevajanjem tudi najzahtevnej\u0161ih besedil, poleg tega pa so specializirani za razli\u010dna [&hellip;]\" \/>\n<meta property=\"og:url\" content=\"https:\/\/www.multilingual.si\/sl\/prevod-v-arabscino\/\" \/>\n<meta property=\"og:site_name\" content=\"Multilingual\" \/>\n<meta property=\"article:modified_time\" content=\"2025-02-28T13:12:28+00:00\" \/>\n<meta name=\"twitter:card\" content=\"summary_large_image\" \/>\n<meta name=\"twitter:label1\" content=\"Est. reading time\" \/>\n\t<meta name=\"twitter:data1\" content=\"1 minuta\" \/>\n<script type=\"application\/ld+json\" class=\"yoast-schema-graph\">{\"@context\":\"https:\/\/schema.org\",\"@graph\":[{\"@type\":\"WebPage\",\"@id\":\"https:\/\/www.multilingual.si\/sl\/prevod-v-arabscino\/\",\"url\":\"https:\/\/www.multilingual.si\/sl\/prevod-v-arabscino\/\",\"name\":\"Prevod v arab\u0161\u010dino - Multilingual\",\"isPartOf\":{\"@id\":\"https:\/\/www.multilingual.si\/sl\/#website\"},\"datePublished\":\"2025-02-11T11:19:29+00:00\",\"dateModified\":\"2025-02-28T13:12:28+00:00\",\"breadcrumb\":{\"@id\":\"https:\/\/www.multilingual.si\/sl\/prevod-v-arabscino\/#breadcrumb\"},\"inLanguage\":\"sl-SI\",\"potentialAction\":[{\"@type\":\"ReadAction\",\"target\":[\"https:\/\/www.multilingual.si\/sl\/prevod-v-arabscino\/\"]}]},{\"@type\":\"BreadcrumbList\",\"@id\":\"https:\/\/www.multilingual.si\/sl\/prevod-v-arabscino\/#breadcrumb\",\"itemListElement\":[{\"@type\":\"ListItem\",\"position\":1,\"name\":\"Domov\",\"item\":\"https:\/\/www.multilingual.si\/sl\/\"},{\"@type\":\"ListItem\",\"position\":2,\"name\":\"Prevod v arab\u0161\u010dino\"}]},{\"@type\":\"WebSite\",\"@id\":\"https:\/\/www.multilingual.si\/sl\/#website\",\"url\":\"https:\/\/www.multilingual.si\/sl\/\",\"name\":\"Multilingual\",\"description\":\"\",\"potentialAction\":[{\"@type\":\"SearchAction\",\"target\":{\"@type\":\"EntryPoint\",\"urlTemplate\":\"https:\/\/www.multilingual.si\/sl\/?s={search_term_string}\"},\"query-input\":{\"@type\":\"PropertyValueSpecification\",\"valueRequired\":true,\"valueName\":\"search_term_string\"}}],\"inLanguage\":\"sl-SI\"}]}<\/script>\n<!-- \/ Yoast SEO plugin. -->","yoast_head_json":{"title":"Prevod v arab\u0161\u010dino - Multilingual","robots":{"index":"index","follow":"follow","max-snippet":"max-snippet:-1","max-image-preview":"max-image-preview:large","max-video-preview":"max-video-preview:-1"},"canonical":"https:\/\/www.multilingual.si\/sl\/prevod-v-arabscino\/","og_locale":"sl_SI","og_type":"article","og_title":"Prevod v arab\u0161\u010dino - Multilingual","og_description":"[vc_row][vc_column][\/vc_column][\/vc_row][vc_row][vc_column width=&#8221;1\/12&#8243;][\/vc_column][vc_column width=&#8221;10\/12&#8243;][vc_column_text]Kakovosten prevod v arab\u0161\u010dino je v slovenskem prostoru te\u017eje dobiti, zato vam priporo\u010damo, da se obrnete na preverjeno in kakovostno prevajalsko agencijo Multilingual. Z mre\u017eo ve\u010d kot 500 prevajalcev po vsej Evropi vam poleg najbolj raz\u0161irjenih jezikov zagotavljamo tudi kakovostno prevajanje v ve\u010d kot 25 jezikov, med njimi tudi v arab\u0161\u010dino. Arabski jezik je prisoten \u017ee ve\u010d kot 1500 let in je jezik z bogatim besednim zakladom in mo\u010dno tradicijo. Pri prevajanju morajo prevajalci poskrbeti, da je sporo\u010dilo izhodi\u0161\u010dnega besedila ustrezno preneseno v prevod na na\u010din, da nagovori ciljne bralce ter je jasno in razumljivo. Prevod v arab\u0161\u010dino za vse potrebe Na\u0161i prevajalci imajo mnogo izku\u0161enj s prevajanjem tudi najzahtevnej\u0161ih besedil, poleg tega pa so specializirani za razli\u010dna [&hellip;]","og_url":"https:\/\/www.multilingual.si\/sl\/prevod-v-arabscino\/","og_site_name":"Multilingual","article_modified_time":"2025-02-28T13:12:28+00:00","twitter_card":"summary_large_image","twitter_misc":{"Est. reading time":"1 minuta"},"schema":{"@context":"https:\/\/schema.org","@graph":[{"@type":"WebPage","@id":"https:\/\/www.multilingual.si\/sl\/prevod-v-arabscino\/","url":"https:\/\/www.multilingual.si\/sl\/prevod-v-arabscino\/","name":"Prevod v arab\u0161\u010dino - Multilingual","isPartOf":{"@id":"https:\/\/www.multilingual.si\/sl\/#website"},"datePublished":"2025-02-11T11:19:29+00:00","dateModified":"2025-02-28T13:12:28+00:00","breadcrumb":{"@id":"https:\/\/www.multilingual.si\/sl\/prevod-v-arabscino\/#breadcrumb"},"inLanguage":"sl-SI","potentialAction":[{"@type":"ReadAction","target":["https:\/\/www.multilingual.si\/sl\/prevod-v-arabscino\/"]}]},{"@type":"BreadcrumbList","@id":"https:\/\/www.multilingual.si\/sl\/prevod-v-arabscino\/#breadcrumb","itemListElement":[{"@type":"ListItem","position":1,"name":"Domov","item":"https:\/\/www.multilingual.si\/sl\/"},{"@type":"ListItem","position":2,"name":"Prevod v arab\u0161\u010dino"}]},{"@type":"WebSite","@id":"https:\/\/www.multilingual.si\/sl\/#website","url":"https:\/\/www.multilingual.si\/sl\/","name":"Multilingual","description":"","potentialAction":[{"@type":"SearchAction","target":{"@type":"EntryPoint","urlTemplate":"https:\/\/www.multilingual.si\/sl\/?s={search_term_string}"},"query-input":{"@type":"PropertyValueSpecification","valueRequired":true,"valueName":"search_term_string"}}],"inLanguage":"sl-SI"}]}},"_links":{"self":[{"href":"https:\/\/www.multilingual.si\/sl\/wp-json\/wp\/v2\/pages\/442","targetHints":{"allow":["GET"]}}],"collection":[{"href":"https:\/\/www.multilingual.si\/sl\/wp-json\/wp\/v2\/pages"}],"about":[{"href":"https:\/\/www.multilingual.si\/sl\/wp-json\/wp\/v2\/types\/page"}],"author":[{"embeddable":true,"href":"https:\/\/www.multilingual.si\/sl\/wp-json\/wp\/v2\/users\/1"}],"replies":[{"embeddable":true,"href":"https:\/\/www.multilingual.si\/sl\/wp-json\/wp\/v2\/comments?post=442"}],"version-history":[{"count":1,"href":"https:\/\/www.multilingual.si\/sl\/wp-json\/wp\/v2\/pages\/442\/revisions"}],"predecessor-version":[{"id":3100,"href":"https:\/\/www.multilingual.si\/sl\/wp-json\/wp\/v2\/pages\/442\/revisions\/3100"}],"wp:attachment":[{"href":"https:\/\/www.multilingual.si\/sl\/wp-json\/wp\/v2\/media?parent=442"}],"curies":[{"name":"wp","href":"https:\/\/api.w.org\/{rel}","templated":true}]}}