{"id":443,"date":"2025-02-11T12:19:29","date_gmt":"2025-02-11T11:19:29","guid":{"rendered":"https:\/\/pisarna.novisplet.com\/dev4\/multilingual\/prevod-v-finscino\/"},"modified":"2025-02-28T14:12:52","modified_gmt":"2025-02-28T13:12:52","slug":"prevod-v-finscino","status":"publish","type":"page","link":"https:\/\/www.multilingual.si\/sl\/prevod-v-finscino\/","title":{"rendered":"Prevod v fin\u0161\u010dino"},"content":{"rendered":"<div class=\"wpb-content-wrapper\"><p>[vc_row][vc_column]        \r\n        <div class=\"title-banner no-intro-image  \">\r\n        <div class=\"container\">\r\n          <?php\/\/ if(isset($image)) :?>\r\n          <div class=\"title-banner-image-container\"\r\n                                >\r\n            <div class=\"breadcrumbs-container\">\r\n            <div class=\"container\">\r\n              <div class=\"breadcrumbs\">\r\n                <p id=\"breadcrumbs\"><span><span><a href=\"https:\/\/www.multilingual.si\/sl\/\">Domov<\/a><\/span><\/span><\/p>                <div class=\"clearfix\"><\/div>\r\n              <\/div>\r\n            <\/div>\r\n          <\/div>\r\n          <div class=\"container\">\r\n                                              <h1>Prevod v fin\u0161\u010dino<\/h1>\r\n                                          <div class=\"svg-icon\"><\/div>          <\/div>\r\n          <\/div>\r\n          <?php\/\/ endif; ?>\r\n\r\n        <\/div>\r\n        <\/div>\r\n        [\/vc_column][\/vc_row][vc_row][vc_column width=&#8221;1\/12&#8243;][\/vc_column][vc_column width=&#8221;10\/12&#8243;][vc_column_text]<a href=\"http:\/\/www.multilingual.si\/sl\/prevodi\">Prevod <\/a>v fin\u0161\u010dino vam v slovenskem prostoru zagotavlja le malo prevajalskih agencij, saj so obi\u010dajno specializirane le za bolj raz\u0161irjene jezike. V podjetju Multilingual pa smo poslovni model zasnovali tako, da vam lahko z mre\u017eo ve\u010d kot 500 prevajalcev po vsej Evropi zagotovimo kakovostno <a href=\"http:\/\/www.multilingual.si\/sl\/prevajanje\">prevajanje <\/a>v ve\u010d kot 30 jezikov.<\/p>\n<p>Fin\u0161\u010dina spada v tako imenovano ugrofinsko jezikovno skupino, ki se je razvijala lo\u010deno od ostalih bolj raz\u0161irjenih skupin. Finski jezik zato velja kot trd oreh pri u\u010denju, saj si ne moremo pomagati z jezikovnimi podobnostmi v besedi\u0161\u010du in skladnji. Pomembno je, da <a href=\"http:\/\/www.multilingual.si\/sl\/prevodi\">prevod <\/a>v fin\u0161\u010dino opravi strokovno usposobljen prevajalec z izku\u0161njami, ki dobro pozna vse jezikovne posebnosti in slovni\u010dna pravila, hkrati pa poskrbi tudi za ustrezen prenos osrednjega sporo\u010dila besedila.<\/p>\n<h3>Konkuren\u010dne cene prevodov<\/h3>\n<p>Poleg kakovosti vam zagotavljamo tudi ugodne cene prevodov ter poskrbimo, da celoten proces od oddaje va\u0161ega naro\u010dila poteka hitro in u\u010dinkovito. Na\u0161a posebnost je, da ceno prevoda dolo\u010dimo \u017ee na podlagi izvirnika ter se je dr\u017eimo tudi v primeru, \u010de je prevedeno besedilo dalj\u0161e.<\/p>\n<p>Tako lahko pri nas do evra natan\u010dno izra\u010dunate svoje stro\u0161ke, hkrati pa z dodatnimi koli\u010dinskimi popusti in 10 % popustom ob prvem naro\u010dilu tudi prihranite.<\/p>\n<h2>Prevod v fin\u0161\u010dino pri Multilingual je zagotovo prava odlo\u010ditev. Ve\u010d informacij po tel. +386 (0)40 817 820 ali po elektronski po\u0161ti <a href=\"&#x6d;&#x61;&#x69;&#x6c;&#x74;&#x6f;&#x3a;&#x69;&#x6e;&#x66;&#x6f;&#x40;&#x6d;&#x75;&#x6c;&#x74;&#x69;&#x6c;&#x69;&#x6e;&#x67;&#x75;&#x61;&#x6c;&#x2e;&#x73;&#x69;\">&#x69;&#x6e;&#x66;&#x6f;&#64;&#109;ultil&#x69;&#x6e;&#x67;&#x75;&#x61;&#108;.si<\/a>.<\/h2>\n<p>[\/vc_column_text][\/vc_column][vc_column width=&#8221;1\/12&#8243;][\/vc_column][\/vc_row]<\/p>\n<\/div>","protected":false},"excerpt":{"rendered":"<p>[vc_row][vc_column][\/vc_column][\/vc_row][vc_row][vc_column width=&#8221;1\/12&#8243;][\/vc_column][vc_column width=&#8221;10\/12&#8243;][vc_column_text]Prevod v fin\u0161\u010dino vam v slovenskem prostoru zagotavlja le malo prevajalskih agencij, saj so obi\u010dajno specializirane le za bolj raz\u0161irjene jezike. V podjetju Multilingual pa smo poslovni model zasnovali tako, da vam lahko z mre\u017eo ve\u010d kot 500 prevajalcev po vsej Evropi zagotovimo kakovostno prevajanje v ve\u010d kot 30 jezikov. Fin\u0161\u010dina spada v tako imenovano ugrofinsko jezikovno skupino, ki se je razvijala lo\u010deno od ostalih bolj raz\u0161irjenih skupin. Finski jezik zato velja kot trd oreh pri u\u010denju, saj si ne moremo pomagati z jezikovnimi podobnostmi v besedi\u0161\u010du in skladnji. Pomembno je, da prevod v fin\u0161\u010dino opravi strokovno usposobljen prevajalec z izku\u0161njami, ki dobro pozna vse jezikovne posebnosti in slovni\u010dna pravila, hkrati pa poskrbi tudi za ustrezen prenos osrednjega [&hellip;]<\/p>\n","protected":false},"author":1,"featured_media":0,"parent":0,"menu_order":47,"comment_status":"closed","ping_status":"closed","template":"","meta":{"_acf_changed":false,"footnotes":""},"class_list":["post-443","page","type-page","status-publish","hentry"],"acf":[],"yoast_head":"<!-- This site is optimized with the Yoast SEO plugin v24.4 - https:\/\/yoast.com\/wordpress\/plugins\/seo\/ -->\n<title>Prevod v fin\u0161\u010dino - Multilingual<\/title>\n<meta name=\"robots\" content=\"index, follow, max-snippet:-1, max-image-preview:large, max-video-preview:-1\" \/>\n<link rel=\"canonical\" href=\"https:\/\/www.multilingual.si\/sl\/prevod-v-finscino\/\" \/>\n<meta property=\"og:locale\" content=\"sl_SI\" \/>\n<meta property=\"og:type\" content=\"article\" \/>\n<meta property=\"og:title\" content=\"Prevod v fin\u0161\u010dino - Multilingual\" \/>\n<meta property=\"og:description\" content=\"[vc_row][vc_column][\/vc_column][\/vc_row][vc_row][vc_column width=&#8221;1\/12&#8243;][\/vc_column][vc_column width=&#8221;10\/12&#8243;][vc_column_text]Prevod v fin\u0161\u010dino vam v slovenskem prostoru zagotavlja le malo prevajalskih agencij, saj so obi\u010dajno specializirane le za bolj raz\u0161irjene jezike. V podjetju Multilingual pa smo poslovni model zasnovali tako, da vam lahko z mre\u017eo ve\u010d kot 500 prevajalcev po vsej Evropi zagotovimo kakovostno prevajanje v ve\u010d kot 30 jezikov. Fin\u0161\u010dina spada v tako imenovano ugrofinsko jezikovno skupino, ki se je razvijala lo\u010deno od ostalih bolj raz\u0161irjenih skupin. Finski jezik zato velja kot trd oreh pri u\u010denju, saj si ne moremo pomagati z jezikovnimi podobnostmi v besedi\u0161\u010du in skladnji. Pomembno je, da prevod v fin\u0161\u010dino opravi strokovno usposobljen prevajalec z izku\u0161njami, ki dobro pozna vse jezikovne posebnosti in slovni\u010dna pravila, hkrati pa poskrbi tudi za ustrezen prenos osrednjega [&hellip;]\" \/>\n<meta property=\"og:url\" content=\"https:\/\/www.multilingual.si\/sl\/prevod-v-finscino\/\" \/>\n<meta property=\"og:site_name\" content=\"Multilingual\" \/>\n<meta property=\"article:modified_time\" content=\"2025-02-28T13:12:52+00:00\" \/>\n<meta name=\"twitter:card\" content=\"summary_large_image\" \/>\n<meta name=\"twitter:label1\" content=\"Est. reading time\" \/>\n\t<meta name=\"twitter:data1\" content=\"2 minuti\" \/>\n<script type=\"application\/ld+json\" class=\"yoast-schema-graph\">{\"@context\":\"https:\/\/schema.org\",\"@graph\":[{\"@type\":\"WebPage\",\"@id\":\"https:\/\/www.multilingual.si\/sl\/prevod-v-finscino\/\",\"url\":\"https:\/\/www.multilingual.si\/sl\/prevod-v-finscino\/\",\"name\":\"Prevod v fin\u0161\u010dino - Multilingual\",\"isPartOf\":{\"@id\":\"https:\/\/www.multilingual.si\/sl\/#website\"},\"datePublished\":\"2025-02-11T11:19:29+00:00\",\"dateModified\":\"2025-02-28T13:12:52+00:00\",\"breadcrumb\":{\"@id\":\"https:\/\/www.multilingual.si\/sl\/prevod-v-finscino\/#breadcrumb\"},\"inLanguage\":\"sl-SI\",\"potentialAction\":[{\"@type\":\"ReadAction\",\"target\":[\"https:\/\/www.multilingual.si\/sl\/prevod-v-finscino\/\"]}]},{\"@type\":\"BreadcrumbList\",\"@id\":\"https:\/\/www.multilingual.si\/sl\/prevod-v-finscino\/#breadcrumb\",\"itemListElement\":[{\"@type\":\"ListItem\",\"position\":1,\"name\":\"Domov\",\"item\":\"https:\/\/www.multilingual.si\/sl\/\"},{\"@type\":\"ListItem\",\"position\":2,\"name\":\"Prevod v fin\u0161\u010dino\"}]},{\"@type\":\"WebSite\",\"@id\":\"https:\/\/www.multilingual.si\/sl\/#website\",\"url\":\"https:\/\/www.multilingual.si\/sl\/\",\"name\":\"Multilingual\",\"description\":\"\",\"potentialAction\":[{\"@type\":\"SearchAction\",\"target\":{\"@type\":\"EntryPoint\",\"urlTemplate\":\"https:\/\/www.multilingual.si\/sl\/?s={search_term_string}\"},\"query-input\":{\"@type\":\"PropertyValueSpecification\",\"valueRequired\":true,\"valueName\":\"search_term_string\"}}],\"inLanguage\":\"sl-SI\"}]}<\/script>\n<!-- \/ Yoast SEO plugin. -->","yoast_head_json":{"title":"Prevod v fin\u0161\u010dino - Multilingual","robots":{"index":"index","follow":"follow","max-snippet":"max-snippet:-1","max-image-preview":"max-image-preview:large","max-video-preview":"max-video-preview:-1"},"canonical":"https:\/\/www.multilingual.si\/sl\/prevod-v-finscino\/","og_locale":"sl_SI","og_type":"article","og_title":"Prevod v fin\u0161\u010dino - Multilingual","og_description":"[vc_row][vc_column][\/vc_column][\/vc_row][vc_row][vc_column width=&#8221;1\/12&#8243;][\/vc_column][vc_column width=&#8221;10\/12&#8243;][vc_column_text]Prevod v fin\u0161\u010dino vam v slovenskem prostoru zagotavlja le malo prevajalskih agencij, saj so obi\u010dajno specializirane le za bolj raz\u0161irjene jezike. V podjetju Multilingual pa smo poslovni model zasnovali tako, da vam lahko z mre\u017eo ve\u010d kot 500 prevajalcev po vsej Evropi zagotovimo kakovostno prevajanje v ve\u010d kot 30 jezikov. Fin\u0161\u010dina spada v tako imenovano ugrofinsko jezikovno skupino, ki se je razvijala lo\u010deno od ostalih bolj raz\u0161irjenih skupin. Finski jezik zato velja kot trd oreh pri u\u010denju, saj si ne moremo pomagati z jezikovnimi podobnostmi v besedi\u0161\u010du in skladnji. Pomembno je, da prevod v fin\u0161\u010dino opravi strokovno usposobljen prevajalec z izku\u0161njami, ki dobro pozna vse jezikovne posebnosti in slovni\u010dna pravila, hkrati pa poskrbi tudi za ustrezen prenos osrednjega [&hellip;]","og_url":"https:\/\/www.multilingual.si\/sl\/prevod-v-finscino\/","og_site_name":"Multilingual","article_modified_time":"2025-02-28T13:12:52+00:00","twitter_card":"summary_large_image","twitter_misc":{"Est. reading time":"2 minuti"},"schema":{"@context":"https:\/\/schema.org","@graph":[{"@type":"WebPage","@id":"https:\/\/www.multilingual.si\/sl\/prevod-v-finscino\/","url":"https:\/\/www.multilingual.si\/sl\/prevod-v-finscino\/","name":"Prevod v fin\u0161\u010dino - Multilingual","isPartOf":{"@id":"https:\/\/www.multilingual.si\/sl\/#website"},"datePublished":"2025-02-11T11:19:29+00:00","dateModified":"2025-02-28T13:12:52+00:00","breadcrumb":{"@id":"https:\/\/www.multilingual.si\/sl\/prevod-v-finscino\/#breadcrumb"},"inLanguage":"sl-SI","potentialAction":[{"@type":"ReadAction","target":["https:\/\/www.multilingual.si\/sl\/prevod-v-finscino\/"]}]},{"@type":"BreadcrumbList","@id":"https:\/\/www.multilingual.si\/sl\/prevod-v-finscino\/#breadcrumb","itemListElement":[{"@type":"ListItem","position":1,"name":"Domov","item":"https:\/\/www.multilingual.si\/sl\/"},{"@type":"ListItem","position":2,"name":"Prevod v fin\u0161\u010dino"}]},{"@type":"WebSite","@id":"https:\/\/www.multilingual.si\/sl\/#website","url":"https:\/\/www.multilingual.si\/sl\/","name":"Multilingual","description":"","potentialAction":[{"@type":"SearchAction","target":{"@type":"EntryPoint","urlTemplate":"https:\/\/www.multilingual.si\/sl\/?s={search_term_string}"},"query-input":{"@type":"PropertyValueSpecification","valueRequired":true,"valueName":"search_term_string"}}],"inLanguage":"sl-SI"}]}},"_links":{"self":[{"href":"https:\/\/www.multilingual.si\/sl\/wp-json\/wp\/v2\/pages\/443","targetHints":{"allow":["GET"]}}],"collection":[{"href":"https:\/\/www.multilingual.si\/sl\/wp-json\/wp\/v2\/pages"}],"about":[{"href":"https:\/\/www.multilingual.si\/sl\/wp-json\/wp\/v2\/types\/page"}],"author":[{"embeddable":true,"href":"https:\/\/www.multilingual.si\/sl\/wp-json\/wp\/v2\/users\/1"}],"replies":[{"embeddable":true,"href":"https:\/\/www.multilingual.si\/sl\/wp-json\/wp\/v2\/comments?post=443"}],"version-history":[{"count":1,"href":"https:\/\/www.multilingual.si\/sl\/wp-json\/wp\/v2\/pages\/443\/revisions"}],"predecessor-version":[{"id":3101,"href":"https:\/\/www.multilingual.si\/sl\/wp-json\/wp\/v2\/pages\/443\/revisions\/3101"}],"wp:attachment":[{"href":"https:\/\/www.multilingual.si\/sl\/wp-json\/wp\/v2\/media?parent=443"}],"curies":[{"name":"wp","href":"https:\/\/api.w.org\/{rel}","templated":true}]}}