{"id":445,"date":"2025-02-11T12:19:29","date_gmt":"2025-02-11T11:19:29","guid":{"rendered":"https:\/\/pisarna.novisplet.com\/dev4\/multilingual\/prevod-v-grscino\/"},"modified":"2025-02-28T14:13:40","modified_gmt":"2025-02-28T13:13:40","slug":"prevod-v-grscino","status":"publish","type":"page","link":"https:\/\/www.multilingual.si\/sl\/prevod-v-grscino\/","title":{"rendered":"Prevod v gr\u0161\u010dino"},"content":{"rendered":"<div class=\"wpb-content-wrapper\"><p>[vc_row][vc_column]        \r\n        <div class=\"title-banner no-intro-image  \">\r\n        <div class=\"container\">\r\n          <?php\/\/ if(isset($image)) :?>\r\n          <div class=\"title-banner-image-container\"\r\n                                >\r\n            <div class=\"breadcrumbs-container\">\r\n            <div class=\"container\">\r\n              <div class=\"breadcrumbs\">\r\n                <p id=\"breadcrumbs\"><span><span><a href=\"https:\/\/www.multilingual.si\/sl\/\">Domov<\/a><\/span><\/span><\/p>                <div class=\"clearfix\"><\/div>\r\n              <\/div>\r\n            <\/div>\r\n          <\/div>\r\n          <div class=\"container\">\r\n                                              <h1>Prevod v gr\u0161\u010dino<\/h1>\r\n                                          <div class=\"svg-icon\"><\/div>          <\/div>\r\n          <\/div>\r\n          <?php\/\/ endif; ?>\r\n\r\n        <\/div>\r\n        <\/div>\r\n        [\/vc_column][\/vc_row][vc_row][vc_column width=&#8221;1\/12&#8243;][\/vc_column][vc_column width=&#8221;10\/12&#8243;][vc_column_text]Za kakovosten <a href=\"http:\/\/www.multilingual.si\/sl\/prevodi\">prevod <\/a>v gr\u0161\u010dino je vsekakor priporo\u010dljivo, da se obrnete na zaupanja vredno prevajalsko agencijo, kot je podjetje Multilingual. Z odli\u010dnimi referencami, mre\u017eo ve\u010d kot 500 prevajalcev po vsej Evropi ter bogatimi izku\u0161njami smo preverjena izbira za vse tipe in razli\u010dne zahtevnosti prevodov. Prevod v gr\u0161\u010dino uredijo na\u0161i prevajalci, ki so naravni govorci jezika, kar pomeni, da poskrbijo prav za vse pomembne nianse besedila.<\/p>\n<p><a href=\"http:\/\/www.multilingual.si\/sl\/prevajanje\">Prevajanje <\/a>v gr\u0161\u010dino zahteva dobro poznavanje tako terminologije kot slovni\u010dnih in stilisti\u010dnih pravil jezika. Gr\u0161ki jezik je zapisan v pisavi, ki so jo Grki prevzeli od Feni\u010danov \u017ee v 8. stoletju pr. n. \u0161t. in uporablja posebne \u010drke, ki se od na\u0161a pisave precej razlikujejo. Velikokrat se zgodi, da naro\u010dniki prevoda besedila sami ne razumejo in ne morejo ovrednotiti kakovosti, zato je izredno pomembno zaupanje ter to, da sodelujete s profesionalnimi prevajalci.<\/p>\n<h3>Prevod v gr\u0161\u010dino hitro in ugodno<\/h3>\n<p>V podjetju Multilingual smo ponosni na na\u0161o hitro odzivnost in <a href=\"http:\/\/www.multilingual.si\/sl\/prevodi\">prevode <\/a>do 5 strani besedila vam lahko po dogovoru zagotovimo \u017ee v istem dnevu. Na\u0161o ponudbo smo optimizirali na na\u010din, da vam lahko ponudimo najbolj konkuren\u010dne cene prevajanja, pri \u010demer hkrati poskrbimo za najvi\u0161jo raven storitve.<\/p>\n<p>Na\u0161i prevajalci so specializirani za razli\u010dna tematska podro\u010dja, zato vam prevod v gr\u0161\u010dino lahko zagotovimo ne glede na tematiko ali stopnjo zahtevnosti besedila. Mnogi naro\u010dniki potrjujejo, da se sodelovanje z nami spla\u010da, o \u010demer se boste \u017ee ob prvem sodelovanju z nami prepri\u010dali tudi sami.<\/p>\n<h2>I\u0161\u010dete kakovosten prevod v gr\u0161\u010dino? Z veseljem pri\u010dakujemo va\u0161 kontakt na tel. +386 (0)40 817 820 ali po elektronski po\u0161ti <a href=\"&#x6d;ai&#x6c;to&#x3a;in&#x66;o&#64;&#x6d;ul&#x74;il&#x69;&#110;g&#x75;&#97;l&#x2e;&#115;i\">&#105;&#x6e;f&#x6f;&#64;&#109;&#x75;l&#x74;i&#x6c;i&#110;&#x67;u&#x61;l&#x2e;&#x73;&#105;<\/a>.<\/h2>\n<p>[\/vc_column_text][\/vc_column][vc_column width=&#8221;1\/12&#8243;][\/vc_column][\/vc_row]<\/p>\n<\/div>","protected":false},"excerpt":{"rendered":"<p>[vc_row][vc_column][\/vc_column][\/vc_row][vc_row][vc_column width=&#8221;1\/12&#8243;][\/vc_column][vc_column width=&#8221;10\/12&#8243;][vc_column_text]Za kakovosten prevod v gr\u0161\u010dino je vsekakor priporo\u010dljivo, da se obrnete na zaupanja vredno prevajalsko agencijo, kot je podjetje Multilingual. Z odli\u010dnimi referencami, mre\u017eo ve\u010d kot 500 prevajalcev po vsej Evropi ter bogatimi izku\u0161njami smo preverjena izbira za vse tipe in razli\u010dne zahtevnosti prevodov. Prevod v gr\u0161\u010dino uredijo na\u0161i prevajalci, ki so naravni govorci jezika, kar pomeni, da poskrbijo prav za vse pomembne nianse besedila. Prevajanje v gr\u0161\u010dino zahteva dobro poznavanje tako terminologije kot slovni\u010dnih in stilisti\u010dnih pravil jezika. Gr\u0161ki jezik je zapisan v pisavi, ki so jo Grki prevzeli od Feni\u010danov \u017ee v 8. stoletju pr. n. \u0161t. in uporablja posebne \u010drke, ki se od na\u0161a pisave precej razlikujejo. Velikokrat se zgodi, da naro\u010dniki prevoda besedila sami [&hellip;]<\/p>\n","protected":false},"author":1,"featured_media":0,"parent":0,"menu_order":49,"comment_status":"closed","ping_status":"closed","template":"","meta":{"_acf_changed":false,"footnotes":""},"class_list":["post-445","page","type-page","status-publish","hentry"],"acf":[],"yoast_head":"<!-- This site is optimized with the Yoast SEO plugin v24.4 - https:\/\/yoast.com\/wordpress\/plugins\/seo\/ -->\n<title>Prevod v gr\u0161\u010dino - Multilingual<\/title>\n<meta name=\"robots\" content=\"index, follow, max-snippet:-1, max-image-preview:large, max-video-preview:-1\" \/>\n<link rel=\"canonical\" href=\"https:\/\/www.multilingual.si\/sl\/prevod-v-grscino\/\" \/>\n<meta property=\"og:locale\" content=\"sl_SI\" \/>\n<meta property=\"og:type\" content=\"article\" \/>\n<meta property=\"og:title\" content=\"Prevod v gr\u0161\u010dino - Multilingual\" \/>\n<meta property=\"og:description\" content=\"[vc_row][vc_column][\/vc_column][\/vc_row][vc_row][vc_column width=&#8221;1\/12&#8243;][\/vc_column][vc_column width=&#8221;10\/12&#8243;][vc_column_text]Za kakovosten prevod v gr\u0161\u010dino je vsekakor priporo\u010dljivo, da se obrnete na zaupanja vredno prevajalsko agencijo, kot je podjetje Multilingual. Z odli\u010dnimi referencami, mre\u017eo ve\u010d kot 500 prevajalcev po vsej Evropi ter bogatimi izku\u0161njami smo preverjena izbira za vse tipe in razli\u010dne zahtevnosti prevodov. Prevod v gr\u0161\u010dino uredijo na\u0161i prevajalci, ki so naravni govorci jezika, kar pomeni, da poskrbijo prav za vse pomembne nianse besedila. Prevajanje v gr\u0161\u010dino zahteva dobro poznavanje tako terminologije kot slovni\u010dnih in stilisti\u010dnih pravil jezika. Gr\u0161ki jezik je zapisan v pisavi, ki so jo Grki prevzeli od Feni\u010danov \u017ee v 8. stoletju pr. n. \u0161t. in uporablja posebne \u010drke, ki se od na\u0161a pisave precej razlikujejo. Velikokrat se zgodi, da naro\u010dniki prevoda besedila sami [&hellip;]\" \/>\n<meta property=\"og:url\" content=\"https:\/\/www.multilingual.si\/sl\/prevod-v-grscino\/\" \/>\n<meta property=\"og:site_name\" content=\"Multilingual\" \/>\n<meta property=\"article:modified_time\" content=\"2025-02-28T13:13:40+00:00\" \/>\n<meta name=\"twitter:card\" content=\"summary_large_image\" \/>\n<meta name=\"twitter:label1\" content=\"Est. reading time\" \/>\n\t<meta name=\"twitter:data1\" content=\"2 minuti\" \/>\n<script type=\"application\/ld+json\" class=\"yoast-schema-graph\">{\"@context\":\"https:\/\/schema.org\",\"@graph\":[{\"@type\":\"WebPage\",\"@id\":\"https:\/\/www.multilingual.si\/sl\/prevod-v-grscino\/\",\"url\":\"https:\/\/www.multilingual.si\/sl\/prevod-v-grscino\/\",\"name\":\"Prevod v gr\u0161\u010dino - Multilingual\",\"isPartOf\":{\"@id\":\"https:\/\/www.multilingual.si\/sl\/#website\"},\"datePublished\":\"2025-02-11T11:19:29+00:00\",\"dateModified\":\"2025-02-28T13:13:40+00:00\",\"breadcrumb\":{\"@id\":\"https:\/\/www.multilingual.si\/sl\/prevod-v-grscino\/#breadcrumb\"},\"inLanguage\":\"sl-SI\",\"potentialAction\":[{\"@type\":\"ReadAction\",\"target\":[\"https:\/\/www.multilingual.si\/sl\/prevod-v-grscino\/\"]}]},{\"@type\":\"BreadcrumbList\",\"@id\":\"https:\/\/www.multilingual.si\/sl\/prevod-v-grscino\/#breadcrumb\",\"itemListElement\":[{\"@type\":\"ListItem\",\"position\":1,\"name\":\"Domov\",\"item\":\"https:\/\/www.multilingual.si\/sl\/\"},{\"@type\":\"ListItem\",\"position\":2,\"name\":\"Prevod v gr\u0161\u010dino\"}]},{\"@type\":\"WebSite\",\"@id\":\"https:\/\/www.multilingual.si\/sl\/#website\",\"url\":\"https:\/\/www.multilingual.si\/sl\/\",\"name\":\"Multilingual\",\"description\":\"\",\"potentialAction\":[{\"@type\":\"SearchAction\",\"target\":{\"@type\":\"EntryPoint\",\"urlTemplate\":\"https:\/\/www.multilingual.si\/sl\/?s={search_term_string}\"},\"query-input\":{\"@type\":\"PropertyValueSpecification\",\"valueRequired\":true,\"valueName\":\"search_term_string\"}}],\"inLanguage\":\"sl-SI\"}]}<\/script>\n<!-- \/ Yoast SEO plugin. -->","yoast_head_json":{"title":"Prevod v gr\u0161\u010dino - Multilingual","robots":{"index":"index","follow":"follow","max-snippet":"max-snippet:-1","max-image-preview":"max-image-preview:large","max-video-preview":"max-video-preview:-1"},"canonical":"https:\/\/www.multilingual.si\/sl\/prevod-v-grscino\/","og_locale":"sl_SI","og_type":"article","og_title":"Prevod v gr\u0161\u010dino - Multilingual","og_description":"[vc_row][vc_column][\/vc_column][\/vc_row][vc_row][vc_column width=&#8221;1\/12&#8243;][\/vc_column][vc_column width=&#8221;10\/12&#8243;][vc_column_text]Za kakovosten prevod v gr\u0161\u010dino je vsekakor priporo\u010dljivo, da se obrnete na zaupanja vredno prevajalsko agencijo, kot je podjetje Multilingual. Z odli\u010dnimi referencami, mre\u017eo ve\u010d kot 500 prevajalcev po vsej Evropi ter bogatimi izku\u0161njami smo preverjena izbira za vse tipe in razli\u010dne zahtevnosti prevodov. Prevod v gr\u0161\u010dino uredijo na\u0161i prevajalci, ki so naravni govorci jezika, kar pomeni, da poskrbijo prav za vse pomembne nianse besedila. Prevajanje v gr\u0161\u010dino zahteva dobro poznavanje tako terminologije kot slovni\u010dnih in stilisti\u010dnih pravil jezika. Gr\u0161ki jezik je zapisan v pisavi, ki so jo Grki prevzeli od Feni\u010danov \u017ee v 8. stoletju pr. n. \u0161t. in uporablja posebne \u010drke, ki se od na\u0161a pisave precej razlikujejo. Velikokrat se zgodi, da naro\u010dniki prevoda besedila sami [&hellip;]","og_url":"https:\/\/www.multilingual.si\/sl\/prevod-v-grscino\/","og_site_name":"Multilingual","article_modified_time":"2025-02-28T13:13:40+00:00","twitter_card":"summary_large_image","twitter_misc":{"Est. reading time":"2 minuti"},"schema":{"@context":"https:\/\/schema.org","@graph":[{"@type":"WebPage","@id":"https:\/\/www.multilingual.si\/sl\/prevod-v-grscino\/","url":"https:\/\/www.multilingual.si\/sl\/prevod-v-grscino\/","name":"Prevod v gr\u0161\u010dino - Multilingual","isPartOf":{"@id":"https:\/\/www.multilingual.si\/sl\/#website"},"datePublished":"2025-02-11T11:19:29+00:00","dateModified":"2025-02-28T13:13:40+00:00","breadcrumb":{"@id":"https:\/\/www.multilingual.si\/sl\/prevod-v-grscino\/#breadcrumb"},"inLanguage":"sl-SI","potentialAction":[{"@type":"ReadAction","target":["https:\/\/www.multilingual.si\/sl\/prevod-v-grscino\/"]}]},{"@type":"BreadcrumbList","@id":"https:\/\/www.multilingual.si\/sl\/prevod-v-grscino\/#breadcrumb","itemListElement":[{"@type":"ListItem","position":1,"name":"Domov","item":"https:\/\/www.multilingual.si\/sl\/"},{"@type":"ListItem","position":2,"name":"Prevod v gr\u0161\u010dino"}]},{"@type":"WebSite","@id":"https:\/\/www.multilingual.si\/sl\/#website","url":"https:\/\/www.multilingual.si\/sl\/","name":"Multilingual","description":"","potentialAction":[{"@type":"SearchAction","target":{"@type":"EntryPoint","urlTemplate":"https:\/\/www.multilingual.si\/sl\/?s={search_term_string}"},"query-input":{"@type":"PropertyValueSpecification","valueRequired":true,"valueName":"search_term_string"}}],"inLanguage":"sl-SI"}]}},"_links":{"self":[{"href":"https:\/\/www.multilingual.si\/sl\/wp-json\/wp\/v2\/pages\/445","targetHints":{"allow":["GET"]}}],"collection":[{"href":"https:\/\/www.multilingual.si\/sl\/wp-json\/wp\/v2\/pages"}],"about":[{"href":"https:\/\/www.multilingual.si\/sl\/wp-json\/wp\/v2\/types\/page"}],"author":[{"embeddable":true,"href":"https:\/\/www.multilingual.si\/sl\/wp-json\/wp\/v2\/users\/1"}],"replies":[{"embeddable":true,"href":"https:\/\/www.multilingual.si\/sl\/wp-json\/wp\/v2\/comments?post=445"}],"version-history":[{"count":1,"href":"https:\/\/www.multilingual.si\/sl\/wp-json\/wp\/v2\/pages\/445\/revisions"}],"predecessor-version":[{"id":3103,"href":"https:\/\/www.multilingual.si\/sl\/wp-json\/wp\/v2\/pages\/445\/revisions\/3103"}],"wp:attachment":[{"href":"https:\/\/www.multilingual.si\/sl\/wp-json\/wp\/v2\/media?parent=445"}],"curies":[{"name":"wp","href":"https:\/\/api.w.org\/{rel}","templated":true}]}}