{"id":452,"date":"2025-02-11T12:19:29","date_gmt":"2025-02-11T11:19:29","guid":{"rendered":"https:\/\/pisarna.novisplet.com\/dev4\/multilingual\/prevod-v-albanscino\/"},"modified":"2025-02-28T14:15:55","modified_gmt":"2025-02-28T13:15:55","slug":"prevod-v-albanscino","status":"publish","type":"page","link":"https:\/\/www.multilingual.si\/sl\/prevod-v-albanscino\/","title":{"rendered":"Prevod v alban\u0161\u010dino"},"content":{"rendered":"<div class=\"wpb-content-wrapper\"><p>[vc_row][vc_column]        \r\n        <div class=\"title-banner no-intro-image  \">\r\n        <div class=\"container\">\r\n          <?php\/\/ if(isset($image)) :?>\r\n          <div class=\"title-banner-image-container\"\r\n                                >\r\n            <div class=\"breadcrumbs-container\">\r\n            <div class=\"container\">\r\n              <div class=\"breadcrumbs\">\r\n                <p id=\"breadcrumbs\"><span><span><a href=\"https:\/\/www.multilingual.si\/sl\/\">Domov<\/a><\/span><\/span><\/p>                <div class=\"clearfix\"><\/div>\r\n              <\/div>\r\n            <\/div>\r\n          <\/div>\r\n          <div class=\"container\">\r\n                                              <h1>Prevod v alban\u0161\u010dino<\/h1>\r\n                                          <div class=\"svg-icon\"><\/div>          <\/div>\r\n          <\/div>\r\n          <?php\/\/ endif; ?>\r\n\r\n        <\/div>\r\n        <\/div>\r\n        [\/vc_column][\/vc_row][vc_row][vc_column width=&#8221;1\/12&#8243;][\/vc_column][vc_column width=&#8221;10\/12&#8243;][vc_column_text]Podjetje Multilingual je pravi naslov, kadar potrebujete kakovosten <a href=\"http:\/\/www.multilingual.si\/sl\/prevodi\">prevod v alban\u0161\u010dino<\/a> ali <a href=\"http:\/\/www.multilingual.si\/sl\/prevodi\">prevajanje iz alban\u0161\u010dine v sloven\u0161\u010dino<\/a>. Sodelujemo namre\u010d s prevajalci, ki so naravni govorci jezika, tako da besedilo prevedejo na najvi\u0161jem strokovnem nivoju. Prevod v alban\u0161\u010dino lahko v poslovnem svetu odpre marsikatera vrata, saj je Albanija precej velik in \u0161e ne v polnosti izkori\u0161\u010den trg.<\/p>\n<p>Glavni aduti podjetja Multilingual so, da vam prevod v alban\u0161\u010dino zagotovimo hitro in po izjemno konkuren\u010dni ceni, poleg tega pa vedno spo\u0161tujemo vse dogovore in \u010dasovne roke. Poleg prevajanja iz alban\u0161\u010dine v sloven\u0161\u010dino in obratno lahko poskrbimo tudi za kakovosten prevod v alban\u0161\u010dino iz drugih tujih jezikov, saj sodelujemo z ekipo ve\u010d kot 500 <a href=\"http:\/\/www.multilingual.si\/sl\/prevajalci\">prevajalcev<\/a>, ki so usposobljeni za razli\u010dne jezikovne kombinacije.<\/p>\n<h3><a href=\"http:\/\/www.multilingual.si\/sl\/prevodi\">Prevod v alban\u0161\u010dino<\/a> na najvi\u0161jem nivoju<\/h3>\n<p>Na\u0161a prva prioriteta je zagotavljanje kakovosti in va\u0161 projekt vedno predamo usposobljenemu prevajalcu, ki dobro pozna izbrano podro\u010dje. Na ta na\u010din lahko namre\u010d poskrbi, da je va\u0161e sporo\u010dilo v albanski jezik prevedeno natan\u010dno, hkrati pa prevod prilagodi tako pravilom kot kulturi ciljnega jezika in na ta na\u010din poskrbi, da zares dose\u017eete \u017eeleni u\u010dinek.<\/p>\n<p>Poleg \u017ee sicer ugodnih cen vam ob prvem naro\u010dilu zagotovimo \u0161e dodaten 10 % popust, da se lahko prepri\u010date, zakaj je modro sodelovati z ekipo Multilingual. Za redne stranke v nadaljevanju ponujamo tudi dodatne koli\u010dinske in druge popuste ter vedno poskrbimo, da ste z na\u0161imi storitvami kar najbolj zadovoljni.<\/p>\n<h2>Multilingual \u2013 va\u0161a prva izbira za prevajanje!<\/h2>\n<p>[\/vc_column_text][\/vc_column][vc_column width=&#8221;1\/12&#8243;][\/vc_column][\/vc_row]<\/p>\n<\/div>","protected":false},"excerpt":{"rendered":"<p>[vc_row][vc_column][\/vc_column][\/vc_row][vc_row][vc_column width=&#8221;1\/12&#8243;][\/vc_column][vc_column width=&#8221;10\/12&#8243;][vc_column_text]Podjetje Multilingual je pravi naslov, kadar potrebujete kakovosten prevod v alban\u0161\u010dino ali prevajanje iz alban\u0161\u010dine v sloven\u0161\u010dino. Sodelujemo namre\u010d s prevajalci, ki so naravni govorci jezika, tako da besedilo prevedejo na najvi\u0161jem strokovnem nivoju. Prevod v alban\u0161\u010dino lahko v poslovnem svetu odpre marsikatera vrata, saj je Albanija precej velik in \u0161e ne v polnosti izkori\u0161\u010den trg. Glavni aduti podjetja Multilingual so, da vam prevod v alban\u0161\u010dino zagotovimo hitro in po izjemno konkuren\u010dni ceni, poleg tega pa vedno spo\u0161tujemo vse dogovore in \u010dasovne roke. Poleg prevajanja iz alban\u0161\u010dine v sloven\u0161\u010dino in obratno lahko poskrbimo tudi za kakovosten prevod v alban\u0161\u010dino iz drugih tujih jezikov, saj sodelujemo z ekipo ve\u010d kot 500 prevajalcev, ki so usposobljeni za razli\u010dne jezikovne kombinacije. [&hellip;]<\/p>\n","protected":false},"author":1,"featured_media":0,"parent":0,"menu_order":55,"comment_status":"closed","ping_status":"closed","template":"","meta":{"_acf_changed":false,"footnotes":""},"class_list":["post-452","page","type-page","status-publish","hentry"],"acf":[],"yoast_head":"<!-- This site is optimized with the Yoast SEO plugin v24.4 - https:\/\/yoast.com\/wordpress\/plugins\/seo\/ -->\n<title>Prevod v alban\u0161\u010dino - Multilingual<\/title>\n<meta name=\"robots\" content=\"index, follow, max-snippet:-1, max-image-preview:large, max-video-preview:-1\" \/>\n<link rel=\"canonical\" href=\"https:\/\/www.multilingual.si\/sl\/prevod-v-albanscino\/\" \/>\n<meta property=\"og:locale\" content=\"sl_SI\" \/>\n<meta property=\"og:type\" content=\"article\" \/>\n<meta property=\"og:title\" content=\"Prevod v alban\u0161\u010dino - Multilingual\" \/>\n<meta property=\"og:description\" content=\"[vc_row][vc_column][\/vc_column][\/vc_row][vc_row][vc_column width=&#8221;1\/12&#8243;][\/vc_column][vc_column width=&#8221;10\/12&#8243;][vc_column_text]Podjetje Multilingual je pravi naslov, kadar potrebujete kakovosten prevod v alban\u0161\u010dino ali prevajanje iz alban\u0161\u010dine v sloven\u0161\u010dino. Sodelujemo namre\u010d s prevajalci, ki so naravni govorci jezika, tako da besedilo prevedejo na najvi\u0161jem strokovnem nivoju. Prevod v alban\u0161\u010dino lahko v poslovnem svetu odpre marsikatera vrata, saj je Albanija precej velik in \u0161e ne v polnosti izkori\u0161\u010den trg. Glavni aduti podjetja Multilingual so, da vam prevod v alban\u0161\u010dino zagotovimo hitro in po izjemno konkuren\u010dni ceni, poleg tega pa vedno spo\u0161tujemo vse dogovore in \u010dasovne roke. Poleg prevajanja iz alban\u0161\u010dine v sloven\u0161\u010dino in obratno lahko poskrbimo tudi za kakovosten prevod v alban\u0161\u010dino iz drugih tujih jezikov, saj sodelujemo z ekipo ve\u010d kot 500 prevajalcev, ki so usposobljeni za razli\u010dne jezikovne kombinacije. [&hellip;]\" \/>\n<meta property=\"og:url\" content=\"https:\/\/www.multilingual.si\/sl\/prevod-v-albanscino\/\" \/>\n<meta property=\"og:site_name\" content=\"Multilingual\" \/>\n<meta property=\"article:modified_time\" content=\"2025-02-28T13:15:55+00:00\" \/>\n<meta name=\"twitter:card\" content=\"summary_large_image\" \/>\n<meta name=\"twitter:label1\" content=\"Est. reading time\" \/>\n\t<meta name=\"twitter:data1\" content=\"2 minuti\" \/>\n<script type=\"application\/ld+json\" class=\"yoast-schema-graph\">{\"@context\":\"https:\/\/schema.org\",\"@graph\":[{\"@type\":\"WebPage\",\"@id\":\"https:\/\/www.multilingual.si\/sl\/prevod-v-albanscino\/\",\"url\":\"https:\/\/www.multilingual.si\/sl\/prevod-v-albanscino\/\",\"name\":\"Prevod v alban\u0161\u010dino - Multilingual\",\"isPartOf\":{\"@id\":\"https:\/\/www.multilingual.si\/sl\/#website\"},\"datePublished\":\"2025-02-11T11:19:29+00:00\",\"dateModified\":\"2025-02-28T13:15:55+00:00\",\"breadcrumb\":{\"@id\":\"https:\/\/www.multilingual.si\/sl\/prevod-v-albanscino\/#breadcrumb\"},\"inLanguage\":\"sl-SI\",\"potentialAction\":[{\"@type\":\"ReadAction\",\"target\":[\"https:\/\/www.multilingual.si\/sl\/prevod-v-albanscino\/\"]}]},{\"@type\":\"BreadcrumbList\",\"@id\":\"https:\/\/www.multilingual.si\/sl\/prevod-v-albanscino\/#breadcrumb\",\"itemListElement\":[{\"@type\":\"ListItem\",\"position\":1,\"name\":\"Domov\",\"item\":\"https:\/\/www.multilingual.si\/sl\/\"},{\"@type\":\"ListItem\",\"position\":2,\"name\":\"Prevod v alban\u0161\u010dino\"}]},{\"@type\":\"WebSite\",\"@id\":\"https:\/\/www.multilingual.si\/sl\/#website\",\"url\":\"https:\/\/www.multilingual.si\/sl\/\",\"name\":\"Multilingual\",\"description\":\"\",\"potentialAction\":[{\"@type\":\"SearchAction\",\"target\":{\"@type\":\"EntryPoint\",\"urlTemplate\":\"https:\/\/www.multilingual.si\/sl\/?s={search_term_string}\"},\"query-input\":{\"@type\":\"PropertyValueSpecification\",\"valueRequired\":true,\"valueName\":\"search_term_string\"}}],\"inLanguage\":\"sl-SI\"}]}<\/script>\n<!-- \/ Yoast SEO plugin. -->","yoast_head_json":{"title":"Prevod v alban\u0161\u010dino - Multilingual","robots":{"index":"index","follow":"follow","max-snippet":"max-snippet:-1","max-image-preview":"max-image-preview:large","max-video-preview":"max-video-preview:-1"},"canonical":"https:\/\/www.multilingual.si\/sl\/prevod-v-albanscino\/","og_locale":"sl_SI","og_type":"article","og_title":"Prevod v alban\u0161\u010dino - Multilingual","og_description":"[vc_row][vc_column][\/vc_column][\/vc_row][vc_row][vc_column width=&#8221;1\/12&#8243;][\/vc_column][vc_column width=&#8221;10\/12&#8243;][vc_column_text]Podjetje Multilingual je pravi naslov, kadar potrebujete kakovosten prevod v alban\u0161\u010dino ali prevajanje iz alban\u0161\u010dine v sloven\u0161\u010dino. Sodelujemo namre\u010d s prevajalci, ki so naravni govorci jezika, tako da besedilo prevedejo na najvi\u0161jem strokovnem nivoju. Prevod v alban\u0161\u010dino lahko v poslovnem svetu odpre marsikatera vrata, saj je Albanija precej velik in \u0161e ne v polnosti izkori\u0161\u010den trg. Glavni aduti podjetja Multilingual so, da vam prevod v alban\u0161\u010dino zagotovimo hitro in po izjemno konkuren\u010dni ceni, poleg tega pa vedno spo\u0161tujemo vse dogovore in \u010dasovne roke. Poleg prevajanja iz alban\u0161\u010dine v sloven\u0161\u010dino in obratno lahko poskrbimo tudi za kakovosten prevod v alban\u0161\u010dino iz drugih tujih jezikov, saj sodelujemo z ekipo ve\u010d kot 500 prevajalcev, ki so usposobljeni za razli\u010dne jezikovne kombinacije. [&hellip;]","og_url":"https:\/\/www.multilingual.si\/sl\/prevod-v-albanscino\/","og_site_name":"Multilingual","article_modified_time":"2025-02-28T13:15:55+00:00","twitter_card":"summary_large_image","twitter_misc":{"Est. reading time":"2 minuti"},"schema":{"@context":"https:\/\/schema.org","@graph":[{"@type":"WebPage","@id":"https:\/\/www.multilingual.si\/sl\/prevod-v-albanscino\/","url":"https:\/\/www.multilingual.si\/sl\/prevod-v-albanscino\/","name":"Prevod v alban\u0161\u010dino - Multilingual","isPartOf":{"@id":"https:\/\/www.multilingual.si\/sl\/#website"},"datePublished":"2025-02-11T11:19:29+00:00","dateModified":"2025-02-28T13:15:55+00:00","breadcrumb":{"@id":"https:\/\/www.multilingual.si\/sl\/prevod-v-albanscino\/#breadcrumb"},"inLanguage":"sl-SI","potentialAction":[{"@type":"ReadAction","target":["https:\/\/www.multilingual.si\/sl\/prevod-v-albanscino\/"]}]},{"@type":"BreadcrumbList","@id":"https:\/\/www.multilingual.si\/sl\/prevod-v-albanscino\/#breadcrumb","itemListElement":[{"@type":"ListItem","position":1,"name":"Domov","item":"https:\/\/www.multilingual.si\/sl\/"},{"@type":"ListItem","position":2,"name":"Prevod v alban\u0161\u010dino"}]},{"@type":"WebSite","@id":"https:\/\/www.multilingual.si\/sl\/#website","url":"https:\/\/www.multilingual.si\/sl\/","name":"Multilingual","description":"","potentialAction":[{"@type":"SearchAction","target":{"@type":"EntryPoint","urlTemplate":"https:\/\/www.multilingual.si\/sl\/?s={search_term_string}"},"query-input":{"@type":"PropertyValueSpecification","valueRequired":true,"valueName":"search_term_string"}}],"inLanguage":"sl-SI"}]}},"_links":{"self":[{"href":"https:\/\/www.multilingual.si\/sl\/wp-json\/wp\/v2\/pages\/452","targetHints":{"allow":["GET"]}}],"collection":[{"href":"https:\/\/www.multilingual.si\/sl\/wp-json\/wp\/v2\/pages"}],"about":[{"href":"https:\/\/www.multilingual.si\/sl\/wp-json\/wp\/v2\/types\/page"}],"author":[{"embeddable":true,"href":"https:\/\/www.multilingual.si\/sl\/wp-json\/wp\/v2\/users\/1"}],"replies":[{"embeddable":true,"href":"https:\/\/www.multilingual.si\/sl\/wp-json\/wp\/v2\/comments?post=452"}],"version-history":[{"count":2,"href":"https:\/\/www.multilingual.si\/sl\/wp-json\/wp\/v2\/pages\/452\/revisions"}],"predecessor-version":[{"id":3110,"href":"https:\/\/www.multilingual.si\/sl\/wp-json\/wp\/v2\/pages\/452\/revisions\/3110"}],"wp:attachment":[{"href":"https:\/\/www.multilingual.si\/sl\/wp-json\/wp\/v2\/media?parent=452"}],"curies":[{"name":"wp","href":"https:\/\/api.w.org\/{rel}","templated":true}]}}