{"id":454,"date":"2025-02-11T12:19:30","date_gmt":"2025-02-11T11:19:30","guid":{"rendered":"https:\/\/pisarna.novisplet.com\/dev4\/multilingual\/prevod-v-slovascino\/"},"modified":"2025-02-28T14:16:39","modified_gmt":"2025-02-28T13:16:39","slug":"prevod-v-slovascino","status":"publish","type":"page","link":"https:\/\/www.multilingual.si\/sl\/prevod-v-slovascino\/","title":{"rendered":"Prevod v slova\u0161\u010dino"},"content":{"rendered":"<div class=\"wpb-content-wrapper\"><p>[vc_row][vc_column]        \r\n        <div class=\"title-banner no-intro-image  \">\r\n        <div class=\"container\">\r\n          <?php\/\/ if(isset($image)) :?>\r\n          <div class=\"title-banner-image-container\"\r\n                                >\r\n            <div class=\"breadcrumbs-container\">\r\n            <div class=\"container\">\r\n              <div class=\"breadcrumbs\">\r\n                <p id=\"breadcrumbs\"><span><span><a href=\"https:\/\/www.multilingual.si\/sl\/\">Domov<\/a><\/span><\/span><\/p>                <div class=\"clearfix\"><\/div>\r\n              <\/div>\r\n            <\/div>\r\n          <\/div>\r\n          <div class=\"container\">\r\n                                              <h1>Prevod v slova\u0161\u010dino<\/h1>\r\n                                          <div class=\"svg-icon\"><\/div>          <\/div>\r\n          <\/div>\r\n          <?php\/\/ endif; ?>\r\n\r\n        <\/div>\r\n        <\/div>\r\n        [\/vc_column][\/vc_row][vc_row][vc_column width=&#8221;1\/12&#8243;][\/vc_column][vc_column width=&#8221;10\/12&#8243;][vc_column_text]Slova\u0161\u010dina je jezik, ki precej spominja na sloven\u0161\u010dino in kar nekaj njihovih besed tudi razumemo, vendar je ravno to lahko \u0161e bolj varljivo. Pri <a href=\"http:\/\/www.multilingual.si\/sl\/prevajanje\">prevajanju <\/a>v tuj jezik je vedno zelo pomembno, da se odlo\u010dite za preverjenega prevajalca, ki vam zagotovi tako vsebinsko kot tudi slovni\u010dno ustreznost besedila.<\/p>\n<h3><a href=\"http:\/\/www.multilingual.si\/sl\/prevajanje\">Prevajanje <\/a>iz sloven\u0161\u010dine v slova\u0161\u010dino in obratno<\/h3>\n<p>Slova\u0161ki trg postaja za slovenska podjetja vedno bolj zanimiv in z dobrimi slova\u0161kimi prevodi se vam lahko odprejo marsikatera vrata. Najbolj\u0161a marketin\u0161ka poteza je, da svoje potencialne kupce in partnerje nagovorite v njihovem jeziku. Pri tem vam bodo pomagali na\u0161i prevajalci, ki imajo vrsto let izku\u0161enj in so usposobljeni za prevajanje vseh vrst besedil.<\/p>\n<h3>Prevajanje, ki mu ni para<\/h3>\n<p>Na\u0161e stranke vedo, da pri <a href=\"http:\/\/www.multilingual.si\/sl\/prevajanje\">prevajanju <\/a>vedno damo vse od sebe. Vsakega projekta se lotimo skrbno in natan\u010dno, na\u0161i prevajalci pa se lahko poleg svojih izku\u0161enj zanesejo tudi na kolege, s katerimi skupaj razre\u0161ijo te\u017eje primere prevodov oziroma morebitne jezikovne zagate. Poleg tega prevajalec po potrebi sodeluje tudi z vami kot naro\u010dnikom, da je kon\u010dni izdelek res na najvi\u0161jem nivoju.<\/p>\n<h2>Pokli\u010dite na 040 817 820 ali pi\u0161ite na <a href=\"&#x6d;&#97;i&#x6c;&#x74;o:&#x69;&#110;f&#x6f;&#x40;mu&#x6c;&#116;i&#x6c;&#x69;&#110;g&#x75;&#x61;l&#x2e;&#x73;&#105;\">i&#x6e;f&#111;&#x40;m&#117;&#x6c;t&#x69;&#x6c;i&#x6e;g&#117;&#x61;l&#46;&#x73;i<\/a>,<\/h2>\n<h2>da si zagotovite najbolj\u0161o ponudbo!<\/h2>\n<p>[\/vc_column_text][\/vc_column][vc_column width=&#8221;1\/12&#8243;][\/vc_column][\/vc_row]<\/p>\n<\/div>","protected":false},"excerpt":{"rendered":"<p>[vc_row][vc_column][\/vc_column][\/vc_row][vc_row][vc_column width=&#8221;1\/12&#8243;][\/vc_column][vc_column width=&#8221;10\/12&#8243;][vc_column_text]Slova\u0161\u010dina je jezik, ki precej spominja na sloven\u0161\u010dino in kar nekaj njihovih besed tudi razumemo, vendar je ravno to lahko \u0161e bolj varljivo. Pri prevajanju v tuj jezik je vedno zelo pomembno, da se odlo\u010dite za preverjenega prevajalca, ki vam zagotovi tako vsebinsko kot tudi slovni\u010dno ustreznost besedila. Prevajanje iz sloven\u0161\u010dine v slova\u0161\u010dino in obratno Slova\u0161ki trg postaja za slovenska podjetja vedno bolj zanimiv in z dobrimi slova\u0161kimi prevodi se vam lahko odprejo marsikatera vrata. Najbolj\u0161a marketin\u0161ka poteza je, da svoje potencialne kupce in partnerje nagovorite v njihovem jeziku. Pri tem vam bodo pomagali na\u0161i prevajalci, ki imajo vrsto let izku\u0161enj in so usposobljeni za prevajanje vseh vrst besedil. Prevajanje, ki mu ni para Na\u0161e stranke vedo, da [&hellip;]<\/p>\n","protected":false},"author":1,"featured_media":0,"parent":0,"menu_order":57,"comment_status":"closed","ping_status":"closed","template":"","meta":{"_acf_changed":false,"footnotes":""},"class_list":["post-454","page","type-page","status-publish","hentry"],"acf":[],"yoast_head":"<!-- This site is optimized with the Yoast SEO plugin v24.4 - https:\/\/yoast.com\/wordpress\/plugins\/seo\/ -->\n<title>Prevod v slova\u0161\u010dino - Multilingual<\/title>\n<meta name=\"robots\" content=\"index, follow, max-snippet:-1, max-image-preview:large, max-video-preview:-1\" \/>\n<link rel=\"canonical\" href=\"https:\/\/www.multilingual.si\/sl\/prevod-v-slovascino\/\" \/>\n<meta property=\"og:locale\" content=\"sl_SI\" \/>\n<meta property=\"og:type\" content=\"article\" \/>\n<meta property=\"og:title\" content=\"Prevod v slova\u0161\u010dino - Multilingual\" \/>\n<meta property=\"og:description\" content=\"[vc_row][vc_column][\/vc_column][\/vc_row][vc_row][vc_column width=&#8221;1\/12&#8243;][\/vc_column][vc_column width=&#8221;10\/12&#8243;][vc_column_text]Slova\u0161\u010dina je jezik, ki precej spominja na sloven\u0161\u010dino in kar nekaj njihovih besed tudi razumemo, vendar je ravno to lahko \u0161e bolj varljivo. Pri prevajanju v tuj jezik je vedno zelo pomembno, da se odlo\u010dite za preverjenega prevajalca, ki vam zagotovi tako vsebinsko kot tudi slovni\u010dno ustreznost besedila. Prevajanje iz sloven\u0161\u010dine v slova\u0161\u010dino in obratno Slova\u0161ki trg postaja za slovenska podjetja vedno bolj zanimiv in z dobrimi slova\u0161kimi prevodi se vam lahko odprejo marsikatera vrata. Najbolj\u0161a marketin\u0161ka poteza je, da svoje potencialne kupce in partnerje nagovorite v njihovem jeziku. Pri tem vam bodo pomagali na\u0161i prevajalci, ki imajo vrsto let izku\u0161enj in so usposobljeni za prevajanje vseh vrst besedil. Prevajanje, ki mu ni para Na\u0161e stranke vedo, da [&hellip;]\" \/>\n<meta property=\"og:url\" content=\"https:\/\/www.multilingual.si\/sl\/prevod-v-slovascino\/\" \/>\n<meta property=\"og:site_name\" content=\"Multilingual\" \/>\n<meta property=\"article:modified_time\" content=\"2025-02-28T13:16:39+00:00\" \/>\n<meta name=\"twitter:card\" content=\"summary_large_image\" \/>\n<meta name=\"twitter:label1\" content=\"Est. reading time\" \/>\n\t<meta name=\"twitter:data1\" content=\"2 minuti\" \/>\n<script type=\"application\/ld+json\" class=\"yoast-schema-graph\">{\"@context\":\"https:\/\/schema.org\",\"@graph\":[{\"@type\":\"WebPage\",\"@id\":\"https:\/\/www.multilingual.si\/sl\/prevod-v-slovascino\/\",\"url\":\"https:\/\/www.multilingual.si\/sl\/prevod-v-slovascino\/\",\"name\":\"Prevod v slova\u0161\u010dino - Multilingual\",\"isPartOf\":{\"@id\":\"https:\/\/www.multilingual.si\/sl\/#website\"},\"datePublished\":\"2025-02-11T11:19:30+00:00\",\"dateModified\":\"2025-02-28T13:16:39+00:00\",\"breadcrumb\":{\"@id\":\"https:\/\/www.multilingual.si\/sl\/prevod-v-slovascino\/#breadcrumb\"},\"inLanguage\":\"sl-SI\",\"potentialAction\":[{\"@type\":\"ReadAction\",\"target\":[\"https:\/\/www.multilingual.si\/sl\/prevod-v-slovascino\/\"]}]},{\"@type\":\"BreadcrumbList\",\"@id\":\"https:\/\/www.multilingual.si\/sl\/prevod-v-slovascino\/#breadcrumb\",\"itemListElement\":[{\"@type\":\"ListItem\",\"position\":1,\"name\":\"Domov\",\"item\":\"https:\/\/www.multilingual.si\/sl\/\"},{\"@type\":\"ListItem\",\"position\":2,\"name\":\"Prevod v slova\u0161\u010dino\"}]},{\"@type\":\"WebSite\",\"@id\":\"https:\/\/www.multilingual.si\/sl\/#website\",\"url\":\"https:\/\/www.multilingual.si\/sl\/\",\"name\":\"Multilingual\",\"description\":\"\",\"potentialAction\":[{\"@type\":\"SearchAction\",\"target\":{\"@type\":\"EntryPoint\",\"urlTemplate\":\"https:\/\/www.multilingual.si\/sl\/?s={search_term_string}\"},\"query-input\":{\"@type\":\"PropertyValueSpecification\",\"valueRequired\":true,\"valueName\":\"search_term_string\"}}],\"inLanguage\":\"sl-SI\"}]}<\/script>\n<!-- \/ Yoast SEO plugin. -->","yoast_head_json":{"title":"Prevod v slova\u0161\u010dino - Multilingual","robots":{"index":"index","follow":"follow","max-snippet":"max-snippet:-1","max-image-preview":"max-image-preview:large","max-video-preview":"max-video-preview:-1"},"canonical":"https:\/\/www.multilingual.si\/sl\/prevod-v-slovascino\/","og_locale":"sl_SI","og_type":"article","og_title":"Prevod v slova\u0161\u010dino - Multilingual","og_description":"[vc_row][vc_column][\/vc_column][\/vc_row][vc_row][vc_column width=&#8221;1\/12&#8243;][\/vc_column][vc_column width=&#8221;10\/12&#8243;][vc_column_text]Slova\u0161\u010dina je jezik, ki precej spominja na sloven\u0161\u010dino in kar nekaj njihovih besed tudi razumemo, vendar je ravno to lahko \u0161e bolj varljivo. Pri prevajanju v tuj jezik je vedno zelo pomembno, da se odlo\u010dite za preverjenega prevajalca, ki vam zagotovi tako vsebinsko kot tudi slovni\u010dno ustreznost besedila. Prevajanje iz sloven\u0161\u010dine v slova\u0161\u010dino in obratno Slova\u0161ki trg postaja za slovenska podjetja vedno bolj zanimiv in z dobrimi slova\u0161kimi prevodi se vam lahko odprejo marsikatera vrata. Najbolj\u0161a marketin\u0161ka poteza je, da svoje potencialne kupce in partnerje nagovorite v njihovem jeziku. Pri tem vam bodo pomagali na\u0161i prevajalci, ki imajo vrsto let izku\u0161enj in so usposobljeni za prevajanje vseh vrst besedil. Prevajanje, ki mu ni para Na\u0161e stranke vedo, da [&hellip;]","og_url":"https:\/\/www.multilingual.si\/sl\/prevod-v-slovascino\/","og_site_name":"Multilingual","article_modified_time":"2025-02-28T13:16:39+00:00","twitter_card":"summary_large_image","twitter_misc":{"Est. reading time":"2 minuti"},"schema":{"@context":"https:\/\/schema.org","@graph":[{"@type":"WebPage","@id":"https:\/\/www.multilingual.si\/sl\/prevod-v-slovascino\/","url":"https:\/\/www.multilingual.si\/sl\/prevod-v-slovascino\/","name":"Prevod v slova\u0161\u010dino - Multilingual","isPartOf":{"@id":"https:\/\/www.multilingual.si\/sl\/#website"},"datePublished":"2025-02-11T11:19:30+00:00","dateModified":"2025-02-28T13:16:39+00:00","breadcrumb":{"@id":"https:\/\/www.multilingual.si\/sl\/prevod-v-slovascino\/#breadcrumb"},"inLanguage":"sl-SI","potentialAction":[{"@type":"ReadAction","target":["https:\/\/www.multilingual.si\/sl\/prevod-v-slovascino\/"]}]},{"@type":"BreadcrumbList","@id":"https:\/\/www.multilingual.si\/sl\/prevod-v-slovascino\/#breadcrumb","itemListElement":[{"@type":"ListItem","position":1,"name":"Domov","item":"https:\/\/www.multilingual.si\/sl\/"},{"@type":"ListItem","position":2,"name":"Prevod v slova\u0161\u010dino"}]},{"@type":"WebSite","@id":"https:\/\/www.multilingual.si\/sl\/#website","url":"https:\/\/www.multilingual.si\/sl\/","name":"Multilingual","description":"","potentialAction":[{"@type":"SearchAction","target":{"@type":"EntryPoint","urlTemplate":"https:\/\/www.multilingual.si\/sl\/?s={search_term_string}"},"query-input":{"@type":"PropertyValueSpecification","valueRequired":true,"valueName":"search_term_string"}}],"inLanguage":"sl-SI"}]}},"_links":{"self":[{"href":"https:\/\/www.multilingual.si\/sl\/wp-json\/wp\/v2\/pages\/454","targetHints":{"allow":["GET"]}}],"collection":[{"href":"https:\/\/www.multilingual.si\/sl\/wp-json\/wp\/v2\/pages"}],"about":[{"href":"https:\/\/www.multilingual.si\/sl\/wp-json\/wp\/v2\/types\/page"}],"author":[{"embeddable":true,"href":"https:\/\/www.multilingual.si\/sl\/wp-json\/wp\/v2\/users\/1"}],"replies":[{"embeddable":true,"href":"https:\/\/www.multilingual.si\/sl\/wp-json\/wp\/v2\/comments?post=454"}],"version-history":[{"count":1,"href":"https:\/\/www.multilingual.si\/sl\/wp-json\/wp\/v2\/pages\/454\/revisions"}],"predecessor-version":[{"id":3112,"href":"https:\/\/www.multilingual.si\/sl\/wp-json\/wp\/v2\/pages\/454\/revisions\/3112"}],"wp:attachment":[{"href":"https:\/\/www.multilingual.si\/sl\/wp-json\/wp\/v2\/media?parent=454"}],"curies":[{"name":"wp","href":"https:\/\/api.w.org\/{rel}","templated":true}]}}