{"id":456,"date":"2025-02-11T12:19:30","date_gmt":"2025-02-11T11:19:30","guid":{"rendered":"https:\/\/pisarna.novisplet.com\/dev4\/multilingual\/prevod-v-romunscino\/"},"modified":"2025-02-28T14:18:16","modified_gmt":"2025-02-28T13:18:16","slug":"prevod-v-romunscino","status":"publish","type":"page","link":"https:\/\/www.multilingual.si\/sl\/prevod-v-romunscino\/","title":{"rendered":"Prevod v romun\u0161\u010dino"},"content":{"rendered":"<div class=\"wpb-content-wrapper\"><p>[vc_row][vc_column]        \r\n        <div class=\"title-banner no-intro-image  \">\r\n        <div class=\"container\">\r\n          <?php\/\/ if(isset($image)) :?>\r\n          <div class=\"title-banner-image-container\"\r\n                                >\r\n            <div class=\"breadcrumbs-container\">\r\n            <div class=\"container\">\r\n              <div class=\"breadcrumbs\">\r\n                <p id=\"breadcrumbs\"><span><span><a href=\"https:\/\/www.multilingual.si\/sl\/\">Domov<\/a><\/span><\/span><\/p>                <div class=\"clearfix\"><\/div>\r\n              <\/div>\r\n            <\/div>\r\n          <\/div>\r\n          <div class=\"container\">\r\n                                              <h1>Prevod v romun\u0161\u010dino<\/h1>\r\n                                          <div class=\"svg-icon\"><\/div>          <\/div>\r\n          <\/div>\r\n          <?php\/\/ endif; ?>\r\n\r\n        <\/div>\r\n        <\/div>\r\n        [\/vc_column][\/vc_row][vc_row][vc_column width=&#8221;1\/12&#8243;][\/vc_column][vc_column width=&#8221;10\/12&#8243;][vc_column_text]<a href=\"http:\/\/www.multilingual.si\/sl\/prevajanje\">Prevajanje <\/a>v romun\u0161\u010dino ali prevajanje romun\u0161\u010dine v sloven\u0161\u010dino je strokovno zahtevna naloga, ki jo je najbolje zaupati enemu izmed na\u0161ih izku\u0161enih prevajalcev. V Sloveniji je tovrstnih ponudb za prevajanje v romun\u0161\u010dino bolj malo, pri nas pa sodeluje ve\u010d kot 500 prevajalcev doma in v tujini, ki so kos vsakemu izzivu.<\/p>\n<p>Romun\u0161\u010dina sodi med romanske jezike, vendar se od vseh ostalih mo\u010dno razlikuje. Tudi pri prevodih je zato zelo pomembno, da je delo opravljeno strokovno in na najvi\u0161jem nivoju. Na\u0161i <a href=\"http:\/\/www.multilingual.si\/sl\/prevajalci\">prevajalci <\/a>so usposobljeni za prevajanje vseh tipov besedil, pri delu pa sta na prvem mestu natan\u010dnost ter slovni\u010dna in strokovna korektnost.<\/p>\n<h3>Na nas lahko vedno ra\u010dunate<\/h3>\n<p>V podjetju Multilingual smo vam vedno na voljo in prisluhnemo va\u0161im potrebam. V nujnih primerih vam lahko prevod do 5 strani zagotovimo \u017ee v 24 urah, prav tako pa vam po svojih mo\u010deh tudi svetujemo in vas pove\u017eemo z vrhunskimi strokovnjaki.<\/p>\n<h2>Pokli\u010dite ali pi\u0161ite za najbolj\u0161o ponudbo!<\/h2>\n<p>[\/vc_column_text][\/vc_column][vc_column width=&#8221;1\/12&#8243;][\/vc_column][\/vc_row]<\/p>\n<\/div>","protected":false},"excerpt":{"rendered":"<p>[vc_row][vc_column][\/vc_column][\/vc_row][vc_row][vc_column width=&#8221;1\/12&#8243;][\/vc_column][vc_column width=&#8221;10\/12&#8243;][vc_column_text]Prevajanje v romun\u0161\u010dino ali prevajanje romun\u0161\u010dine v sloven\u0161\u010dino je strokovno zahtevna naloga, ki jo je najbolje zaupati enemu izmed na\u0161ih izku\u0161enih prevajalcev. V Sloveniji je tovrstnih ponudb za prevajanje v romun\u0161\u010dino bolj malo, pri nas pa sodeluje ve\u010d kot 500 prevajalcev doma in v tujini, ki so kos vsakemu izzivu. Romun\u0161\u010dina sodi med romanske jezike, vendar se od vseh ostalih mo\u010dno razlikuje. Tudi pri prevodih je zato zelo pomembno, da je delo opravljeno strokovno in na najvi\u0161jem nivoju. Na\u0161i prevajalci so usposobljeni za prevajanje vseh tipov besedil, pri delu pa sta na prvem mestu natan\u010dnost ter slovni\u010dna in strokovna korektnost. Na nas lahko vedno ra\u010dunate V podjetju Multilingual smo vam vedno na voljo in prisluhnemo va\u0161im potrebam. V [&hellip;]<\/p>\n","protected":false},"author":1,"featured_media":0,"parent":0,"menu_order":59,"comment_status":"closed","ping_status":"closed","template":"","meta":{"_acf_changed":false,"footnotes":""},"class_list":["post-456","page","type-page","status-publish","hentry"],"acf":[],"yoast_head":"<!-- This site is optimized with the Yoast SEO plugin v24.4 - https:\/\/yoast.com\/wordpress\/plugins\/seo\/ -->\n<title>Prevod v romun\u0161\u010dino - Multilingual<\/title>\n<meta name=\"robots\" content=\"index, follow, max-snippet:-1, max-image-preview:large, max-video-preview:-1\" \/>\n<link rel=\"canonical\" href=\"https:\/\/www.multilingual.si\/sl\/prevod-v-romunscino\/\" \/>\n<meta property=\"og:locale\" content=\"sl_SI\" \/>\n<meta property=\"og:type\" content=\"article\" \/>\n<meta property=\"og:title\" content=\"Prevod v romun\u0161\u010dino - Multilingual\" \/>\n<meta property=\"og:description\" content=\"[vc_row][vc_column][\/vc_column][\/vc_row][vc_row][vc_column width=&#8221;1\/12&#8243;][\/vc_column][vc_column width=&#8221;10\/12&#8243;][vc_column_text]Prevajanje v romun\u0161\u010dino ali prevajanje romun\u0161\u010dine v sloven\u0161\u010dino je strokovno zahtevna naloga, ki jo je najbolje zaupati enemu izmed na\u0161ih izku\u0161enih prevajalcev. V Sloveniji je tovrstnih ponudb za prevajanje v romun\u0161\u010dino bolj malo, pri nas pa sodeluje ve\u010d kot 500 prevajalcev doma in v tujini, ki so kos vsakemu izzivu. Romun\u0161\u010dina sodi med romanske jezike, vendar se od vseh ostalih mo\u010dno razlikuje. Tudi pri prevodih je zato zelo pomembno, da je delo opravljeno strokovno in na najvi\u0161jem nivoju. Na\u0161i prevajalci so usposobljeni za prevajanje vseh tipov besedil, pri delu pa sta na prvem mestu natan\u010dnost ter slovni\u010dna in strokovna korektnost. Na nas lahko vedno ra\u010dunate V podjetju Multilingual smo vam vedno na voljo in prisluhnemo va\u0161im potrebam. V [&hellip;]\" \/>\n<meta property=\"og:url\" content=\"https:\/\/www.multilingual.si\/sl\/prevod-v-romunscino\/\" \/>\n<meta property=\"og:site_name\" content=\"Multilingual\" \/>\n<meta property=\"article:modified_time\" content=\"2025-02-28T13:18:16+00:00\" \/>\n<meta name=\"twitter:card\" content=\"summary_large_image\" \/>\n<meta name=\"twitter:label1\" content=\"Est. reading time\" \/>\n\t<meta name=\"twitter:data1\" content=\"1 minuta\" \/>\n<script type=\"application\/ld+json\" class=\"yoast-schema-graph\">{\"@context\":\"https:\/\/schema.org\",\"@graph\":[{\"@type\":\"WebPage\",\"@id\":\"https:\/\/www.multilingual.si\/sl\/prevod-v-romunscino\/\",\"url\":\"https:\/\/www.multilingual.si\/sl\/prevod-v-romunscino\/\",\"name\":\"Prevod v romun\u0161\u010dino - Multilingual\",\"isPartOf\":{\"@id\":\"https:\/\/www.multilingual.si\/sl\/#website\"},\"datePublished\":\"2025-02-11T11:19:30+00:00\",\"dateModified\":\"2025-02-28T13:18:16+00:00\",\"breadcrumb\":{\"@id\":\"https:\/\/www.multilingual.si\/sl\/prevod-v-romunscino\/#breadcrumb\"},\"inLanguage\":\"sl-SI\",\"potentialAction\":[{\"@type\":\"ReadAction\",\"target\":[\"https:\/\/www.multilingual.si\/sl\/prevod-v-romunscino\/\"]}]},{\"@type\":\"BreadcrumbList\",\"@id\":\"https:\/\/www.multilingual.si\/sl\/prevod-v-romunscino\/#breadcrumb\",\"itemListElement\":[{\"@type\":\"ListItem\",\"position\":1,\"name\":\"Domov\",\"item\":\"https:\/\/www.multilingual.si\/sl\/\"},{\"@type\":\"ListItem\",\"position\":2,\"name\":\"Prevod v romun\u0161\u010dino\"}]},{\"@type\":\"WebSite\",\"@id\":\"https:\/\/www.multilingual.si\/sl\/#website\",\"url\":\"https:\/\/www.multilingual.si\/sl\/\",\"name\":\"Multilingual\",\"description\":\"\",\"potentialAction\":[{\"@type\":\"SearchAction\",\"target\":{\"@type\":\"EntryPoint\",\"urlTemplate\":\"https:\/\/www.multilingual.si\/sl\/?s={search_term_string}\"},\"query-input\":{\"@type\":\"PropertyValueSpecification\",\"valueRequired\":true,\"valueName\":\"search_term_string\"}}],\"inLanguage\":\"sl-SI\"}]}<\/script>\n<!-- \/ Yoast SEO plugin. -->","yoast_head_json":{"title":"Prevod v romun\u0161\u010dino - Multilingual","robots":{"index":"index","follow":"follow","max-snippet":"max-snippet:-1","max-image-preview":"max-image-preview:large","max-video-preview":"max-video-preview:-1"},"canonical":"https:\/\/www.multilingual.si\/sl\/prevod-v-romunscino\/","og_locale":"sl_SI","og_type":"article","og_title":"Prevod v romun\u0161\u010dino - Multilingual","og_description":"[vc_row][vc_column][\/vc_column][\/vc_row][vc_row][vc_column width=&#8221;1\/12&#8243;][\/vc_column][vc_column width=&#8221;10\/12&#8243;][vc_column_text]Prevajanje v romun\u0161\u010dino ali prevajanje romun\u0161\u010dine v sloven\u0161\u010dino je strokovno zahtevna naloga, ki jo je najbolje zaupati enemu izmed na\u0161ih izku\u0161enih prevajalcev. V Sloveniji je tovrstnih ponudb za prevajanje v romun\u0161\u010dino bolj malo, pri nas pa sodeluje ve\u010d kot 500 prevajalcev doma in v tujini, ki so kos vsakemu izzivu. Romun\u0161\u010dina sodi med romanske jezike, vendar se od vseh ostalih mo\u010dno razlikuje. Tudi pri prevodih je zato zelo pomembno, da je delo opravljeno strokovno in na najvi\u0161jem nivoju. Na\u0161i prevajalci so usposobljeni za prevajanje vseh tipov besedil, pri delu pa sta na prvem mestu natan\u010dnost ter slovni\u010dna in strokovna korektnost. Na nas lahko vedno ra\u010dunate V podjetju Multilingual smo vam vedno na voljo in prisluhnemo va\u0161im potrebam. V [&hellip;]","og_url":"https:\/\/www.multilingual.si\/sl\/prevod-v-romunscino\/","og_site_name":"Multilingual","article_modified_time":"2025-02-28T13:18:16+00:00","twitter_card":"summary_large_image","twitter_misc":{"Est. reading time":"1 minuta"},"schema":{"@context":"https:\/\/schema.org","@graph":[{"@type":"WebPage","@id":"https:\/\/www.multilingual.si\/sl\/prevod-v-romunscino\/","url":"https:\/\/www.multilingual.si\/sl\/prevod-v-romunscino\/","name":"Prevod v romun\u0161\u010dino - Multilingual","isPartOf":{"@id":"https:\/\/www.multilingual.si\/sl\/#website"},"datePublished":"2025-02-11T11:19:30+00:00","dateModified":"2025-02-28T13:18:16+00:00","breadcrumb":{"@id":"https:\/\/www.multilingual.si\/sl\/prevod-v-romunscino\/#breadcrumb"},"inLanguage":"sl-SI","potentialAction":[{"@type":"ReadAction","target":["https:\/\/www.multilingual.si\/sl\/prevod-v-romunscino\/"]}]},{"@type":"BreadcrumbList","@id":"https:\/\/www.multilingual.si\/sl\/prevod-v-romunscino\/#breadcrumb","itemListElement":[{"@type":"ListItem","position":1,"name":"Domov","item":"https:\/\/www.multilingual.si\/sl\/"},{"@type":"ListItem","position":2,"name":"Prevod v romun\u0161\u010dino"}]},{"@type":"WebSite","@id":"https:\/\/www.multilingual.si\/sl\/#website","url":"https:\/\/www.multilingual.si\/sl\/","name":"Multilingual","description":"","potentialAction":[{"@type":"SearchAction","target":{"@type":"EntryPoint","urlTemplate":"https:\/\/www.multilingual.si\/sl\/?s={search_term_string}"},"query-input":{"@type":"PropertyValueSpecification","valueRequired":true,"valueName":"search_term_string"}}],"inLanguage":"sl-SI"}]}},"_links":{"self":[{"href":"https:\/\/www.multilingual.si\/sl\/wp-json\/wp\/v2\/pages\/456","targetHints":{"allow":["GET"]}}],"collection":[{"href":"https:\/\/www.multilingual.si\/sl\/wp-json\/wp\/v2\/pages"}],"about":[{"href":"https:\/\/www.multilingual.si\/sl\/wp-json\/wp\/v2\/types\/page"}],"author":[{"embeddable":true,"href":"https:\/\/www.multilingual.si\/sl\/wp-json\/wp\/v2\/users\/1"}],"replies":[{"embeddable":true,"href":"https:\/\/www.multilingual.si\/sl\/wp-json\/wp\/v2\/comments?post=456"}],"version-history":[{"count":2,"href":"https:\/\/www.multilingual.si\/sl\/wp-json\/wp\/v2\/pages\/456\/revisions"}],"predecessor-version":[{"id":3115,"href":"https:\/\/www.multilingual.si\/sl\/wp-json\/wp\/v2\/pages\/456\/revisions\/3115"}],"wp:attachment":[{"href":"https:\/\/www.multilingual.si\/sl\/wp-json\/wp\/v2\/media?parent=456"}],"curies":[{"name":"wp","href":"https:\/\/api.w.org\/{rel}","templated":true}]}}