{"id":458,"date":"2025-02-11T12:19:30","date_gmt":"2025-02-11T11:19:30","guid":{"rendered":"https:\/\/pisarna.novisplet.com\/dev4\/multilingual\/prevod-v-bolgarscino\/"},"modified":"2025-02-28T14:19:25","modified_gmt":"2025-02-28T13:19:25","slug":"prevod-v-bolgarscino","status":"publish","type":"page","link":"https:\/\/www.multilingual.si\/sl\/prevod-v-bolgarscino\/","title":{"rendered":"Prevod v bolgar\u0161\u010dino"},"content":{"rendered":"<div class=\"wpb-content-wrapper\"><p>[vc_row][vc_column]        \r\n        <div class=\"title-banner no-intro-image  \">\r\n        <div class=\"container\">\r\n          <?php\/\/ if(isset($image)) :?>\r\n          <div class=\"title-banner-image-container\"\r\n                                >\r\n            <div class=\"breadcrumbs-container\">\r\n            <div class=\"container\">\r\n              <div class=\"breadcrumbs\">\r\n                <p id=\"breadcrumbs\"><span><span><a href=\"https:\/\/www.multilingual.si\/sl\/\">Domov<\/a><\/span><\/span><\/p>                <div class=\"clearfix\"><\/div>\r\n              <\/div>\r\n            <\/div>\r\n          <\/div>\r\n          <div class=\"container\">\r\n                                              <h1>Prevod v bolgar\u0161\u010dino<\/h1>\r\n                                          <div class=\"svg-icon\"><\/div>          <\/div>\r\n          <\/div>\r\n          <?php\/\/ endif; ?>\r\n\r\n        <\/div>\r\n        <\/div>\r\n        [\/vc_column][\/vc_row][vc_row][vc_column width=&#8221;1\/12&#8243;][\/vc_column][vc_column width=&#8221;10\/12&#8243;][vc_column_text]Bolgar\u0161\u010dino kot materni jezik po svetu govori ve\u010d kot 9 milijonov ljudi. V Evropski uniji je Bolgarija gotovo ena izmed perspektivnih dr\u017eav, ki odpira mnoge poslovne prilo\u017enosti. Naj jezik ne bo ovira! Odlo\u010dite se za kakovostne <a href=\"http:\/\/www.multilingual.si\/sl\/prevodi\">prevode <\/a>v bolgar\u0161\u010dino, za katere poskrbijo na\u0161i prevajalci. Mnogi med njimi so <a href=\"http:\/\/www.multilingual.si\/sl\/prevajalci\">naravni govorci<\/a>, zato vam lahko prisko\u010dimo na pomo\u010d tudi pri pregledu dokumentacije ali drugih strokovnih besedil.<\/p>\n<p>Ena izmed pomembnih prednosti na\u0161ega podjetja je \u0161iroka mre\u017ea prevajalcev, ki se po potrebi med seboj pove\u017eejo in vam ponudijo prevajanje tudi v druge jezikovne kombinacije. Kadre izbiramo skrbno in sodelujemo s strokovnjaki, ki imajo ustrezno znanje in potrebne izku\u0161nje. Tako vam lahko suvereno zagotovimo, da z odlo\u010ditvijo za nas ne morete zgre\u0161iti. Na voljo so vam tako <a href=\"http:\/\/www.multilingual.si\/sl\/prevodi\">prevodi <\/a>iz sloven\u0161\u010dine v bolgar\u0161\u010dino kot prevodi iz bolgar\u0161\u010dine v sloven\u0161\u010dino.<\/p>\n<h3>Se vam mudi? Stali vam bomo ob strani!<\/h3>\n<p>Ena na\u0161ih pomembnih odlik je, da vam poleg kakovosti zagotovimo tudi hitrost. Besedila do dol\u017eine 5 strani bomo v nujnih primerih prevedli \u0161e v istem dnevu. Zapomnite si, da ste pri nas vedno na prvem mestu. Vredno nas je preizkusiti!<\/p>\n<h2>Potrebujete hiter prevod v bolgar\u0161\u010dino?<\/h2>\n<p>[\/vc_column_text][\/vc_column][vc_column width=&#8221;1\/12&#8243;][\/vc_column][\/vc_row]<\/p>\n<\/div>","protected":false},"excerpt":{"rendered":"<p>[vc_row][vc_column][\/vc_column][\/vc_row][vc_row][vc_column width=&#8221;1\/12&#8243;][\/vc_column][vc_column width=&#8221;10\/12&#8243;][vc_column_text]Bolgar\u0161\u010dino kot materni jezik po svetu govori ve\u010d kot 9 milijonov ljudi. V Evropski uniji je Bolgarija gotovo ena izmed perspektivnih dr\u017eav, ki odpira mnoge poslovne prilo\u017enosti. Naj jezik ne bo ovira! Odlo\u010dite se za kakovostne prevode v bolgar\u0161\u010dino, za katere poskrbijo na\u0161i prevajalci. Mnogi med njimi so naravni govorci, zato vam lahko prisko\u010dimo na pomo\u010d tudi pri pregledu dokumentacije ali drugih strokovnih besedil. Ena izmed pomembnih prednosti na\u0161ega podjetja je \u0161iroka mre\u017ea prevajalcev, ki se po potrebi med seboj pove\u017eejo in vam ponudijo prevajanje tudi v druge jezikovne kombinacije. Kadre izbiramo skrbno in sodelujemo s strokovnjaki, ki imajo ustrezno znanje in potrebne izku\u0161nje. Tako vam lahko suvereno zagotovimo, da z odlo\u010ditvijo za nas ne morete zgre\u0161iti. Na [&hellip;]<\/p>\n","protected":false},"author":1,"featured_media":0,"parent":0,"menu_order":61,"comment_status":"closed","ping_status":"closed","template":"","meta":{"_acf_changed":false,"footnotes":""},"class_list":["post-458","page","type-page","status-publish","hentry"],"acf":[],"yoast_head":"<!-- This site is optimized with the Yoast SEO plugin v24.4 - https:\/\/yoast.com\/wordpress\/plugins\/seo\/ -->\n<title>Prevod v bolgar\u0161\u010dino - Multilingual<\/title>\n<meta name=\"robots\" content=\"index, follow, max-snippet:-1, max-image-preview:large, max-video-preview:-1\" \/>\n<link rel=\"canonical\" href=\"https:\/\/www.multilingual.si\/sl\/prevod-v-bolgarscino\/\" \/>\n<meta property=\"og:locale\" content=\"sl_SI\" \/>\n<meta property=\"og:type\" content=\"article\" \/>\n<meta property=\"og:title\" content=\"Prevod v bolgar\u0161\u010dino - Multilingual\" \/>\n<meta property=\"og:description\" content=\"[vc_row][vc_column][\/vc_column][\/vc_row][vc_row][vc_column width=&#8221;1\/12&#8243;][\/vc_column][vc_column width=&#8221;10\/12&#8243;][vc_column_text]Bolgar\u0161\u010dino kot materni jezik po svetu govori ve\u010d kot 9 milijonov ljudi. V Evropski uniji je Bolgarija gotovo ena izmed perspektivnih dr\u017eav, ki odpira mnoge poslovne prilo\u017enosti. Naj jezik ne bo ovira! Odlo\u010dite se za kakovostne prevode v bolgar\u0161\u010dino, za katere poskrbijo na\u0161i prevajalci. Mnogi med njimi so naravni govorci, zato vam lahko prisko\u010dimo na pomo\u010d tudi pri pregledu dokumentacije ali drugih strokovnih besedil. Ena izmed pomembnih prednosti na\u0161ega podjetja je \u0161iroka mre\u017ea prevajalcev, ki se po potrebi med seboj pove\u017eejo in vam ponudijo prevajanje tudi v druge jezikovne kombinacije. Kadre izbiramo skrbno in sodelujemo s strokovnjaki, ki imajo ustrezno znanje in potrebne izku\u0161nje. Tako vam lahko suvereno zagotovimo, da z odlo\u010ditvijo za nas ne morete zgre\u0161iti. Na [&hellip;]\" \/>\n<meta property=\"og:url\" content=\"https:\/\/www.multilingual.si\/sl\/prevod-v-bolgarscino\/\" \/>\n<meta property=\"og:site_name\" content=\"Multilingual\" \/>\n<meta property=\"article:modified_time\" content=\"2025-02-28T13:19:25+00:00\" \/>\n<meta name=\"twitter:card\" content=\"summary_large_image\" \/>\n<meta name=\"twitter:label1\" content=\"Est. reading time\" \/>\n\t<meta name=\"twitter:data1\" content=\"2 minuti\" \/>\n<script type=\"application\/ld+json\" class=\"yoast-schema-graph\">{\"@context\":\"https:\/\/schema.org\",\"@graph\":[{\"@type\":\"WebPage\",\"@id\":\"https:\/\/www.multilingual.si\/sl\/prevod-v-bolgarscino\/\",\"url\":\"https:\/\/www.multilingual.si\/sl\/prevod-v-bolgarscino\/\",\"name\":\"Prevod v bolgar\u0161\u010dino - Multilingual\",\"isPartOf\":{\"@id\":\"https:\/\/www.multilingual.si\/sl\/#website\"},\"datePublished\":\"2025-02-11T11:19:30+00:00\",\"dateModified\":\"2025-02-28T13:19:25+00:00\",\"breadcrumb\":{\"@id\":\"https:\/\/www.multilingual.si\/sl\/prevod-v-bolgarscino\/#breadcrumb\"},\"inLanguage\":\"sl-SI\",\"potentialAction\":[{\"@type\":\"ReadAction\",\"target\":[\"https:\/\/www.multilingual.si\/sl\/prevod-v-bolgarscino\/\"]}]},{\"@type\":\"BreadcrumbList\",\"@id\":\"https:\/\/www.multilingual.si\/sl\/prevod-v-bolgarscino\/#breadcrumb\",\"itemListElement\":[{\"@type\":\"ListItem\",\"position\":1,\"name\":\"Domov\",\"item\":\"https:\/\/www.multilingual.si\/sl\/\"},{\"@type\":\"ListItem\",\"position\":2,\"name\":\"Prevod v bolgar\u0161\u010dino\"}]},{\"@type\":\"WebSite\",\"@id\":\"https:\/\/www.multilingual.si\/sl\/#website\",\"url\":\"https:\/\/www.multilingual.si\/sl\/\",\"name\":\"Multilingual\",\"description\":\"\",\"potentialAction\":[{\"@type\":\"SearchAction\",\"target\":{\"@type\":\"EntryPoint\",\"urlTemplate\":\"https:\/\/www.multilingual.si\/sl\/?s={search_term_string}\"},\"query-input\":{\"@type\":\"PropertyValueSpecification\",\"valueRequired\":true,\"valueName\":\"search_term_string\"}}],\"inLanguage\":\"sl-SI\"}]}<\/script>\n<!-- \/ Yoast SEO plugin. -->","yoast_head_json":{"title":"Prevod v bolgar\u0161\u010dino - Multilingual","robots":{"index":"index","follow":"follow","max-snippet":"max-snippet:-1","max-image-preview":"max-image-preview:large","max-video-preview":"max-video-preview:-1"},"canonical":"https:\/\/www.multilingual.si\/sl\/prevod-v-bolgarscino\/","og_locale":"sl_SI","og_type":"article","og_title":"Prevod v bolgar\u0161\u010dino - Multilingual","og_description":"[vc_row][vc_column][\/vc_column][\/vc_row][vc_row][vc_column width=&#8221;1\/12&#8243;][\/vc_column][vc_column width=&#8221;10\/12&#8243;][vc_column_text]Bolgar\u0161\u010dino kot materni jezik po svetu govori ve\u010d kot 9 milijonov ljudi. V Evropski uniji je Bolgarija gotovo ena izmed perspektivnih dr\u017eav, ki odpira mnoge poslovne prilo\u017enosti. Naj jezik ne bo ovira! Odlo\u010dite se za kakovostne prevode v bolgar\u0161\u010dino, za katere poskrbijo na\u0161i prevajalci. Mnogi med njimi so naravni govorci, zato vam lahko prisko\u010dimo na pomo\u010d tudi pri pregledu dokumentacije ali drugih strokovnih besedil. Ena izmed pomembnih prednosti na\u0161ega podjetja je \u0161iroka mre\u017ea prevajalcev, ki se po potrebi med seboj pove\u017eejo in vam ponudijo prevajanje tudi v druge jezikovne kombinacije. Kadre izbiramo skrbno in sodelujemo s strokovnjaki, ki imajo ustrezno znanje in potrebne izku\u0161nje. Tako vam lahko suvereno zagotovimo, da z odlo\u010ditvijo za nas ne morete zgre\u0161iti. Na [&hellip;]","og_url":"https:\/\/www.multilingual.si\/sl\/prevod-v-bolgarscino\/","og_site_name":"Multilingual","article_modified_time":"2025-02-28T13:19:25+00:00","twitter_card":"summary_large_image","twitter_misc":{"Est. reading time":"2 minuti"},"schema":{"@context":"https:\/\/schema.org","@graph":[{"@type":"WebPage","@id":"https:\/\/www.multilingual.si\/sl\/prevod-v-bolgarscino\/","url":"https:\/\/www.multilingual.si\/sl\/prevod-v-bolgarscino\/","name":"Prevod v bolgar\u0161\u010dino - Multilingual","isPartOf":{"@id":"https:\/\/www.multilingual.si\/sl\/#website"},"datePublished":"2025-02-11T11:19:30+00:00","dateModified":"2025-02-28T13:19:25+00:00","breadcrumb":{"@id":"https:\/\/www.multilingual.si\/sl\/prevod-v-bolgarscino\/#breadcrumb"},"inLanguage":"sl-SI","potentialAction":[{"@type":"ReadAction","target":["https:\/\/www.multilingual.si\/sl\/prevod-v-bolgarscino\/"]}]},{"@type":"BreadcrumbList","@id":"https:\/\/www.multilingual.si\/sl\/prevod-v-bolgarscino\/#breadcrumb","itemListElement":[{"@type":"ListItem","position":1,"name":"Domov","item":"https:\/\/www.multilingual.si\/sl\/"},{"@type":"ListItem","position":2,"name":"Prevod v bolgar\u0161\u010dino"}]},{"@type":"WebSite","@id":"https:\/\/www.multilingual.si\/sl\/#website","url":"https:\/\/www.multilingual.si\/sl\/","name":"Multilingual","description":"","potentialAction":[{"@type":"SearchAction","target":{"@type":"EntryPoint","urlTemplate":"https:\/\/www.multilingual.si\/sl\/?s={search_term_string}"},"query-input":{"@type":"PropertyValueSpecification","valueRequired":true,"valueName":"search_term_string"}}],"inLanguage":"sl-SI"}]}},"_links":{"self":[{"href":"https:\/\/www.multilingual.si\/sl\/wp-json\/wp\/v2\/pages\/458","targetHints":{"allow":["GET"]}}],"collection":[{"href":"https:\/\/www.multilingual.si\/sl\/wp-json\/wp\/v2\/pages"}],"about":[{"href":"https:\/\/www.multilingual.si\/sl\/wp-json\/wp\/v2\/types\/page"}],"author":[{"embeddable":true,"href":"https:\/\/www.multilingual.si\/sl\/wp-json\/wp\/v2\/users\/1"}],"replies":[{"embeddable":true,"href":"https:\/\/www.multilingual.si\/sl\/wp-json\/wp\/v2\/comments?post=458"}],"version-history":[{"count":1,"href":"https:\/\/www.multilingual.si\/sl\/wp-json\/wp\/v2\/pages\/458\/revisions"}],"predecessor-version":[{"id":3117,"href":"https:\/\/www.multilingual.si\/sl\/wp-json\/wp\/v2\/pages\/458\/revisions\/3117"}],"wp:attachment":[{"href":"https:\/\/www.multilingual.si\/sl\/wp-json\/wp\/v2\/media?parent=458"}],"curies":[{"name":"wp","href":"https:\/\/api.w.org\/{rel}","templated":true}]}}