{"id":459,"date":"2025-02-11T12:19:30","date_gmt":"2025-02-11T11:19:30","guid":{"rendered":"https:\/\/pisarna.novisplet.com\/dev4\/multilingual\/prevod-v-kitajscino\/"},"modified":"2025-02-28T14:19:47","modified_gmt":"2025-02-28T13:19:47","slug":"prevod-v-kitajscino","status":"publish","type":"page","link":"https:\/\/www.multilingual.si\/sl\/prevod-v-kitajscino\/","title":{"rendered":"Prevod v kitaj\u0161\u010dino"},"content":{"rendered":"<div class=\"wpb-content-wrapper\"><p>[vc_row][vc_column]        \r\n        <div class=\"title-banner no-intro-image  \">\r\n        <div class=\"container\">\r\n          <?php\/\/ if(isset($image)) :?>\r\n          <div class=\"title-banner-image-container\"\r\n                                >\r\n            <div class=\"breadcrumbs-container\">\r\n            <div class=\"container\">\r\n              <div class=\"breadcrumbs\">\r\n                <p id=\"breadcrumbs\"><span><span><a href=\"https:\/\/www.multilingual.si\/sl\/\">Domov<\/a><\/span><\/span><\/p>                <div class=\"clearfix\"><\/div>\r\n              <\/div>\r\n            <\/div>\r\n          <\/div>\r\n          <div class=\"container\">\r\n                                              <h1>Prevod v kitaj\u0161\u010dino<\/h1>\r\n                                          <div class=\"svg-icon\"><\/div>          <\/div>\r\n          <\/div>\r\n          <?php\/\/ endif; ?>\r\n\r\n        <\/div>\r\n        <\/div>\r\n        [\/vc_column][\/vc_row][vc_row][vc_column width=&#8221;1\/12&#8243;][\/vc_column][vc_column width=&#8221;10\/12&#8243;][vc_column_text]<a href=\"http:\/\/www.multilingual.si\/sl\/prevodi\">Prevod v kitaj\u0161\u010dino<\/a> je \u017ee zaradi zahtevnosti prenosa izhodi\u0161\u010dnega besedila v jezik, kjer veljajo druga\u010dna pravila, zelo zahtevna naloga. Nujno je, da delo zaupate strokovnemu prevajalcu z ustrezno izobrazbo, ki poskrbi, da je prevajanje res opravljeno na najvi\u0161jem nivoju. Kitajski jezik obsega ve\u010d nare\u010dij, med katerimi so najbolj raz\u0161irjeni mandarin\u0161\u010dina, wu in kanton\u0161\u010dina, ki imajo skupaj pribli\u017eno 900 milijonov govorcev, zaradi \u010desar je jezik tudi najbolj raz\u0161irjen na svetu.<\/p>\n<p>Kitajski trg je najhitreje rasto\u010de gospodarstvo na svetu, zato vam lahko dober prevod v kitaj\u0161\u010dino odpre marsikatera vrata. Za prevajanje je potrebno odli\u010dno znanje kitajskega jezika, upo\u0161tevati pa je potrebno tudi pomembne zna\u010dilnosti kitajske kulture, zato vas lahko izku\u0161en prevajalec opozori tudi na morebitne ovire oziroma besedilo prilagodi tako, da bo v ciljnem jeziku zares doseglo svoj namen.<\/p>\n<h3>Brezhiben prevod v kitaj\u0161\u010dino<\/h3>\n<p>V podjetju Multilingual <a href=\"http:\/\/www.multilingual.si\/sl\/prevodi\">prevod v kitaj\u0161\u010dino<\/a> pripravijo prevajalci z ustrezno izobrazbo, zagotovimo pa vam lahko tudi profesionalno lekturo kon\u010dnega dokumenta, ki jo opravi naravni govorec jezika. Tako ste lahko prepri\u010dani, da je besedilo popolnoma prilagojeno ciljnemu jeziku in kulturi.<\/p>\n<p>Ponudimo vam lahko tudi <a href=\"http:\/\/www.multilingual.si\/sl\/prevodi\">prevod v kitaj\u0161\u010dino<\/a> iz drugih tujih jezikov ter poskrbimo za prevajanje zahtevnej\u0161ih jezikovnih kombinacij. Po prejemu va\u0161ega povpra\u0161evanja vam pripravimo konkuren\u010dno ponudbo, opredelimo rok izvedbe ter vam po potrditvi besedilo dostavimo skladno z dogovorom.<\/p>\n<h2>Pokli\u010dite na 040 817 820 ali pi\u0161ite na <a href=\"mailto:&#105;&#110;&#102;&#111;&#x40;&#x6d;&#x75;&#x6c;&#x74;&#x69;&#x6c;&#x69;&#x6e;gual.si\">i&#110;&#x66;&#x6f;&#64;m&#117;&#x6c;&#x74;il&#105;&#x6e;&#x67;ua&#x6c;&#x2e;&#x73;i<\/a>.<\/h2>\n<p>[\/vc_column_text][\/vc_column][vc_column width=&#8221;1\/12&#8243;][\/vc_column][\/vc_row]<\/p>\n<\/div>","protected":false},"excerpt":{"rendered":"<p>[vc_row][vc_column][\/vc_column][\/vc_row][vc_row][vc_column width=&#8221;1\/12&#8243;][\/vc_column][vc_column width=&#8221;10\/12&#8243;][vc_column_text]Prevod v kitaj\u0161\u010dino je \u017ee zaradi zahtevnosti prenosa izhodi\u0161\u010dnega besedila v jezik, kjer veljajo druga\u010dna pravila, zelo zahtevna naloga. Nujno je, da delo zaupate strokovnemu prevajalcu z ustrezno izobrazbo, ki poskrbi, da je prevajanje res opravljeno na najvi\u0161jem nivoju. Kitajski jezik obsega ve\u010d nare\u010dij, med katerimi so najbolj raz\u0161irjeni mandarin\u0161\u010dina, wu in kanton\u0161\u010dina, ki imajo skupaj pribli\u017eno 900 milijonov govorcev, zaradi \u010desar je jezik tudi najbolj raz\u0161irjen na svetu. Kitajski trg je najhitreje rasto\u010de gospodarstvo na svetu, zato vam lahko dober prevod v kitaj\u0161\u010dino odpre marsikatera vrata. Za prevajanje je potrebno odli\u010dno znanje kitajskega jezika, upo\u0161tevati pa je potrebno tudi pomembne zna\u010dilnosti kitajske kulture, zato vas lahko izku\u0161en prevajalec opozori tudi na morebitne ovire oziroma besedilo prilagodi tako, [&hellip;]<\/p>\n","protected":false},"author":1,"featured_media":0,"parent":0,"menu_order":62,"comment_status":"closed","ping_status":"closed","template":"","meta":{"_acf_changed":false,"footnotes":""},"class_list":["post-459","page","type-page","status-publish","hentry"],"acf":[],"yoast_head":"<!-- This site is optimized with the Yoast SEO plugin v24.4 - https:\/\/yoast.com\/wordpress\/plugins\/seo\/ -->\n<title>Prevod v kitaj\u0161\u010dino - Multilingual<\/title>\n<meta name=\"robots\" content=\"index, follow, max-snippet:-1, max-image-preview:large, max-video-preview:-1\" \/>\n<link rel=\"canonical\" href=\"https:\/\/www.multilingual.si\/sl\/prevod-v-kitajscino\/\" \/>\n<meta property=\"og:locale\" content=\"sl_SI\" \/>\n<meta property=\"og:type\" content=\"article\" \/>\n<meta property=\"og:title\" content=\"Prevod v kitaj\u0161\u010dino - Multilingual\" \/>\n<meta property=\"og:description\" content=\"[vc_row][vc_column][\/vc_column][\/vc_row][vc_row][vc_column width=&#8221;1\/12&#8243;][\/vc_column][vc_column width=&#8221;10\/12&#8243;][vc_column_text]Prevod v kitaj\u0161\u010dino je \u017ee zaradi zahtevnosti prenosa izhodi\u0161\u010dnega besedila v jezik, kjer veljajo druga\u010dna pravila, zelo zahtevna naloga. Nujno je, da delo zaupate strokovnemu prevajalcu z ustrezno izobrazbo, ki poskrbi, da je prevajanje res opravljeno na najvi\u0161jem nivoju. Kitajski jezik obsega ve\u010d nare\u010dij, med katerimi so najbolj raz\u0161irjeni mandarin\u0161\u010dina, wu in kanton\u0161\u010dina, ki imajo skupaj pribli\u017eno 900 milijonov govorcev, zaradi \u010desar je jezik tudi najbolj raz\u0161irjen na svetu. Kitajski trg je najhitreje rasto\u010de gospodarstvo na svetu, zato vam lahko dober prevod v kitaj\u0161\u010dino odpre marsikatera vrata. Za prevajanje je potrebno odli\u010dno znanje kitajskega jezika, upo\u0161tevati pa je potrebno tudi pomembne zna\u010dilnosti kitajske kulture, zato vas lahko izku\u0161en prevajalec opozori tudi na morebitne ovire oziroma besedilo prilagodi tako, [&hellip;]\" \/>\n<meta property=\"og:url\" content=\"https:\/\/www.multilingual.si\/sl\/prevod-v-kitajscino\/\" \/>\n<meta property=\"og:site_name\" content=\"Multilingual\" \/>\n<meta property=\"article:modified_time\" content=\"2025-02-28T13:19:47+00:00\" \/>\n<meta name=\"twitter:card\" content=\"summary_large_image\" \/>\n<meta name=\"twitter:label1\" content=\"Est. reading time\" \/>\n\t<meta name=\"twitter:data1\" content=\"2 minuti\" \/>\n<script type=\"application\/ld+json\" class=\"yoast-schema-graph\">{\"@context\":\"https:\/\/schema.org\",\"@graph\":[{\"@type\":\"WebPage\",\"@id\":\"https:\/\/www.multilingual.si\/sl\/prevod-v-kitajscino\/\",\"url\":\"https:\/\/www.multilingual.si\/sl\/prevod-v-kitajscino\/\",\"name\":\"Prevod v kitaj\u0161\u010dino - Multilingual\",\"isPartOf\":{\"@id\":\"https:\/\/www.multilingual.si\/sl\/#website\"},\"datePublished\":\"2025-02-11T11:19:30+00:00\",\"dateModified\":\"2025-02-28T13:19:47+00:00\",\"breadcrumb\":{\"@id\":\"https:\/\/www.multilingual.si\/sl\/prevod-v-kitajscino\/#breadcrumb\"},\"inLanguage\":\"sl-SI\",\"potentialAction\":[{\"@type\":\"ReadAction\",\"target\":[\"https:\/\/www.multilingual.si\/sl\/prevod-v-kitajscino\/\"]}]},{\"@type\":\"BreadcrumbList\",\"@id\":\"https:\/\/www.multilingual.si\/sl\/prevod-v-kitajscino\/#breadcrumb\",\"itemListElement\":[{\"@type\":\"ListItem\",\"position\":1,\"name\":\"Domov\",\"item\":\"https:\/\/www.multilingual.si\/sl\/\"},{\"@type\":\"ListItem\",\"position\":2,\"name\":\"Prevod v kitaj\u0161\u010dino\"}]},{\"@type\":\"WebSite\",\"@id\":\"https:\/\/www.multilingual.si\/sl\/#website\",\"url\":\"https:\/\/www.multilingual.si\/sl\/\",\"name\":\"Multilingual\",\"description\":\"\",\"potentialAction\":[{\"@type\":\"SearchAction\",\"target\":{\"@type\":\"EntryPoint\",\"urlTemplate\":\"https:\/\/www.multilingual.si\/sl\/?s={search_term_string}\"},\"query-input\":{\"@type\":\"PropertyValueSpecification\",\"valueRequired\":true,\"valueName\":\"search_term_string\"}}],\"inLanguage\":\"sl-SI\"}]}<\/script>\n<!-- \/ Yoast SEO plugin. -->","yoast_head_json":{"title":"Prevod v kitaj\u0161\u010dino - Multilingual","robots":{"index":"index","follow":"follow","max-snippet":"max-snippet:-1","max-image-preview":"max-image-preview:large","max-video-preview":"max-video-preview:-1"},"canonical":"https:\/\/www.multilingual.si\/sl\/prevod-v-kitajscino\/","og_locale":"sl_SI","og_type":"article","og_title":"Prevod v kitaj\u0161\u010dino - Multilingual","og_description":"[vc_row][vc_column][\/vc_column][\/vc_row][vc_row][vc_column width=&#8221;1\/12&#8243;][\/vc_column][vc_column width=&#8221;10\/12&#8243;][vc_column_text]Prevod v kitaj\u0161\u010dino je \u017ee zaradi zahtevnosti prenosa izhodi\u0161\u010dnega besedila v jezik, kjer veljajo druga\u010dna pravila, zelo zahtevna naloga. Nujno je, da delo zaupate strokovnemu prevajalcu z ustrezno izobrazbo, ki poskrbi, da je prevajanje res opravljeno na najvi\u0161jem nivoju. Kitajski jezik obsega ve\u010d nare\u010dij, med katerimi so najbolj raz\u0161irjeni mandarin\u0161\u010dina, wu in kanton\u0161\u010dina, ki imajo skupaj pribli\u017eno 900 milijonov govorcev, zaradi \u010desar je jezik tudi najbolj raz\u0161irjen na svetu. Kitajski trg je najhitreje rasto\u010de gospodarstvo na svetu, zato vam lahko dober prevod v kitaj\u0161\u010dino odpre marsikatera vrata. Za prevajanje je potrebno odli\u010dno znanje kitajskega jezika, upo\u0161tevati pa je potrebno tudi pomembne zna\u010dilnosti kitajske kulture, zato vas lahko izku\u0161en prevajalec opozori tudi na morebitne ovire oziroma besedilo prilagodi tako, [&hellip;]","og_url":"https:\/\/www.multilingual.si\/sl\/prevod-v-kitajscino\/","og_site_name":"Multilingual","article_modified_time":"2025-02-28T13:19:47+00:00","twitter_card":"summary_large_image","twitter_misc":{"Est. reading time":"2 minuti"},"schema":{"@context":"https:\/\/schema.org","@graph":[{"@type":"WebPage","@id":"https:\/\/www.multilingual.si\/sl\/prevod-v-kitajscino\/","url":"https:\/\/www.multilingual.si\/sl\/prevod-v-kitajscino\/","name":"Prevod v kitaj\u0161\u010dino - Multilingual","isPartOf":{"@id":"https:\/\/www.multilingual.si\/sl\/#website"},"datePublished":"2025-02-11T11:19:30+00:00","dateModified":"2025-02-28T13:19:47+00:00","breadcrumb":{"@id":"https:\/\/www.multilingual.si\/sl\/prevod-v-kitajscino\/#breadcrumb"},"inLanguage":"sl-SI","potentialAction":[{"@type":"ReadAction","target":["https:\/\/www.multilingual.si\/sl\/prevod-v-kitajscino\/"]}]},{"@type":"BreadcrumbList","@id":"https:\/\/www.multilingual.si\/sl\/prevod-v-kitajscino\/#breadcrumb","itemListElement":[{"@type":"ListItem","position":1,"name":"Domov","item":"https:\/\/www.multilingual.si\/sl\/"},{"@type":"ListItem","position":2,"name":"Prevod v kitaj\u0161\u010dino"}]},{"@type":"WebSite","@id":"https:\/\/www.multilingual.si\/sl\/#website","url":"https:\/\/www.multilingual.si\/sl\/","name":"Multilingual","description":"","potentialAction":[{"@type":"SearchAction","target":{"@type":"EntryPoint","urlTemplate":"https:\/\/www.multilingual.si\/sl\/?s={search_term_string}"},"query-input":{"@type":"PropertyValueSpecification","valueRequired":true,"valueName":"search_term_string"}}],"inLanguage":"sl-SI"}]}},"_links":{"self":[{"href":"https:\/\/www.multilingual.si\/sl\/wp-json\/wp\/v2\/pages\/459","targetHints":{"allow":["GET"]}}],"collection":[{"href":"https:\/\/www.multilingual.si\/sl\/wp-json\/wp\/v2\/pages"}],"about":[{"href":"https:\/\/www.multilingual.si\/sl\/wp-json\/wp\/v2\/types\/page"}],"author":[{"embeddable":true,"href":"https:\/\/www.multilingual.si\/sl\/wp-json\/wp\/v2\/users\/1"}],"replies":[{"embeddable":true,"href":"https:\/\/www.multilingual.si\/sl\/wp-json\/wp\/v2\/comments?post=459"}],"version-history":[{"count":1,"href":"https:\/\/www.multilingual.si\/sl\/wp-json\/wp\/v2\/pages\/459\/revisions"}],"predecessor-version":[{"id":3118,"href":"https:\/\/www.multilingual.si\/sl\/wp-json\/wp\/v2\/pages\/459\/revisions\/3118"}],"wp:attachment":[{"href":"https:\/\/www.multilingual.si\/sl\/wp-json\/wp\/v2\/media?parent=459"}],"curies":[{"name":"wp","href":"https:\/\/api.w.org\/{rel}","templated":true}]}}