{"id":461,"date":"2025-02-11T12:19:30","date_gmt":"2025-02-11T11:19:30","guid":{"rendered":"https:\/\/pisarna.novisplet.com\/dev4\/multilingual\/prevod-v-srbscino-0\/"},"modified":"2025-02-28T14:20:27","modified_gmt":"2025-02-28T13:20:27","slug":"prevod-v-srbscino-0","status":"publish","type":"page","link":"https:\/\/www.multilingual.si\/sl\/prevod-v-srbscino-0\/","title":{"rendered":"Prevod v srb\u0161\u010dino"},"content":{"rendered":"<div class=\"wpb-content-wrapper\"><p>[vc_row][vc_column]        \r\n        <div class=\"title-banner no-intro-image  \">\r\n        <div class=\"container\">\r\n          <?php\/\/ if(isset($image)) :?>\r\n          <div class=\"title-banner-image-container\"\r\n                                >\r\n            <div class=\"breadcrumbs-container\">\r\n            <div class=\"container\">\r\n              <div class=\"breadcrumbs\">\r\n                <p id=\"breadcrumbs\"><span><span><a href=\"https:\/\/www.multilingual.si\/sl\/\">Domov<\/a><\/span><\/span><\/p>                <div class=\"clearfix\"><\/div>\r\n              <\/div>\r\n            <\/div>\r\n          <\/div>\r\n          <div class=\"container\">\r\n                                              <h1>Prevod v srb\u0161\u010dino<\/h1>\r\n                                          <div class=\"svg-icon\"><\/div>          <\/div>\r\n          <\/div>\r\n          <?php\/\/ endif; ?>\r\n\r\n        <\/div>\r\n        <\/div>\r\n        [\/vc_column][\/vc_row][vc_row][vc_column width=&#8221;1\/12&#8243;][\/vc_column][vc_column width=&#8221;10\/12&#8243;][vc_column_text]<a href=\"http:\/\/www.multilingual.si\/sl\/prevodi\">Prevod v srb\u0161\u010dino<\/a> glede na zahtevnost in spremembe, ki jih je srbska slovnica do\u017eivela v zadnjih 20 letih, zagotovo ni nekaj, \u010desar bi se lotili sami. Besedilo mora biti v ciljnem jeziku vedno napisano tako, da je popolnoma razumljivo, jasno preda osrednje sporo\u010dilo in je za bralce privla\u010dno.<\/p>\n<p>S tega stali\u0161\u010da je najbolje, da zaupate na\u0161im strokovnjakom, ki vam priskrbijo <a href=\"http:\/\/www.multilingual.si\/sl\/prevodi\">prevod v srb\u0161\u010dino<\/a> za vse tipe besedil in strokovna podro\u010dja. Mnogi med na\u0161imi prevajalci so naravni govorci, tako da ste glede vsebinske in jezikovne podobe besedila lahko popolnoma brez skrbi. Vedno se potrudimo, da poskrbimo \u010disto za vse podrobnosti.<\/p>\n<h3>Prevod v srb\u0161\u010dino iz tujih jezikov<\/h3>\n<p>Poleg sloven\u0161\u010dine lahko poskrbimo tudi za prevod v srb\u0161\u010dino iz drugih tujih jezikov, saj so na\u0161i prevajalci specializirani za razli\u010dne jezikovne kombinacije. Ne glede na zahtevnost vam vedno pripravimo najbolj <a href=\"http:\/\/www.multilingual.si\/sl\/cenik\">konkuren\u010dne cene<\/a> in se maksimalno potrudimo za va\u0161e zadovoljstvo.<\/p>\n<p>Kadar koli nas lahko kontaktirate po elektronski po\u0161ti <a href=\"m&#x61;i&#108;&#x74;o&#58;&#x69;n&#102;&#x6f;&#64;&#109;&#x75;l&#x74;&#x69;l&#x69;&#x6e;g&#x75;a&#108;&#x2e;s&#105;\">&#x69;&#x6e;fo&#x40;&#x6d;&#117;lt&#x69;&#x6c;in&#x67;&#x75;&#97;l.&#x73;&#x69;<\/a> ali pa nas od ponedeljka do petka od 8. do 16. ure pokli\u010dete na 040 817 820. V najkraj\u0161em mo\u017enem \u010dasu vam bomo pripravili konkuren\u010dno ponudbo in po va\u0161i potrditvi uredili prevod.<\/p>\n<h2>Pokli\u010dite na 040 817 820 ali pi\u0161ite na <a href=\"&#x6d;&#x61;&#x69;&#x6c;&#x74;&#111;&#58;info&#64;&#x6d;&#x75;&#x6c;&#x74;&#x69;&#x6c;&#105;&#110;gual&#x2e;&#x73;&#x69;\">&#x69;n&#x66;&#x6f;&#64;&#x6d;&#117;l&#x74;&#105;l&#x69;&#110;g&#x75;&#97;l&#x2e;s&#x69;<\/a>.<\/h2>\n<p>[\/vc_column_text][\/vc_column][vc_column width=&#8221;1\/12&#8243;][\/vc_column][\/vc_row]<\/p>\n<\/div>","protected":false},"excerpt":{"rendered":"<p>[vc_row][vc_column][\/vc_column][\/vc_row][vc_row][vc_column width=&#8221;1\/12&#8243;][\/vc_column][vc_column width=&#8221;10\/12&#8243;][vc_column_text]Prevod v srb\u0161\u010dino glede na zahtevnost in spremembe, ki jih je srbska slovnica do\u017eivela v zadnjih 20 letih, zagotovo ni nekaj, \u010desar bi se lotili sami. Besedilo mora biti v ciljnem jeziku vedno napisano tako, da je popolnoma razumljivo, jasno preda osrednje sporo\u010dilo in je za bralce privla\u010dno. S tega stali\u0161\u010da je najbolje, da zaupate na\u0161im strokovnjakom, ki vam priskrbijo prevod v srb\u0161\u010dino za vse tipe besedil in strokovna podro\u010dja. Mnogi med na\u0161imi prevajalci so naravni govorci, tako da ste glede vsebinske in jezikovne podobe besedila lahko popolnoma brez skrbi. Vedno se potrudimo, da poskrbimo \u010disto za vse podrobnosti. Prevod v srb\u0161\u010dino iz tujih jezikov Poleg sloven\u0161\u010dine lahko poskrbimo tudi za prevod v srb\u0161\u010dino iz drugih tujih jezikov, [&hellip;]<\/p>\n","protected":false},"author":1,"featured_media":0,"parent":0,"menu_order":64,"comment_status":"closed","ping_status":"closed","template":"","meta":{"_acf_changed":false,"footnotes":""},"class_list":["post-461","page","type-page","status-publish","hentry"],"acf":[],"yoast_head":"<!-- This site is optimized with the Yoast SEO plugin v24.4 - https:\/\/yoast.com\/wordpress\/plugins\/seo\/ -->\n<title>Prevod v srb\u0161\u010dino - Multilingual<\/title>\n<meta name=\"robots\" content=\"index, follow, max-snippet:-1, max-image-preview:large, max-video-preview:-1\" \/>\n<link rel=\"canonical\" href=\"https:\/\/www.multilingual.si\/sl\/prevod-v-srbscino-0\/\" \/>\n<meta property=\"og:locale\" content=\"sl_SI\" \/>\n<meta property=\"og:type\" content=\"article\" \/>\n<meta property=\"og:title\" content=\"Prevod v srb\u0161\u010dino - Multilingual\" \/>\n<meta property=\"og:description\" content=\"[vc_row][vc_column][\/vc_column][\/vc_row][vc_row][vc_column width=&#8221;1\/12&#8243;][\/vc_column][vc_column width=&#8221;10\/12&#8243;][vc_column_text]Prevod v srb\u0161\u010dino glede na zahtevnost in spremembe, ki jih je srbska slovnica do\u017eivela v zadnjih 20 letih, zagotovo ni nekaj, \u010desar bi se lotili sami. Besedilo mora biti v ciljnem jeziku vedno napisano tako, da je popolnoma razumljivo, jasno preda osrednje sporo\u010dilo in je za bralce privla\u010dno. S tega stali\u0161\u010da je najbolje, da zaupate na\u0161im strokovnjakom, ki vam priskrbijo prevod v srb\u0161\u010dino za vse tipe besedil in strokovna podro\u010dja. Mnogi med na\u0161imi prevajalci so naravni govorci, tako da ste glede vsebinske in jezikovne podobe besedila lahko popolnoma brez skrbi. Vedno se potrudimo, da poskrbimo \u010disto za vse podrobnosti. Prevod v srb\u0161\u010dino iz tujih jezikov Poleg sloven\u0161\u010dine lahko poskrbimo tudi za prevod v srb\u0161\u010dino iz drugih tujih jezikov, [&hellip;]\" \/>\n<meta property=\"og:url\" content=\"https:\/\/www.multilingual.si\/sl\/prevod-v-srbscino-0\/\" \/>\n<meta property=\"og:site_name\" content=\"Multilingual\" \/>\n<meta property=\"article:modified_time\" content=\"2025-02-28T13:20:27+00:00\" \/>\n<meta name=\"twitter:card\" content=\"summary_large_image\" \/>\n<meta name=\"twitter:label1\" content=\"Est. reading time\" \/>\n\t<meta name=\"twitter:data1\" content=\"2 minuti\" \/>\n<script type=\"application\/ld+json\" class=\"yoast-schema-graph\">{\"@context\":\"https:\/\/schema.org\",\"@graph\":[{\"@type\":\"WebPage\",\"@id\":\"https:\/\/www.multilingual.si\/sl\/prevod-v-srbscino-0\/\",\"url\":\"https:\/\/www.multilingual.si\/sl\/prevod-v-srbscino-0\/\",\"name\":\"Prevod v srb\u0161\u010dino - Multilingual\",\"isPartOf\":{\"@id\":\"https:\/\/www.multilingual.si\/sl\/#website\"},\"datePublished\":\"2025-02-11T11:19:30+00:00\",\"dateModified\":\"2025-02-28T13:20:27+00:00\",\"breadcrumb\":{\"@id\":\"https:\/\/www.multilingual.si\/sl\/prevod-v-srbscino-0\/#breadcrumb\"},\"inLanguage\":\"sl-SI\",\"potentialAction\":[{\"@type\":\"ReadAction\",\"target\":[\"https:\/\/www.multilingual.si\/sl\/prevod-v-srbscino-0\/\"]}]},{\"@type\":\"BreadcrumbList\",\"@id\":\"https:\/\/www.multilingual.si\/sl\/prevod-v-srbscino-0\/#breadcrumb\",\"itemListElement\":[{\"@type\":\"ListItem\",\"position\":1,\"name\":\"Domov\",\"item\":\"https:\/\/www.multilingual.si\/sl\/\"},{\"@type\":\"ListItem\",\"position\":2,\"name\":\"Prevod v srb\u0161\u010dino\"}]},{\"@type\":\"WebSite\",\"@id\":\"https:\/\/www.multilingual.si\/sl\/#website\",\"url\":\"https:\/\/www.multilingual.si\/sl\/\",\"name\":\"Multilingual\",\"description\":\"\",\"potentialAction\":[{\"@type\":\"SearchAction\",\"target\":{\"@type\":\"EntryPoint\",\"urlTemplate\":\"https:\/\/www.multilingual.si\/sl\/?s={search_term_string}\"},\"query-input\":{\"@type\":\"PropertyValueSpecification\",\"valueRequired\":true,\"valueName\":\"search_term_string\"}}],\"inLanguage\":\"sl-SI\"}]}<\/script>\n<!-- \/ Yoast SEO plugin. -->","yoast_head_json":{"title":"Prevod v srb\u0161\u010dino - Multilingual","robots":{"index":"index","follow":"follow","max-snippet":"max-snippet:-1","max-image-preview":"max-image-preview:large","max-video-preview":"max-video-preview:-1"},"canonical":"https:\/\/www.multilingual.si\/sl\/prevod-v-srbscino-0\/","og_locale":"sl_SI","og_type":"article","og_title":"Prevod v srb\u0161\u010dino - Multilingual","og_description":"[vc_row][vc_column][\/vc_column][\/vc_row][vc_row][vc_column width=&#8221;1\/12&#8243;][\/vc_column][vc_column width=&#8221;10\/12&#8243;][vc_column_text]Prevod v srb\u0161\u010dino glede na zahtevnost in spremembe, ki jih je srbska slovnica do\u017eivela v zadnjih 20 letih, zagotovo ni nekaj, \u010desar bi se lotili sami. Besedilo mora biti v ciljnem jeziku vedno napisano tako, da je popolnoma razumljivo, jasno preda osrednje sporo\u010dilo in je za bralce privla\u010dno. S tega stali\u0161\u010da je najbolje, da zaupate na\u0161im strokovnjakom, ki vam priskrbijo prevod v srb\u0161\u010dino za vse tipe besedil in strokovna podro\u010dja. Mnogi med na\u0161imi prevajalci so naravni govorci, tako da ste glede vsebinske in jezikovne podobe besedila lahko popolnoma brez skrbi. Vedno se potrudimo, da poskrbimo \u010disto za vse podrobnosti. Prevod v srb\u0161\u010dino iz tujih jezikov Poleg sloven\u0161\u010dine lahko poskrbimo tudi za prevod v srb\u0161\u010dino iz drugih tujih jezikov, [&hellip;]","og_url":"https:\/\/www.multilingual.si\/sl\/prevod-v-srbscino-0\/","og_site_name":"Multilingual","article_modified_time":"2025-02-28T13:20:27+00:00","twitter_card":"summary_large_image","twitter_misc":{"Est. reading time":"2 minuti"},"schema":{"@context":"https:\/\/schema.org","@graph":[{"@type":"WebPage","@id":"https:\/\/www.multilingual.si\/sl\/prevod-v-srbscino-0\/","url":"https:\/\/www.multilingual.si\/sl\/prevod-v-srbscino-0\/","name":"Prevod v srb\u0161\u010dino - Multilingual","isPartOf":{"@id":"https:\/\/www.multilingual.si\/sl\/#website"},"datePublished":"2025-02-11T11:19:30+00:00","dateModified":"2025-02-28T13:20:27+00:00","breadcrumb":{"@id":"https:\/\/www.multilingual.si\/sl\/prevod-v-srbscino-0\/#breadcrumb"},"inLanguage":"sl-SI","potentialAction":[{"@type":"ReadAction","target":["https:\/\/www.multilingual.si\/sl\/prevod-v-srbscino-0\/"]}]},{"@type":"BreadcrumbList","@id":"https:\/\/www.multilingual.si\/sl\/prevod-v-srbscino-0\/#breadcrumb","itemListElement":[{"@type":"ListItem","position":1,"name":"Domov","item":"https:\/\/www.multilingual.si\/sl\/"},{"@type":"ListItem","position":2,"name":"Prevod v srb\u0161\u010dino"}]},{"@type":"WebSite","@id":"https:\/\/www.multilingual.si\/sl\/#website","url":"https:\/\/www.multilingual.si\/sl\/","name":"Multilingual","description":"","potentialAction":[{"@type":"SearchAction","target":{"@type":"EntryPoint","urlTemplate":"https:\/\/www.multilingual.si\/sl\/?s={search_term_string}"},"query-input":{"@type":"PropertyValueSpecification","valueRequired":true,"valueName":"search_term_string"}}],"inLanguage":"sl-SI"}]}},"_links":{"self":[{"href":"https:\/\/www.multilingual.si\/sl\/wp-json\/wp\/v2\/pages\/461","targetHints":{"allow":["GET"]}}],"collection":[{"href":"https:\/\/www.multilingual.si\/sl\/wp-json\/wp\/v2\/pages"}],"about":[{"href":"https:\/\/www.multilingual.si\/sl\/wp-json\/wp\/v2\/types\/page"}],"author":[{"embeddable":true,"href":"https:\/\/www.multilingual.si\/sl\/wp-json\/wp\/v2\/users\/1"}],"replies":[{"embeddable":true,"href":"https:\/\/www.multilingual.si\/sl\/wp-json\/wp\/v2\/comments?post=461"}],"version-history":[{"count":1,"href":"https:\/\/www.multilingual.si\/sl\/wp-json\/wp\/v2\/pages\/461\/revisions"}],"predecessor-version":[{"id":3120,"href":"https:\/\/www.multilingual.si\/sl\/wp-json\/wp\/v2\/pages\/461\/revisions\/3120"}],"wp:attachment":[{"href":"https:\/\/www.multilingual.si\/sl\/wp-json\/wp\/v2\/media?parent=461"}],"curies":[{"name":"wp","href":"https:\/\/api.w.org\/{rel}","templated":true}]}}