{"id":462,"date":"2025-02-11T12:19:30","date_gmt":"2025-02-11T11:19:30","guid":{"rendered":"https:\/\/pisarna.novisplet.com\/dev4\/multilingual\/prevod-v-spanscino-0\/"},"modified":"2025-02-28T14:21:08","modified_gmt":"2025-02-28T13:21:08","slug":"prevod-v-spanscino-0","status":"publish","type":"page","link":"https:\/\/www.multilingual.si\/sl\/prevod-v-spanscino-0\/","title":{"rendered":"Prevod v \u0161pan\u0161\u010dino"},"content":{"rendered":"<div class=\"wpb-content-wrapper\"><p>[vc_row][vc_column]        \r\n        <div class=\"title-banner no-intro-image  \">\r\n        <div class=\"container\">\r\n          <?php\/\/ if(isset($image)) :?>\r\n          <div class=\"title-banner-image-container\"\r\n                                >\r\n            <div class=\"breadcrumbs-container\">\r\n            <div class=\"container\">\r\n              <div class=\"breadcrumbs\">\r\n                <p id=\"breadcrumbs\"><span><span><a href=\"https:\/\/www.multilingual.si\/sl\/\">Domov<\/a><\/span><\/span><\/p>                <div class=\"clearfix\"><\/div>\r\n              <\/div>\r\n            <\/div>\r\n          <\/div>\r\n          <div class=\"container\">\r\n                                              <h1>Prevod v \u0161pan\u0161\u010dino<\/h1>\r\n                                          <div class=\"svg-icon\"><\/div>          <\/div>\r\n          <\/div>\r\n          <?php\/\/ endif; ?>\r\n\r\n        <\/div>\r\n        <\/div>\r\n        [\/vc_column][\/vc_row][vc_row][vc_column width=&#8221;1\/12&#8243;][\/vc_column][vc_column width=&#8221;10\/12&#8243;][vc_column_text]\u0160panski jezik na svetu govori ve\u010d kot 400 milijonov govorcev, zato vam lahko dober <a href=\"http:\/\/www.multilingual.si\/sl\/prevodi\">prevod v \u0161pan\u0161\u010dino<\/a> v poslovnem svetu odpre marsikatero prilo\u017enost. Prevajalci v podjetju Multilingual so usposobljeni tudi za prevajanje razli\u010dnih strokovnih podro\u010dij, zato smo kos prav vsem izzivom.<\/p>\n<p>Za <a href=\"http:\/\/www.multilingual.si\/sl\/prevodi\">prevod v \u0161pan\u0161\u010dino<\/a> pri nas poskrbijo diplomirani hispanisti ali naravni govorci jezika, ki poskrbijo, da besedilo dose\u017ee svoj namen. Poleg prevajanja vam lahko zagotovimo tudi profesionalno lektoriranje, tako da je besedilo primerno za takoj\u0161njo objavo in uporabo.<\/p>\n<h3>Prevod v \u0161pan\u0161\u010dino \u017ee isti dan<\/h3>\n<p>Z na\u0161o \u0161iroko ekipo ve\u010d kot 500 <a href=\"http:\/\/www.multilingual.si\/sl\/prevajalci\">prevajalcev <\/a>lahko zadostimo \u0161e tako zahtevnim \u017eeljam naro\u010dnika ali kratkim rokom izvedbe. Prevod v \u0161pan\u0161\u010dino do 5 strani vam zagotovimo \u017ee v 24 urah. Poleg vsega, kar dobite pri nas, vas bodo navdu\u0161ile tudi izredno konkuren\u010dne cene, saj je na\u0161a ponudba ena izmed najugodnej\u0161ih na trgu<\/p>\n<p>Poleg prevajalske agencije smo tudi va\u0161 partner in svetovalec, saj vam na podlagi znanja in izku\u0161enj vedno zagotovimo najve\u010d ter poskrbimo, da na nas lahko ra\u010dunate.<\/p>\n<h2>Pokli\u010dite na 040 817 820 ali pi\u0161ite na <a href=\"mailto:info&#64;m&#117;&#108;&#116;&#105;&#108;&#x69;&#x6e;&#x67;&#x75;&#x61;&#x6c;&#x2e;&#x73;&#x69;\">info&#64;&#109;&#117;&#x6c;&#x74;&#x69;&#x6c;&#x69;&#x6e;&#x67;ual.s&#105;<\/a>.<\/h2>\n<p>[\/vc_column_text][\/vc_column][vc_column width=&#8221;1\/12&#8243;][\/vc_column][\/vc_row]<\/p>\n<\/div>","protected":false},"excerpt":{"rendered":"<p>[vc_row][vc_column][\/vc_column][\/vc_row][vc_row][vc_column width=&#8221;1\/12&#8243;][\/vc_column][vc_column width=&#8221;10\/12&#8243;][vc_column_text]\u0160panski jezik na svetu govori ve\u010d kot 400 milijonov govorcev, zato vam lahko dober prevod v \u0161pan\u0161\u010dino v poslovnem svetu odpre marsikatero prilo\u017enost. Prevajalci v podjetju Multilingual so usposobljeni tudi za prevajanje razli\u010dnih strokovnih podro\u010dij, zato smo kos prav vsem izzivom. Za prevod v \u0161pan\u0161\u010dino pri nas poskrbijo diplomirani hispanisti ali naravni govorci jezika, ki poskrbijo, da besedilo dose\u017ee svoj namen. Poleg prevajanja vam lahko zagotovimo tudi profesionalno lektoriranje, tako da je besedilo primerno za takoj\u0161njo objavo in uporabo. Prevod v \u0161pan\u0161\u010dino \u017ee isti dan Z na\u0161o \u0161iroko ekipo ve\u010d kot 500 prevajalcev lahko zadostimo \u0161e tako zahtevnim \u017eeljam naro\u010dnika ali kratkim rokom izvedbe. Prevod v \u0161pan\u0161\u010dino do 5 strani vam zagotovimo \u017ee v 24 urah. Poleg vsega, [&hellip;]<\/p>\n","protected":false},"author":1,"featured_media":0,"parent":0,"menu_order":65,"comment_status":"closed","ping_status":"closed","template":"","meta":{"_acf_changed":false,"footnotes":""},"class_list":["post-462","page","type-page","status-publish","hentry"],"acf":[],"yoast_head":"<!-- This site is optimized with the Yoast SEO plugin v24.4 - https:\/\/yoast.com\/wordpress\/plugins\/seo\/ -->\n<title>Prevod v \u0161pan\u0161\u010dino - Multilingual<\/title>\n<meta name=\"robots\" content=\"index, follow, max-snippet:-1, max-image-preview:large, max-video-preview:-1\" \/>\n<link rel=\"canonical\" href=\"https:\/\/www.multilingual.si\/sl\/prevod-v-spanscino-0\/\" \/>\n<meta property=\"og:locale\" content=\"sl_SI\" \/>\n<meta property=\"og:type\" content=\"article\" \/>\n<meta property=\"og:title\" content=\"Prevod v \u0161pan\u0161\u010dino - Multilingual\" \/>\n<meta property=\"og:description\" content=\"[vc_row][vc_column][\/vc_column][\/vc_row][vc_row][vc_column width=&#8221;1\/12&#8243;][\/vc_column][vc_column width=&#8221;10\/12&#8243;][vc_column_text]\u0160panski jezik na svetu govori ve\u010d kot 400 milijonov govorcev, zato vam lahko dober prevod v \u0161pan\u0161\u010dino v poslovnem svetu odpre marsikatero prilo\u017enost. Prevajalci v podjetju Multilingual so usposobljeni tudi za prevajanje razli\u010dnih strokovnih podro\u010dij, zato smo kos prav vsem izzivom. Za prevod v \u0161pan\u0161\u010dino pri nas poskrbijo diplomirani hispanisti ali naravni govorci jezika, ki poskrbijo, da besedilo dose\u017ee svoj namen. Poleg prevajanja vam lahko zagotovimo tudi profesionalno lektoriranje, tako da je besedilo primerno za takoj\u0161njo objavo in uporabo. Prevod v \u0161pan\u0161\u010dino \u017ee isti dan Z na\u0161o \u0161iroko ekipo ve\u010d kot 500 prevajalcev lahko zadostimo \u0161e tako zahtevnim \u017eeljam naro\u010dnika ali kratkim rokom izvedbe. Prevod v \u0161pan\u0161\u010dino do 5 strani vam zagotovimo \u017ee v 24 urah. Poleg vsega, [&hellip;]\" \/>\n<meta property=\"og:url\" content=\"https:\/\/www.multilingual.si\/sl\/prevod-v-spanscino-0\/\" \/>\n<meta property=\"og:site_name\" content=\"Multilingual\" \/>\n<meta property=\"article:modified_time\" content=\"2025-02-28T13:21:08+00:00\" \/>\n<meta name=\"twitter:card\" content=\"summary_large_image\" \/>\n<meta name=\"twitter:label1\" content=\"Est. reading time\" \/>\n\t<meta name=\"twitter:data1\" content=\"1 minuta\" \/>\n<script type=\"application\/ld+json\" class=\"yoast-schema-graph\">{\"@context\":\"https:\/\/schema.org\",\"@graph\":[{\"@type\":\"WebPage\",\"@id\":\"https:\/\/www.multilingual.si\/sl\/prevod-v-spanscino-0\/\",\"url\":\"https:\/\/www.multilingual.si\/sl\/prevod-v-spanscino-0\/\",\"name\":\"Prevod v \u0161pan\u0161\u010dino - Multilingual\",\"isPartOf\":{\"@id\":\"https:\/\/www.multilingual.si\/sl\/#website\"},\"datePublished\":\"2025-02-11T11:19:30+00:00\",\"dateModified\":\"2025-02-28T13:21:08+00:00\",\"breadcrumb\":{\"@id\":\"https:\/\/www.multilingual.si\/sl\/prevod-v-spanscino-0\/#breadcrumb\"},\"inLanguage\":\"sl-SI\",\"potentialAction\":[{\"@type\":\"ReadAction\",\"target\":[\"https:\/\/www.multilingual.si\/sl\/prevod-v-spanscino-0\/\"]}]},{\"@type\":\"BreadcrumbList\",\"@id\":\"https:\/\/www.multilingual.si\/sl\/prevod-v-spanscino-0\/#breadcrumb\",\"itemListElement\":[{\"@type\":\"ListItem\",\"position\":1,\"name\":\"Domov\",\"item\":\"https:\/\/www.multilingual.si\/sl\/\"},{\"@type\":\"ListItem\",\"position\":2,\"name\":\"Prevod v \u0161pan\u0161\u010dino\"}]},{\"@type\":\"WebSite\",\"@id\":\"https:\/\/www.multilingual.si\/sl\/#website\",\"url\":\"https:\/\/www.multilingual.si\/sl\/\",\"name\":\"Multilingual\",\"description\":\"\",\"potentialAction\":[{\"@type\":\"SearchAction\",\"target\":{\"@type\":\"EntryPoint\",\"urlTemplate\":\"https:\/\/www.multilingual.si\/sl\/?s={search_term_string}\"},\"query-input\":{\"@type\":\"PropertyValueSpecification\",\"valueRequired\":true,\"valueName\":\"search_term_string\"}}],\"inLanguage\":\"sl-SI\"}]}<\/script>\n<!-- \/ Yoast SEO plugin. -->","yoast_head_json":{"title":"Prevod v \u0161pan\u0161\u010dino - Multilingual","robots":{"index":"index","follow":"follow","max-snippet":"max-snippet:-1","max-image-preview":"max-image-preview:large","max-video-preview":"max-video-preview:-1"},"canonical":"https:\/\/www.multilingual.si\/sl\/prevod-v-spanscino-0\/","og_locale":"sl_SI","og_type":"article","og_title":"Prevod v \u0161pan\u0161\u010dino - Multilingual","og_description":"[vc_row][vc_column][\/vc_column][\/vc_row][vc_row][vc_column width=&#8221;1\/12&#8243;][\/vc_column][vc_column width=&#8221;10\/12&#8243;][vc_column_text]\u0160panski jezik na svetu govori ve\u010d kot 400 milijonov govorcev, zato vam lahko dober prevod v \u0161pan\u0161\u010dino v poslovnem svetu odpre marsikatero prilo\u017enost. Prevajalci v podjetju Multilingual so usposobljeni tudi za prevajanje razli\u010dnih strokovnih podro\u010dij, zato smo kos prav vsem izzivom. Za prevod v \u0161pan\u0161\u010dino pri nas poskrbijo diplomirani hispanisti ali naravni govorci jezika, ki poskrbijo, da besedilo dose\u017ee svoj namen. Poleg prevajanja vam lahko zagotovimo tudi profesionalno lektoriranje, tako da je besedilo primerno za takoj\u0161njo objavo in uporabo. Prevod v \u0161pan\u0161\u010dino \u017ee isti dan Z na\u0161o \u0161iroko ekipo ve\u010d kot 500 prevajalcev lahko zadostimo \u0161e tako zahtevnim \u017eeljam naro\u010dnika ali kratkim rokom izvedbe. Prevod v \u0161pan\u0161\u010dino do 5 strani vam zagotovimo \u017ee v 24 urah. Poleg vsega, [&hellip;]","og_url":"https:\/\/www.multilingual.si\/sl\/prevod-v-spanscino-0\/","og_site_name":"Multilingual","article_modified_time":"2025-02-28T13:21:08+00:00","twitter_card":"summary_large_image","twitter_misc":{"Est. reading time":"1 minuta"},"schema":{"@context":"https:\/\/schema.org","@graph":[{"@type":"WebPage","@id":"https:\/\/www.multilingual.si\/sl\/prevod-v-spanscino-0\/","url":"https:\/\/www.multilingual.si\/sl\/prevod-v-spanscino-0\/","name":"Prevod v \u0161pan\u0161\u010dino - Multilingual","isPartOf":{"@id":"https:\/\/www.multilingual.si\/sl\/#website"},"datePublished":"2025-02-11T11:19:30+00:00","dateModified":"2025-02-28T13:21:08+00:00","breadcrumb":{"@id":"https:\/\/www.multilingual.si\/sl\/prevod-v-spanscino-0\/#breadcrumb"},"inLanguage":"sl-SI","potentialAction":[{"@type":"ReadAction","target":["https:\/\/www.multilingual.si\/sl\/prevod-v-spanscino-0\/"]}]},{"@type":"BreadcrumbList","@id":"https:\/\/www.multilingual.si\/sl\/prevod-v-spanscino-0\/#breadcrumb","itemListElement":[{"@type":"ListItem","position":1,"name":"Domov","item":"https:\/\/www.multilingual.si\/sl\/"},{"@type":"ListItem","position":2,"name":"Prevod v \u0161pan\u0161\u010dino"}]},{"@type":"WebSite","@id":"https:\/\/www.multilingual.si\/sl\/#website","url":"https:\/\/www.multilingual.si\/sl\/","name":"Multilingual","description":"","potentialAction":[{"@type":"SearchAction","target":{"@type":"EntryPoint","urlTemplate":"https:\/\/www.multilingual.si\/sl\/?s={search_term_string}"},"query-input":{"@type":"PropertyValueSpecification","valueRequired":true,"valueName":"search_term_string"}}],"inLanguage":"sl-SI"}]}},"_links":{"self":[{"href":"https:\/\/www.multilingual.si\/sl\/wp-json\/wp\/v2\/pages\/462","targetHints":{"allow":["GET"]}}],"collection":[{"href":"https:\/\/www.multilingual.si\/sl\/wp-json\/wp\/v2\/pages"}],"about":[{"href":"https:\/\/www.multilingual.si\/sl\/wp-json\/wp\/v2\/types\/page"}],"author":[{"embeddable":true,"href":"https:\/\/www.multilingual.si\/sl\/wp-json\/wp\/v2\/users\/1"}],"replies":[{"embeddable":true,"href":"https:\/\/www.multilingual.si\/sl\/wp-json\/wp\/v2\/comments?post=462"}],"version-history":[{"count":1,"href":"https:\/\/www.multilingual.si\/sl\/wp-json\/wp\/v2\/pages\/462\/revisions"}],"predecessor-version":[{"id":3121,"href":"https:\/\/www.multilingual.si\/sl\/wp-json\/wp\/v2\/pages\/462\/revisions\/3121"}],"wp:attachment":[{"href":"https:\/\/www.multilingual.si\/sl\/wp-json\/wp\/v2\/media?parent=462"}],"curies":[{"name":"wp","href":"https:\/\/api.w.org\/{rel}","templated":true}]}}