{"id":467,"date":"2025-02-11T12:19:30","date_gmt":"2025-02-11T11:19:30","guid":{"rendered":"https:\/\/pisarna.novisplet.com\/dev4\/multilingual\/prevod-v-italijanscino\/"},"modified":"2025-04-24T07:45:23","modified_gmt":"2025-04-24T06:45:23","slug":"prevod-v-italijanscino","status":"publish","type":"page","link":"https:\/\/www.multilingual.si\/sl\/prevod-v-italijanscino\/","title":{"rendered":"Prevod v italijan\u0161\u010dino"},"content":{"rendered":"<div class=\"wpb-content-wrapper\"><p>[vc_row][vc_column]        \r\n        <div class=\"title-banner no-intro-image  \">\r\n        <div class=\"container\">\r\n          <?php\/\/ if(isset($image)) :?>\r\n          <div class=\"title-banner-image-container\"\r\n                                >\r\n            <div class=\"breadcrumbs-container\">\r\n            <div class=\"container\">\r\n              <div class=\"breadcrumbs\">\r\n                <p id=\"breadcrumbs\"><span><span><a href=\"https:\/\/www.multilingual.si\/sl\/\">Domov<\/a><\/span><\/span><\/p>                <div class=\"clearfix\"><\/div>\r\n              <\/div>\r\n            <\/div>\r\n          <\/div>\r\n          <div class=\"container\">\r\n                                              <h1>Prevod v italijan\u0161\u010dino<\/h1>\r\n                                          <div class=\"svg-icon\"><\/div>          <\/div>\r\n          <\/div>\r\n          <?php\/\/ endif; ?>\r\n\r\n        <\/div>\r\n        <\/div>\r\n        [\/vc_column][\/vc_row][vc_row][vc_column][vc_column_text]Jezik na\u0161ih sosedov je v slovenskem prostoru veliko v rabi in prevodi v italijan\u0161\u010dino so aktualni tako v turizmu kot v mnogih drugih panogah. Italijani ne slovijo ravno po izrazitem znanju tujih jezikov, zato je toliko bolj pomembno, da jih besedila ustrezno nagovorijo v doma\u010dem jeziku. Najbolje je, da za prevod v italijan\u0161\u010dino poskrbi prevajalec italianist, saj razume delovanje jezika in poskrbi za vse nianse, ki so pomembne za prepri\u010dljivost besedila. Glede na to, da prevod roma v roke naravnih govorcev, je klju\u010dno, da je besedilo jasno, razumljivo in slovni\u010dno brezhibno.<\/p>\n<h3><a href=\"http:\/\/www.multilingual.si\/sl\/prevajanje\">Prevajanje <\/a>v italijan\u0161\u010dino ne glede na zahtevnost ali tip besedila<\/h3>\n<p>Z ekipo ve\u010d kot 500 sodelavcev doma in v tujini smo kos vsakemu izzivu. Ponudimo vam lahko hitro in kakovostno prevajanje tako enostavnih kot zahtevnih besedil. Zagotovimo vam <a href=\"http:\/\/www.multilingual.si\/sl\/prevajanje\">prevajanje <\/a>poljudnih besedil, prevajanje tehni\u010dne dokumentacije, prevajanje besedil za spletne strani ter prevode vseh tipov strokovnih besedil. Prevod vedno prevzame prevajalec, ki odli\u010dno pozna podro\u010dje, tako da je v prevodu uporabljena strokovna terminologija in so vsi pomeni ustrezno prevedeni. Poleg italijanskih prevodov vam zagotovimo tudi prevajanje iz italijan\u0161\u010dine v slovenski jezik, prav tako pa lahko izbirate tudi med razli\u010dnimi tipi prevodov v druge tuje jezike.<\/p>\n<h3>Ugodne cene in popusti ob ve\u010djih naro\u010dilih<\/h3>\n<p>Na\u0161e storitve vas bodo prepri\u010dale tako s strokovnostjo kot z na\u0161o prilagodljivostjo. Ob naro\u010dilu ve\u010dje\u00a0koli\u010dine besedil vam lahko namre\u010d zagotovimo ob\u010dutne popuste, za stalne stranke pa so na\u0161i prevajalci na voljo po fiksni zni\u017eani ceni, tako da se sodelovanje z nami res spla\u010da.<\/p>\n<h2>Potrebujete hiter prevod v italijan\u0161\u010dino?<\/h2>\n<p>[\/vc_column_text][\/vc_column][\/vc_row]<\/p>\n<\/div>","protected":false},"excerpt":{"rendered":"<p>[vc_row][vc_column][\/vc_column][\/vc_row][vc_row][vc_column][vc_column_text]Jezik na\u0161ih sosedov je v slovenskem prostoru veliko v rabi in prevodi v italijan\u0161\u010dino so aktualni tako v turizmu kot v mnogih drugih panogah. Italijani ne slovijo ravno po izrazitem znanju tujih jezikov, zato je toliko bolj pomembno, da jih besedila ustrezno nagovorijo v doma\u010dem jeziku. Najbolje je, da za prevod v italijan\u0161\u010dino poskrbi prevajalec italianist, saj razume delovanje jezika in poskrbi za vse nianse, ki so pomembne za prepri\u010dljivost besedila. Glede na to, da prevod roma v roke naravnih govorcev, je klju\u010dno, da je besedilo jasno, razumljivo in slovni\u010dno brezhibno. Prevajanje v italijan\u0161\u010dino ne glede na zahtevnost ali tip besedila Z ekipo ve\u010d kot 500 sodelavcev doma in v tujini smo kos vsakemu izzivu. Ponudimo vam lahko hitro in [&hellip;]<\/p>\n","protected":false},"author":1,"featured_media":0,"parent":0,"menu_order":19,"comment_status":"closed","ping_status":"closed","template":"","meta":{"_acf_changed":false,"footnotes":""},"class_list":["post-467","page","type-page","status-publish","hentry"],"acf":[],"yoast_head":"<!-- This site is optimized with the Yoast SEO plugin v24.4 - https:\/\/yoast.com\/wordpress\/plugins\/seo\/ -->\n<title>Prevod v italijan\u0161\u010dino - Multilingual<\/title>\n<meta name=\"robots\" content=\"index, follow, max-snippet:-1, max-image-preview:large, max-video-preview:-1\" \/>\n<link rel=\"canonical\" href=\"https:\/\/www.multilingual.si\/sl\/prevod-v-italijanscino\/\" \/>\n<meta property=\"og:locale\" content=\"sl_SI\" \/>\n<meta property=\"og:type\" content=\"article\" \/>\n<meta property=\"og:title\" content=\"Prevod v italijan\u0161\u010dino - Multilingual\" \/>\n<meta property=\"og:description\" content=\"[vc_row][vc_column][\/vc_column][\/vc_row][vc_row][vc_column][vc_column_text]Jezik na\u0161ih sosedov je v slovenskem prostoru veliko v rabi in prevodi v italijan\u0161\u010dino so aktualni tako v turizmu kot v mnogih drugih panogah. Italijani ne slovijo ravno po izrazitem znanju tujih jezikov, zato je toliko bolj pomembno, da jih besedila ustrezno nagovorijo v doma\u010dem jeziku. Najbolje je, da za prevod v italijan\u0161\u010dino poskrbi prevajalec italianist, saj razume delovanje jezika in poskrbi za vse nianse, ki so pomembne za prepri\u010dljivost besedila. Glede na to, da prevod roma v roke naravnih govorcev, je klju\u010dno, da je besedilo jasno, razumljivo in slovni\u010dno brezhibno. Prevajanje v italijan\u0161\u010dino ne glede na zahtevnost ali tip besedila Z ekipo ve\u010d kot 500 sodelavcev doma in v tujini smo kos vsakemu izzivu. Ponudimo vam lahko hitro in [&hellip;]\" \/>\n<meta property=\"og:url\" content=\"https:\/\/www.multilingual.si\/sl\/prevod-v-italijanscino\/\" \/>\n<meta property=\"og:site_name\" content=\"Multilingual\" \/>\n<meta property=\"article:modified_time\" content=\"2025-04-24T06:45:23+00:00\" \/>\n<meta name=\"twitter:card\" content=\"summary_large_image\" \/>\n<meta name=\"twitter:label1\" content=\"Est. reading time\" \/>\n\t<meta name=\"twitter:data1\" content=\"2 minuti\" \/>\n<script type=\"application\/ld+json\" class=\"yoast-schema-graph\">{\"@context\":\"https:\/\/schema.org\",\"@graph\":[{\"@type\":\"WebPage\",\"@id\":\"https:\/\/www.multilingual.si\/sl\/prevod-v-italijanscino\/\",\"url\":\"https:\/\/www.multilingual.si\/sl\/prevod-v-italijanscino\/\",\"name\":\"Prevod v italijan\u0161\u010dino - Multilingual\",\"isPartOf\":{\"@id\":\"https:\/\/www.multilingual.si\/sl\/#website\"},\"datePublished\":\"2025-02-11T11:19:30+00:00\",\"dateModified\":\"2025-04-24T06:45:23+00:00\",\"breadcrumb\":{\"@id\":\"https:\/\/www.multilingual.si\/sl\/prevod-v-italijanscino\/#breadcrumb\"},\"inLanguage\":\"sl-SI\",\"potentialAction\":[{\"@type\":\"ReadAction\",\"target\":[\"https:\/\/www.multilingual.si\/sl\/prevod-v-italijanscino\/\"]}]},{\"@type\":\"BreadcrumbList\",\"@id\":\"https:\/\/www.multilingual.si\/sl\/prevod-v-italijanscino\/#breadcrumb\",\"itemListElement\":[{\"@type\":\"ListItem\",\"position\":1,\"name\":\"Domov\",\"item\":\"https:\/\/www.multilingual.si\/sl\/\"},{\"@type\":\"ListItem\",\"position\":2,\"name\":\"Prevod v italijan\u0161\u010dino\"}]},{\"@type\":\"WebSite\",\"@id\":\"https:\/\/www.multilingual.si\/sl\/#website\",\"url\":\"https:\/\/www.multilingual.si\/sl\/\",\"name\":\"Multilingual\",\"description\":\"\",\"potentialAction\":[{\"@type\":\"SearchAction\",\"target\":{\"@type\":\"EntryPoint\",\"urlTemplate\":\"https:\/\/www.multilingual.si\/sl\/?s={search_term_string}\"},\"query-input\":{\"@type\":\"PropertyValueSpecification\",\"valueRequired\":true,\"valueName\":\"search_term_string\"}}],\"inLanguage\":\"sl-SI\"}]}<\/script>\n<!-- \/ Yoast SEO plugin. -->","yoast_head_json":{"title":"Prevod v italijan\u0161\u010dino - Multilingual","robots":{"index":"index","follow":"follow","max-snippet":"max-snippet:-1","max-image-preview":"max-image-preview:large","max-video-preview":"max-video-preview:-1"},"canonical":"https:\/\/www.multilingual.si\/sl\/prevod-v-italijanscino\/","og_locale":"sl_SI","og_type":"article","og_title":"Prevod v italijan\u0161\u010dino - Multilingual","og_description":"[vc_row][vc_column][\/vc_column][\/vc_row][vc_row][vc_column][vc_column_text]Jezik na\u0161ih sosedov je v slovenskem prostoru veliko v rabi in prevodi v italijan\u0161\u010dino so aktualni tako v turizmu kot v mnogih drugih panogah. Italijani ne slovijo ravno po izrazitem znanju tujih jezikov, zato je toliko bolj pomembno, da jih besedila ustrezno nagovorijo v doma\u010dem jeziku. Najbolje je, da za prevod v italijan\u0161\u010dino poskrbi prevajalec italianist, saj razume delovanje jezika in poskrbi za vse nianse, ki so pomembne za prepri\u010dljivost besedila. Glede na to, da prevod roma v roke naravnih govorcev, je klju\u010dno, da je besedilo jasno, razumljivo in slovni\u010dno brezhibno. Prevajanje v italijan\u0161\u010dino ne glede na zahtevnost ali tip besedila Z ekipo ve\u010d kot 500 sodelavcev doma in v tujini smo kos vsakemu izzivu. Ponudimo vam lahko hitro in [&hellip;]","og_url":"https:\/\/www.multilingual.si\/sl\/prevod-v-italijanscino\/","og_site_name":"Multilingual","article_modified_time":"2025-04-24T06:45:23+00:00","twitter_card":"summary_large_image","twitter_misc":{"Est. reading time":"2 minuti"},"schema":{"@context":"https:\/\/schema.org","@graph":[{"@type":"WebPage","@id":"https:\/\/www.multilingual.si\/sl\/prevod-v-italijanscino\/","url":"https:\/\/www.multilingual.si\/sl\/prevod-v-italijanscino\/","name":"Prevod v italijan\u0161\u010dino - Multilingual","isPartOf":{"@id":"https:\/\/www.multilingual.si\/sl\/#website"},"datePublished":"2025-02-11T11:19:30+00:00","dateModified":"2025-04-24T06:45:23+00:00","breadcrumb":{"@id":"https:\/\/www.multilingual.si\/sl\/prevod-v-italijanscino\/#breadcrumb"},"inLanguage":"sl-SI","potentialAction":[{"@type":"ReadAction","target":["https:\/\/www.multilingual.si\/sl\/prevod-v-italijanscino\/"]}]},{"@type":"BreadcrumbList","@id":"https:\/\/www.multilingual.si\/sl\/prevod-v-italijanscino\/#breadcrumb","itemListElement":[{"@type":"ListItem","position":1,"name":"Domov","item":"https:\/\/www.multilingual.si\/sl\/"},{"@type":"ListItem","position":2,"name":"Prevod v italijan\u0161\u010dino"}]},{"@type":"WebSite","@id":"https:\/\/www.multilingual.si\/sl\/#website","url":"https:\/\/www.multilingual.si\/sl\/","name":"Multilingual","description":"","potentialAction":[{"@type":"SearchAction","target":{"@type":"EntryPoint","urlTemplate":"https:\/\/www.multilingual.si\/sl\/?s={search_term_string}"},"query-input":{"@type":"PropertyValueSpecification","valueRequired":true,"valueName":"search_term_string"}}],"inLanguage":"sl-SI"}]}},"_links":{"self":[{"href":"https:\/\/www.multilingual.si\/sl\/wp-json\/wp\/v2\/pages\/467","targetHints":{"allow":["GET"]}}],"collection":[{"href":"https:\/\/www.multilingual.si\/sl\/wp-json\/wp\/v2\/pages"}],"about":[{"href":"https:\/\/www.multilingual.si\/sl\/wp-json\/wp\/v2\/types\/page"}],"author":[{"embeddable":true,"href":"https:\/\/www.multilingual.si\/sl\/wp-json\/wp\/v2\/users\/1"}],"replies":[{"embeddable":true,"href":"https:\/\/www.multilingual.si\/sl\/wp-json\/wp\/v2\/comments?post=467"}],"version-history":[{"count":1,"href":"https:\/\/www.multilingual.si\/sl\/wp-json\/wp\/v2\/pages\/467\/revisions"}],"predecessor-version":[{"id":3397,"href":"https:\/\/www.multilingual.si\/sl\/wp-json\/wp\/v2\/pages\/467\/revisions\/3397"}],"wp:attachment":[{"href":"https:\/\/www.multilingual.si\/sl\/wp-json\/wp\/v2\/media?parent=467"}],"curies":[{"name":"wp","href":"https:\/\/api.w.org\/{rel}","templated":true}]}}