{"id":469,"date":"2025-02-11T12:19:30","date_gmt":"2025-02-11T11:19:30","guid":{"rendered":"https:\/\/pisarna.novisplet.com\/dev4\/multilingual\/prevod-v-anglescino\/"},"modified":"2025-04-24T07:44:35","modified_gmt":"2025-04-24T06:44:35","slug":"prevod-v-anglescino","status":"publish","type":"page","link":"https:\/\/www.multilingual.si\/sl\/prevod-v-anglescino\/","title":{"rendered":"Prevod v angle\u0161\u010dino"},"content":{"rendered":"<div class=\"wpb-content-wrapper\"><p>[vc_row][vc_column]        \r\n        <div class=\"title-banner no-intro-image  \">\r\n        <div class=\"container\">\r\n          <?php\/\/ if(isset($image)) :?>\r\n          <div class=\"title-banner-image-container\"\r\n                                >\r\n            <div class=\"breadcrumbs-container\">\r\n            <div class=\"container\">\r\n              <div class=\"breadcrumbs\">\r\n                <p id=\"breadcrumbs\"><span><span><a href=\"https:\/\/www.multilingual.si\/sl\/\">Domov<\/a><\/span><\/span><\/p>                <div class=\"clearfix\"><\/div>\r\n              <\/div>\r\n            <\/div>\r\n          <\/div>\r\n          <div class=\"container\">\r\n                                              <h1>Prevod v angle\u0161\u010dino<\/h1>\r\n                                          <div class=\"svg-icon\"><\/div>          <\/div>\r\n          <\/div>\r\n          <?php\/\/ endif; ?>\r\n\r\n        <\/div>\r\n        <\/div>\r\n        [\/vc_column][\/vc_row][vc_row][vc_column][vc_column_text]Dober <a href=\"http:\/\/www.multilingual.si\/sl\/prevodi\">prevod <\/a>v angle\u0161\u010dino zahteva kar nekaj znanja in izurjenosti, saj mora imeti prevajalec poleg strokovne podkovanosti tudi odli\u010den posluh za jezik. Glede na raz\u0161irjenost jezika se zdi, da angle\u0161\u010dino obvlada \u017ee skoraj vsak, vendar obstajajo med prevodi ogromne razlike. Eno je namre\u010d poznati jezik, drugo je v jeziku pisati in tvoriti besedila, ki nagovarjajo govorce jezika in morajo biti napisana v brezhibnem jeziku. Zadnje, kar si \u017eelite, je neustrezen prevod, saj bo odvrnil bralce in \u017ee na prvi pogled ustvaril neprimeren prvi vtis.<\/p>\n<p>Multilingual poskrbi, da vi zablestite<\/p>\n<p><a href=\"http:\/\/www.multilingual.si\/sl\/prevajanje\">Prevajanje <\/a>v angle\u0161\u010dino je izredno kompleksna naloga, ki zahteva ogromno znanja in izku\u0161enj. Pri nas stavimo le na najvi\u0161jo kakovost, zato vas bomo povezali z enim izmed na\u0161ih vrhunskih prevajalcev, ki dobro pozna podro\u010dje in bo poskrbel za prevod s piko na i. Prav tako vam lahko zagotovimo tudi ugodno in strokovno prevajanje iz angle\u0161\u010dine v sloven\u0161\u010dino, kjer je prav tako zelo pomembno, da se ohrani ustrezen pomen besedila.<\/p>\n<p>Ena izmed na\u0161ih pomembnih prednosti je, da sodelujemo tudi z naravnimi govorci, ki poskrbijo, da je besedilo po va\u0161em naro\u010dilu ustrezno lektorirano in da so vse besede uporabljene v ustreznih pomenskih in besednih strukturah. \u0160ele na ta na\u010din je prevod v angle\u0161\u010dino zares dober in navdu\u0161i \u0161e tako zahtevnega bralca.<\/p>\n<p>Najla\u017ee se prepri\u010date tako, da nas preizkusite, zato vam zagotovimo 10 % popusta za prvi prevod iz angle\u0161\u010dine v sloven\u0161\u010dino ali za prevajanje sloven\u0161\u010dine v angle\u0161\u010dino. Ponudimo vam lahko izredno konkuren\u010dne cene ter storitve, ki bodo dosegle in presegle va\u0161a pri\u010dakovanja.<\/p>\n<h2>Potrebujete profesionalen prevod v angle\u0161\u010dino?<\/h2>\n<p>[\/vc_column_text][\/vc_column][\/vc_row]<\/p>\n<\/div>","protected":false},"excerpt":{"rendered":"<p>[vc_row][vc_column][\/vc_column][\/vc_row][vc_row][vc_column][vc_column_text]Dober prevod v angle\u0161\u010dino zahteva kar nekaj znanja in izurjenosti, saj mora imeti prevajalec poleg strokovne podkovanosti tudi odli\u010den posluh za jezik. Glede na raz\u0161irjenost jezika se zdi, da angle\u0161\u010dino obvlada \u017ee skoraj vsak, vendar obstajajo med prevodi ogromne razlike. Eno je namre\u010d poznati jezik, drugo je v jeziku pisati in tvoriti besedila, ki nagovarjajo govorce jezika in morajo biti napisana v brezhibnem jeziku. Zadnje, kar si \u017eelite, je neustrezen prevod, saj bo odvrnil bralce in \u017ee na prvi pogled ustvaril neprimeren prvi vtis. Multilingual poskrbi, da vi zablestite Prevajanje v angle\u0161\u010dino je izredno kompleksna naloga, ki zahteva ogromno znanja in izku\u0161enj. Pri nas stavimo le na najvi\u0161jo kakovost, zato vas bomo povezali z enim izmed na\u0161ih vrhunskih prevajalcev, ki [&hellip;]<\/p>\n","protected":false},"author":1,"featured_media":0,"parent":0,"menu_order":21,"comment_status":"closed","ping_status":"closed","template":"","meta":{"_acf_changed":false,"footnotes":""},"class_list":["post-469","page","type-page","status-publish","hentry"],"acf":[],"yoast_head":"<!-- This site is optimized with the Yoast SEO plugin v24.4 - https:\/\/yoast.com\/wordpress\/plugins\/seo\/ -->\n<title>Prevod v angle\u0161\u010dino - Multilingual<\/title>\n<meta name=\"robots\" content=\"index, follow, max-snippet:-1, max-image-preview:large, max-video-preview:-1\" \/>\n<link rel=\"canonical\" href=\"https:\/\/www.multilingual.si\/sl\/prevod-v-anglescino\/\" \/>\n<meta property=\"og:locale\" content=\"sl_SI\" \/>\n<meta property=\"og:type\" content=\"article\" \/>\n<meta property=\"og:title\" content=\"Prevod v angle\u0161\u010dino - Multilingual\" \/>\n<meta property=\"og:description\" content=\"[vc_row][vc_column][\/vc_column][\/vc_row][vc_row][vc_column][vc_column_text]Dober prevod v angle\u0161\u010dino zahteva kar nekaj znanja in izurjenosti, saj mora imeti prevajalec poleg strokovne podkovanosti tudi odli\u010den posluh za jezik. Glede na raz\u0161irjenost jezika se zdi, da angle\u0161\u010dino obvlada \u017ee skoraj vsak, vendar obstajajo med prevodi ogromne razlike. Eno je namre\u010d poznati jezik, drugo je v jeziku pisati in tvoriti besedila, ki nagovarjajo govorce jezika in morajo biti napisana v brezhibnem jeziku. Zadnje, kar si \u017eelite, je neustrezen prevod, saj bo odvrnil bralce in \u017ee na prvi pogled ustvaril neprimeren prvi vtis. Multilingual poskrbi, da vi zablestite Prevajanje v angle\u0161\u010dino je izredno kompleksna naloga, ki zahteva ogromno znanja in izku\u0161enj. Pri nas stavimo le na najvi\u0161jo kakovost, zato vas bomo povezali z enim izmed na\u0161ih vrhunskih prevajalcev, ki [&hellip;]\" \/>\n<meta property=\"og:url\" content=\"https:\/\/www.multilingual.si\/sl\/prevod-v-anglescino\/\" \/>\n<meta property=\"og:site_name\" content=\"Multilingual\" \/>\n<meta property=\"article:modified_time\" content=\"2025-04-24T06:44:35+00:00\" \/>\n<meta name=\"twitter:card\" content=\"summary_large_image\" \/>\n<meta name=\"twitter:label1\" content=\"Est. reading time\" \/>\n\t<meta name=\"twitter:data1\" content=\"2 minuti\" \/>\n<script type=\"application\/ld+json\" class=\"yoast-schema-graph\">{\"@context\":\"https:\/\/schema.org\",\"@graph\":[{\"@type\":\"WebPage\",\"@id\":\"https:\/\/www.multilingual.si\/sl\/prevod-v-anglescino\/\",\"url\":\"https:\/\/www.multilingual.si\/sl\/prevod-v-anglescino\/\",\"name\":\"Prevod v angle\u0161\u010dino - Multilingual\",\"isPartOf\":{\"@id\":\"https:\/\/www.multilingual.si\/sl\/#website\"},\"datePublished\":\"2025-02-11T11:19:30+00:00\",\"dateModified\":\"2025-04-24T06:44:35+00:00\",\"breadcrumb\":{\"@id\":\"https:\/\/www.multilingual.si\/sl\/prevod-v-anglescino\/#breadcrumb\"},\"inLanguage\":\"sl-SI\",\"potentialAction\":[{\"@type\":\"ReadAction\",\"target\":[\"https:\/\/www.multilingual.si\/sl\/prevod-v-anglescino\/\"]}]},{\"@type\":\"BreadcrumbList\",\"@id\":\"https:\/\/www.multilingual.si\/sl\/prevod-v-anglescino\/#breadcrumb\",\"itemListElement\":[{\"@type\":\"ListItem\",\"position\":1,\"name\":\"Domov\",\"item\":\"https:\/\/www.multilingual.si\/sl\/\"},{\"@type\":\"ListItem\",\"position\":2,\"name\":\"Prevod v angle\u0161\u010dino\"}]},{\"@type\":\"WebSite\",\"@id\":\"https:\/\/www.multilingual.si\/sl\/#website\",\"url\":\"https:\/\/www.multilingual.si\/sl\/\",\"name\":\"Multilingual\",\"description\":\"\",\"potentialAction\":[{\"@type\":\"SearchAction\",\"target\":{\"@type\":\"EntryPoint\",\"urlTemplate\":\"https:\/\/www.multilingual.si\/sl\/?s={search_term_string}\"},\"query-input\":{\"@type\":\"PropertyValueSpecification\",\"valueRequired\":true,\"valueName\":\"search_term_string\"}}],\"inLanguage\":\"sl-SI\"}]}<\/script>\n<!-- \/ Yoast SEO plugin. -->","yoast_head_json":{"title":"Prevod v angle\u0161\u010dino - Multilingual","robots":{"index":"index","follow":"follow","max-snippet":"max-snippet:-1","max-image-preview":"max-image-preview:large","max-video-preview":"max-video-preview:-1"},"canonical":"https:\/\/www.multilingual.si\/sl\/prevod-v-anglescino\/","og_locale":"sl_SI","og_type":"article","og_title":"Prevod v angle\u0161\u010dino - Multilingual","og_description":"[vc_row][vc_column][\/vc_column][\/vc_row][vc_row][vc_column][vc_column_text]Dober prevod v angle\u0161\u010dino zahteva kar nekaj znanja in izurjenosti, saj mora imeti prevajalec poleg strokovne podkovanosti tudi odli\u010den posluh za jezik. Glede na raz\u0161irjenost jezika se zdi, da angle\u0161\u010dino obvlada \u017ee skoraj vsak, vendar obstajajo med prevodi ogromne razlike. Eno je namre\u010d poznati jezik, drugo je v jeziku pisati in tvoriti besedila, ki nagovarjajo govorce jezika in morajo biti napisana v brezhibnem jeziku. Zadnje, kar si \u017eelite, je neustrezen prevod, saj bo odvrnil bralce in \u017ee na prvi pogled ustvaril neprimeren prvi vtis. Multilingual poskrbi, da vi zablestite Prevajanje v angle\u0161\u010dino je izredno kompleksna naloga, ki zahteva ogromno znanja in izku\u0161enj. Pri nas stavimo le na najvi\u0161jo kakovost, zato vas bomo povezali z enim izmed na\u0161ih vrhunskih prevajalcev, ki [&hellip;]","og_url":"https:\/\/www.multilingual.si\/sl\/prevod-v-anglescino\/","og_site_name":"Multilingual","article_modified_time":"2025-04-24T06:44:35+00:00","twitter_card":"summary_large_image","twitter_misc":{"Est. reading time":"2 minuti"},"schema":{"@context":"https:\/\/schema.org","@graph":[{"@type":"WebPage","@id":"https:\/\/www.multilingual.si\/sl\/prevod-v-anglescino\/","url":"https:\/\/www.multilingual.si\/sl\/prevod-v-anglescino\/","name":"Prevod v angle\u0161\u010dino - Multilingual","isPartOf":{"@id":"https:\/\/www.multilingual.si\/sl\/#website"},"datePublished":"2025-02-11T11:19:30+00:00","dateModified":"2025-04-24T06:44:35+00:00","breadcrumb":{"@id":"https:\/\/www.multilingual.si\/sl\/prevod-v-anglescino\/#breadcrumb"},"inLanguage":"sl-SI","potentialAction":[{"@type":"ReadAction","target":["https:\/\/www.multilingual.si\/sl\/prevod-v-anglescino\/"]}]},{"@type":"BreadcrumbList","@id":"https:\/\/www.multilingual.si\/sl\/prevod-v-anglescino\/#breadcrumb","itemListElement":[{"@type":"ListItem","position":1,"name":"Domov","item":"https:\/\/www.multilingual.si\/sl\/"},{"@type":"ListItem","position":2,"name":"Prevod v angle\u0161\u010dino"}]},{"@type":"WebSite","@id":"https:\/\/www.multilingual.si\/sl\/#website","url":"https:\/\/www.multilingual.si\/sl\/","name":"Multilingual","description":"","potentialAction":[{"@type":"SearchAction","target":{"@type":"EntryPoint","urlTemplate":"https:\/\/www.multilingual.si\/sl\/?s={search_term_string}"},"query-input":{"@type":"PropertyValueSpecification","valueRequired":true,"valueName":"search_term_string"}}],"inLanguage":"sl-SI"}]}},"_links":{"self":[{"href":"https:\/\/www.multilingual.si\/sl\/wp-json\/wp\/v2\/pages\/469","targetHints":{"allow":["GET"]}}],"collection":[{"href":"https:\/\/www.multilingual.si\/sl\/wp-json\/wp\/v2\/pages"}],"about":[{"href":"https:\/\/www.multilingual.si\/sl\/wp-json\/wp\/v2\/types\/page"}],"author":[{"embeddable":true,"href":"https:\/\/www.multilingual.si\/sl\/wp-json\/wp\/v2\/users\/1"}],"replies":[{"embeddable":true,"href":"https:\/\/www.multilingual.si\/sl\/wp-json\/wp\/v2\/comments?post=469"}],"version-history":[{"count":1,"href":"https:\/\/www.multilingual.si\/sl\/wp-json\/wp\/v2\/pages\/469\/revisions"}],"predecessor-version":[{"id":3396,"href":"https:\/\/www.multilingual.si\/sl\/wp-json\/wp\/v2\/pages\/469\/revisions\/3396"}],"wp:attachment":[{"href":"https:\/\/www.multilingual.si\/sl\/wp-json\/wp\/v2\/media?parent=469"}],"curies":[{"name":"wp","href":"https:\/\/api.w.org\/{rel}","templated":true}]}}