{"id":478,"date":"2025-02-11T12:19:32","date_gmt":"2025-02-11T11:19:32","guid":{"rendered":"https:\/\/pisarna.novisplet.com\/dev4\/multilingual\/nemski-prevod\/"},"modified":"2025-04-24T07:43:41","modified_gmt":"2025-04-24T06:43:41","slug":"nemski-prevod","status":"publish","type":"page","link":"https:\/\/www.multilingual.si\/sl\/nemski-prevod\/","title":{"rendered":"Nem\u0161ki prevod"},"content":{"rendered":"<div class=\"wpb-content-wrapper\"><p>[vc_row][vc_column]        \r\n        <div class=\"title-banner no-intro-image  \">\r\n        <div class=\"container\">\r\n          <?php\/\/ if(isset($image)) :?>\r\n          <div class=\"title-banner-image-container\"\r\n                                >\r\n            <div class=\"breadcrumbs-container\">\r\n            <div class=\"container\">\r\n              <div class=\"breadcrumbs\">\r\n                <p id=\"breadcrumbs\"><span><span><a href=\"https:\/\/www.multilingual.si\/sl\/\">Domov<\/a><\/span><\/span><\/p>                <div class=\"clearfix\"><\/div>\r\n              <\/div>\r\n            <\/div>\r\n          <\/div>\r\n          <div class=\"container\">\r\n                                              <h1>Nem\u0161ki prevod<\/h1>\r\n                                          <div class=\"svg-icon\"><\/div>          <\/div>\r\n          <\/div>\r\n          <?php\/\/ endif; ?>\r\n\r\n        <\/div>\r\n        <\/div>\r\n        [\/vc_column][\/vc_row][vc_row][vc_column][vc_column_text]<\/p>\n<h2>Prevajanje v nem\u0161ki jezik zahteva visoko mero znanja in predanosti besedilu<\/h2>\n<p><a href=\"http:\/\/www.multilingual.si\/sl\/prevajanje\">Prevajanje <\/a>iz in v\u00a0nem\u0161\u010dino\u00a0pravnih in drugih dokumentov je razmeroma enodimenzionalno. Natan\u010dno je treba\u00a0 prevesti izraze, ki so specifi\u010dni za dolo\u010deno podro\u010dje, obenem pa pri tak\u0161nih besedilih ni potrebno posve\u010dati pozornosti skritim pomenom, saj jih ni. Nem\u0161ki prevod, pri katerem je treba znati brati tudi med vrsticami, pa zahteva posebno pozornost prevajalca za nem\u0161ki jezik. Razvit mora imeti poseben \u010dut za zaznavanje pripovednih odtenkov in poznati izrazje obeh jezikov (nem\u0161\u010dine in sloven\u0161\u010dine), med katerima mora prenesti sporo\u010dilno vrednost.<\/p>\n<h3>Katere vrste besedil prevajamo v nem\u0161ki jezik<\/h3>\n<p>splo\u0161na besedila,<br \/>\ntehni\u010dna besedila (navodila za uporabo, priro\u010dnike, kataloge),<br \/>\nstrokovna besedila z razli\u010dnih podro\u010dij (medicina, ra\u010dunalni\u0161tvo, elektronika, arhitektura, \u2026),<br \/>\nmarketin\u0161ka besedila (prodajna pisma, elektronske ponudbe, \u2026),<br \/>\nsodne dokumente,<br \/>\npogodbe in druge pravne listine,<br \/>\nposlovne korespondence,<br \/>\nspletne strani in drugo.<\/p>\n<h3>Zakaj bi za prevajanje izbrali prav nas?<\/h3>\n<p>Ker sodelujemo s kakovostnimi <a href=\"http:\/\/www.multilingual.si\/sl\/prevajalci\">prevajalci<\/a>\u00a0za nem\u0161\u010dino, ki so hkrati naravni govorci.<br \/>\nKer vam prevode vedno dostavimo v dogovorjenem roku.<br \/>\nKer imamo odli\u010dne reference.<\/p>\n<p>Pi\u0161ite nam na <a href=\"m&#97;&#x69;&#x6c;t&#111;&#x3a;&#x69;n&#102;&#x6f;&#x40;mu&#x6c;&#x74;il&#x69;&#x6e;gu&#97;&#x6c;&#x2e;s&#105;\">i&#110;&#x66;&#x6f;&#64;m&#x75;&#x6c;ti&#108;&#x69;&#x6e;g&#117;&#x61;&#x6c;.s&#x69;<\/a> ali kli\u010dite na 040 817 820 in z veseljem vam bomo odgovorili na vsa va\u0161a vpra\u0161anja. Hkrati nam lahko po\u0161ljete tudi besedilo, za katerega \u017eelite prevod, saj vam bomo tako la\u017eje pripravili ugodno ponudbo.[\/vc_column_text][\/vc_column][\/vc_row]<\/p>\n<\/div>","protected":false},"excerpt":{"rendered":"<p>[vc_row][vc_column][\/vc_column][\/vc_row][vc_row][vc_column][vc_column_text] Prevajanje v nem\u0161ki jezik zahteva visoko mero znanja in predanosti besedilu Prevajanje iz in v\u00a0nem\u0161\u010dino\u00a0pravnih in drugih dokumentov je razmeroma enodimenzionalno. Natan\u010dno je treba\u00a0 prevesti izraze, ki so specifi\u010dni za dolo\u010deno podro\u010dje, obenem pa pri tak\u0161nih besedilih ni potrebno posve\u010dati pozornosti skritim pomenom, saj jih ni. Nem\u0161ki prevod, pri katerem je treba znati brati tudi med vrsticami, pa zahteva posebno pozornost prevajalca za nem\u0161ki jezik. Razvit mora imeti poseben \u010dut za zaznavanje pripovednih odtenkov in poznati izrazje obeh jezikov (nem\u0161\u010dine in sloven\u0161\u010dine), med katerima mora prenesti sporo\u010dilno vrednost. Katere vrste besedil prevajamo v nem\u0161ki jezik splo\u0161na besedila, tehni\u010dna besedila (navodila za uporabo, priro\u010dnike, kataloge), strokovna besedila z razli\u010dnih podro\u010dij (medicina, ra\u010dunalni\u0161tvo, elektronika, arhitektura, \u2026), marketin\u0161ka besedila (prodajna pisma, elektronske [&hellip;]<\/p>\n","protected":false},"author":1,"featured_media":0,"parent":0,"menu_order":23,"comment_status":"closed","ping_status":"closed","template":"","meta":{"_acf_changed":false,"footnotes":""},"class_list":["post-478","page","type-page","status-publish","hentry"],"acf":[],"yoast_head":"<!-- This site is optimized with the Yoast SEO plugin v24.4 - https:\/\/yoast.com\/wordpress\/plugins\/seo\/ -->\n<title>Nem\u0161ki prevod - Multilingual<\/title>\n<meta name=\"robots\" content=\"index, follow, max-snippet:-1, max-image-preview:large, max-video-preview:-1\" \/>\n<link rel=\"canonical\" href=\"https:\/\/www.multilingual.si\/sl\/nemski-prevod\/\" \/>\n<meta property=\"og:locale\" content=\"sl_SI\" \/>\n<meta property=\"og:type\" content=\"article\" \/>\n<meta property=\"og:title\" content=\"Nem\u0161ki prevod - Multilingual\" \/>\n<meta property=\"og:description\" content=\"[vc_row][vc_column][\/vc_column][\/vc_row][vc_row][vc_column][vc_column_text] Prevajanje v nem\u0161ki jezik zahteva visoko mero znanja in predanosti besedilu Prevajanje iz in v\u00a0nem\u0161\u010dino\u00a0pravnih in drugih dokumentov je razmeroma enodimenzionalno. Natan\u010dno je treba\u00a0 prevesti izraze, ki so specifi\u010dni za dolo\u010deno podro\u010dje, obenem pa pri tak\u0161nih besedilih ni potrebno posve\u010dati pozornosti skritim pomenom, saj jih ni. Nem\u0161ki prevod, pri katerem je treba znati brati tudi med vrsticami, pa zahteva posebno pozornost prevajalca za nem\u0161ki jezik. Razvit mora imeti poseben \u010dut za zaznavanje pripovednih odtenkov in poznati izrazje obeh jezikov (nem\u0161\u010dine in sloven\u0161\u010dine), med katerima mora prenesti sporo\u010dilno vrednost. Katere vrste besedil prevajamo v nem\u0161ki jezik splo\u0161na besedila, tehni\u010dna besedila (navodila za uporabo, priro\u010dnike, kataloge), strokovna besedila z razli\u010dnih podro\u010dij (medicina, ra\u010dunalni\u0161tvo, elektronika, arhitektura, \u2026), marketin\u0161ka besedila (prodajna pisma, elektronske [&hellip;]\" \/>\n<meta property=\"og:url\" content=\"https:\/\/www.multilingual.si\/sl\/nemski-prevod\/\" \/>\n<meta property=\"og:site_name\" content=\"Multilingual\" \/>\n<meta property=\"article:modified_time\" content=\"2025-04-24T06:43:41+00:00\" \/>\n<meta name=\"twitter:card\" content=\"summary_large_image\" \/>\n<meta name=\"twitter:label1\" content=\"Est. reading time\" \/>\n\t<meta name=\"twitter:data1\" content=\"2 minuti\" \/>\n<script type=\"application\/ld+json\" class=\"yoast-schema-graph\">{\"@context\":\"https:\/\/schema.org\",\"@graph\":[{\"@type\":\"WebPage\",\"@id\":\"https:\/\/www.multilingual.si\/sl\/nemski-prevod\/\",\"url\":\"https:\/\/www.multilingual.si\/sl\/nemski-prevod\/\",\"name\":\"Nem\u0161ki prevod - Multilingual\",\"isPartOf\":{\"@id\":\"https:\/\/www.multilingual.si\/sl\/#website\"},\"datePublished\":\"2025-02-11T11:19:32+00:00\",\"dateModified\":\"2025-04-24T06:43:41+00:00\",\"breadcrumb\":{\"@id\":\"https:\/\/www.multilingual.si\/sl\/nemski-prevod\/#breadcrumb\"},\"inLanguage\":\"sl-SI\",\"potentialAction\":[{\"@type\":\"ReadAction\",\"target\":[\"https:\/\/www.multilingual.si\/sl\/nemski-prevod\/\"]}]},{\"@type\":\"BreadcrumbList\",\"@id\":\"https:\/\/www.multilingual.si\/sl\/nemski-prevod\/#breadcrumb\",\"itemListElement\":[{\"@type\":\"ListItem\",\"position\":1,\"name\":\"Domov\",\"item\":\"https:\/\/www.multilingual.si\/sl\/\"},{\"@type\":\"ListItem\",\"position\":2,\"name\":\"Nem\u0161ki prevod\"}]},{\"@type\":\"WebSite\",\"@id\":\"https:\/\/www.multilingual.si\/sl\/#website\",\"url\":\"https:\/\/www.multilingual.si\/sl\/\",\"name\":\"Multilingual\",\"description\":\"\",\"potentialAction\":[{\"@type\":\"SearchAction\",\"target\":{\"@type\":\"EntryPoint\",\"urlTemplate\":\"https:\/\/www.multilingual.si\/sl\/?s={search_term_string}\"},\"query-input\":{\"@type\":\"PropertyValueSpecification\",\"valueRequired\":true,\"valueName\":\"search_term_string\"}}],\"inLanguage\":\"sl-SI\"}]}<\/script>\n<!-- \/ Yoast SEO plugin. -->","yoast_head_json":{"title":"Nem\u0161ki prevod - Multilingual","robots":{"index":"index","follow":"follow","max-snippet":"max-snippet:-1","max-image-preview":"max-image-preview:large","max-video-preview":"max-video-preview:-1"},"canonical":"https:\/\/www.multilingual.si\/sl\/nemski-prevod\/","og_locale":"sl_SI","og_type":"article","og_title":"Nem\u0161ki prevod - Multilingual","og_description":"[vc_row][vc_column][\/vc_column][\/vc_row][vc_row][vc_column][vc_column_text] Prevajanje v nem\u0161ki jezik zahteva visoko mero znanja in predanosti besedilu Prevajanje iz in v\u00a0nem\u0161\u010dino\u00a0pravnih in drugih dokumentov je razmeroma enodimenzionalno. Natan\u010dno je treba\u00a0 prevesti izraze, ki so specifi\u010dni za dolo\u010deno podro\u010dje, obenem pa pri tak\u0161nih besedilih ni potrebno posve\u010dati pozornosti skritim pomenom, saj jih ni. Nem\u0161ki prevod, pri katerem je treba znati brati tudi med vrsticami, pa zahteva posebno pozornost prevajalca za nem\u0161ki jezik. Razvit mora imeti poseben \u010dut za zaznavanje pripovednih odtenkov in poznati izrazje obeh jezikov (nem\u0161\u010dine in sloven\u0161\u010dine), med katerima mora prenesti sporo\u010dilno vrednost. Katere vrste besedil prevajamo v nem\u0161ki jezik splo\u0161na besedila, tehni\u010dna besedila (navodila za uporabo, priro\u010dnike, kataloge), strokovna besedila z razli\u010dnih podro\u010dij (medicina, ra\u010dunalni\u0161tvo, elektronika, arhitektura, \u2026), marketin\u0161ka besedila (prodajna pisma, elektronske [&hellip;]","og_url":"https:\/\/www.multilingual.si\/sl\/nemski-prevod\/","og_site_name":"Multilingual","article_modified_time":"2025-04-24T06:43:41+00:00","twitter_card":"summary_large_image","twitter_misc":{"Est. reading time":"2 minuti"},"schema":{"@context":"https:\/\/schema.org","@graph":[{"@type":"WebPage","@id":"https:\/\/www.multilingual.si\/sl\/nemski-prevod\/","url":"https:\/\/www.multilingual.si\/sl\/nemski-prevod\/","name":"Nem\u0161ki prevod - Multilingual","isPartOf":{"@id":"https:\/\/www.multilingual.si\/sl\/#website"},"datePublished":"2025-02-11T11:19:32+00:00","dateModified":"2025-04-24T06:43:41+00:00","breadcrumb":{"@id":"https:\/\/www.multilingual.si\/sl\/nemski-prevod\/#breadcrumb"},"inLanguage":"sl-SI","potentialAction":[{"@type":"ReadAction","target":["https:\/\/www.multilingual.si\/sl\/nemski-prevod\/"]}]},{"@type":"BreadcrumbList","@id":"https:\/\/www.multilingual.si\/sl\/nemski-prevod\/#breadcrumb","itemListElement":[{"@type":"ListItem","position":1,"name":"Domov","item":"https:\/\/www.multilingual.si\/sl\/"},{"@type":"ListItem","position":2,"name":"Nem\u0161ki prevod"}]},{"@type":"WebSite","@id":"https:\/\/www.multilingual.si\/sl\/#website","url":"https:\/\/www.multilingual.si\/sl\/","name":"Multilingual","description":"","potentialAction":[{"@type":"SearchAction","target":{"@type":"EntryPoint","urlTemplate":"https:\/\/www.multilingual.si\/sl\/?s={search_term_string}"},"query-input":{"@type":"PropertyValueSpecification","valueRequired":true,"valueName":"search_term_string"}}],"inLanguage":"sl-SI"}]}},"_links":{"self":[{"href":"https:\/\/www.multilingual.si\/sl\/wp-json\/wp\/v2\/pages\/478","targetHints":{"allow":["GET"]}}],"collection":[{"href":"https:\/\/www.multilingual.si\/sl\/wp-json\/wp\/v2\/pages"}],"about":[{"href":"https:\/\/www.multilingual.si\/sl\/wp-json\/wp\/v2\/types\/page"}],"author":[{"embeddable":true,"href":"https:\/\/www.multilingual.si\/sl\/wp-json\/wp\/v2\/users\/1"}],"replies":[{"embeddable":true,"href":"https:\/\/www.multilingual.si\/sl\/wp-json\/wp\/v2\/comments?post=478"}],"version-history":[{"count":1,"href":"https:\/\/www.multilingual.si\/sl\/wp-json\/wp\/v2\/pages\/478\/revisions"}],"predecessor-version":[{"id":3394,"href":"https:\/\/www.multilingual.si\/sl\/wp-json\/wp\/v2\/pages\/478\/revisions\/3394"}],"wp:attachment":[{"href":"https:\/\/www.multilingual.si\/sl\/wp-json\/wp\/v2\/media?parent=478"}],"curies":[{"name":"wp","href":"https:\/\/api.w.org\/{rel}","templated":true}]}}