{"id":487,"date":"2025-02-11T12:19:32","date_gmt":"2025-02-11T11:19:32","guid":{"rendered":"https:\/\/pisarna.novisplet.com\/dev4\/multilingual\/prevodi\/"},"modified":"2025-03-05T08:52:01","modified_gmt":"2025-03-05T07:52:01","slug":"prevodi","status":"publish","type":"page","link":"https:\/\/www.multilingual.si\/sl\/prevodi\/","title":{"rendered":"Prevodi"},"content":{"rendered":"<div class=\"wpb-content-wrapper\"><p>[vc_row][vc_column]        \r\n        <div class=\"title-banner   page-title-prevodi\">\r\n        <div class=\"container\">\r\n          <?php\/\/ if(isset($image)) :?>\r\n          <div class=\"title-banner-image-container\"\r\n                         style=\"background:url('https:\/\/www.multilingual.si\/wp-content\/uploads\/2025\/02\/breadcrumbs-h1.png');\r\n                      background-repeat:no-repeat;\"\r\n                                            >\r\n            <div class=\"breadcrumbs-container\">\r\n            <div class=\"container\">\r\n              <div class=\"breadcrumbs\">\r\n                <p id=\"breadcrumbs\"><span><span><a href=\"https:\/\/www.multilingual.si\/sl\/\">Domov<\/a><\/span><\/span><\/p>                <div class=\"clearfix\"><\/div>\r\n              <\/div>\r\n            <\/div>\r\n          <\/div>\r\n          <div class=\"container\">\r\n                                              <h1>Prevodi<\/h1>\r\n                                          <div class=\"svg-icon\"><svg width=\"175\" height=\"145\" viewBox=\"0 0 175 145\" fill=\"none\" xmlns=\"http:\/\/www.w3.org\/2000\/svg\">\n<g clip-path=\"url(#clip0_2005_509)\">\n<path d=\"M86.4609 -0.000244141C100.594 -0.000244141 112.233 11.5998 112.233 25.6855C112.233 39.7712 100.594 51.3712 86.4609 51.3712C72.3279 51.3712 60.689 39.7712 60.689 25.6855C60.689 11.5998 72.3279 -0.000244141 86.4609 -0.000244141Z\" fill=\"black\"\/>\n<path d=\"M61.25 97.3377L77.4038 59.7451H81.4423L116.442 73.8423L118.462 78.5414L96.25 128.889L91.5385 130.231L61.25 119.49V97.3377Z\" fill=\"white\"\/>\n<path d=\"M60.2731 118.9V132.157C60.2731 134.643 60.6888 137.543 61.5202 139.614C61.5202 140.028 61.5202 140.857 61.5202 141.271V145H110.154V141.685C111.817 138.785 112.648 135.471 112.648 132.157V97.7712C115.974 105.643 118.468 116.828 120.962 132.571C121.793 137.543 125.95 141.271 130.938 141.271C131.354 141.271 131.77 141.271 132.601 141.271C138.005 140.443 141.746 135.471 140.914 130.085C135.095 89.4855 125.95 71.6712 103.919 58.4141C103.504 57.9998 103.088 57.9998 102.672 57.5855C99.7624 55.5141 96.437 54.2712 93.5273 53.4426L87.2921 60.0712L81.057 53.4426C77.7316 54.2712 74.8218 55.5141 71.9121 57.1712C67.7553 59.2426 30.7601 82.8569 35.7482 103.571C37.8266 114.757 49.8812 118.071 60.2731 118.9ZM77.7316 65.4569C78.5629 63.3855 80.6413 62.1426 82.7197 62.1426C83.551 62.1426 84.3824 62.1426 85.2137 62.5569L86.0451 62.9712L86.1538 63.1017L86.8765 63.3855L112.233 74.9855C115.142 76.2283 116.39 79.5426 115.142 82.4426L96.0214 123.871C95.19 125.943 93.1116 127.185 91.0332 127.185C90.2019 127.185 89.3705 127.185 88.5392 126.771L71.4964 118.9C71.9121 118.9 72.3278 118.9 72.7434 118.9C74.4061 118.9 75.6532 118.485 76.9002 117.657C76.9002 118.485 77.3159 118.9 78.1472 119.314L88.9548 124.285C89.7862 124.7 90.2019 124.7 91.0332 124.7C91.4489 124.7 91.8646 124.7 92.6959 124.285C93.943 123.871 94.7743 123.043 95.19 121.8L112.648 83.6855C113.064 82.4426 113.064 81.1998 112.648 79.9569C112.233 78.7141 111.401 77.8855 110.154 77.4712L85.2137 65.8712C82.7197 64.6283 80.2256 65.8712 78.9786 67.9426L66.0926 95.6998C65.6769 96.5283 66.0926 97.7712 66.924 98.1855C67.7553 98.5998 69.0023 98.1855 69.418 97.3569L82.304 69.5998C82.304 69.1855 83.1354 69.1855 83.551 69.1855L108.492 80.7855C108.907 80.7855 108.907 81.1998 108.907 81.1998V81.6141L91.4489 119.728L91.0332 120.143C90.6175 120.143 90.6176 120.143 90.2019 120.143L79.3943 116C81.057 113.928 82.304 111.443 82.304 108.543C81.8883 103.157 77.3159 98.5998 71.9121 99.0141C68.171 99.0141 64.8456 99.0141 62.3515 99.0141L77.7316 65.4569ZM60.2731 90.3141V99.0141C57.3634 98.5998 55.7007 98.1855 54.8693 97.7712C55.7007 95.6998 57.7791 93.2141 60.2731 90.3141Z\" fill=\"black\"\/>\n<path d=\"M175 134.228H0V145H175V134.228Z\" fill=\"#ED1C24\"\/>\n<\/g>\n<defs>\n<clipPath id=\"clip0_2005_509\">\n<rect width=\"175\" height=\"145\" fill=\"white\" transform=\"translate(0 -0.000244141)\"\/>\n<\/clipPath>\n<\/defs>\n<\/svg><\/div>          <\/div>\r\n          <\/div>\r\n          <?php\/\/ endif; ?>\r\n\r\n        <\/div>\r\n        <\/div>\r\n        [\/vc_column][\/vc_row][vc_row][vc_column width=&#8221;1\/12&#8243;][\/vc_column][vc_column width=&#8221;10\/12&#8243;][vc_column_text]<\/p>\n<h2>Potrebujete prevod v tuj jezik ali iz tujega jezika?<\/h2>\n<p>V prevajalski agenciji <strong>Multilingual PRO d.o.o.<\/strong> imamo pravi odgovor za vas. Na\u0161i <a href=\"http:\/\/www.multilingual.si\/sl\/prevajalci\">prevajalci <\/a>bodo vedno skrbno prevedli va\u0161a besedila, saj se zavedajo, kako pomembna je primerna predstavitev v tujem jeziku \u2013 tako za avtorja oziroma tistega, ki ga besedilo predstavlja, kot tudi za ciljno ob\u010dinstvo. Avtor si na podlagi pravilno rabljenega jezika prislu\u017ei \u0161e dodaten ugled svoje publike.<\/p>\n<h3>V katere jezike nudimo prevode?<\/h3>\n<p>Prevodi so vam na voljo v naslednjih jezikih:<\/p>\n<div class=\"prevodi-columns\"><a href=\"http:\/\/www.multilingual.si\/sl\/prevod-v-hrvascino\">prevod v hrva\u0161\u010dino<\/a><br \/>\n<a href=\"http:\/\/www.multilingual.si\/sl\/prevod-v-srbscino-0\">prevod v srb\u0161\u010dino<\/a><br \/>\n<a href=\"http:\/\/www.multilingual.si\/sl\/prevod-v-bosanscino\">prevod v bosan\u0161\u010dino<\/a><br \/>\n<a href=\"http:\/\/www.multilingual.si\/sl\/prevod-v-crnogorscino\">prevod v \u010drnogor\u0161\u010dino<\/a><br \/>\n<a href=\"http:\/\/www.multilingual.si\/sl\/prevod-v-anglescino\">prevod v angle\u0161\u010dino<\/a><br \/>\n<a href=\"http:\/\/www.multilingual.si\/sl\/prevod-v-italijanscino\">prevod v italijan\u0161\u010dino<\/a><br \/>\n<a href=\"http:\/\/www.multilingual.si\/sl\/prevod-v-nemscino\">prevod v nem\u0161\u010dino<\/a><br \/>\n<a href=\"http:\/\/www.multilingual.si\/sl\/prevod-v-spanscino-0\">prevod v \u0161pan\u0161\u010dino<\/a><br \/>\n<a href=\"http:\/\/www.multilingual.si\/sl\/prevod-v-francoscino-0\">prevod v franco\u0161\u010dino<\/a><br \/>\n<a href=\"http:\/\/www.multilingual.si\/sl\/prevod-v-ruscino\">prevod v ru\u0161\u010dino<\/a><br \/>\n<a href=\"http:\/\/www.multilingual.si\/sl\/prevod-v-makedonscino\">prevod v makedon\u0161\u010dino<\/a><br \/>\n<a href=\"http:\/\/www.multilingual.si\/sl\/prevod-v-madzarscino\">prevod v mad\u017ear\u0161\u010dino<\/a><br \/>\n<a href=\"http:\/\/www.multilingual.si\/sl\/prevod-v-bolgarscino\">prevod v bolgar\u0161\u010dino<\/a><br \/>\n<a href=\"http:\/\/www.multilingual.si\/sl\/prevod-v-romunscino\">prevod v romun\u0161\u010dino<\/a><br \/>\n<a href=\"http:\/\/www.multilingual.si\/sl\/prevod-v-albanscino\">prevod v alban\u0161\u010dino<\/a><br \/>\n<a href=\"http:\/\/www.multilingual.si\/sl\/prevod-v-cescino\">prevod v \u010de\u0161\u010dino<\/a><br \/>\n<a href=\"http:\/\/www.multilingual.si\/sl\/prevod-v-slovascino\">prevod v slova\u0161\u010dino<\/a><br \/>\n<a href=\"http:\/\/www.multilingual.si\/sl\/prevod-v-poljscino\">prevod v polj\u0161\u010dino<\/a><br \/>\n<a href=\"http:\/\/www.multilingual.si\/sl\/prevod-v-portugalscino\">prevod v portugal\u0161\u010dino<\/a><br \/>\n<a href=\"http:\/\/www.multilingual.si\/sl\/prevod-v-nizozemscino\">prevod v nizozem\u0161\u010dino<\/a><br \/>\n<a href=\"http:\/\/www.multilingual.si\/sl\/prevod-v-grscino\">prevod v gr\u0161\u010dino<\/a><br \/>\n<a href=\"http:\/\/www.multilingual.si\/sl\/prevod-v-svedscino\">prevod v \u0161ved\u0161\u010dino<\/a><br \/>\n<a href=\"http:\/\/www.multilingual.si\/sl\/prevod-v-turscino\">prevod v tur\u0161\u010dino<\/a><br \/>\n<a href=\"http:\/\/www.multilingual.si\/sl\/prevod-v-finscino\">prevod v fin\u0161\u010dino<\/a><br \/>\n<a href=\"https:\/\/www.multilingual.si\/sl\/prevod-v-norvescino\/\">prevod v norve\u0161\u010dino<\/a><br \/>\n<a href=\"https:\/\/www.multilingual.si\/sl\/prevod-v-danscino\/\">prevod v dan\u0161\u010dino<\/a><br \/>\n<a href=\"https:\/\/www.multilingual.si\/sl\/prevod-v-estonscino\/\">prevod v eston\u0161\u010dino<\/a><br \/>\n<a href=\"https:\/\/www.multilingual.si\/sl\/prevod-v-latvijscino\/\">prevod v latvij\u0161\u010dino<\/a><br \/>\n<a href=\"https:\/\/www.multilingual.si\/sl\/prevod-v-litvanscino\/\">prevod v litvan\u0161\u010dino<\/a><br \/>\n<a href=\"http:\/\/www.multilingual.si\/sl\/prevod-v-hebrejscino\">prevod v hebrej\u0161\u010dino<\/a><br \/>\n<a href=\"http:\/\/www.multilingual.si\/sl\/prevod-v-japonscino\">prevod v japon\u0161\u010dino<\/a><br \/>\n<a href=\"http:\/\/www.multilingual.si\/sl\/prevod-v-kitajscino\">prevod v kitaj\u0161\u010dino<\/a><br \/>\n<a href=\"http:\/\/www.multilingual.si\/sl\/prevod-v-arabscino\">prevod v arab\u0161\u010dino<\/a><\/div>\n<p>Seveda nudimo tudi prevode v <strong>slovenski jezik\u00a0<\/strong>za vse zgoraj omenjene jezike.<\/p>\n<h3>Prevodi v razli\u010dnih jezikovnih kombinacijah<\/h3>\n<p>Poleg obeh standardnih kombinacij <strong>iz tujega jezika v sloven\u0161\u010dino<\/strong> in <strong>iz sloven\u0161\u010dine v tuj jezik<\/strong> prevajamo tudi vse <strong>druge jezikovne kombinacije<\/strong> med zgoraj na\u0161tetimi jeziki. Ob kakovosti stavimo tudi na hitrost, saj besedila v dol\u017eini 5 strani prevedemo \u0161e v istem dnevu. Pri tem za eno stran \u0161tejemo 1.500 znakov brez presledkov, ki se imenuje avtorska oziroma tudi prevajalska stran. \u010ce ima besedilo manj kot 750 znakov brez presledkov, obra\u010dunamo polovico cene avtorske strani. \u010ce je besedilo dalj\u0161e, pa obra\u010dunamo celotno avtorsko stran.<\/p>\n<h2>Brezpla\u010dni prevodi!<\/h2>\n<p>Res je, ponujamo vam brezpla\u010dni prevod besedila v slovenskem jeziku, ki ga \u017eelite prevesti v angle\u0161ki, nem\u0161ki, italijanski, \u0161panski ali francoski jezik &#8211; dol\u017ene v izvirniku do 200 znakov brez presledkov.<\/p>\n<p>Po\u0161ljite nam besedilo na\u00a0<a href=\"&#x6d;&#x61;&#x69;&#108;to:&#x69;&#x6e;&#x66;&#x6f;&#64;mul&#x74;&#x69;&#x6c;&#105;&#110;gua&#x6c;&#x2e;&#x73;&#105;\">i&#x6e;&#x66;o&#64;&#x6d;u&#108;&#x74;i&#108;&#x69;ng&#x75;&#x61;l&#x2e;&#x73;i<\/a>\u00a0in z veseljem bomo uredili kraj\u0161i prevod tudi za vas.<\/p>\n<h2>POKLI\u010cITE \u0161e danes na 040 817 820!<\/h2>\n<h3>Popusti ob ve\u010djih naro\u010dilih<\/h3>\n<p>Za obse\u017enej\u0161a besedila vam nudimo popust, za katerega se dogovorimo ob naro\u010dilu. \u010ce se boste odlo\u010dili postati na\u0161a <strong>stalna stranka<\/strong>, vam bomo ponudili tudi posebno ugodnost \u2013 <strong>stalen popust<\/strong>.<\/p>\n<p>Kakovostni prevodi za ugodno ceno \u2013 pokli\u010dite nas! Na voljo smo vam tudi\u00a0<strong>24 ur na dan\u00a0<\/strong>na elektronskem naslovu <a href=\"m&#x61;&#x69;l&#116;&#x6f;:i&#x6e;&#x66;o&#64;&#x6d;ul&#x74;&#x69;l&#105;&#x6e;gu&#x61;&#x6c;.&#115;&#x69;\">&#x69;&#x6e;&#x66;&#x6f;&#x40;&#109;&#117;ltili&#x6e;&#x67;&#x75;&#x61;&#x6c;&#x2e;&#115;&#105;<\/a>.<\/p>\n<h2><\/h2>\n<p>[\/vc_column_text][\/vc_column][vc_column width=&#8221;1\/12&#8243;][\/vc_column][\/vc_row]<\/p>\n<\/div>","protected":false},"excerpt":{"rendered":"<p>[vc_row][vc_column][\/vc_column][\/vc_row][vc_row][vc_column width=&#8221;1\/12&#8243;][\/vc_column][vc_column width=&#8221;10\/12&#8243;][vc_column_text] Potrebujete prevod v tuj jezik ali iz tujega jezika? V prevajalski agenciji Multilingual PRO d.o.o. imamo pravi odgovor za vas. Na\u0161i prevajalci bodo vedno skrbno prevedli va\u0161a besedila, saj se zavedajo, kako pomembna je primerna predstavitev v tujem jeziku \u2013 tako za avtorja oziroma tistega, ki ga besedilo predstavlja, kot tudi za ciljno ob\u010dinstvo. Avtor si na podlagi pravilno rabljenega jezika prislu\u017ei \u0161e dodaten ugled svoje publike. V katere jezike nudimo prevode? Prevodi so vam na voljo v naslednjih jezikih: prevod v hrva\u0161\u010dino prevod v srb\u0161\u010dino prevod v bosan\u0161\u010dino prevod v \u010drnogor\u0161\u010dino prevod v angle\u0161\u010dino prevod v italijan\u0161\u010dino prevod v nem\u0161\u010dino prevod v \u0161pan\u0161\u010dino prevod v franco\u0161\u010dino prevod v ru\u0161\u010dino prevod v makedon\u0161\u010dino prevod v mad\u017ear\u0161\u010dino prevod [&hellip;]<\/p>\n","protected":false},"author":1,"featured_media":0,"parent":0,"menu_order":7,"comment_status":"closed","ping_status":"closed","template":"","meta":{"_acf_changed":false,"footnotes":""},"class_list":["post-487","page","type-page","status-publish","hentry"],"acf":[],"yoast_head":"<!-- This site is optimized with the Yoast SEO plugin v24.4 - https:\/\/yoast.com\/wordpress\/plugins\/seo\/ -->\n<title>Prevodi - Multilingual<\/title>\n<meta name=\"robots\" content=\"index, follow, max-snippet:-1, max-image-preview:large, max-video-preview:-1\" \/>\n<link rel=\"canonical\" href=\"https:\/\/www.multilingual.si\/sl\/prevodi\/\" \/>\n<meta property=\"og:locale\" content=\"sl_SI\" \/>\n<meta property=\"og:type\" content=\"article\" \/>\n<meta property=\"og:title\" content=\"Prevodi - Multilingual\" \/>\n<meta property=\"og:description\" content=\"[vc_row][vc_column][\/vc_column][\/vc_row][vc_row][vc_column width=&#8221;1\/12&#8243;][\/vc_column][vc_column width=&#8221;10\/12&#8243;][vc_column_text] Potrebujete prevod v tuj jezik ali iz tujega jezika? V prevajalski agenciji Multilingual PRO d.o.o. imamo pravi odgovor za vas. Na\u0161i prevajalci bodo vedno skrbno prevedli va\u0161a besedila, saj se zavedajo, kako pomembna je primerna predstavitev v tujem jeziku \u2013 tako za avtorja oziroma tistega, ki ga besedilo predstavlja, kot tudi za ciljno ob\u010dinstvo. Avtor si na podlagi pravilno rabljenega jezika prislu\u017ei \u0161e dodaten ugled svoje publike. V katere jezike nudimo prevode? Prevodi so vam na voljo v naslednjih jezikih: prevod v hrva\u0161\u010dino prevod v srb\u0161\u010dino prevod v bosan\u0161\u010dino prevod v \u010drnogor\u0161\u010dino prevod v angle\u0161\u010dino prevod v italijan\u0161\u010dino prevod v nem\u0161\u010dino prevod v \u0161pan\u0161\u010dino prevod v franco\u0161\u010dino prevod v ru\u0161\u010dino prevod v makedon\u0161\u010dino prevod v mad\u017ear\u0161\u010dino prevod [&hellip;]\" \/>\n<meta property=\"og:url\" content=\"https:\/\/www.multilingual.si\/sl\/prevodi\/\" \/>\n<meta property=\"og:site_name\" content=\"Multilingual\" \/>\n<meta property=\"article:modified_time\" content=\"2025-03-05T07:52:01+00:00\" \/>\n<meta name=\"twitter:card\" content=\"summary_large_image\" \/>\n<meta name=\"twitter:label1\" content=\"Est. reading time\" \/>\n\t<meta name=\"twitter:data1\" content=\"3 minute\" \/>\n<script type=\"application\/ld+json\" class=\"yoast-schema-graph\">{\"@context\":\"https:\/\/schema.org\",\"@graph\":[{\"@type\":\"WebPage\",\"@id\":\"https:\/\/www.multilingual.si\/sl\/prevodi\/\",\"url\":\"https:\/\/www.multilingual.si\/sl\/prevodi\/\",\"name\":\"Prevodi - Multilingual\",\"isPartOf\":{\"@id\":\"https:\/\/www.multilingual.si\/sl\/#website\"},\"datePublished\":\"2025-02-11T11:19:32+00:00\",\"dateModified\":\"2025-03-05T07:52:01+00:00\",\"breadcrumb\":{\"@id\":\"https:\/\/www.multilingual.si\/sl\/prevodi\/#breadcrumb\"},\"inLanguage\":\"sl-SI\",\"potentialAction\":[{\"@type\":\"ReadAction\",\"target\":[\"https:\/\/www.multilingual.si\/sl\/prevodi\/\"]}]},{\"@type\":\"BreadcrumbList\",\"@id\":\"https:\/\/www.multilingual.si\/sl\/prevodi\/#breadcrumb\",\"itemListElement\":[{\"@type\":\"ListItem\",\"position\":1,\"name\":\"Domov\",\"item\":\"https:\/\/www.multilingual.si\/sl\/\"},{\"@type\":\"ListItem\",\"position\":2,\"name\":\"Prevodi\"}]},{\"@type\":\"WebSite\",\"@id\":\"https:\/\/www.multilingual.si\/sl\/#website\",\"url\":\"https:\/\/www.multilingual.si\/sl\/\",\"name\":\"Multilingual\",\"description\":\"\",\"potentialAction\":[{\"@type\":\"SearchAction\",\"target\":{\"@type\":\"EntryPoint\",\"urlTemplate\":\"https:\/\/www.multilingual.si\/sl\/?s={search_term_string}\"},\"query-input\":{\"@type\":\"PropertyValueSpecification\",\"valueRequired\":true,\"valueName\":\"search_term_string\"}}],\"inLanguage\":\"sl-SI\"}]}<\/script>\n<!-- \/ Yoast SEO plugin. -->","yoast_head_json":{"title":"Prevodi - Multilingual","robots":{"index":"index","follow":"follow","max-snippet":"max-snippet:-1","max-image-preview":"max-image-preview:large","max-video-preview":"max-video-preview:-1"},"canonical":"https:\/\/www.multilingual.si\/sl\/prevodi\/","og_locale":"sl_SI","og_type":"article","og_title":"Prevodi - Multilingual","og_description":"[vc_row][vc_column][\/vc_column][\/vc_row][vc_row][vc_column width=&#8221;1\/12&#8243;][\/vc_column][vc_column width=&#8221;10\/12&#8243;][vc_column_text] Potrebujete prevod v tuj jezik ali iz tujega jezika? V prevajalski agenciji Multilingual PRO d.o.o. imamo pravi odgovor za vas. Na\u0161i prevajalci bodo vedno skrbno prevedli va\u0161a besedila, saj se zavedajo, kako pomembna je primerna predstavitev v tujem jeziku \u2013 tako za avtorja oziroma tistega, ki ga besedilo predstavlja, kot tudi za ciljno ob\u010dinstvo. Avtor si na podlagi pravilno rabljenega jezika prislu\u017ei \u0161e dodaten ugled svoje publike. V katere jezike nudimo prevode? Prevodi so vam na voljo v naslednjih jezikih: prevod v hrva\u0161\u010dino prevod v srb\u0161\u010dino prevod v bosan\u0161\u010dino prevod v \u010drnogor\u0161\u010dino prevod v angle\u0161\u010dino prevod v italijan\u0161\u010dino prevod v nem\u0161\u010dino prevod v \u0161pan\u0161\u010dino prevod v franco\u0161\u010dino prevod v ru\u0161\u010dino prevod v makedon\u0161\u010dino prevod v mad\u017ear\u0161\u010dino prevod [&hellip;]","og_url":"https:\/\/www.multilingual.si\/sl\/prevodi\/","og_site_name":"Multilingual","article_modified_time":"2025-03-05T07:52:01+00:00","twitter_card":"summary_large_image","twitter_misc":{"Est. reading time":"3 minute"},"schema":{"@context":"https:\/\/schema.org","@graph":[{"@type":"WebPage","@id":"https:\/\/www.multilingual.si\/sl\/prevodi\/","url":"https:\/\/www.multilingual.si\/sl\/prevodi\/","name":"Prevodi - Multilingual","isPartOf":{"@id":"https:\/\/www.multilingual.si\/sl\/#website"},"datePublished":"2025-02-11T11:19:32+00:00","dateModified":"2025-03-05T07:52:01+00:00","breadcrumb":{"@id":"https:\/\/www.multilingual.si\/sl\/prevodi\/#breadcrumb"},"inLanguage":"sl-SI","potentialAction":[{"@type":"ReadAction","target":["https:\/\/www.multilingual.si\/sl\/prevodi\/"]}]},{"@type":"BreadcrumbList","@id":"https:\/\/www.multilingual.si\/sl\/prevodi\/#breadcrumb","itemListElement":[{"@type":"ListItem","position":1,"name":"Domov","item":"https:\/\/www.multilingual.si\/sl\/"},{"@type":"ListItem","position":2,"name":"Prevodi"}]},{"@type":"WebSite","@id":"https:\/\/www.multilingual.si\/sl\/#website","url":"https:\/\/www.multilingual.si\/sl\/","name":"Multilingual","description":"","potentialAction":[{"@type":"SearchAction","target":{"@type":"EntryPoint","urlTemplate":"https:\/\/www.multilingual.si\/sl\/?s={search_term_string}"},"query-input":{"@type":"PropertyValueSpecification","valueRequired":true,"valueName":"search_term_string"}}],"inLanguage":"sl-SI"}]}},"_links":{"self":[{"href":"https:\/\/www.multilingual.si\/sl\/wp-json\/wp\/v2\/pages\/487","targetHints":{"allow":["GET"]}}],"collection":[{"href":"https:\/\/www.multilingual.si\/sl\/wp-json\/wp\/v2\/pages"}],"about":[{"href":"https:\/\/www.multilingual.si\/sl\/wp-json\/wp\/v2\/types\/page"}],"author":[{"embeddable":true,"href":"https:\/\/www.multilingual.si\/sl\/wp-json\/wp\/v2\/users\/1"}],"replies":[{"embeddable":true,"href":"https:\/\/www.multilingual.si\/sl\/wp-json\/wp\/v2\/comments?post=487"}],"version-history":[{"count":7,"href":"https:\/\/www.multilingual.si\/sl\/wp-json\/wp\/v2\/pages\/487\/revisions"}],"predecessor-version":[{"id":3140,"href":"https:\/\/www.multilingual.si\/sl\/wp-json\/wp\/v2\/pages\/487\/revisions\/3140"}],"wp:attachment":[{"href":"https:\/\/www.multilingual.si\/sl\/wp-json\/wp\/v2\/media?parent=487"}],"curies":[{"name":"wp","href":"https:\/\/api.w.org\/{rel}","templated":true}]}}