{"id":509,"date":"2025-02-11T12:19:33","date_gmt":"2025-02-11T11:19:33","guid":{"rendered":"https:\/\/pisarna.novisplet.com\/dev4\/multilingual\/cenik-tolma%c4%8denja\/"},"modified":"2025-02-21T11:48:47","modified_gmt":"2025-02-21T10:48:47","slug":"cenik-tolma%c4%8denja","status":"publish","type":"page","link":"https:\/\/www.multilingual.si\/sl\/cenik-tolma%c4%8denja\/","title":{"rendered":"Cenik tolma\u010denja"},"content":{"rendered":"<div class=\"wpb-content-wrapper\"><p>[vc_row][vc_column]        \r\n        <div class=\"title-banner no-intro-image  \">\r\n        <div class=\"container\">\r\n          <?php\/\/ if(isset($image)) :?>\r\n          <div class=\"title-banner-image-container\"\r\n                                >\r\n            <div class=\"breadcrumbs-container\">\r\n            <div class=\"container\">\r\n              <div class=\"breadcrumbs\">\r\n                <p id=\"breadcrumbs\"><span><span><a href=\"https:\/\/www.multilingual.si\/sl\/\">Domov<\/a><\/span><\/span><\/p>                <div class=\"clearfix\"><\/div>\r\n              <\/div>\r\n            <\/div>\r\n          <\/div>\r\n          <div class=\"container\">\r\n                                              <h1>Cenik tolma\u010denja<\/h1>\r\n                                          <div class=\"svg-icon\"><\/div>          <\/div>\r\n          <\/div>\r\n          <?php\/\/ endif; ?>\r\n\r\n        <\/div>\r\n        <\/div>\r\n        [\/vc_column][\/vc_row][vc_row][vc_column][vc_column_text]<\/p>\n<table style=\"height: 167px;\" width=\"481\">\n<tbody>\n<tr>\n<td>simultano prevajanje<\/td>\n<td>110,00 EUR na uro<\/td>\n<\/tr>\n<tr>\n<td>konsekutivno prevajanje<\/td>\n<td>110,00 EUR na uro<\/td>\n<\/tr>\n<tr>\n<td>simultano prevajanje \/ zahtevnej\u0161e<\/td>\n<td>120,00 EUR na uro<\/td>\n<\/tr>\n<tr>\n<td>konsekutivno prevajanje \/ zahtevnej\u0161e<\/td>\n<td>120,00 EUR na uro<\/td>\n<\/tr>\n<tr>\n<td>Potni stro\u0161ki<\/td>\n<td>0,37 EUR\/km<\/td>\n<\/tr>\n<tr>\n<td>\u010cakanje<\/td>\n<td>20 EUR\/30 min<\/td>\n<\/tr>\n<\/tbody>\n<\/table>\n<ul>\n<li>obra\u010duna se vsaka za\u010deta ura tolma\u010denja<\/li>\n<li>nudimo mo\u017enost najema opreme za konferen\u010dno tolma\u010denje. Pi\u0161ite nam, in poslali vam bomo ponudbo<\/li>\n<li>v ceno ni vklju\u010den DDV<\/li>\n<\/ul>\n<h2>Popusti<\/h2>\n<ul>\n<li>pogodbenim strankam nudimo stalen popust na vse prevajalske storitve<\/li>\n<\/ul>\n<h2>Na\u010din pla\u010dila<\/h2>\n<ul>\n<li><strong>pravne osebe:<\/strong><br \/>\nPravnim osebam ra\u010dun izstavimo po opravljeni storitvi.<\/li>\n<li><strong>fizi\u010dne osebe:<\/strong><br \/>\nStoritev lahko poravnate osebno z gotovino, s pla\u010dilnim nalogom ali prek karti\u010dnega pla\u010dila oziroma prek e-ban\u010dni\u0161tva pred pri\u010detkom tolma\u010denja.<\/li>\n<\/ul>\n<p>[\/vc_column_text][\/vc_column][\/vc_row]<\/p>\n<\/div>","protected":false},"excerpt":{"rendered":"<p>[vc_row][vc_column][\/vc_column][\/vc_row][vc_row][vc_column][vc_column_text] simultano prevajanje 110,00 EUR na uro konsekutivno prevajanje 110,00 EUR na uro simultano prevajanje \/ zahtevnej\u0161e 120,00 EUR na uro konsekutivno prevajanje \/ zahtevnej\u0161e 120,00 EUR na uro Potni stro\u0161ki 0,37 EUR\/km \u010cakanje 20 EUR\/30 min obra\u010duna se vsaka za\u010deta ura tolma\u010denja nudimo mo\u017enost najema opreme za konferen\u010dno tolma\u010denje. Pi\u0161ite nam, in poslali vam bomo ponudbo v ceno ni vklju\u010den DDV Popusti pogodbenim strankam nudimo stalen popust na vse prevajalske storitve Na\u010din pla\u010dila pravne osebe: Pravnim osebam ra\u010dun izstavimo po opravljeni storitvi. fizi\u010dne osebe: Storitev lahko poravnate osebno z gotovino, s pla\u010dilnim nalogom ali prek karti\u010dnega pla\u010dila oziroma prek e-ban\u010dni\u0161tva pred pri\u010detkom tolma\u010denja. [\/vc_column_text][\/vc_column][\/vc_row]<\/p>\n","protected":false},"author":1,"featured_media":0,"parent":0,"menu_order":35,"comment_status":"closed","ping_status":"closed","template":"","meta":{"_acf_changed":false,"footnotes":""},"class_list":["post-509","page","type-page","status-publish","hentry"],"acf":[],"yoast_head":"<!-- This site is optimized with the Yoast SEO plugin v24.4 - https:\/\/yoast.com\/wordpress\/plugins\/seo\/ -->\n<title>Cenik tolma\u010denja - Multilingual<\/title>\n<meta name=\"robots\" content=\"index, follow, max-snippet:-1, max-image-preview:large, max-video-preview:-1\" \/>\n<link rel=\"canonical\" href=\"https:\/\/www.multilingual.si\/sl\/cenik-tolma\u010denja\/\" \/>\n<meta property=\"og:locale\" content=\"sl_SI\" \/>\n<meta property=\"og:type\" content=\"article\" \/>\n<meta property=\"og:title\" content=\"Cenik tolma\u010denja - Multilingual\" \/>\n<meta property=\"og:description\" content=\"[vc_row][vc_column][\/vc_column][\/vc_row][vc_row][vc_column][vc_column_text] simultano prevajanje 110,00 EUR na uro konsekutivno prevajanje 110,00 EUR na uro simultano prevajanje \/ zahtevnej\u0161e 120,00 EUR na uro konsekutivno prevajanje \/ zahtevnej\u0161e 120,00 EUR na uro Potni stro\u0161ki 0,37 EUR\/km \u010cakanje 20 EUR\/30 min obra\u010duna se vsaka za\u010deta ura tolma\u010denja nudimo mo\u017enost najema opreme za konferen\u010dno tolma\u010denje. Pi\u0161ite nam, in poslali vam bomo ponudbo v ceno ni vklju\u010den DDV Popusti pogodbenim strankam nudimo stalen popust na vse prevajalske storitve Na\u010din pla\u010dila pravne osebe: Pravnim osebam ra\u010dun izstavimo po opravljeni storitvi. fizi\u010dne osebe: Storitev lahko poravnate osebno z gotovino, s pla\u010dilnim nalogom ali prek karti\u010dnega pla\u010dila oziroma prek e-ban\u010dni\u0161tva pred pri\u010detkom tolma\u010denja. [\/vc_column_text][\/vc_column][\/vc_row]\" \/>\n<meta property=\"og:url\" content=\"https:\/\/www.multilingual.si\/sl\/cenik-tolma\u010denja\/\" \/>\n<meta property=\"og:site_name\" content=\"Multilingual\" \/>\n<meta property=\"article:modified_time\" content=\"2025-02-21T10:48:47+00:00\" \/>\n<meta name=\"twitter:card\" content=\"summary_large_image\" \/>\n<meta name=\"twitter:label1\" content=\"Est. reading time\" \/>\n\t<meta name=\"twitter:data1\" content=\"1 minuta\" \/>\n<script type=\"application\/ld+json\" class=\"yoast-schema-graph\">{\"@context\":\"https:\/\/schema.org\",\"@graph\":[{\"@type\":\"WebPage\",\"@id\":\"https:\/\/www.multilingual.si\/sl\/cenik-tolma%c4%8denja\/\",\"url\":\"https:\/\/www.multilingual.si\/sl\/cenik-tolma%c4%8denja\/\",\"name\":\"Cenik tolma\u010denja - Multilingual\",\"isPartOf\":{\"@id\":\"https:\/\/www.multilingual.si\/sl\/#website\"},\"datePublished\":\"2025-02-11T11:19:33+00:00\",\"dateModified\":\"2025-02-21T10:48:47+00:00\",\"breadcrumb\":{\"@id\":\"https:\/\/www.multilingual.si\/sl\/cenik-tolma%c4%8denja\/#breadcrumb\"},\"inLanguage\":\"sl-SI\",\"potentialAction\":[{\"@type\":\"ReadAction\",\"target\":[\"https:\/\/www.multilingual.si\/sl\/cenik-tolma%c4%8denja\/\"]}]},{\"@type\":\"BreadcrumbList\",\"@id\":\"https:\/\/www.multilingual.si\/sl\/cenik-tolma%c4%8denja\/#breadcrumb\",\"itemListElement\":[{\"@type\":\"ListItem\",\"position\":1,\"name\":\"Domov\",\"item\":\"https:\/\/www.multilingual.si\/sl\/\"},{\"@type\":\"ListItem\",\"position\":2,\"name\":\"Cenik tolma\u010denja\"}]},{\"@type\":\"WebSite\",\"@id\":\"https:\/\/www.multilingual.si\/sl\/#website\",\"url\":\"https:\/\/www.multilingual.si\/sl\/\",\"name\":\"Multilingual\",\"description\":\"\",\"potentialAction\":[{\"@type\":\"SearchAction\",\"target\":{\"@type\":\"EntryPoint\",\"urlTemplate\":\"https:\/\/www.multilingual.si\/sl\/?s={search_term_string}\"},\"query-input\":{\"@type\":\"PropertyValueSpecification\",\"valueRequired\":true,\"valueName\":\"search_term_string\"}}],\"inLanguage\":\"sl-SI\"}]}<\/script>\n<!-- \/ Yoast SEO plugin. -->","yoast_head_json":{"title":"Cenik tolma\u010denja - Multilingual","robots":{"index":"index","follow":"follow","max-snippet":"max-snippet:-1","max-image-preview":"max-image-preview:large","max-video-preview":"max-video-preview:-1"},"canonical":"https:\/\/www.multilingual.si\/sl\/cenik-tolma\u010denja\/","og_locale":"sl_SI","og_type":"article","og_title":"Cenik tolma\u010denja - Multilingual","og_description":"[vc_row][vc_column][\/vc_column][\/vc_row][vc_row][vc_column][vc_column_text] simultano prevajanje 110,00 EUR na uro konsekutivno prevajanje 110,00 EUR na uro simultano prevajanje \/ zahtevnej\u0161e 120,00 EUR na uro konsekutivno prevajanje \/ zahtevnej\u0161e 120,00 EUR na uro Potni stro\u0161ki 0,37 EUR\/km \u010cakanje 20 EUR\/30 min obra\u010duna se vsaka za\u010deta ura tolma\u010denja nudimo mo\u017enost najema opreme za konferen\u010dno tolma\u010denje. Pi\u0161ite nam, in poslali vam bomo ponudbo v ceno ni vklju\u010den DDV Popusti pogodbenim strankam nudimo stalen popust na vse prevajalske storitve Na\u010din pla\u010dila pravne osebe: Pravnim osebam ra\u010dun izstavimo po opravljeni storitvi. fizi\u010dne osebe: Storitev lahko poravnate osebno z gotovino, s pla\u010dilnim nalogom ali prek karti\u010dnega pla\u010dila oziroma prek e-ban\u010dni\u0161tva pred pri\u010detkom tolma\u010denja. [\/vc_column_text][\/vc_column][\/vc_row]","og_url":"https:\/\/www.multilingual.si\/sl\/cenik-tolma\u010denja\/","og_site_name":"Multilingual","article_modified_time":"2025-02-21T10:48:47+00:00","twitter_card":"summary_large_image","twitter_misc":{"Est. reading time":"1 minuta"},"schema":{"@context":"https:\/\/schema.org","@graph":[{"@type":"WebPage","@id":"https:\/\/www.multilingual.si\/sl\/cenik-tolma%c4%8denja\/","url":"https:\/\/www.multilingual.si\/sl\/cenik-tolma%c4%8denja\/","name":"Cenik tolma\u010denja - Multilingual","isPartOf":{"@id":"https:\/\/www.multilingual.si\/sl\/#website"},"datePublished":"2025-02-11T11:19:33+00:00","dateModified":"2025-02-21T10:48:47+00:00","breadcrumb":{"@id":"https:\/\/www.multilingual.si\/sl\/cenik-tolma%c4%8denja\/#breadcrumb"},"inLanguage":"sl-SI","potentialAction":[{"@type":"ReadAction","target":["https:\/\/www.multilingual.si\/sl\/cenik-tolma%c4%8denja\/"]}]},{"@type":"BreadcrumbList","@id":"https:\/\/www.multilingual.si\/sl\/cenik-tolma%c4%8denja\/#breadcrumb","itemListElement":[{"@type":"ListItem","position":1,"name":"Domov","item":"https:\/\/www.multilingual.si\/sl\/"},{"@type":"ListItem","position":2,"name":"Cenik tolma\u010denja"}]},{"@type":"WebSite","@id":"https:\/\/www.multilingual.si\/sl\/#website","url":"https:\/\/www.multilingual.si\/sl\/","name":"Multilingual","description":"","potentialAction":[{"@type":"SearchAction","target":{"@type":"EntryPoint","urlTemplate":"https:\/\/www.multilingual.si\/sl\/?s={search_term_string}"},"query-input":{"@type":"PropertyValueSpecification","valueRequired":true,"valueName":"search_term_string"}}],"inLanguage":"sl-SI"}]}},"_links":{"self":[{"href":"https:\/\/www.multilingual.si\/sl\/wp-json\/wp\/v2\/pages\/509","targetHints":{"allow":["GET"]}}],"collection":[{"href":"https:\/\/www.multilingual.si\/sl\/wp-json\/wp\/v2\/pages"}],"about":[{"href":"https:\/\/www.multilingual.si\/sl\/wp-json\/wp\/v2\/types\/page"}],"author":[{"embeddable":true,"href":"https:\/\/www.multilingual.si\/sl\/wp-json\/wp\/v2\/users\/1"}],"replies":[{"embeddable":true,"href":"https:\/\/www.multilingual.si\/sl\/wp-json\/wp\/v2\/comments?post=509"}],"version-history":[{"count":2,"href":"https:\/\/www.multilingual.si\/sl\/wp-json\/wp\/v2\/pages\/509\/revisions"}],"predecessor-version":[{"id":2603,"href":"https:\/\/www.multilingual.si\/sl\/wp-json\/wp\/v2\/pages\/509\/revisions\/2603"}],"wp:attachment":[{"href":"https:\/\/www.multilingual.si\/sl\/wp-json\/wp\/v2\/media?parent=509"}],"curies":[{"name":"wp","href":"https:\/\/api.w.org\/{rel}","templated":true}]}}