{"id":513,"date":"2025-02-11T12:19:33","date_gmt":"2025-02-11T11:19:33","guid":{"rendered":"https:\/\/pisarna.novisplet.com\/dev4\/multilingual\/kontakt\/"},"modified":"2025-04-08T13:13:48","modified_gmt":"2025-04-08T12:13:48","slug":"kontakt","status":"publish","type":"page","link":"https:\/\/www.multilingual.si\/sl\/kontakt\/","title":{"rendered":"Kontakt"},"content":{"rendered":"<div class=\"wpb-content-wrapper\"><p>[vc_row][vc_column]        \r\n        <div class=\"title-banner no-intro-image  \">\r\n        <div class=\"container\">\r\n          <?php\/\/ if(isset($image)) :?>\r\n          <div class=\"title-banner-image-container\"\r\n                                >\r\n            <div class=\"breadcrumbs-container\">\r\n            <div class=\"container\">\r\n              <div class=\"breadcrumbs\">\r\n                <p id=\"breadcrumbs\"><span><span><a href=\"https:\/\/www.multilingual.si\/sl\/\">Domov<\/a><\/span><\/span><\/p>                <div class=\"clearfix\"><\/div>\r\n              <\/div>\r\n            <\/div>\r\n          <\/div>\r\n          <div class=\"container\">\r\n                                              <h1>Kontakt<\/h1>\r\n                                          <div class=\"svg-icon\"><\/div>          <\/div>\r\n          <\/div>\r\n          <?php\/\/ endif; ?>\r\n\r\n        <\/div>\r\n        <\/div>\r\n        [\/vc_column][\/vc_row][vc_row][vc_column width=&#8221;1\/3&#8243; el_class=&#8221;kontakt-info-col&#8221;][vc_column_text]<strong>MULTILINGUAL PRO<\/strong><br \/>\nprevajalska agencija d.o.o.<br \/>\nSlovenska cesta 19<br \/>\n1000 Ljubljana<br \/>\nSlovenija<br \/>\nPrika\u017ei lokacijo na <a href=\"https:\/\/maps.google.com\/maps?q=Slovenska+cesta+19,+ljubljana&amp;hl=sl&amp;sll=37.0625,-95.677068&amp;sspn=66.320747,135.263672&amp;hnear=Slovenska+cesta+19,+1000+Ljubljana,+Slovenija&amp;t=m&amp;z=17\" target=\"_blank\" rel=\"noopener\">zemljevidu. <\/a>[\/vc_column_text]\t\t\n\t\t<div class=\"ns-cwi-container home-site-icon\">\n\t\t\t<div class=\"ns-cwi-icon\">\n               <svg width=\"17\" height=\"17\" viewBox=\"0 0 17 17\" fill=\"none\" xmlns=\"http:\/\/www.w3.org\/2000\/svg\">\n<path d=\"M11.3341 12.0818L12.7979 10.6173C12.9951 10.4225 13.2445 10.2892 13.516 10.2335C13.7875 10.1778 14.0692 10.2021 14.3271 10.3035L16.1112 11.0161C16.3718 11.122 16.5953 11.3026 16.7535 11.5353C16.9117 11.768 16.9974 12.0423 17 12.3237V15.5926C16.9985 15.784 16.9583 15.9731 16.8818 16.1485C16.8053 16.324 16.694 16.4821 16.5548 16.6135C16.4156 16.7448 16.2513 16.8466 16.0717 16.9127C15.8922 16.9788 15.7011 17.0079 15.51 16.9982C3.00832 16.2202 0.485766 5.62903 0.00870312 1.57562C-0.0134425 1.37657 0.00679136 1.17509 0.0680735 0.984422C0.129356 0.793756 0.230297 0.618231 0.364257 0.469395C0.498217 0.320559 0.662161 0.201785 0.845301 0.120886C1.02844 0.0399873 1.22663 -0.0012024 1.42682 2.67191e-05H4.58328C4.86495 0.000860796 5.13993 0.0859768 5.37285 0.244427C5.60577 0.402877 5.78598 0.627415 5.89031 0.889161L6.60263 2.67397C6.70736 2.93094 6.73408 3.2131 6.67945 3.48518C6.62483 3.75726 6.49128 4.00721 6.29548 4.2038L4.83162 5.66825C4.83162 5.66825 5.67465 11.3757 11.3341 12.0818Z\" fill=\"#ED1C24\"\/>\n<\/svg>\t\t\t<\/div>\n\t\t\t<div class=\"ns-cwi-content\">\n                <a href=\"tel:0038614304827\">01 430 48 27<\/a>\t\t\t<\/div>\n\t\t<\/div>\n\n\n\t\t\t\t\n\t\t<div class=\"ns-cwi-container home-site-icon\">\n\t\t\t<div class=\"ns-cwi-icon\">\n               <svg width=\"12\" height=\"20\" viewBox=\"0 0 12 20\" fill=\"none\" xmlns=\"http:\/\/www.w3.org\/2000\/svg\">\n<path d=\"M7.25 18C7.25 17.6562 7.1276 17.362 6.88281 17.1172C6.63802 16.8724 6.34375 16.75 6 16.75C5.65625 16.75 5.36198 16.8724 5.11719 17.1172C4.8724 17.362 4.75 17.6562 4.75 18C4.75 18.3438 4.8724 18.638 5.11719 18.8828C5.36198 19.1276 5.65625 19.25 6 19.25C6.34375 19.25 6.63802 19.1276 6.88281 18.8828C7.1276 18.638 7.25 18.3438 7.25 18ZM10.5 15.5V4.5C10.5 4.36458 10.4505 4.2474 10.3516 4.14844C10.2526 4.04948 10.1354 4 10 4H2C1.86458 4 1.7474 4.04948 1.64844 4.14844C1.54948 4.2474 1.5 4.36458 1.5 4.5V15.5C1.5 15.6354 1.54948 15.7526 1.64844 15.8516C1.7474 15.9505 1.86458 16 2 16H10C10.1354 16 10.2526 15.9505 10.3516 15.8516C10.4505 15.7526 10.5 15.6354 10.5 15.5ZM7.5 2.25C7.5 2.08333 7.41667 2 7.25 2H4.75C4.58333 2 4.5 2.08333 4.5 2.25C4.5 2.41667 4.58333 2.5 4.75 2.5H7.25C7.41667 2.5 7.5 2.41667 7.5 2.25ZM12 2V18C12 18.5417 11.8021 19.0104 11.4062 19.4062C11.0104 19.8021 10.5417 20 10 20H2C1.45833 20 0.989583 19.8021 0.59375 19.4062C0.197917 19.0104 0 18.5417 0 18V2C0 1.45833 0.197917 0.989583 0.59375 0.59375C0.989583 0.197917 1.45833 0 2 0H10C10.5417 0 11.0104 0.197917 11.4062 0.59375C11.8021 0.989583 12 1.45833 12 2Z\" fill=\"#ED1C24\"\/>\n<\/svg>\t\t\t<\/div>\n\t\t\t<div class=\"ns-cwi-content\">\n                <a href=\"tel:0038640802382\">040 802 382<\/a>\t\t\t<\/div>\n\t\t<\/div>\n\n\n\t\t\t\t\n\t\t<div class=\"ns-cwi-container home-site-icon\">\n\t\t\t<div class=\"ns-cwi-icon\">\n               <svg width=\"12\" height=\"20\" viewBox=\"0 0 12 20\" fill=\"none\" xmlns=\"http:\/\/www.w3.org\/2000\/svg\">\n<path d=\"M7.25 18C7.25 17.6562 7.1276 17.362 6.88281 17.1172C6.63802 16.8724 6.34375 16.75 6 16.75C5.65625 16.75 5.36198 16.8724 5.11719 17.1172C4.8724 17.362 4.75 17.6562 4.75 18C4.75 18.3438 4.8724 18.638 5.11719 18.8828C5.36198 19.1276 5.65625 19.25 6 19.25C6.34375 19.25 6.63802 19.1276 6.88281 18.8828C7.1276 18.638 7.25 18.3438 7.25 18ZM10.5 15.5V4.5C10.5 4.36458 10.4505 4.2474 10.3516 4.14844C10.2526 4.04948 10.1354 4 10 4H2C1.86458 4 1.7474 4.04948 1.64844 4.14844C1.54948 4.2474 1.5 4.36458 1.5 4.5V15.5C1.5 15.6354 1.54948 15.7526 1.64844 15.8516C1.7474 15.9505 1.86458 16 2 16H10C10.1354 16 10.2526 15.9505 10.3516 15.8516C10.4505 15.7526 10.5 15.6354 10.5 15.5ZM7.5 2.25C7.5 2.08333 7.41667 2 7.25 2H4.75C4.58333 2 4.5 2.08333 4.5 2.25C4.5 2.41667 4.58333 2.5 4.75 2.5H7.25C7.41667 2.5 7.5 2.41667 7.5 2.25ZM12 2V18C12 18.5417 11.8021 19.0104 11.4062 19.4062C11.0104 19.8021 10.5417 20 10 20H2C1.45833 20 0.989583 19.8021 0.59375 19.4062C0.197917 19.0104 0 18.5417 0 18V2C0 1.45833 0.197917 0.989583 0.59375 0.59375C0.989583 0.197917 1.45833 0 2 0H10C10.5417 0 11.0104 0.197917 11.4062 0.59375C11.8021 0.989583 12 1.45833 12 2Z\" fill=\"#ED1C24\"\/>\n<\/svg>\t\t\t<\/div>\n\t\t\t<div class=\"ns-cwi-content\">\n                <a href=\"tel:0038640817820\">040 817 820<\/a>\t\t\t<\/div>\n\t\t<\/div>\n\n\n\t\t\t\t\n\t\t<div class=\"ns-cwi-container home-site-icon\">\n\t\t\t<div class=\"ns-cwi-icon\">\n               <svg width=\"20\" height=\"16\" viewBox=\"0 0 20 16\" fill=\"none\" xmlns=\"http:\/\/www.w3.org\/2000\/svg\">\n<path d=\"M2 16C1.45 16 0.979333 15.8043 0.588 15.413C0.196667 15.0217 0.000666667 14.5507 0 14V2C0 1.45 0.196 0.979333 0.588 0.588C0.98 0.196666 1.45067 0.000666667 2 0H18C18.55 0 19.021 0.196 19.413 0.588C19.805 0.98 20.0007 1.45067 20 2V14C20 14.55 19.8043 15.021 19.413 15.413C19.0217 15.805 18.5507 16.0007 18 16H2ZM10 8.825C10.0833 8.825 10.171 8.81233 10.263 8.787C10.355 8.76167 10.4423 8.72433 10.525 8.675L17.6 4.25C17.7333 4.16667 17.8333 4.06267 17.9 3.938C17.9667 3.81333 18 3.67567 18 3.525C18 3.19167 17.8583 2.94167 17.575 2.775C17.2917 2.60833 17 2.61667 16.7 2.8L10 7L3.3 2.8C3 2.61667 2.70833 2.61267 2.425 2.788C2.14167 2.96333 2 3.209 2 3.525C2 3.69167 2.03333 3.83767 2.1 3.963C2.16667 4.08833 2.26667 4.184 2.4 4.25L9.475 8.675C9.55833 8.725 9.646 8.76267 9.738 8.788C9.83 8.81333 9.91733 8.82567 10 8.825Z\" fill=\"#ED1C24\"\/>\n<\/svg>\n\t\t\t<\/div>\n\t\t\t<div class=\"ns-cwi-content\">\n                <a href=\"&#x6d;&#97;il&#x74;&#x6f;:p&#x72;&#x65;va&#x6a;&#x61;&#110;j&#x65;&#x40;&#109;u&#x6c;&#x74;&#105;l&#x69;&#x6e;&#103;ua&#x6c;&#x2e;si\">p&#x72;e&#x76;&#x61;j&#x61;n&#106;&#x65;&#64;&#x6d;u&#108;&#x74;i&#x6c;i&#110;&#x67;u&#x61;&#x6c;.&#x73;i<\/a>\t\t\t<\/div>\n\t\t<\/div>\n\n\n\t\t\t\t\n\t\t<div class=\"ns-cwi-container home-site-icon\">\n\t\t\t<div class=\"ns-cwi-icon\">\n               <svg width=\"20\" height=\"16\" viewBox=\"0 0 20 16\" fill=\"none\" xmlns=\"http:\/\/www.w3.org\/2000\/svg\">\n<path d=\"M2 16C1.45 16 0.979333 15.8043 0.588 15.413C0.196667 15.0217 0.000666667 14.5507 0 14V2C0 1.45 0.196 0.979333 0.588 0.588C0.98 0.196666 1.45067 0.000666667 2 0H18C18.55 0 19.021 0.196 19.413 0.588C19.805 0.98 20.0007 1.45067 20 2V14C20 14.55 19.8043 15.021 19.413 15.413C19.0217 15.805 18.5507 16.0007 18 16H2ZM10 8.825C10.0833 8.825 10.171 8.81233 10.263 8.787C10.355 8.76167 10.4423 8.72433 10.525 8.675L17.6 4.25C17.7333 4.16667 17.8333 4.06267 17.9 3.938C17.9667 3.81333 18 3.67567 18 3.525C18 3.19167 17.8583 2.94167 17.575 2.775C17.2917 2.60833 17 2.61667 16.7 2.8L10 7L3.3 2.8C3 2.61667 2.70833 2.61267 2.425 2.788C2.14167 2.96333 2 3.209 2 3.525C2 3.69167 2.03333 3.83767 2.1 3.963C2.16667 4.08833 2.26667 4.184 2.4 4.25L9.475 8.675C9.55833 8.725 9.646 8.76267 9.738 8.788C9.83 8.81333 9.91733 8.82567 10 8.825Z\" fill=\"#ED1C24\"\/>\n<\/svg>\n\t\t\t<\/div>\n\t\t\t<div class=\"ns-cwi-content\">\n                <a href=\"&#x6d;a&#x69;&#108;t&#x6f;:&#x69;&#110;f&#x6f;&#64;&#x6d;&#117;l&#x74;i&#x6c;&#x69;n&#x67;&#117;a&#x6c;.&#x73;&#105;\">inf&#111;&#x40;&#x6d;&#x75;lti&#108;&#x69;&#x6e;&#x67;&#x75;al.&#115;&#x69;<\/a>\t\t\t<\/div>\n\t\t<\/div>\n\n\n\t\t[vc_column_text]M.\u0160.: 3949095<br \/>\nD.\u0160.: SI50439472<br \/>\nTRR: 03100-1002556113[\/vc_column_text][vc_separator][vc_column_text]<strong>MULTILINGUAL PRO<\/strong><br \/>\nprevajalska agencija d.o.o.<br \/>\nPE Nova Gorica<br \/>\nRej\u010deva ulica 5<br \/>\n5000 Nova Gorica<br \/>\nSlovenija<br \/>\nPrika\u017ei lokacijo na\u00a0<a href=\"https:\/\/maps.google.com\/maps?q=5+Rej%C4%8Deva+ulica,+Nova+Gorica,+Slovenija&amp;hl=sl&amp;ie=UTF8&amp;sll=46.049609,14.502436&amp;sspn=0.00726,0.016512&amp;oq=Rej%C4%8Deva+ulica+5,&amp;hnear=Rej%C4%8Deva+ulica+5,+5000+Nova+Gorica,+Slovenija&amp;t=m&amp;z=17&amp;iwloc=A\" target=\"_blank\" rel=\"noopener\"> zemljevidu. <\/a>[\/vc_column_text]\t\t\n\t\t<div class=\"ns-cwi-container home-site-icon\">\n\t\t\t<div class=\"ns-cwi-icon\">\n               <svg width=\"17\" height=\"17\" viewBox=\"0 0 17 17\" fill=\"none\" xmlns=\"http:\/\/www.w3.org\/2000\/svg\">\n<path d=\"M11.3341 12.0818L12.7979 10.6173C12.9951 10.4225 13.2445 10.2892 13.516 10.2335C13.7875 10.1778 14.0692 10.2021 14.3271 10.3035L16.1112 11.0161C16.3718 11.122 16.5953 11.3026 16.7535 11.5353C16.9117 11.768 16.9974 12.0423 17 12.3237V15.5926C16.9985 15.784 16.9583 15.9731 16.8818 16.1485C16.8053 16.324 16.694 16.4821 16.5548 16.6135C16.4156 16.7448 16.2513 16.8466 16.0717 16.9127C15.8922 16.9788 15.7011 17.0079 15.51 16.9982C3.00832 16.2202 0.485766 5.62903 0.00870312 1.57562C-0.0134425 1.37657 0.00679136 1.17509 0.0680735 0.984422C0.129356 0.793756 0.230297 0.618231 0.364257 0.469395C0.498217 0.320559 0.662161 0.201785 0.845301 0.120886C1.02844 0.0399873 1.22663 -0.0012024 1.42682 2.67191e-05H4.58328C4.86495 0.000860796 5.13993 0.0859768 5.37285 0.244427C5.60577 0.402877 5.78598 0.627415 5.89031 0.889161L6.60263 2.67397C6.70736 2.93094 6.73408 3.2131 6.67945 3.48518C6.62483 3.75726 6.49128 4.00721 6.29548 4.2038L4.83162 5.66825C4.83162 5.66825 5.67465 11.3757 11.3341 12.0818Z\" fill=\"#ED1C24\"\/>\n<\/svg>\t\t\t<\/div>\n\t\t\t<div class=\"ns-cwi-content\">\n                <a href=\"tel:0038659939563\">05 993 95 63<\/a>\t\t\t<\/div>\n\t\t<\/div>\n\n\n\t\t\t\t\n\t\t<div class=\"ns-cwi-container home-site-icon\">\n\t\t\t<div class=\"ns-cwi-icon\">\n               <svg width=\"12\" height=\"20\" viewBox=\"0 0 12 20\" fill=\"none\" xmlns=\"http:\/\/www.w3.org\/2000\/svg\">\n<path d=\"M7.25 18C7.25 17.6562 7.1276 17.362 6.88281 17.1172C6.63802 16.8724 6.34375 16.75 6 16.75C5.65625 16.75 5.36198 16.8724 5.11719 17.1172C4.8724 17.362 4.75 17.6562 4.75 18C4.75 18.3438 4.8724 18.638 5.11719 18.8828C5.36198 19.1276 5.65625 19.25 6 19.25C6.34375 19.25 6.63802 19.1276 6.88281 18.8828C7.1276 18.638 7.25 18.3438 7.25 18ZM10.5 15.5V4.5C10.5 4.36458 10.4505 4.2474 10.3516 4.14844C10.2526 4.04948 10.1354 4 10 4H2C1.86458 4 1.7474 4.04948 1.64844 4.14844C1.54948 4.2474 1.5 4.36458 1.5 4.5V15.5C1.5 15.6354 1.54948 15.7526 1.64844 15.8516C1.7474 15.9505 1.86458 16 2 16H10C10.1354 16 10.2526 15.9505 10.3516 15.8516C10.4505 15.7526 10.5 15.6354 10.5 15.5ZM7.5 2.25C7.5 2.08333 7.41667 2 7.25 2H4.75C4.58333 2 4.5 2.08333 4.5 2.25C4.5 2.41667 4.58333 2.5 4.75 2.5H7.25C7.41667 2.5 7.5 2.41667 7.5 2.25ZM12 2V18C12 18.5417 11.8021 19.0104 11.4062 19.4062C11.0104 19.8021 10.5417 20 10 20H2C1.45833 20 0.989583 19.8021 0.59375 19.4062C0.197917 19.0104 0 18.5417 0 18V2C0 1.45833 0.197917 0.989583 0.59375 0.59375C0.989583 0.197917 1.45833 0 2 0H10C10.5417 0 11.0104 0.197917 11.4062 0.59375C11.8021 0.989583 12 1.45833 12 2Z\" fill=\"#ED1C24\"\/>\n<\/svg>\t\t\t<\/div>\n\t\t\t<div class=\"ns-cwi-content\">\n                <a href=\"tel:0038631632217\">031 632 217<\/a>\t\t\t<\/div>\n\t\t<\/div>\n\n\n\t\t\t\t\n\t\t<div class=\"ns-cwi-container home-site-icon\">\n\t\t\t<div class=\"ns-cwi-icon\">\n               <svg width=\"20\" height=\"16\" viewBox=\"0 0 20 16\" fill=\"none\" xmlns=\"http:\/\/www.w3.org\/2000\/svg\">\n<path d=\"M2 16C1.45 16 0.979333 15.8043 0.588 15.413C0.196667 15.0217 0.000666667 14.5507 0 14V2C0 1.45 0.196 0.979333 0.588 0.588C0.98 0.196666 1.45067 0.000666667 2 0H18C18.55 0 19.021 0.196 19.413 0.588C19.805 0.98 20.0007 1.45067 20 2V14C20 14.55 19.8043 15.021 19.413 15.413C19.0217 15.805 18.5507 16.0007 18 16H2ZM10 8.825C10.0833 8.825 10.171 8.81233 10.263 8.787C10.355 8.76167 10.4423 8.72433 10.525 8.675L17.6 4.25C17.7333 4.16667 17.8333 4.06267 17.9 3.938C17.9667 3.81333 18 3.67567 18 3.525C18 3.19167 17.8583 2.94167 17.575 2.775C17.2917 2.60833 17 2.61667 16.7 2.8L10 7L3.3 2.8C3 2.61667 2.70833 2.61267 2.425 2.788C2.14167 2.96333 2 3.209 2 3.525C2 3.69167 2.03333 3.83767 2.1 3.963C2.16667 4.08833 2.26667 4.184 2.4 4.25L9.475 8.675C9.55833 8.725 9.646 8.76267 9.738 8.788C9.83 8.81333 9.91733 8.82567 10 8.825Z\" fill=\"#ED1C24\"\/>\n<\/svg>\n\t\t\t<\/div>\n\t\t\t<div class=\"ns-cwi-content\">\n                <a href=\"&#109;a&#x69;l&#x74;o&#x3a;p&#x72;e&#x76;a&#x6a;&#97;&#x6e;&#106;e&#64;m&#x75;l&#x74;i&#x6c;i&#x6e;g&#x75;a&#x6c;&#46;&#x73;&#105;\">&#x70;&#114;ev&#x61;&#x6a;an&#x6a;&#x65;&#64;m&#x75;&#x6c;&#116;i&#x6c;&#x69;&#110;g&#x75;&#x61;&#108;.&#x73;&#x69;<\/a>\t\t\t<\/div>\n\t\t<\/div>\n\n\n\t\t\t\t\n\t\t<div class=\"ns-cwi-container home-site-icon\">\n\t\t\t<div class=\"ns-cwi-icon\">\n               <svg width=\"20\" height=\"16\" viewBox=\"0 0 20 16\" fill=\"none\" xmlns=\"http:\/\/www.w3.org\/2000\/svg\">\n<path d=\"M2 16C1.45 16 0.979333 15.8043 0.588 15.413C0.196667 15.0217 0.000666667 14.5507 0 14V2C0 1.45 0.196 0.979333 0.588 0.588C0.98 0.196666 1.45067 0.000666667 2 0H18C18.55 0 19.021 0.196 19.413 0.588C19.805 0.98 20.0007 1.45067 20 2V14C20 14.55 19.8043 15.021 19.413 15.413C19.0217 15.805 18.5507 16.0007 18 16H2ZM10 8.825C10.0833 8.825 10.171 8.81233 10.263 8.787C10.355 8.76167 10.4423 8.72433 10.525 8.675L17.6 4.25C17.7333 4.16667 17.8333 4.06267 17.9 3.938C17.9667 3.81333 18 3.67567 18 3.525C18 3.19167 17.8583 2.94167 17.575 2.775C17.2917 2.60833 17 2.61667 16.7 2.8L10 7L3.3 2.8C3 2.61667 2.70833 2.61267 2.425 2.788C2.14167 2.96333 2 3.209 2 3.525C2 3.69167 2.03333 3.83767 2.1 3.963C2.16667 4.08833 2.26667 4.184 2.4 4.25L9.475 8.675C9.55833 8.725 9.646 8.76267 9.738 8.788C9.83 8.81333 9.91733 8.82567 10 8.825Z\" fill=\"#ED1C24\"\/>\n<\/svg>\n\t\t\t<\/div>\n\t\t\t<div class=\"ns-cwi-content\">\n                <a href=\"&#109;&#x61;i&#x6c;t&#x6f;:&#105;&#x6e;&#102;&#x6f;&#64;&#x6d;u&#x6c;t&#105;&#x6c;i&#x6e;g&#x75;a&#x6c;&#x2e;&#115;&#x69;\">&#x69;&#110;f&#x6f;&#x40;mu&#x6c;&#x74;il&#x69;&#110;g&#x75;&#x61;&#108;.&#x73;&#x69;<\/a>\t\t\t<\/div>\n\t\t<\/div>\n\n\n\t\t[\/vc_column][vc_column width=&#8221;8\/12&#8243;]\n<div class=\"wpcf7 no-js\" id=\"wpcf7-f2587-o1\" lang=\"sl-SI\" dir=\"ltr\" data-wpcf7-id=\"2587\">\n<div class=\"screen-reader-response\"><p role=\"status\" aria-live=\"polite\" aria-atomic=\"true\"><\/p> <ul><\/ul><\/div>\n<form action=\"\/sl\/wp-json\/wp\/v2\/pages\/513#wpcf7-f2587-o1\" method=\"post\" class=\"wpcf7-form init\" aria-label=\"Contact form\" novalidate=\"novalidate\" data-status=\"init\">\n<div style=\"display: none;\">\n<input type=\"hidden\" name=\"_wpcf7\" value=\"2587\" \/>\n<input type=\"hidden\" name=\"_wpcf7_version\" value=\"6.0.3\" \/>\n<input type=\"hidden\" name=\"_wpcf7_locale\" value=\"sl_SI\" \/>\n<input type=\"hidden\" name=\"_wpcf7_unit_tag\" value=\"wpcf7-f2587-o1\" \/>\n<input type=\"hidden\" name=\"_wpcf7_container_post\" value=\"0\" \/>\n<input type=\"hidden\" name=\"_wpcf7_posted_data_hash\" value=\"\" \/>\n<input type=\"hidden\" name=\"_wpcf7_recaptcha_response\" value=\"\" \/>\n<\/div>\n<div class=\"kontobrazec\">\n\t<h3>Kontaktni obrazec\n\t<\/h3>\n\t<div class=\"row\">\n\t\t<div class=\"col-md-12\">\n\t\t\t<p><span class=\"wpcf7-form-control-wrap\" data-name=\"your-name\"><input size=\"40\" maxlength=\"400\" class=\"wpcf7-form-control wpcf7-text wpcf7-validates-as-required\" aria-required=\"true\" aria-invalid=\"false\" placeholder=\"Ime in priimek *\" value=\"\" type=\"text\" name=\"your-name\" \/><\/span>\n\t\t\t<\/p>\n\t\t\t<p><span class=\"wpcf7-form-control-wrap\" data-name=\"your-email\"><input size=\"40\" maxlength=\"400\" class=\"wpcf7-form-control wpcf7-email wpcf7-validates-as-required wpcf7-text wpcf7-validates-as-email\" aria-required=\"true\" aria-invalid=\"false\" placeholder=\"Va\u0161a e-po\u0161ta *\" value=\"\" type=\"email\" name=\"your-email\" \/><\/span>\n\t\t\t<\/p>\n\t\t\t<p><span class=\"wpcf7-form-control-wrap\" data-name=\"your-phone\"><input size=\"40\" maxlength=\"400\" class=\"wpcf7-form-control wpcf7-text wpcf7-validates-as-required\" aria-required=\"true\" aria-invalid=\"false\" placeholder=\"Va\u0161a telefonska \u0161tevilka *\" value=\"\" type=\"text\" name=\"your-phone\" \/><\/span>\n\t\t\t<\/p>\n\t\t\t<p><span class=\"wpcf7-form-control-wrap\" data-name=\"your-message\"><textarea cols=\"40\" rows=\"10\" maxlength=\"2000\" class=\"wpcf7-form-control wpcf7-textarea\" aria-invalid=\"false\" placeholder=\"Vsebina sporo\u010dila...\" name=\"your-message\"><\/textarea><\/span>\n\t\t\t<\/p>\n\t\t\t<p>Polja ozna\u010dena z * so obvezna!\n\t\t\t<\/p>\n\t\t<\/div>\n\t<\/div>\n\t<p>Va\u0161e osebne podatke bomo obdelovali za namen odgovora v obliki informativnega izra\u010duna. Za va\u0161e osebne podatke skrbimo in jih obdelujemo v skladu s <a href=\"https:\/\/zasebnost.pogoji.si\/tos\/4gybc7a\" target=\"_blank\">Pogoji zasebnosti<\/a>. Podrobneje o naro\u010danju storitev v <a href=\"https:\/\/poslovanje.pogoji.si\/tos\/1nwnj90\">Pogoji poslovanja<\/a>.\n\t<\/p>\n\t<p><button id=\"submit\" class=\"wpcf7-form-control wpcf7-submit btn-primary btn btn-lg\">Po\u0161lji<\/button>\n\t<\/p>\n<\/div><div class=\"wpcf7-response-output\" aria-hidden=\"true\"><\/div>\n<\/form>\n<\/div>\n[\/vc_column][\/vc_row][vc_row][vc_column][vc_empty_space][\/vc_column][\/vc_row]<\/p>\n<\/div>","protected":false},"excerpt":{"rendered":"<p>[vc_row][vc_column][\/vc_column][\/vc_row][vc_row][vc_column width=&#8221;1\/3&#8243; el_class=&#8221;kontakt-info-col&#8221;][vc_column_text]MULTILINGUAL PRO prevajalska agencija d.o.o. Slovenska cesta 19 1000 Ljubljana Slovenija Prika\u017ei lokacijo na zemljevidu. [\/vc_column_text][vc_column_text]M.\u0160.: 3949095 D.\u0160.: SI50439472 TRR: 03100-1002556113[\/vc_column_text][vc_separator][vc_column_text]MULTILINGUAL PRO prevajalska agencija d.o.o. PE Nova Gorica Rej\u010deva ulica 5 5000 Nova Gorica Slovenija Prika\u017ei lokacijo na\u00a0 zemljevidu. [\/vc_column_text][\/vc_column][vc_column width=&#8221;8\/12&#8243;][\/vc_column][\/vc_row][vc_row][vc_column][vc_empty_space][\/vc_column][\/vc_row]<\/p>\n","protected":false},"author":1,"featured_media":0,"parent":0,"menu_order":17,"comment_status":"closed","ping_status":"closed","template":"","meta":{"_acf_changed":false,"footnotes":""},"class_list":["post-513","page","type-page","status-publish","hentry"],"acf":[],"yoast_head":"<!-- This site is optimized with the Yoast SEO plugin v24.4 - https:\/\/yoast.com\/wordpress\/plugins\/seo\/ -->\n<title>Kontakt - Multilingual<\/title>\n<meta name=\"robots\" content=\"index, follow, max-snippet:-1, max-image-preview:large, max-video-preview:-1\" \/>\n<link rel=\"canonical\" href=\"https:\/\/www.multilingual.si\/sl\/kontakt\/\" \/>\n<meta property=\"og:locale\" content=\"sl_SI\" \/>\n<meta property=\"og:type\" content=\"article\" \/>\n<meta property=\"og:title\" content=\"Kontakt - Multilingual\" \/>\n<meta property=\"og:description\" content=\"[vc_row][vc_column][\/vc_column][\/vc_row][vc_row][vc_column width=&#8221;1\/3&#8243; el_class=&#8221;kontakt-info-col&#8221;][vc_column_text]MULTILINGUAL PRO prevajalska agencija d.o.o. Slovenska cesta 19 1000 Ljubljana Slovenija Prika\u017ei lokacijo na zemljevidu. [\/vc_column_text][vc_column_text]M.\u0160.: 3949095 D.\u0160.: SI50439472 TRR: 03100-1002556113[\/vc_column_text][vc_separator][vc_column_text]MULTILINGUAL PRO prevajalska agencija d.o.o. PE Nova Gorica Rej\u010deva ulica 5 5000 Nova Gorica Slovenija Prika\u017ei lokacijo na\u00a0 zemljevidu. [\/vc_column_text][\/vc_column][vc_column width=&#8221;8\/12&#8243;][\/vc_column][\/vc_row][vc_row][vc_column][vc_empty_space][\/vc_column][\/vc_row]\" \/>\n<meta property=\"og:url\" content=\"https:\/\/www.multilingual.si\/sl\/kontakt\/\" \/>\n<meta property=\"og:site_name\" content=\"Multilingual\" \/>\n<meta property=\"article:modified_time\" content=\"2025-04-08T12:13:48+00:00\" \/>\n<meta name=\"twitter:card\" content=\"summary_large_image\" \/>\n<meta name=\"twitter:label1\" content=\"Est. reading time\" \/>\n\t<meta name=\"twitter:data1\" content=\"1 minuta\" \/>\n<script type=\"application\/ld+json\" class=\"yoast-schema-graph\">{\"@context\":\"https:\/\/schema.org\",\"@graph\":[{\"@type\":\"WebPage\",\"@id\":\"https:\/\/www.multilingual.si\/sl\/kontakt\/\",\"url\":\"https:\/\/www.multilingual.si\/sl\/kontakt\/\",\"name\":\"Kontakt - Multilingual\",\"isPartOf\":{\"@id\":\"https:\/\/www.multilingual.si\/sl\/#website\"},\"datePublished\":\"2025-02-11T11:19:33+00:00\",\"dateModified\":\"2025-04-08T12:13:48+00:00\",\"breadcrumb\":{\"@id\":\"https:\/\/www.multilingual.si\/sl\/kontakt\/#breadcrumb\"},\"inLanguage\":\"sl-SI\",\"potentialAction\":[{\"@type\":\"ReadAction\",\"target\":[\"https:\/\/www.multilingual.si\/sl\/kontakt\/\"]}]},{\"@type\":\"BreadcrumbList\",\"@id\":\"https:\/\/www.multilingual.si\/sl\/kontakt\/#breadcrumb\",\"itemListElement\":[{\"@type\":\"ListItem\",\"position\":1,\"name\":\"Domov\",\"item\":\"https:\/\/www.multilingual.si\/sl\/\"},{\"@type\":\"ListItem\",\"position\":2,\"name\":\"Kontakt\"}]},{\"@type\":\"WebSite\",\"@id\":\"https:\/\/www.multilingual.si\/sl\/#website\",\"url\":\"https:\/\/www.multilingual.si\/sl\/\",\"name\":\"Multilingual\",\"description\":\"\",\"potentialAction\":[{\"@type\":\"SearchAction\",\"target\":{\"@type\":\"EntryPoint\",\"urlTemplate\":\"https:\/\/www.multilingual.si\/sl\/?s={search_term_string}\"},\"query-input\":{\"@type\":\"PropertyValueSpecification\",\"valueRequired\":true,\"valueName\":\"search_term_string\"}}],\"inLanguage\":\"sl-SI\"}]}<\/script>\n<!-- \/ Yoast SEO plugin. -->","yoast_head_json":{"title":"Kontakt - Multilingual","robots":{"index":"index","follow":"follow","max-snippet":"max-snippet:-1","max-image-preview":"max-image-preview:large","max-video-preview":"max-video-preview:-1"},"canonical":"https:\/\/www.multilingual.si\/sl\/kontakt\/","og_locale":"sl_SI","og_type":"article","og_title":"Kontakt - Multilingual","og_description":"[vc_row][vc_column][\/vc_column][\/vc_row][vc_row][vc_column width=&#8221;1\/3&#8243; el_class=&#8221;kontakt-info-col&#8221;][vc_column_text]MULTILINGUAL PRO prevajalska agencija d.o.o. Slovenska cesta 19 1000 Ljubljana Slovenija Prika\u017ei lokacijo na zemljevidu. [\/vc_column_text][vc_column_text]M.\u0160.: 3949095 D.\u0160.: SI50439472 TRR: 03100-1002556113[\/vc_column_text][vc_separator][vc_column_text]MULTILINGUAL PRO prevajalska agencija d.o.o. PE Nova Gorica Rej\u010deva ulica 5 5000 Nova Gorica Slovenija Prika\u017ei lokacijo na\u00a0 zemljevidu. [\/vc_column_text][\/vc_column][vc_column width=&#8221;8\/12&#8243;][\/vc_column][\/vc_row][vc_row][vc_column][vc_empty_space][\/vc_column][\/vc_row]","og_url":"https:\/\/www.multilingual.si\/sl\/kontakt\/","og_site_name":"Multilingual","article_modified_time":"2025-04-08T12:13:48+00:00","twitter_card":"summary_large_image","twitter_misc":{"Est. reading time":"1 minuta"},"schema":{"@context":"https:\/\/schema.org","@graph":[{"@type":"WebPage","@id":"https:\/\/www.multilingual.si\/sl\/kontakt\/","url":"https:\/\/www.multilingual.si\/sl\/kontakt\/","name":"Kontakt - Multilingual","isPartOf":{"@id":"https:\/\/www.multilingual.si\/sl\/#website"},"datePublished":"2025-02-11T11:19:33+00:00","dateModified":"2025-04-08T12:13:48+00:00","breadcrumb":{"@id":"https:\/\/www.multilingual.si\/sl\/kontakt\/#breadcrumb"},"inLanguage":"sl-SI","potentialAction":[{"@type":"ReadAction","target":["https:\/\/www.multilingual.si\/sl\/kontakt\/"]}]},{"@type":"BreadcrumbList","@id":"https:\/\/www.multilingual.si\/sl\/kontakt\/#breadcrumb","itemListElement":[{"@type":"ListItem","position":1,"name":"Domov","item":"https:\/\/www.multilingual.si\/sl\/"},{"@type":"ListItem","position":2,"name":"Kontakt"}]},{"@type":"WebSite","@id":"https:\/\/www.multilingual.si\/sl\/#website","url":"https:\/\/www.multilingual.si\/sl\/","name":"Multilingual","description":"","potentialAction":[{"@type":"SearchAction","target":{"@type":"EntryPoint","urlTemplate":"https:\/\/www.multilingual.si\/sl\/?s={search_term_string}"},"query-input":{"@type":"PropertyValueSpecification","valueRequired":true,"valueName":"search_term_string"}}],"inLanguage":"sl-SI"}]}},"_links":{"self":[{"href":"https:\/\/www.multilingual.si\/sl\/wp-json\/wp\/v2\/pages\/513","targetHints":{"allow":["GET"]}}],"collection":[{"href":"https:\/\/www.multilingual.si\/sl\/wp-json\/wp\/v2\/pages"}],"about":[{"href":"https:\/\/www.multilingual.si\/sl\/wp-json\/wp\/v2\/types\/page"}],"author":[{"embeddable":true,"href":"https:\/\/www.multilingual.si\/sl\/wp-json\/wp\/v2\/users\/1"}],"replies":[{"embeddable":true,"href":"https:\/\/www.multilingual.si\/sl\/wp-json\/wp\/v2\/comments?post=513"}],"version-history":[{"count":6,"href":"https:\/\/www.multilingual.si\/sl\/wp-json\/wp\/v2\/pages\/513\/revisions"}],"predecessor-version":[{"id":3248,"href":"https:\/\/www.multilingual.si\/sl\/wp-json\/wp\/v2\/pages\/513\/revisions\/3248"}],"wp:attachment":[{"href":"https:\/\/www.multilingual.si\/sl\/wp-json\/wp\/v2\/media?parent=513"}],"curies":[{"name":"wp","href":"https:\/\/api.w.org\/{rel}","templated":true}]}}