{"id":530,"date":"2025-02-11T12:19:35","date_gmt":"2025-02-11T11:19:35","guid":{"rendered":"https:\/\/pisarna.novisplet.com\/dev4\/multilingual\/lektoriranje\/"},"modified":"2025-04-18T15:57:50","modified_gmt":"2025-04-18T14:57:50","slug":"lektoriranje","status":"publish","type":"page","link":"https:\/\/www.multilingual.si\/sl\/lektoriranje\/","title":{"rendered":"Lektoriranje"},"content":{"rendered":"<div class=\"wpb-content-wrapper\"><p>[vc_row][vc_column]        \r\n        <div class=\"title-banner   page-title-lektoriranje\">\r\n        <div class=\"container\">\r\n          <?php\/\/ if(isset($image)) :?>\r\n          <div class=\"title-banner-image-container\"\r\n                         style=\"background:url('https:\/\/www.multilingual.si\/wp-content\/uploads\/2025\/04\/header-lektoriranje-2.png');\r\n                      background-repeat:no-repeat;\"\r\n                                            >\r\n            <div class=\"breadcrumbs-container\">\r\n            <div class=\"container\">\r\n              <div class=\"breadcrumbs\">\r\n                <p id=\"breadcrumbs\"><span><span><a href=\"https:\/\/www.multilingual.si\/sl\/\">Domov<\/a><\/span><\/span><\/p>                <div class=\"clearfix\"><\/div>\r\n              <\/div>\r\n            <\/div>\r\n          <\/div>\r\n          <div class=\"container\">\r\n                                              <h1>Lektoriranje<\/h1>\r\n                                          <div class=\"svg-icon\"><svg width=\"190\" height=\"134\" viewBox=\"0 0 190 134\" fill=\"none\" xmlns=\"http:\/\/www.w3.org\/2000\/svg\">\n<g clip-path=\"url(#clip0_2007_978)\">\n<path d=\"M55.059 29.6776C66.793 29.6776 78.0757 29.6776 89.3583 29.6776C90.2609 29.6776 91.6149 27.4293 91.6149 26.0803C91.6149 24.7313 90.2609 22.483 89.3583 22.483C78.0757 22.0333 66.3417 22.483 54.6077 22.483V29.6776H55.059ZM97.4818 96.6776C94.774 97.1273 93.4201 97.1273 91.6149 97.1273C76.2704 97.1273 60.4747 97.1273 45.1303 97.1273C38.812 97.1273 38.3607 96.228 38.3607 89.9326C38.3607 63.8521 38.3607 37.7716 38.3607 11.691C37.9094 3.59707 41.5198 -0.000244141 50.0947 -0.000244141C70.4035 -0.000244141 90.7122 -0.000244141 111.021 -0.000244141C115.534 -0.000244141 117.339 1.79841 117.339 6.74472C117.339 17.9863 117.339 29.2279 117.339 40.0199C117.339 42.7179 117.791 45.8655 112.826 44.9662C112.826 34.6239 112.826 23.832 112.826 13.04C112.826 5.39573 112.375 4.94606 104.703 4.94606C87.1018 4.94606 69.9522 4.94606 52.3512 4.94606C49.1921 4.94606 46.0329 4.94606 44.679 9.44271C46.9355 9.44271 48.7407 9.44271 50.546 9.44271C67.2443 9.44271 84.394 9.44271 101.092 9.44271C107.862 9.44271 107.862 9.44271 107.862 16.6373C107.862 25.6306 107.862 34.1743 107.862 43.1675C107.862 45.8655 106.959 47.6642 104.703 49.0132C101.092 50.8118 97.9331 53.5098 94.774 56.2078C83.9426 66.9998 83.9426 82.738 94.774 94.4293C95.6766 94.879 96.1279 95.3286 97.4818 96.6776Z\" fill=\"black\"\/>\n<path d=\"M114.632 107.919C115.986 107.469 116.889 107.469 117.791 107.02C126.817 102.073 136.295 97.5768 146.675 95.7782C148.931 95.3285 150.737 93.9795 152.993 93.0802C169.24 83.6372 168.789 66.55 152.542 57.5567C139.454 50.3621 125.915 49.9124 111.924 55.758C103.349 59.3553 96.5799 65.201 96.1286 75.0936C96.1286 84.9862 102.898 90.8319 111.022 94.4292C116.437 96.6775 116.889 99.8251 115.083 104.322C115.535 105.221 115.083 106.12 114.632 107.919ZM112.376 100.724C108.765 98.4761 105.606 97.1272 102.898 94.8788C88.0051 84.5366 87.5538 66.9996 101.996 55.758C117.791 43.6171 144.418 43.6171 159.763 56.2077C173.302 66.9996 173.302 84.0869 159.311 94.4292C154.347 98.0265 148.931 100.275 143.064 101.624C136.746 102.973 131.33 105.221 125.915 108.369C120.499 111.067 115.083 113.315 109.216 115.114C107.863 115.563 105.606 115.114 103.801 115.114C104.252 113.315 104.703 111.966 105.606 110.167C107.863 107.469 110.119 104.322 112.376 100.724Z\" fill=\"black\"\/>\n<path d=\"M55.0596 29.6775V22.0332C66.7935 22.0332 78.5275 22.0332 89.8102 22.0332C90.7128 22.0332 92.0667 24.7312 92.0667 25.6305C92.0667 26.9795 90.7128 29.2278 89.8102 29.2278C78.0762 29.6775 66.7935 29.6775 55.0596 29.6775Z\" fill=\"white\"\/>\n<path d=\"M114.632 107.919C115.083 106.57 115.083 105.671 115.535 104.772C117.34 100.275 116.889 97.1273 111.473 94.879C102.898 91.2816 96.1286 85.436 96.5799 75.5434C96.5799 65.2011 103.801 59.8051 112.376 56.2078C125.915 50.3622 139.905 50.8118 152.993 58.0065C169.24 66.9998 169.24 84.087 153.445 93.53C151.639 94.879 149.383 96.2279 147.126 96.2279C136.746 98.0266 127.269 102.523 118.243 107.47C116.889 107.47 115.986 107.47 114.632 107.919Z\" fill=\"white\"\/>\n<path d=\"M190 122.309H0V134H190V122.309Z\" fill=\"#AE74DA\"\/>\n<\/g>\n<defs>\n<clipPath id=\"clip0_2007_978\">\n<rect width=\"190\" height=\"134\" fill=\"white\" transform=\"translate(0 -0.000244141)\"\/>\n<\/clipPath>\n<\/defs>\n<\/svg><\/div>          <\/div>\r\n          <\/div>\r\n          <?php\/\/ endif; ?>\r\n\r\n        <\/div>\r\n        <\/div>\r\n        [\/vc_column][\/vc_row][vc_row][vc_column width=&#8221;1\/12&#8243;][\/vc_column][vc_column width=&#8221;10\/12&#8243;][vc_column_text]<\/p>\n<h2>Lektoriranje &#8211; za dovr\u0161enost va\u0161ih besedil<\/h2>\n<h3>Lektoriranje priporo\u010damo za vsa besedila, ki gredo v javno objavo, saj izra\u017eajo va\u0161 odnos do jezika in bralcev<\/h3>\n<p>Lektoriranje je zaklju\u010dni del prevajalskega procesa, s katerim se zagotovi slovni\u010dna in slogovna brezhibnost prevedenega besedila.<\/p>\n<h3>Lektoriranje odpravlja napake in poskrbi za vrhunsko kakovost prevoda oziroma va\u0161ega besedila<\/h3>\n<p>Lektoriranje vam ne zagotavlja samo odprave slovni\u010dnih in tiskarskih napak. <strong>Lektoriranje vam zagotovi tudi slogovno in terminolo\u0161ko ustreznost besedila<\/strong>.<\/p>\n<p>Lektoriranje zato \u0161e posebej priporo\u010damo za vsa besedila, ki gredo v javno objavo, saj se tako lahko ognete zadregi, ko se v besedilu pojavi napaka in to opazijo va\u0161i poslovni partnerji, potencialni kupci ali bralci.<\/p>\n<h2>Lektoriranje vseh vrst besedil<\/h2>\n<ul>\n<li>lektoriranje oglasnih sporo\u010dil<\/li>\n<li>lektoriranje strokovnih besedil (letna poro\u010dila, priro\u010dniki &#8230;)<\/li>\n<li>lektoriranje spletnih strani<\/li>\n<li>lektoriranje leposlovja<\/li>\n<li>lektoriranje diplomskih, magistrskih in doktorskih nalog<\/li>\n<\/ul>\n<h2>Lektorji &#8211; materni govorci za brezhibno besedilo<\/h2>\n<p>Lektorji, ki bodo lektorirali va\u0161e besedilo, so vedno materni govorci izbranega jezika z dolgoletnimi izku\u0161njami. Poleg odli\u010dnega poznavanja slovnice in strokovnega znanja za posamezno podro\u010dje jih odlikujejo dober ob\u010dutek za jezik, bogat besedni zaklad ter skrb za lepoto izra\u017eanja. Lektorji vam bodo poleg popravkov pomagali s predlogi in komentarji <strong>za izbolj\u0161anje besedila<\/strong>.<\/p>\n<h2>Lektoriranje \u017ee za 3,50 \u20ac na avtorsko stran!<\/h2>\n<p>[\/vc_column_text][\/vc_column][vc_column width=&#8221;1\/12&#8243;][\/vc_column][\/vc_row]<\/p>\n<\/div>","protected":false},"excerpt":{"rendered":"<p>[vc_row][vc_column][\/vc_column][\/vc_row][vc_row][vc_column width=&#8221;1\/12&#8243;][\/vc_column][vc_column width=&#8221;10\/12&#8243;][vc_column_text] Lektoriranje &#8211; za dovr\u0161enost va\u0161ih besedil Lektoriranje priporo\u010damo za vsa besedila, ki gredo v javno objavo, saj izra\u017eajo va\u0161 odnos do jezika in bralcev Lektoriranje je zaklju\u010dni del prevajalskega procesa, s katerim se zagotovi slovni\u010dna in slogovna brezhibnost prevedenega besedila. Lektoriranje odpravlja napake in poskrbi za vrhunsko kakovost prevoda oziroma va\u0161ega besedila Lektoriranje vam ne zagotavlja samo odprave slovni\u010dnih in tiskarskih napak. Lektoriranje vam zagotovi tudi slogovno in terminolo\u0161ko ustreznost besedila. Lektoriranje zato \u0161e posebej priporo\u010damo za vsa besedila, ki gredo v javno objavo, saj se tako lahko ognete zadregi, ko se v besedilu pojavi napaka in to opazijo va\u0161i poslovni partnerji, potencialni kupci ali bralci. Lektoriranje vseh vrst besedil lektoriranje oglasnih sporo\u010dil lektoriranje strokovnih besedil (letna [&hellip;]<\/p>\n","protected":false},"author":1,"featured_media":0,"parent":0,"menu_order":12,"comment_status":"closed","ping_status":"closed","template":"","meta":{"_acf_changed":false,"footnotes":""},"class_list":["post-530","page","type-page","status-publish","hentry"],"acf":[],"yoast_head":"<!-- This site is optimized with the Yoast SEO plugin v24.4 - https:\/\/yoast.com\/wordpress\/plugins\/seo\/ -->\n<title>Lektoriranje - Multilingual<\/title>\n<meta name=\"robots\" content=\"index, follow, max-snippet:-1, max-image-preview:large, max-video-preview:-1\" \/>\n<link rel=\"canonical\" href=\"https:\/\/www.multilingual.si\/sl\/lektoriranje\/\" \/>\n<meta property=\"og:locale\" content=\"sl_SI\" \/>\n<meta property=\"og:type\" content=\"article\" \/>\n<meta property=\"og:title\" content=\"Lektoriranje - Multilingual\" \/>\n<meta property=\"og:description\" content=\"[vc_row][vc_column][\/vc_column][\/vc_row][vc_row][vc_column width=&#8221;1\/12&#8243;][\/vc_column][vc_column width=&#8221;10\/12&#8243;][vc_column_text] Lektoriranje &#8211; za dovr\u0161enost va\u0161ih besedil Lektoriranje priporo\u010damo za vsa besedila, ki gredo v javno objavo, saj izra\u017eajo va\u0161 odnos do jezika in bralcev Lektoriranje je zaklju\u010dni del prevajalskega procesa, s katerim se zagotovi slovni\u010dna in slogovna brezhibnost prevedenega besedila. Lektoriranje odpravlja napake in poskrbi za vrhunsko kakovost prevoda oziroma va\u0161ega besedila Lektoriranje vam ne zagotavlja samo odprave slovni\u010dnih in tiskarskih napak. Lektoriranje vam zagotovi tudi slogovno in terminolo\u0161ko ustreznost besedila. Lektoriranje zato \u0161e posebej priporo\u010damo za vsa besedila, ki gredo v javno objavo, saj se tako lahko ognete zadregi, ko se v besedilu pojavi napaka in to opazijo va\u0161i poslovni partnerji, potencialni kupci ali bralci. Lektoriranje vseh vrst besedil lektoriranje oglasnih sporo\u010dil lektoriranje strokovnih besedil (letna [&hellip;]\" \/>\n<meta property=\"og:url\" content=\"https:\/\/www.multilingual.si\/sl\/lektoriranje\/\" \/>\n<meta property=\"og:site_name\" content=\"Multilingual\" \/>\n<meta property=\"article:modified_time\" content=\"2025-04-18T14:57:50+00:00\" \/>\n<meta name=\"twitter:card\" content=\"summary_large_image\" \/>\n<meta name=\"twitter:label1\" content=\"Est. reading time\" \/>\n\t<meta name=\"twitter:data1\" content=\"2 minuti\" \/>\n<script type=\"application\/ld+json\" class=\"yoast-schema-graph\">{\"@context\":\"https:\/\/schema.org\",\"@graph\":[{\"@type\":\"WebPage\",\"@id\":\"https:\/\/www.multilingual.si\/sl\/lektoriranje\/\",\"url\":\"https:\/\/www.multilingual.si\/sl\/lektoriranje\/\",\"name\":\"Lektoriranje - Multilingual\",\"isPartOf\":{\"@id\":\"https:\/\/www.multilingual.si\/sl\/#website\"},\"datePublished\":\"2025-02-11T11:19:35+00:00\",\"dateModified\":\"2025-04-18T14:57:50+00:00\",\"breadcrumb\":{\"@id\":\"https:\/\/www.multilingual.si\/sl\/lektoriranje\/#breadcrumb\"},\"inLanguage\":\"sl-SI\",\"potentialAction\":[{\"@type\":\"ReadAction\",\"target\":[\"https:\/\/www.multilingual.si\/sl\/lektoriranje\/\"]}]},{\"@type\":\"BreadcrumbList\",\"@id\":\"https:\/\/www.multilingual.si\/sl\/lektoriranje\/#breadcrumb\",\"itemListElement\":[{\"@type\":\"ListItem\",\"position\":1,\"name\":\"Domov\",\"item\":\"https:\/\/www.multilingual.si\/sl\/\"},{\"@type\":\"ListItem\",\"position\":2,\"name\":\"Lektoriranje\"}]},{\"@type\":\"WebSite\",\"@id\":\"https:\/\/www.multilingual.si\/sl\/#website\",\"url\":\"https:\/\/www.multilingual.si\/sl\/\",\"name\":\"Multilingual\",\"description\":\"\",\"potentialAction\":[{\"@type\":\"SearchAction\",\"target\":{\"@type\":\"EntryPoint\",\"urlTemplate\":\"https:\/\/www.multilingual.si\/sl\/?s={search_term_string}\"},\"query-input\":{\"@type\":\"PropertyValueSpecification\",\"valueRequired\":true,\"valueName\":\"search_term_string\"}}],\"inLanguage\":\"sl-SI\"}]}<\/script>\n<!-- \/ Yoast SEO plugin. -->","yoast_head_json":{"title":"Lektoriranje - Multilingual","robots":{"index":"index","follow":"follow","max-snippet":"max-snippet:-1","max-image-preview":"max-image-preview:large","max-video-preview":"max-video-preview:-1"},"canonical":"https:\/\/www.multilingual.si\/sl\/lektoriranje\/","og_locale":"sl_SI","og_type":"article","og_title":"Lektoriranje - Multilingual","og_description":"[vc_row][vc_column][\/vc_column][\/vc_row][vc_row][vc_column width=&#8221;1\/12&#8243;][\/vc_column][vc_column width=&#8221;10\/12&#8243;][vc_column_text] Lektoriranje &#8211; za dovr\u0161enost va\u0161ih besedil Lektoriranje priporo\u010damo za vsa besedila, ki gredo v javno objavo, saj izra\u017eajo va\u0161 odnos do jezika in bralcev Lektoriranje je zaklju\u010dni del prevajalskega procesa, s katerim se zagotovi slovni\u010dna in slogovna brezhibnost prevedenega besedila. Lektoriranje odpravlja napake in poskrbi za vrhunsko kakovost prevoda oziroma va\u0161ega besedila Lektoriranje vam ne zagotavlja samo odprave slovni\u010dnih in tiskarskih napak. Lektoriranje vam zagotovi tudi slogovno in terminolo\u0161ko ustreznost besedila. Lektoriranje zato \u0161e posebej priporo\u010damo za vsa besedila, ki gredo v javno objavo, saj se tako lahko ognete zadregi, ko se v besedilu pojavi napaka in to opazijo va\u0161i poslovni partnerji, potencialni kupci ali bralci. Lektoriranje vseh vrst besedil lektoriranje oglasnih sporo\u010dil lektoriranje strokovnih besedil (letna [&hellip;]","og_url":"https:\/\/www.multilingual.si\/sl\/lektoriranje\/","og_site_name":"Multilingual","article_modified_time":"2025-04-18T14:57:50+00:00","twitter_card":"summary_large_image","twitter_misc":{"Est. reading time":"2 minuti"},"schema":{"@context":"https:\/\/schema.org","@graph":[{"@type":"WebPage","@id":"https:\/\/www.multilingual.si\/sl\/lektoriranje\/","url":"https:\/\/www.multilingual.si\/sl\/lektoriranje\/","name":"Lektoriranje - Multilingual","isPartOf":{"@id":"https:\/\/www.multilingual.si\/sl\/#website"},"datePublished":"2025-02-11T11:19:35+00:00","dateModified":"2025-04-18T14:57:50+00:00","breadcrumb":{"@id":"https:\/\/www.multilingual.si\/sl\/lektoriranje\/#breadcrumb"},"inLanguage":"sl-SI","potentialAction":[{"@type":"ReadAction","target":["https:\/\/www.multilingual.si\/sl\/lektoriranje\/"]}]},{"@type":"BreadcrumbList","@id":"https:\/\/www.multilingual.si\/sl\/lektoriranje\/#breadcrumb","itemListElement":[{"@type":"ListItem","position":1,"name":"Domov","item":"https:\/\/www.multilingual.si\/sl\/"},{"@type":"ListItem","position":2,"name":"Lektoriranje"}]},{"@type":"WebSite","@id":"https:\/\/www.multilingual.si\/sl\/#website","url":"https:\/\/www.multilingual.si\/sl\/","name":"Multilingual","description":"","potentialAction":[{"@type":"SearchAction","target":{"@type":"EntryPoint","urlTemplate":"https:\/\/www.multilingual.si\/sl\/?s={search_term_string}"},"query-input":{"@type":"PropertyValueSpecification","valueRequired":true,"valueName":"search_term_string"}}],"inLanguage":"sl-SI"}]}},"_links":{"self":[{"href":"https:\/\/www.multilingual.si\/sl\/wp-json\/wp\/v2\/pages\/530","targetHints":{"allow":["GET"]}}],"collection":[{"href":"https:\/\/www.multilingual.si\/sl\/wp-json\/wp\/v2\/pages"}],"about":[{"href":"https:\/\/www.multilingual.si\/sl\/wp-json\/wp\/v2\/types\/page"}],"author":[{"embeddable":true,"href":"https:\/\/www.multilingual.si\/sl\/wp-json\/wp\/v2\/users\/1"}],"replies":[{"embeddable":true,"href":"https:\/\/www.multilingual.si\/sl\/wp-json\/wp\/v2\/comments?post=530"}],"version-history":[{"count":5,"href":"https:\/\/www.multilingual.si\/sl\/wp-json\/wp\/v2\/pages\/530\/revisions"}],"predecessor-version":[{"id":3373,"href":"https:\/\/www.multilingual.si\/sl\/wp-json\/wp\/v2\/pages\/530\/revisions\/3373"}],"wp:attachment":[{"href":"https:\/\/www.multilingual.si\/sl\/wp-json\/wp\/v2\/media?parent=530"}],"curies":[{"name":"wp","href":"https:\/\/api.w.org\/{rel}","templated":true}]}}