{"id":533,"date":"2025-02-11T12:19:35","date_gmt":"2025-02-11T11:19:35","guid":{"rendered":"https:\/\/pisarna.novisplet.com\/dev4\/multilingual\/simultano-konsekutivno-tolmacenje\/"},"modified":"2025-04-18T15:58:11","modified_gmt":"2025-04-18T14:58:11","slug":"simultano-konsekutivno-tolmacenje","status":"publish","type":"page","link":"https:\/\/www.multilingual.si\/sl\/simultano-konsekutivno-tolmacenje\/","title":{"rendered":"Simultano in konsekutivno tolma\u010denje"},"content":{"rendered":"<div class=\"wpb-content-wrapper\"><p>[vc_row][vc_column]        \r\n        <div class=\"title-banner   page-title-tolmacenje\">\r\n        <div class=\"container\">\r\n          <?php\/\/ if(isset($image)) :?>\r\n          <div class=\"title-banner-image-container\"\r\n                         style=\"background:url('https:\/\/www.multilingual.si\/wp-content\/uploads\/2025\/04\/header-tolmacenje-1.png');\r\n                      background-repeat:no-repeat;\"\r\n                                            >\r\n            <div class=\"breadcrumbs-container\">\r\n            <div class=\"container\">\r\n              <div class=\"breadcrumbs\">\r\n                <p id=\"breadcrumbs\"><span><span><a href=\"https:\/\/www.multilingual.si\/sl\/\">Domov<\/a><\/span><\/span><\/p>                <div class=\"clearfix\"><\/div>\r\n              <\/div>\r\n            <\/div>\r\n          <\/div>\r\n          <div class=\"container\">\r\n                                              <h1>Simultano in konsekutivno tolma\u010denje<\/h1>\r\n                                          <div class=\"svg-icon\"><svg width=\"228\" height=\"134\" viewBox=\"0 0 228 134\" fill=\"none\" xmlns=\"http:\/\/www.w3.org\/2000\/svg\">\n<g clip-path=\"url(#clip0_2007_1156)\">\n<path d=\"M228 47.6337V24.4842C228 19.5872 223.992 15.5806 219.094 15.5806H194.156C189.258 15.5806 185.25 19.5872 185.25 24.4842V49.4145C185.25 54.3115 189.258 58.3181 194.156 58.3181H204.398C206.625 64.5507 198.609 73.0091 198.609 73.0091C224.437 67.6669 228 55.2018 228 49.8596V47.6337Z\" fill=\"black\"\/>\n<path d=\"M0 47.6337V49.4145C0.445312 54.7566 4.00781 67.2218 29.3906 72.5639C29.3906 72.5639 21.375 64.5507 23.6016 57.8729H33.8438C38.7422 57.8729 42.75 53.8663 42.75 48.9693V24.4842C42.75 19.5872 38.7422 15.5806 33.8438 15.5806H8.90625C4.00781 15.5806 0 19.5872 0 24.4842V47.6337Z\" fill=\"black\"\/>\n<path d=\"M194.903 41.2301C192.697 41.2301 191.226 39.7575 191.226 37.5488C191.226 35.34 192.697 33.8674 194.903 33.8674C197.109 33.8674 198.58 35.34 198.58 37.5488C198.58 39.3894 197.109 41.2301 194.903 41.2301Z\" fill=\"white\"\/>\n<path d=\"M206.671 41.2301C204.464 41.2301 202.993 39.7575 202.993 37.5488C202.993 35.34 204.464 33.8674 206.671 33.8674C208.877 33.8674 210.348 35.34 210.348 37.5488C210.348 39.3894 208.877 41.2301 206.671 41.2301Z\" fill=\"white\"\/>\n<path d=\"M218.439 41.2301C216.233 41.2301 214.762 39.7575 214.762 37.5488C214.762 35.34 216.6 33.8674 218.439 33.8674C220.646 33.8674 222.117 35.34 222.117 37.5488C222.117 39.3894 220.646 41.2301 218.439 41.2301Z\" fill=\"white\"\/>\n<path d=\"M86.8359 26.265C86.8359 11.574 98.8594 -0.000732422 113.555 -0.000732422C128.25 -0.000732422 140.273 12.0192 140.273 26.265C140.273 40.9561 128.25 52.5308 113.555 52.5308C98.8594 52.976 86.8359 40.9561 86.8359 26.265Z\" fill=\"black\"\/>\n<path d=\"M9.56121 41.2301C7.35476 41.2301 5.88379 39.7575 5.88379 37.5488C5.88379 35.34 7.35476 33.8674 9.56121 33.8674C11.7677 33.8674 13.2386 35.34 13.2386 37.5488C13.2386 39.3894 11.7677 41.2301 9.56121 41.2301Z\" fill=\"white\"\/>\n<path d=\"M21.3288 41.2301C19.1223 41.2301 17.6514 39.7575 17.6514 37.5488C17.6514 35.34 19.1223 33.8674 21.3288 33.8674C23.5352 33.8674 25.0062 35.34 25.0062 37.5488C25.0062 39.3894 23.5352 41.2301 21.3288 41.2301Z\" fill=\"white\"\/>\n<path d=\"M33.0964 41.2301C30.8899 41.2301 29.4189 39.7575 29.4189 37.5488C29.4189 35.34 31.2577 33.8674 33.0964 33.8674C35.3028 33.8674 36.7738 35.34 36.7738 37.5488C36.7738 39.3894 35.3028 41.2301 33.0964 41.2301Z\" fill=\"white\"\/>\n<path d=\"M118.453 133.999H139.828C138.047 109.959 136.711 90.3713 136.711 85.9195C138.047 87.7002 138.938 89.0358 140.273 91.2617C143.391 95.7135 146.508 100.165 150.961 104.172C158.086 110.405 166.102 113.076 174.563 113.076C184.359 113.076 194.156 109.514 202.172 105.062C206.625 102.391 208.406 96.6039 205.734 92.1521C203.063 87.7002 197.273 86.3647 192.82 88.5906C184.359 93.4876 171.445 97.0491 163.875 89.9262C161.203 87.2551 158.531 83.6936 155.859 80.1321C149.18 70.7833 141.164 61.8796 130.031 57.873C126.023 56.5375 121.57 55.6471 117.117 55.2019L123.797 126.876L118.453 133.999Z\" fill=\"black\"\/>\n<path d=\"M21.8201 105.062C29.8358 109.514 39.6326 113.076 49.4295 113.076C57.8904 113.076 66.3514 110.404 73.0311 104.172C77.4842 100.165 80.6014 95.7134 83.7186 91.2616C85.9451 87.7001 88.617 84.5838 90.8436 81.9128C90.3983 89.926 89.5076 109.514 88.617 129.547C88.617 129.547 88.617 131.328 88.1717 133.999H108.656L102.422 127.321L111.328 55.647C108.656 55.647 105.984 56.0922 103.312 56.5373C101.976 56.5373 101.086 56.9825 99.7498 57.4277C94.8514 58.7632 89.9529 60.0988 85.9451 62.3247C77.9295 66.7765 73.0311 73.8995 68.5779 80.132C65.9061 83.6935 63.6795 87.2549 60.5623 89.926C52.992 97.049 40.0779 93.4875 31.617 88.5905C27.1639 85.9194 21.3748 87.7001 18.7029 92.152C16.0311 96.6038 17.367 102.391 21.8201 105.062Z\" fill=\"black\"\/>\n<path d=\"M207.961 123.452H17.3672V135.027H207.961V123.452Z\" fill=\"#F7941D\"\/>\n<\/g>\n<defs>\n<clipPath id=\"clip0_2007_1156\">\n<rect width=\"228\" height=\"134\" fill=\"white\" transform=\"translate(0 -0.000732422)\"\/>\n<\/clipPath>\n<\/defs>\n<\/svg><\/div>          <\/div>\r\n          <\/div>\r\n          <?php\/\/ endif; ?>\r\n\r\n        <\/div>\r\n        <\/div>\r\n        [\/vc_column][\/vc_row][vc_row][vc_column width=&#8221;1\/12&#8243;][\/vc_column][vc_column width=&#8221;10\/12&#8243;][vc_column_text]<\/p>\n<h2>Simultano prevajanje in konsekutivno tolma\u010denje pomembnej\u0161ih evropskih jezikov<\/h2>\n<h3>Simultano ali konsekutivno prevajanje vam lahko ponudimo v vseh pomembnej\u0161ih evropskih jezikih in njihovih kombinacijah.<\/h3>\n<p>Tolma\u010di vas bodo spremljali pri sodnih in pravnih postopkih ter na sestankih z odvetniki, kjer je vpletena tuja stranka, ali ob obiskih va\u0161ih tujih poslovnih partnerjev. Tolma\u010da boste potrebovali tudi na mednarodnih sre\u010danjih, konferencah, simpozijih, predavanjih in kjerkoli so vpleteni govorci razli\u010dnih jezikov. Poleg tega vam lahko omogo\u010dimo <strong>spremstvo tolma\u010dev na poslovnih potovanjih ali mednarodnih dogodkih v tujini<\/strong>.<\/p>\n<p><strong>Simultano tolma\u010denje je zahteven proces<\/strong>, ki zahteva veliko zbranosti, znanja in predvsem hitre prilagodljivosti. Vse te lastnosti mora imeti vsak tolma\u010d, ki mora paziti, da se pri tolma\u010denju ne izgubijo osnovni pomen in podatki, saj prevajanje poteka neposredno. Zato <strong>sodelujemo samo s preizku\u0161enimi tolma\u010di<\/strong> z dolgoletnimi izku\u0161njami, ki so vajeni delati pod pritiskom.<\/p>\n<h2>Simultano prevajanje in konsekutivno tolma\u010denje &#8211; kaj potrebujem?<\/h2>\n<p>Ustno prevajanje se izvaja na dva razli\u010dna na\u010dina:<\/p>\n<ul>\n<li><strong>Simultano tolma\u010denje<\/strong> ali prevajanje poteka <strong>brez \u010dasovnega zamika<\/strong> v konferen\u010dnih kabinah, slu\u0161atelji pa prevod poslu\u0161ajo preko sprejemnikov s slu\u0161alkami. Za prevajanje sta potrebna vsaj dva tolma\u010da, ki se izmenjujeta vsakih 15 minut.<\/li>\n<li><strong>Konsekutivno tolma\u010denje<\/strong> ali prevajanje poteka s <strong>\u010dasovnim zamikom<\/strong>. Govornik pove besedilo in nato po\u010daka, da <strong>tolma\u010d prevede povedani odsek<\/strong>.<\/li>\n<\/ul>\n<h3>Uspe\u0161no tolma\u010denje zahteva obojestransko sodelovanje<\/h3>\n<p>Za tolma\u010denje je poleg obi\u010dajnih podatkov (jeziki, kraj, datum in ura dogodka) zelo koristno, da nam posredujete \u010dim ve\u010d podatkov, informacij oziroma gradiva. Tako bodo lahko <strong>na\u0161i tolma\u010di maksimalno pripravljeni<\/strong> glede specifi\u010dne terminologije va\u0161ega podro\u010dja.<\/p>\n<p>Po potrebi lahko poskrbimo tudi za <strong>tehni\u010dno opremo<\/strong>, ki zajema kabino, mikrofone in slu\u0161alke ter seveda vso tehni\u010dno pomo\u010d, da se <strong>dogodek brezhibno izpelje<\/strong>.<\/p>\n<h2>Tolma\u010denje \u017ee od 110 \u20ac na uro!<\/h2>\n<p>[\/vc_column_text][\/vc_column][vc_column width=&#8221;1\/12&#8243;][\/vc_column][\/vc_row]<\/p>\n<\/div>","protected":false},"excerpt":{"rendered":"<p>[vc_row][vc_column][\/vc_column][\/vc_row][vc_row][vc_column width=&#8221;1\/12&#8243;][\/vc_column][vc_column width=&#8221;10\/12&#8243;][vc_column_text] Simultano prevajanje in konsekutivno tolma\u010denje pomembnej\u0161ih evropskih jezikov Simultano ali konsekutivno prevajanje vam lahko ponudimo v vseh pomembnej\u0161ih evropskih jezikih in njihovih kombinacijah. Tolma\u010di vas bodo spremljali pri sodnih in pravnih postopkih ter na sestankih z odvetniki, kjer je vpletena tuja stranka, ali ob obiskih va\u0161ih tujih poslovnih partnerjev. Tolma\u010da boste potrebovali tudi na mednarodnih sre\u010danjih, konferencah, simpozijih, predavanjih in kjerkoli so vpleteni govorci razli\u010dnih jezikov. Poleg tega vam lahko omogo\u010dimo spremstvo tolma\u010dev na poslovnih potovanjih ali mednarodnih dogodkih v tujini. Simultano tolma\u010denje je zahteven proces, ki zahteva veliko zbranosti, znanja in predvsem hitre prilagodljivosti. Vse te lastnosti mora imeti vsak tolma\u010d, ki mora paziti, da se pri tolma\u010denju ne izgubijo osnovni pomen in podatki, saj prevajanje [&hellip;]<\/p>\n","protected":false},"author":1,"featured_media":0,"parent":0,"menu_order":13,"comment_status":"closed","ping_status":"closed","template":"","meta":{"_acf_changed":false,"footnotes":""},"class_list":["post-533","page","type-page","status-publish","hentry"],"acf":[],"yoast_head":"<!-- This site is optimized with the Yoast SEO plugin v24.4 - https:\/\/yoast.com\/wordpress\/plugins\/seo\/ -->\n<title>Simultano in konsekutivno tolma\u010denje - Multilingual<\/title>\n<meta name=\"robots\" content=\"index, follow, max-snippet:-1, max-image-preview:large, max-video-preview:-1\" \/>\n<link rel=\"canonical\" href=\"https:\/\/www.multilingual.si\/sl\/simultano-konsekutivno-tolmacenje\/\" \/>\n<meta property=\"og:locale\" content=\"sl_SI\" \/>\n<meta property=\"og:type\" content=\"article\" \/>\n<meta property=\"og:title\" content=\"Simultano in konsekutivno tolma\u010denje - Multilingual\" \/>\n<meta property=\"og:description\" content=\"[vc_row][vc_column][\/vc_column][\/vc_row][vc_row][vc_column width=&#8221;1\/12&#8243;][\/vc_column][vc_column width=&#8221;10\/12&#8243;][vc_column_text] Simultano prevajanje in konsekutivno tolma\u010denje pomembnej\u0161ih evropskih jezikov Simultano ali konsekutivno prevajanje vam lahko ponudimo v vseh pomembnej\u0161ih evropskih jezikih in njihovih kombinacijah. Tolma\u010di vas bodo spremljali pri sodnih in pravnih postopkih ter na sestankih z odvetniki, kjer je vpletena tuja stranka, ali ob obiskih va\u0161ih tujih poslovnih partnerjev. Tolma\u010da boste potrebovali tudi na mednarodnih sre\u010danjih, konferencah, simpozijih, predavanjih in kjerkoli so vpleteni govorci razli\u010dnih jezikov. Poleg tega vam lahko omogo\u010dimo spremstvo tolma\u010dev na poslovnih potovanjih ali mednarodnih dogodkih v tujini. Simultano tolma\u010denje je zahteven proces, ki zahteva veliko zbranosti, znanja in predvsem hitre prilagodljivosti. Vse te lastnosti mora imeti vsak tolma\u010d, ki mora paziti, da se pri tolma\u010denju ne izgubijo osnovni pomen in podatki, saj prevajanje [&hellip;]\" \/>\n<meta property=\"og:url\" content=\"https:\/\/www.multilingual.si\/sl\/simultano-konsekutivno-tolmacenje\/\" \/>\n<meta property=\"og:site_name\" content=\"Multilingual\" \/>\n<meta property=\"article:modified_time\" content=\"2025-04-18T14:58:11+00:00\" \/>\n<meta name=\"twitter:card\" content=\"summary_large_image\" \/>\n<meta name=\"twitter:label1\" content=\"Est. reading time\" \/>\n\t<meta name=\"twitter:data1\" content=\"2 minuti\" \/>\n<script type=\"application\/ld+json\" class=\"yoast-schema-graph\">{\"@context\":\"https:\/\/schema.org\",\"@graph\":[{\"@type\":\"WebPage\",\"@id\":\"https:\/\/www.multilingual.si\/sl\/simultano-konsekutivno-tolmacenje\/\",\"url\":\"https:\/\/www.multilingual.si\/sl\/simultano-konsekutivno-tolmacenje\/\",\"name\":\"Simultano in konsekutivno tolma\u010denje - Multilingual\",\"isPartOf\":{\"@id\":\"https:\/\/www.multilingual.si\/sl\/#website\"},\"datePublished\":\"2025-02-11T11:19:35+00:00\",\"dateModified\":\"2025-04-18T14:58:11+00:00\",\"breadcrumb\":{\"@id\":\"https:\/\/www.multilingual.si\/sl\/simultano-konsekutivno-tolmacenje\/#breadcrumb\"},\"inLanguage\":\"sl-SI\",\"potentialAction\":[{\"@type\":\"ReadAction\",\"target\":[\"https:\/\/www.multilingual.si\/sl\/simultano-konsekutivno-tolmacenje\/\"]}]},{\"@type\":\"BreadcrumbList\",\"@id\":\"https:\/\/www.multilingual.si\/sl\/simultano-konsekutivno-tolmacenje\/#breadcrumb\",\"itemListElement\":[{\"@type\":\"ListItem\",\"position\":1,\"name\":\"Domov\",\"item\":\"https:\/\/www.multilingual.si\/sl\/\"},{\"@type\":\"ListItem\",\"position\":2,\"name\":\"Simultano in konsekutivno tolma\u010denje\"}]},{\"@type\":\"WebSite\",\"@id\":\"https:\/\/www.multilingual.si\/sl\/#website\",\"url\":\"https:\/\/www.multilingual.si\/sl\/\",\"name\":\"Multilingual\",\"description\":\"\",\"potentialAction\":[{\"@type\":\"SearchAction\",\"target\":{\"@type\":\"EntryPoint\",\"urlTemplate\":\"https:\/\/www.multilingual.si\/sl\/?s={search_term_string}\"},\"query-input\":{\"@type\":\"PropertyValueSpecification\",\"valueRequired\":true,\"valueName\":\"search_term_string\"}}],\"inLanguage\":\"sl-SI\"}]}<\/script>\n<!-- \/ Yoast SEO plugin. -->","yoast_head_json":{"title":"Simultano in konsekutivno tolma\u010denje - Multilingual","robots":{"index":"index","follow":"follow","max-snippet":"max-snippet:-1","max-image-preview":"max-image-preview:large","max-video-preview":"max-video-preview:-1"},"canonical":"https:\/\/www.multilingual.si\/sl\/simultano-konsekutivno-tolmacenje\/","og_locale":"sl_SI","og_type":"article","og_title":"Simultano in konsekutivno tolma\u010denje - Multilingual","og_description":"[vc_row][vc_column][\/vc_column][\/vc_row][vc_row][vc_column width=&#8221;1\/12&#8243;][\/vc_column][vc_column width=&#8221;10\/12&#8243;][vc_column_text] Simultano prevajanje in konsekutivno tolma\u010denje pomembnej\u0161ih evropskih jezikov Simultano ali konsekutivno prevajanje vam lahko ponudimo v vseh pomembnej\u0161ih evropskih jezikih in njihovih kombinacijah. Tolma\u010di vas bodo spremljali pri sodnih in pravnih postopkih ter na sestankih z odvetniki, kjer je vpletena tuja stranka, ali ob obiskih va\u0161ih tujih poslovnih partnerjev. Tolma\u010da boste potrebovali tudi na mednarodnih sre\u010danjih, konferencah, simpozijih, predavanjih in kjerkoli so vpleteni govorci razli\u010dnih jezikov. Poleg tega vam lahko omogo\u010dimo spremstvo tolma\u010dev na poslovnih potovanjih ali mednarodnih dogodkih v tujini. Simultano tolma\u010denje je zahteven proces, ki zahteva veliko zbranosti, znanja in predvsem hitre prilagodljivosti. Vse te lastnosti mora imeti vsak tolma\u010d, ki mora paziti, da se pri tolma\u010denju ne izgubijo osnovni pomen in podatki, saj prevajanje [&hellip;]","og_url":"https:\/\/www.multilingual.si\/sl\/simultano-konsekutivno-tolmacenje\/","og_site_name":"Multilingual","article_modified_time":"2025-04-18T14:58:11+00:00","twitter_card":"summary_large_image","twitter_misc":{"Est. reading time":"2 minuti"},"schema":{"@context":"https:\/\/schema.org","@graph":[{"@type":"WebPage","@id":"https:\/\/www.multilingual.si\/sl\/simultano-konsekutivno-tolmacenje\/","url":"https:\/\/www.multilingual.si\/sl\/simultano-konsekutivno-tolmacenje\/","name":"Simultano in konsekutivno tolma\u010denje - Multilingual","isPartOf":{"@id":"https:\/\/www.multilingual.si\/sl\/#website"},"datePublished":"2025-02-11T11:19:35+00:00","dateModified":"2025-04-18T14:58:11+00:00","breadcrumb":{"@id":"https:\/\/www.multilingual.si\/sl\/simultano-konsekutivno-tolmacenje\/#breadcrumb"},"inLanguage":"sl-SI","potentialAction":[{"@type":"ReadAction","target":["https:\/\/www.multilingual.si\/sl\/simultano-konsekutivno-tolmacenje\/"]}]},{"@type":"BreadcrumbList","@id":"https:\/\/www.multilingual.si\/sl\/simultano-konsekutivno-tolmacenje\/#breadcrumb","itemListElement":[{"@type":"ListItem","position":1,"name":"Domov","item":"https:\/\/www.multilingual.si\/sl\/"},{"@type":"ListItem","position":2,"name":"Simultano in konsekutivno tolma\u010denje"}]},{"@type":"WebSite","@id":"https:\/\/www.multilingual.si\/sl\/#website","url":"https:\/\/www.multilingual.si\/sl\/","name":"Multilingual","description":"","potentialAction":[{"@type":"SearchAction","target":{"@type":"EntryPoint","urlTemplate":"https:\/\/www.multilingual.si\/sl\/?s={search_term_string}"},"query-input":{"@type":"PropertyValueSpecification","valueRequired":true,"valueName":"search_term_string"}}],"inLanguage":"sl-SI"}]}},"_links":{"self":[{"href":"https:\/\/www.multilingual.si\/sl\/wp-json\/wp\/v2\/pages\/533","targetHints":{"allow":["GET"]}}],"collection":[{"href":"https:\/\/www.multilingual.si\/sl\/wp-json\/wp\/v2\/pages"}],"about":[{"href":"https:\/\/www.multilingual.si\/sl\/wp-json\/wp\/v2\/types\/page"}],"author":[{"embeddable":true,"href":"https:\/\/www.multilingual.si\/sl\/wp-json\/wp\/v2\/users\/1"}],"replies":[{"embeddable":true,"href":"https:\/\/www.multilingual.si\/sl\/wp-json\/wp\/v2\/comments?post=533"}],"version-history":[{"count":5,"href":"https:\/\/www.multilingual.si\/sl\/wp-json\/wp\/v2\/pages\/533\/revisions"}],"predecessor-version":[{"id":3374,"href":"https:\/\/www.multilingual.si\/sl\/wp-json\/wp\/v2\/pages\/533\/revisions\/3374"}],"wp:attachment":[{"href":"https:\/\/www.multilingual.si\/sl\/wp-json\/wp\/v2\/media?parent=533"}],"curies":[{"name":"wp","href":"https:\/\/api.w.org\/{rel}","templated":true}]}}